{"id":1000,"date":"2019-07-23T14:16:39","date_gmt":"2019-07-23T18:16:39","guid":{"rendered":"https:\/\/historyinpractice.ca\/?page_id=1000"},"modified":"2021-09-26T23:30:51","modified_gmt":"2021-09-27T03:30:51","slug":"components-self-guided-1","status":"publish","type":"page","link":"https:\/\/madschool.ca\/fr\/advocacy-activism\/mpa\/components-self-guided-1\/","title":{"rendered":"MPA : Apprentissage autodirig\u00e9 1"},"content":{"rendered":"<p><\/p>\n<!-- Widget Shortcode --><div id=\"nav_menu-2\" class=\"widget widget_nav_menu widget-shortcode area-arbitrary \"><h2 class=\"widgettitle\">History in Practice<\/h2><div class=\"menu-history-in-practice-container\"><ul id=\"menu-history-in-practice-1\" class=\"menu\"><li class=\"menu-item menu-item-type-post_type menu-item-object-page menu-item-home menu-item-676\"><a href=\"https:\/\/madschool.ca\/fr\/\">\u00c9cole folle<\/a><\/li>\n<li class=\"menu-item menu-item-type-post_type menu-item-object-page menu-item-3677\"><a href=\"https:\/\/madschool.ca\/fr\/how-to-use-this-site\/\">Comment utiliser ce site<\/a><\/li>\n<li class=\"menu-item menu-item-type-post_type menu-item-object-page menu-item-681\"><a href=\"https:\/\/madschool.ca\/fr\/stigma-and-discrimination\/\">Module Stigmatisation<\/a><\/li>\n<li class=\"menu-item menu-item-type-post_type menu-item-object-page menu-item-679\"><a href=\"https:\/\/madschool.ca\/fr\/advocacy-activism\/\">Module Faire changement<\/a><\/li>\n<li class=\"menu-item menu-item-type-post_type menu-item-object-page menu-item-678\"><a href=\"https:\/\/madschool.ca\/fr\/medicine-and-power\/\">Module M\u00e9decine et pouvoir<\/a><\/li>\n<li class=\"menu-item menu-item-type-post_type menu-item-object-page menu-item-680\"><a href=\"https:\/\/madschool.ca\/fr\/models-of-practice\/\">Module Alternatives<\/a><\/li>\n<li class=\"menu-item menu-item-type-post_type menu-item-object-page menu-item-677\"><a href=\"https:\/\/madschool.ca\/fr\/policy-into-practice\/\">Module Politiques<\/a><\/li>\n<\/ul><\/div><\/div><!-- \/Widget Shortcode -->\n<p><a name=\"main-content\"><\/a><!-- Widget Shortcode --><div id=\"search-3\" class=\"widget widget_search widget-shortcode area-arbitrary \"><h2 class=\"widgettitle\">(English) SEARCH<\/h2><form role=\"search\" method=\"get\" class=\"search-form\" action=\"\/search-results\/\">\n\t\t\t\t<label>\n\t\t\t\t\t<span class=\"screen-reader-text\">Rechercher\u00a0:<\/span>\n\t\t\t\t\t<input type=\"search\" class=\"search-field\" placeholder=\"Rechercher\u2026\" value=\"\" name=\"_search_box\" \/>\n\t\t\t\t<\/label>\n\t\t\t\t<input type=\"submit\" class=\"search-submit\" value=\"Rechercher\" \/>\n\t\t\t<\/form><\/div><!-- \/Widget Shortcode --><\/p>\n<div class=\"rightmenu\"><!-- Widget Shortcode --><div id=\"nav_menu-17\" class=\"widget widget_nav_menu widget-shortcode area-arbitrary \"><h2 class=\"widgettitle\">MPA<\/h2><div class=\"menu-mpa-container\"><ul id=\"menu-mpa-1\" class=\"menu\"><li class=\"menu-item menu-item-type-post_type menu-item-object-page menu-item-1009\"><a href=\"https:\/\/madschool.ca\/fr\/advocacy-activism\/mpa\/\">MPA : L\u2019utopie des d\u00e9tenus<\/a><\/li>\n<li class=\"menu-item menu-item-type-post_type menu-item-object-page menu-item-1010\"><a href=\"https:\/\/madschool.ca\/fr\/advocacy-activism\/mpa\/components-self-guided-1\/\">De l&rsquo;contenu : Apprentissage autodirig\u00e9 1<\/a><\/li>\n<li class=\"menu-item menu-item-type-post_type menu-item-object-page menu-item-1011\"><a href=\"https:\/\/madschool.ca\/fr\/advocacy-activism\/mpa\/evaluate-peer-directed-learning\/\">De l&rsquo;contenu : Apprentissage dirig\u00e9 par les pairs<\/a><\/li>\n<li class=\"menu-item menu-item-type-post_type menu-item-object-page menu-item-1012\"><a href=\"https:\/\/madschool.ca\/fr\/advocacy-activism\/mpa\/evaluate-self-guided-2\/\">De l&rsquo;contenu : Apprentissage autodirig\u00e9 2<\/a><\/li>\n<li class=\"menu-item menu-item-type-post_type menu-item-object-page menu-item-1008\"><a href=\"https:\/\/madschool.ca\/fr\/advocacy-activism\/\">Module Faire changement<\/a><\/li>\n<\/ul><\/div><\/div><!-- \/Widget Shortcode --><\/div>\n<nav aria-label=\"breadcrumbs\">\n            <div class=\"breadcrumb-container theme1\">\n                <ol>\n                                    <\/ol>\n            <\/div>\n        <\/nav>    <script type=\"application\/ld+json\">\n        {\n            \"@context\": \"http:\/\/schema.org\",\n            \"@type\": \"BreadcrumbList\",\n            \"itemListElement\": [\n                            ]\n        }\n    <\/script>\n   \n    <script>\n            <\/script>\n\n<h1><img decoding=\"async\" loading=\"lazy\" class=\"alignnone size-thumbnail wp-image-1376\" src=\"https:\/\/madschool.ca\/wp-content\/uploads\/2019\/08\/Components-Icon-2024-150x150.jpg\" alt=\"Three green gears working together\" width=\"150\" height=\"150\" \/>MPA : Apprentissage autodirig\u00e9 1<\/h1>\n<p>Minutage : 40 minutes<br \/>\nMode : ind\u00e9pendante; en ligne<\/p>\n<p><iframe loading=\"lazy\" title=\"The Inmates Are Running the Asylum\" width=\"1100\" height=\"825\" src=\"https:\/\/www.youtube.com\/embed\/JwyaRU1svrA?feature=oembed\" frameborder=\"0\" allow=\"accelerometer; autoplay; clipboard-write; encrypted-media; gyroscope; picture-in-picture\" allowfullscreen><\/iframe><\/p>\n<p>Le documentaire canadien (36 minutes), <em>The inmates are running the\u00a0asylum :\u00a0Stories from MPA <\/em>(les d\u00e9tenus g\u00e8rent l\u2019asile : histoires de la MPA), est un excellent outil d\u2019apprentissage pour explorer la d\u00e9fense des droits, le militantisme et les pratiques prometteuses en sant\u00e9 mentale. Les premiers membres de la MPA sont encore passionn\u00e9s par le groupe qu\u2019ils ont fond\u00e9; ils ont voulu faire un film qui d\u00e9monterait l\u2019efficacit\u00e9 de la MPA, ainsi que sa pertinence. Ils collabor\u00e9 avec des universitaires et de jeunes artistes et cin\u00e9astes \u00e0 la r\u00e9alisation de ce charmant documentaire.Le documentaire a \u00e9t\u00e9 projet\u00e9 au Canada et en Grande-Bretagne. Il est disponible en ligne et dans la plupart des biblioth\u00e8ques coll\u00e9giales et universitaires. \u00a0Les \u00e9tudiants peuvent visualiser le film en classe ou ind\u00e9pendamment; il peut aussi servir de base aux activit\u00e9s dirig\u00e9es par les pairs ou autodirig\u00e9es individuelles.<\/p>\n<p>Demandez aux \u00e9tudiants de r\u00e9fl\u00e9chir aux th\u00e8mes lors de leur visionnement de <em>The inmates<\/em>\u00a0:<\/p>\n<ul>\n<li><span style=\"font-size: 11.5pt;\">L\u2019organisation communautaire, la structuration d\u00e9mocratique des activit\u00e9s alternatives en sant\u00e9 mentale<\/span><\/li>\n<li><span style=\"font-size: 11.5pt;\">Le financement gouvernemental \u2013 les cons\u00e9quences pour les organismes communautaires<\/span><\/li>\n<li><span style=\"font-size: 11.5pt;\">Comprendre la folie comme un mouvement social<\/span><\/li>\n<li><span style=\"font-size: 11.5pt;\">La d\u00e9sinstitutionalisation<\/span><\/li>\n<li><span style=\"font-size: 11.5pt;\">Le professionnalisme<\/span><\/li>\n<li><span style=\"font-size: 11.5pt;\">Le logement et l\u2019itin\u00e9rance<\/span><\/li>\n<li><span style=\"font-size: 11.5pt;\">L\u2019emploi<\/span><\/li>\n<li><span style=\"font-size: 11.5pt;\">L\u2019\u00e9mancipation<\/span><\/li>\n<\/ul>\n<p><\/p>","protected":false},"excerpt":{"rendered":"<p>MPA : Apprentissage autodirig\u00e9 1 Minutage : 40 minutes Mode : ind\u00e9pendante; en ligne Le documentaire canadien (36 minutes), The inmates are running the\u00a0asylum :\u00a0Stories from MPA (les d\u00e9tenus g\u00e8rent l\u2019asile : histoires de la MPA), est un excellent outil d\u2019apprentissage pour explorer la d\u00e9fense des droits, le militantisme et les pratiques prometteuses en sant\u00e9 &hellip; <\/p>\n","protected":false},"author":2,"featured_media":0,"parent":981,"menu_order":0,"comment_status":"closed","ping_status":"closed","template":"","meta":[],"categories":[80,90,88,102,89,54,91,77,55,70,66,64,85,53,99,101,100,71],"tags":[],"acf":[],"aioseo_notices":[],"_links":{"self":[{"href":"https:\/\/madschool.ca\/fr\/wp-json\/wp\/v2\/pages\/1000"}],"collection":[{"href":"https:\/\/madschool.ca\/fr\/wp-json\/wp\/v2\/pages"}],"about":[{"href":"https:\/\/madschool.ca\/fr\/wp-json\/wp\/v2\/types\/page"}],"author":[{"embeddable":true,"href":"https:\/\/madschool.ca\/fr\/wp-json\/wp\/v2\/users\/2"}],"replies":[{"embeddable":true,"href":"https:\/\/madschool.ca\/fr\/wp-json\/wp\/v2\/comments?post=1000"}],"version-history":[{"count":37,"href":"https:\/\/madschool.ca\/fr\/wp-json\/wp\/v2\/pages\/1000\/revisions"}],"predecessor-version":[{"id":6030,"href":"https:\/\/madschool.ca\/fr\/wp-json\/wp\/v2\/pages\/1000\/revisions\/6030"}],"up":[{"embeddable":true,"href":"https:\/\/madschool.ca\/fr\/wp-json\/wp\/v2\/pages\/981"}],"wp:attachment":[{"href":"https:\/\/madschool.ca\/fr\/wp-json\/wp\/v2\/media?parent=1000"}],"wp:term":[{"taxonomy":"category","embeddable":true,"href":"https:\/\/madschool.ca\/fr\/wp-json\/wp\/v2\/categories?post=1000"},{"taxonomy":"post_tag","embeddable":true,"href":"https:\/\/madschool.ca\/fr\/wp-json\/wp\/v2\/tags?post=1000"}],"curies":[{"name":"wp","href":"https:\/\/api.w.org\/{rel}","templated":true}]}}