{"id":1004,"date":"2019-07-23T14:18:11","date_gmt":"2019-07-23T18:18:11","guid":{"rendered":"https:\/\/historyinpractice.ca\/?page_id=1004"},"modified":"2021-05-02T23:38:50","modified_gmt":"2021-05-03T03:38:50","slug":"evaluate-self-guided-2","status":"publish","type":"page","link":"https:\/\/madschool.ca\/fr\/advocacy-activism\/mpa\/evaluate-self-guided-2\/","title":{"rendered":"MPA : Apprentissage autodirig\u00e9 2"},"content":{"rendered":"<p><\/p>\n<!-- Widget Shortcode --><div id=\"nav_menu-2\" class=\"widget widget_nav_menu widget-shortcode area-arbitrary \"><h2 class=\"widgettitle\">History in Practice<\/h2><div class=\"menu-history-in-practice-container\"><ul id=\"menu-history-in-practice-1\" class=\"menu\"><li class=\"menu-item menu-item-type-post_type menu-item-object-page menu-item-home menu-item-676\"><a href=\"https:\/\/madschool.ca\/fr\/\">\u00c9cole folle<\/a><\/li>\n<li class=\"menu-item menu-item-type-post_type menu-item-object-page menu-item-3677\"><a href=\"https:\/\/madschool.ca\/fr\/how-to-use-this-site\/\">Comment utiliser ce site<\/a><\/li>\n<li class=\"menu-item menu-item-type-post_type menu-item-object-page menu-item-681\"><a href=\"https:\/\/madschool.ca\/fr\/stigma-and-discrimination\/\">Module Stigmatisation<\/a><\/li>\n<li class=\"menu-item menu-item-type-post_type menu-item-object-page menu-item-679\"><a href=\"https:\/\/madschool.ca\/fr\/advocacy-activism\/\">Module Faire changement<\/a><\/li>\n<li class=\"menu-item menu-item-type-post_type menu-item-object-page menu-item-678\"><a href=\"https:\/\/madschool.ca\/fr\/medicine-and-power\/\">Module M\u00e9decine et pouvoir<\/a><\/li>\n<li class=\"menu-item menu-item-type-post_type menu-item-object-page menu-item-680\"><a href=\"https:\/\/madschool.ca\/fr\/models-of-practice\/\">Module Alternatives<\/a><\/li>\n<li class=\"menu-item menu-item-type-post_type menu-item-object-page menu-item-677\"><a href=\"https:\/\/madschool.ca\/fr\/policy-into-practice\/\">Module Politiques<\/a><\/li>\n<\/ul><\/div><\/div><!-- \/Widget Shortcode -->\n<p><a name=\"main-content\"><\/a><!-- Widget Shortcode --><div id=\"search-3\" class=\"widget widget_search widget-shortcode area-arbitrary \"><h2 class=\"widgettitle\">(English) SEARCH<\/h2><form role=\"search\" method=\"get\" class=\"search-form\" action=\"\/search-results\/\">\n\t\t\t\t<label>\n\t\t\t\t\t<span class=\"screen-reader-text\">Rechercher\u00a0:<\/span>\n\t\t\t\t\t<input type=\"search\" class=\"search-field\" placeholder=\"Rechercher\u2026\" value=\"\" name=\"_search_box\" \/>\n\t\t\t\t<\/label>\n\t\t\t\t<input type=\"submit\" class=\"search-submit\" value=\"Rechercher\" \/>\n\t\t\t<\/form><\/div><!-- \/Widget Shortcode --><\/p>\n<div class=\"rightmenu\"><!-- Widget Shortcode --><div id=\"nav_menu-17\" class=\"widget widget_nav_menu widget-shortcode area-arbitrary \"><h2 class=\"widgettitle\">MPA<\/h2><div class=\"menu-mpa-container\"><ul id=\"menu-mpa-1\" class=\"menu\"><li class=\"menu-item menu-item-type-post_type menu-item-object-page menu-item-1009\"><a href=\"https:\/\/madschool.ca\/fr\/advocacy-activism\/mpa\/\">MPA : L\u2019utopie des d\u00e9tenus<\/a><\/li>\n<li class=\"menu-item menu-item-type-post_type menu-item-object-page menu-item-1010\"><a href=\"https:\/\/madschool.ca\/fr\/advocacy-activism\/mpa\/components-self-guided-1\/\">De l&rsquo;contenu : Apprentissage autodirig\u00e9 1<\/a><\/li>\n<li class=\"menu-item menu-item-type-post_type menu-item-object-page menu-item-1011\"><a href=\"https:\/\/madschool.ca\/fr\/advocacy-activism\/mpa\/evaluate-peer-directed-learning\/\">De l&rsquo;contenu : Apprentissage dirig\u00e9 par les pairs<\/a><\/li>\n<li class=\"menu-item menu-item-type-post_type menu-item-object-page menu-item-1012\"><a href=\"https:\/\/madschool.ca\/fr\/advocacy-activism\/mpa\/evaluate-self-guided-2\/\">De l&rsquo;contenu : Apprentissage autodirig\u00e9 2<\/a><\/li>\n<li class=\"menu-item menu-item-type-post_type menu-item-object-page menu-item-1008\"><a href=\"https:\/\/madschool.ca\/fr\/advocacy-activism\/\">Module Faire changement<\/a><\/li>\n<\/ul><\/div><\/div><!-- \/Widget Shortcode --><\/div>\n<nav aria-label=\"breadcrumbs\">\n            <div class=\"breadcrumb-container theme1\">\n                <ol>\n                                    <\/ol>\n            <\/div>\n        <\/nav>    <script type=\"application\/ld+json\">\n        {\n            \"@context\": \"http:\/\/schema.org\",\n            \"@type\": \"BreadcrumbList\",\n            \"itemListElement\": [\n                            ]\n        }\n    <\/script>\n   \n    <script>\n            <\/script>\n\n<h1><img decoding=\"async\" loading=\"lazy\" class=\"alignnone size-thumbnail wp-image-1378\" src=\"https:\/\/madschool.ca\/wp-content\/uploads\/2019\/08\/Evaluating-Icon-2024-150x150.jpg\" alt=\"Green kitchen weigh scale\" width=\"150\" height=\"150\" \/>MPA : Apprentissage autodirig\u00e9 2<\/h1>\n<p>Minutage : 30 minutes<br \/>\nMode : ind\u00e9pendante; en ligne.<\/p>\n<p>Adaptez l\u2019exercice ci-dessus\u00a0: pr\u00e9parez une feuille de r\u00e9ponse \u00e0 4 points en fonction de vos objectifs d\u2019apprentissage pour le film et du temps dont vous disposez pour cet exercice. Les \u00e9tudiants visionnent le film, soit en classe ou en dehors de leurs heures de classe, et remplissent leurs feuilles de travail. Celles-ci pourront ensuite alimenter la discussion du groupe entier ou le forum de discussion en ligne. La dur\u00e9e n\u2019inclut pas le visionnement du film.<\/p>\n<p><strong><span style=\"font-size: 14pt;\"><u>STATION\u00a01 :\u00a0La structure et l\u2019influence (qu\u2019ont-t-elles fait pour les personnes)\u00a0de la MPA<\/u>\u00a0<\/span><\/strong><\/p>\n<ul>\n<li><span style=\"font-size: 11.5pt;\">Comment devenait-on membre de la MPA?<\/span><\/li>\n<li><span style=\"font-size: 11.5pt;\">La MPA peut \u00eatre consid\u00e9r\u00e9e comme une communaut\u00e9 th\u00e9rapeutique; les gens pouvaient \u00e9voluer et \u00eatre accommod\u00e9es selon leurs exp\u00e9riences en sant\u00e9 mentale. D\u00e9crivez les points forts de la MPA dans la cr\u00e9ation de communaut\u00e9s de soutien. Comment a-t-ellle fait une diff\u00e9rence dans la vie des personnes impliqu\u00e9es ?<\/span><\/li>\n<li><span style=\"font-size: 11.5pt;\">Comment la MPA a-t-elle mis en place une structure d\u00e9mocratique ?<\/span><\/li>\n<li><span style=\"font-size: 11.5pt;\">Comment le travail r\u00e9mun\u00e9r\u00e9 \u00e0 la MPA a-t-il contr\u00e9 l\u2019exp\u00e9rience d\u2019\u00eatre exclu de la population active ? Pourquoi est-ce c\u2019est important dans la vie des consommateurs\/survivants psychiatriques?<\/span><\/li>\n<li><span style=\"font-size: 11.5pt;\">La MPA est devenue une organisation bureaucratique hi\u00e9rarchique. Quels en sont les effets n\u00e9gatifs ?<\/span><\/li>\n<\/ul>\n<p><strong><span style=\"font-size: 14pt;\"><u>STATION\u00a02 :\u00a0La folie comme un mouvement social<\/u><\/span><\/strong><\/p>\n<ul>\n<li><span style=\"font-size: 11.5pt;\">Comment comprenez-vous le concept de la lib\u00e9ration ou des luttes de la lib\u00e9ration? Quel est le lien avec la MPA? Avez-vous d\u00e9j\u00e0 pens\u00e9 qu\u2019il pouvait y avoir un lien unissant la sant\u00e9 mentale et les luttes de lib\u00e9ration ?<\/span><\/li>\n<li><span style=\"font-size: 11.5pt;\">Quelle est la diff\u00e9rence entre la MPA en tant que service et la MPA en tant que mouvement\/communaut\u00e9 sociale militante ?<\/span><\/li>\n<li><span style=\"font-size: 12pt;\">Qu\u2019est-ce que <em>In a nutshell<\/em>? Quelle est l\u2019importance de cette publication.<\/span><\/li>\n<li><span style=\"font-size: 11.5pt;\">La MPA a \u00e9prouv\u00e9 des difficult\u00e9s apr\u00e8s avoir re\u00e7u un financement gouvernemental. Cette exp\u00e9rience est-elle pertinente au financement de la sant\u00e9 mentale pour les programmes dirig\u00e9s par les consommateurs\/survivants d\u2019aujourd\u2019hui ?<\/span><\/li>\n<\/ul>\n<p><strong><span style=\"font-size: 14pt;\"><u>STATION\u00a03 :\u00a0Dans le contexte des professionnels de sant\u00e9 mentale<\/u><\/span><\/strong><\/p>\n<ul>\n<li><span style=\"font-size: 11.5pt;\">Quel est le rapport entre le contexte historique de la d\u00e9sinstitutionalisation et le d\u00e9veloppement de la MPA ?<\/span><\/li>\n<li><span style=\"font-size: 11.5pt;\">Quelles sont les diff\u00e9rences entre les pratiques de gestion du haut vers le bas et celle du bas vers le haut dans le contexte du travail en sant\u00e9 mentale?<\/span><\/li>\n<li><span style=\"font-size: 11.5pt;\">Comment la MPA contrebalan\u00e7ait-elle les effets n\u00e9gatifs possibles du professionnalisme?<\/span><\/li>\n<li><span style=\"font-size: 11.5pt;\">En tant que professionnel futur en sant\u00e9 mentale, comment ce film vous inspire-t-il ? Qu\u2019est-ce que vous en retirez et quelle en sera l\u2019influence sur vos m\u00e9thodes et votre pratique?<\/span><\/li>\n<\/ul>\n<p><strong><span style=\"font-size: 14pt;\"><u>STATION\u00a04 :\u00a0La pertinence actuelle<\/u><\/span><\/strong><\/p>\n<ul>\n<li><span style=\"font-size: 11.5pt;\">La pauvret\u00e9 est probl\u00e8me important pour les personnes ayant un diagnostique de maladie mentale. Comment la MPA traitait-elle cette question ?<\/span><\/li>\n<li><span style=\"font-size: 11.5pt;\">Est-il toujours n\u00e9cessaire d\u2019offrir des services au-del\u00e0 des heures de bureau normales ? De tels services seraient-ils b\u00e9n\u00e9fiques en sant\u00e9 mentale? Si oui, pourquoi ? Si non, pourquoi pas ?<\/span><\/li>\n<li><span style=\"font-size: 11.5pt;\">Housing First est une initiative contemporaine visant \u00e0 traiter les principaux probl\u00e8mes sociaux auxquels sont confront\u00e9es les personnes ayant un diagnostic de maladie mentale. Comment la MPA a-t-elle trait\u00e9 la question du logement ? \u00c0 quoi ressemblait l\u2019accord de logement et de coexistence ? Comment cette pratique pourrait-elle \u00eatre avantageuse dans le contexte de la sant\u00e9 mentale ?<\/span><\/li>\n<li><span style=\"font-size: 11.5pt;\">\u00c0 votre avis, \u00e0 quoi ressemblerait une MPA moderne ou actualis\u00e9e ? Que faudrait-il pour la mettre en place ?<\/span><\/li>\n<\/ul>\n<p><\/p>","protected":false},"excerpt":{"rendered":"<p>MPA : Apprentissage autodirig\u00e9 2 Minutage : 30 minutes Mode : ind\u00e9pendante; en ligne. Adaptez l\u2019exercice ci-dessus\u00a0: pr\u00e9parez une feuille de r\u00e9ponse \u00e0 4 points en fonction de vos objectifs d\u2019apprentissage pour le film et du temps dont vous disposez pour cet exercice. Les \u00e9tudiants visionnent le film, soit en classe ou en dehors de &hellip; <\/p>\n","protected":false},"author":2,"featured_media":0,"parent":981,"menu_order":2,"comment_status":"closed","ping_status":"closed","template":"","meta":[],"categories":[79,82,90,88,102,89,51,107,91,77,70,66,57,64,52,85,53,99,101,100,73,71],"tags":[],"acf":[],"aioseo_notices":[],"_links":{"self":[{"href":"https:\/\/madschool.ca\/fr\/wp-json\/wp\/v2\/pages\/1004"}],"collection":[{"href":"https:\/\/madschool.ca\/fr\/wp-json\/wp\/v2\/pages"}],"about":[{"href":"https:\/\/madschool.ca\/fr\/wp-json\/wp\/v2\/types\/page"}],"author":[{"embeddable":true,"href":"https:\/\/madschool.ca\/fr\/wp-json\/wp\/v2\/users\/2"}],"replies":[{"embeddable":true,"href":"https:\/\/madschool.ca\/fr\/wp-json\/wp\/v2\/comments?post=1004"}],"version-history":[{"count":26,"href":"https:\/\/madschool.ca\/fr\/wp-json\/wp\/v2\/pages\/1004\/revisions"}],"predecessor-version":[{"id":5964,"href":"https:\/\/madschool.ca\/fr\/wp-json\/wp\/v2\/pages\/1004\/revisions\/5964"}],"up":[{"embeddable":true,"href":"https:\/\/madschool.ca\/fr\/wp-json\/wp\/v2\/pages\/981"}],"wp:attachment":[{"href":"https:\/\/madschool.ca\/fr\/wp-json\/wp\/v2\/media?parent=1004"}],"wp:term":[{"taxonomy":"category","embeddable":true,"href":"https:\/\/madschool.ca\/fr\/wp-json\/wp\/v2\/categories?post=1004"},{"taxonomy":"post_tag","embeddable":true,"href":"https:\/\/madschool.ca\/fr\/wp-json\/wp\/v2\/tags?post=1004"}],"curies":[{"name":"wp","href":"https:\/\/api.w.org\/{rel}","templated":true}]}}