{"id":1072,"date":"2019-07-23T14:46:59","date_gmt":"2019-07-23T18:46:59","guid":{"rendered":"https:\/\/historyinpractice.ca\/?page_id=1072"},"modified":"2021-09-27T23:53:08","modified_gmt":"2021-09-28T03:53:08","slug":"movays-way","status":"publish","type":"page","link":"https:\/\/madschool.ca\/fr\/medicine-and-power\/movays-way\/","title":{"rendered":"La voie de MoVay"},"content":{"rendered":"<p><!-- Widget Shortcode --><div id=\"nav_menu-2\" class=\"widget widget_nav_menu widget-shortcode area-arbitrary \"><h2 class=\"widgettitle\">History in Practice<\/h2><div class=\"menu-history-in-practice-container\"><ul id=\"menu-history-in-practice-1\" class=\"menu\"><li class=\"menu-item menu-item-type-post_type menu-item-object-page menu-item-home menu-item-676\"><a href=\"https:\/\/madschool.ca\/fr\/\">\u00c9cole folle<\/a><\/li>\n<li class=\"menu-item menu-item-type-post_type menu-item-object-page menu-item-3677\"><a href=\"https:\/\/madschool.ca\/fr\/how-to-use-this-site\/\">Comment utiliser ce site<\/a><\/li>\n<li class=\"menu-item menu-item-type-post_type menu-item-object-page menu-item-681\"><a href=\"https:\/\/madschool.ca\/fr\/stigma-and-discrimination\/\">Module Stigmatisation<\/a><\/li>\n<li class=\"menu-item menu-item-type-post_type menu-item-object-page menu-item-679\"><a href=\"https:\/\/madschool.ca\/fr\/advocacy-activism\/\">Module Faire changement<\/a><\/li>\n<li class=\"menu-item menu-item-type-post_type menu-item-object-page menu-item-678\"><a href=\"https:\/\/madschool.ca\/fr\/medicine-and-power\/\">Module M\u00e9decine et pouvoir<\/a><\/li>\n<li class=\"menu-item menu-item-type-post_type menu-item-object-page menu-item-680\"><a href=\"https:\/\/madschool.ca\/fr\/models-of-practice\/\">Module Alternatives<\/a><\/li>\n<li class=\"menu-item menu-item-type-post_type menu-item-object-page menu-item-677\"><a href=\"https:\/\/madschool.ca\/fr\/policy-into-practice\/\">Module Politiques<\/a><\/li>\n<\/ul><\/div><\/div><!-- \/Widget Shortcode --><\/p>\n<p><a name=\"main-content\"><\/a><!-- Widget Shortcode --><div id=\"search-3\" class=\"widget widget_search widget-shortcode area-arbitrary \"><h2 class=\"widgettitle\">(English) SEARCH<\/h2><form role=\"search\" method=\"get\" class=\"search-form\" action=\"\/search-results\/\">\n\t\t\t\t<label>\n\t\t\t\t\t<span class=\"screen-reader-text\">Rechercher\u00a0:<\/span>\n\t\t\t\t\t<input type=\"search\" class=\"search-field\" placeholder=\"Rechercher\u2026\" value=\"\" name=\"_search_box\" \/>\n\t\t\t\t<\/label>\n\t\t\t\t<input type=\"submit\" class=\"search-submit\" value=\"Rechercher\" \/>\n\t\t\t<\/form><\/div><!-- \/Widget Shortcode --><\/p>\n<div class=\"rightmenu\"><!-- Widget Shortcode --><div id=\"nav_menu-25\" class=\"widget widget_nav_menu widget-shortcode area-arbitrary \"><h2 class=\"widgettitle\">MoVay&rsquo;s Way<\/h2><div class=\"menu-movays-way-container\"><ul id=\"menu-movays-way-1\" class=\"menu\"><li class=\"menu-item menu-item-type-post_type menu-item-object-page menu-item-1111\"><a href=\"https:\/\/madschool.ca\/fr\/medicine-and-power\/movays-way\/\">La voie de MoVay<\/a><\/li>\n<li class=\"menu-item menu-item-type-post_type menu-item-object-page menu-item-1110\"><a href=\"https:\/\/madschool.ca\/fr\/medicine-and-power\/movays-way\/evaluate-responding-working-through\/\">\u00c9valuation : R\u00e9pondre et travailler<\/a><\/li>\n<li class=\"menu-item menu-item-type-post_type menu-item-object-page menu-item-1109\"><a href=\"https:\/\/madschool.ca\/fr\/medicine-and-power\/movays-way\/evaluate-mobile-as-metaphor\/\">\u00c9valuation : Le pantin comme m\u00e9taphore<\/a><\/li>\n<li class=\"menu-item menu-item-type-post_type menu-item-object-page menu-item-1112\"><a href=\"https:\/\/madschool.ca\/fr\/medicine-and-power\/\">M\u00e9decine et pouvoir<\/a><\/li>\n<\/ul><\/div><\/div><!-- \/Widget Shortcode --><\/div>\n<nav aria-label=\"breadcrumbs\">\n            <div class=\"breadcrumb-container theme1\">\n                <ol>\n                                    <\/ol>\n            <\/div>\n        <\/nav>    <script type=\"application\/ld+json\">\n        {\n            \"@context\": \"http:\/\/schema.org\",\n            \"@type\": \"BreadcrumbList\",\n            \"itemListElement\": [\n                            ]\n        }\n    <\/script>\n   \n    <script>\n            <\/script>\n\n<h1>Unit\u00e9 &#8211; La voie de MoVay<\/h1>\n<h4><img decoding=\"async\" loading=\"lazy\" class=\"alignleft size-thumbnail wp-image-1381\" src=\"https:\/\/madschool.ca\/wp-content\/uploads\/2019\/08\/Takeaways-Icon-2024-150x150.jpg\" alt=\"Green Chinese takeaway box\" width=\"150\" height=\"150\" \/>Point cl\u00e9s<\/h4>\n<ul>\n<li><span style=\"font-size: 11.5pt;\">Prendre connaissance de l\u2019importance des points de vue de l\u2019utilisateur afin de d\u00e9terminer les soins appropri\u00e9s \u00e0 lui offrir et son bien-\u00eatre.<\/span><\/li>\n<li><span style=\"font-size: 11.5pt;\">Reconna\u00eetre l\u2019importance de l\u2019exercice physique, de l\u2019alimentation et de la sociabilit\u00e9 sur la sant\u00e9 mentale et de soucier de la personne en son entier.<\/span><\/li>\n<\/ul>\n<h4><img decoding=\"async\" loading=\"lazy\" class=\"size-thumbnail wp-image-1376 alignleft\" src=\"https:\/\/madschool.ca\/wp-content\/uploads\/2019\/08\/Components-Icon-2024-150x150.jpg\" alt=\"Three green gears working together\" width=\"150\" height=\"150\" \/>Des components<\/h4>\n<p>Cet contenu est un vid\u00e9o de 3\u00a0minutes cr\u00e9\u00e9 par la marionnettiste et experte communautaire Lori E. Si le temps le permet, un autre contenu pouvant \u00eatre utilis\u00e9 est <a href=\"https:\/\/madschool.ca\/wp-content\/uploads\/2020\/03\/le_temoignage_de_lartiste.pdf\"><strong>la d\u00e9claration d\u2019artiste<\/strong><strong> de Lori<\/strong><\/a>.<\/p>\n<p style=\"text-align: center;\"><iframe loading=\"lazy\" src=\"\/\/www.youtube.com\/embed\/XR1TW2S4Ehw?t=4s\" width=\"560\" height=\"314\" allowfullscreen=\"allowfullscreen\"><\/iframe><\/p>\n<p>&nbsp;<\/p>\n<h4><img decoding=\"async\" loading=\"lazy\" class=\"alignnone size-thumbnail wp-image-1378\" src=\"https:\/\/madschool.ca\/wp-content\/uploads\/2019\/08\/Evaluating-Icon-2024-150x150.jpg\" alt=\"Green kitchen weigh scale\" width=\"150\" height=\"150\" \/>\u00c9valuation des contenus<\/h4>\n<ul>\n<li class=\"menu-item menu-item-type-post_type menu-item-object-page menu-item-1110\"><strong><a href=\"https:\/\/madschool.ca\/fr\/medicine-and-power\/movays-way\/evaluate-responding-working-through\/\">\u00c9valuation : R\u00e9pondre et travailler<\/a><\/strong> &#8211; 10-20 minutes<\/li>\n<li class=\"menu-item menu-item-type-post_type menu-item-object-page menu-item-1109\"><strong><a href=\"https:\/\/madschool.ca\/fr\/medicine-and-power\/movays-way\/evaluate-mobile-as-metaphor\/\">\u00c9valuation : Le pantin comme m\u00e9taphore<\/a><\/strong> &#8211; 15 minutes<\/li>\n<\/ul>\n<h4><img decoding=\"async\" loading=\"lazy\" class=\"alignleft size-thumbnail wp-image-1379\" src=\"https:\/\/madschool.ca\/wp-content\/uploads\/2019\/08\/Learning-Lense-Icon-2024-150x150.jpg\" alt=\"Green hand-held magnifying glass\" width=\"150\" height=\"150\" \/>Objectifs p\u00e9dagogiques<\/h4>\n<p>Que feriez-vous si on vous diagnostiquait une d\u00e9pression chronique? Cette vid\u00e9o de 3 minutes d\u2019un projet de spectacle de marionnettes nous invite \u00e0 consid\u00e9rer les traitements alternatifs au-del\u00e0 de la m\u00e9decine et sugg\u00e8re qu\u2019un traitement holistique \u00e0 travers l\u2019alimentation, le soutien social et l\u2019exercice physique favorise une bonne sant\u00e9 mentale. Un document suppl\u00e9mentaire nous offre un t\u00e9moignage de la marionnettiste et experte communautaire Lori E.<\/p>\n<p>&nbsp;<\/p>\n<p>&nbsp;<\/p>","protected":false},"excerpt":{"rendered":"<p>Unit\u00e9 &#8211; La voie de MoVay Point cl\u00e9s Prendre connaissance de l\u2019importance des points de vue de l\u2019utilisateur afin de d\u00e9terminer les soins appropri\u00e9s \u00e0 lui offrir et son bien-\u00eatre. Reconna\u00eetre l\u2019importance de l\u2019exercice physique, de l\u2019alimentation et de la sociabilit\u00e9 sur la sant\u00e9 mentale et de soucier de la personne en son entier. Des &hellip; <\/p>\n","protected":false},"author":2,"featured_media":0,"parent":195,"menu_order":3,"comment_status":"closed","ping_status":"closed","template":"","meta":[],"categories":[75,108,88,102,89,54,107,56,76,91,55,70,67,64,98,85,53,99,101,100,73,71,105],"tags":[],"acf":[],"aioseo_notices":[],"_links":{"self":[{"href":"https:\/\/madschool.ca\/fr\/wp-json\/wp\/v2\/pages\/1072"}],"collection":[{"href":"https:\/\/madschool.ca\/fr\/wp-json\/wp\/v2\/pages"}],"about":[{"href":"https:\/\/madschool.ca\/fr\/wp-json\/wp\/v2\/types\/page"}],"author":[{"embeddable":true,"href":"https:\/\/madschool.ca\/fr\/wp-json\/wp\/v2\/users\/2"}],"replies":[{"embeddable":true,"href":"https:\/\/madschool.ca\/fr\/wp-json\/wp\/v2\/comments?post=1072"}],"version-history":[{"count":55,"href":"https:\/\/madschool.ca\/fr\/wp-json\/wp\/v2\/pages\/1072\/revisions"}],"predecessor-version":[{"id":2597,"href":"https:\/\/madschool.ca\/fr\/wp-json\/wp\/v2\/pages\/1072\/revisions\/2597"}],"up":[{"embeddable":true,"href":"https:\/\/madschool.ca\/fr\/wp-json\/wp\/v2\/pages\/195"}],"wp:attachment":[{"href":"https:\/\/madschool.ca\/fr\/wp-json\/wp\/v2\/media?parent=1072"}],"wp:term":[{"taxonomy":"category","embeddable":true,"href":"https:\/\/madschool.ca\/fr\/wp-json\/wp\/v2\/categories?post=1072"},{"taxonomy":"post_tag","embeddable":true,"href":"https:\/\/madschool.ca\/fr\/wp-json\/wp\/v2\/tags?post=1072"}],"curies":[{"name":"wp","href":"https:\/\/api.w.org\/{rel}","templated":true}]}}