{"id":1074,"date":"2019-07-23T14:47:28","date_gmt":"2019-07-23T18:47:28","guid":{"rendered":"https:\/\/historyinpractice.ca\/?page_id=1074"},"modified":"2021-02-11T20:56:18","modified_gmt":"2021-02-12T01:56:18","slug":"the-psychiatric-gaze","status":"publish","type":"page","link":"https:\/\/madschool.ca\/fr\/medicine-and-power\/the-psychiatric-gaze\/","title":{"rendered":"Le regard psychiatrique"},"content":{"rendered":"<p><\/p>\n<!-- Widget Shortcode --><div id=\"nav_menu-2\" class=\"widget widget_nav_menu widget-shortcode area-arbitrary \"><h2 class=\"widgettitle\">History in Practice<\/h2><div class=\"menu-history-in-practice-container\"><ul id=\"menu-history-in-practice-1\" class=\"menu\"><li class=\"menu-item menu-item-type-post_type menu-item-object-page menu-item-home menu-item-676\"><a href=\"https:\/\/madschool.ca\/fr\/\">\u00c9cole folle<\/a><\/li>\n<li class=\"menu-item menu-item-type-post_type menu-item-object-page menu-item-3677\"><a href=\"https:\/\/madschool.ca\/fr\/how-to-use-this-site\/\">Comment utiliser ce site<\/a><\/li>\n<li class=\"menu-item menu-item-type-post_type menu-item-object-page menu-item-681\"><a href=\"https:\/\/madschool.ca\/fr\/stigma-and-discrimination\/\">Module Stigmatisation<\/a><\/li>\n<li class=\"menu-item menu-item-type-post_type menu-item-object-page menu-item-679\"><a href=\"https:\/\/madschool.ca\/fr\/advocacy-activism\/\">Module Faire changement<\/a><\/li>\n<li class=\"menu-item menu-item-type-post_type menu-item-object-page menu-item-678\"><a href=\"https:\/\/madschool.ca\/fr\/medicine-and-power\/\">Module M\u00e9decine et pouvoir<\/a><\/li>\n<li class=\"menu-item menu-item-type-post_type menu-item-object-page menu-item-680\"><a href=\"https:\/\/madschool.ca\/fr\/models-of-practice\/\">Module Alternatives<\/a><\/li>\n<li class=\"menu-item menu-item-type-post_type menu-item-object-page menu-item-677\"><a href=\"https:\/\/madschool.ca\/fr\/policy-into-practice\/\">Module Politiques<\/a><\/li>\n<\/ul><\/div><\/div><!-- \/Widget Shortcode -->\n<p><a name=\"main-content\"><\/a><!-- Widget Shortcode --><div id=\"search-3\" class=\"widget widget_search widget-shortcode area-arbitrary \"><h2 class=\"widgettitle\">(English) SEARCH<\/h2><form role=\"search\" method=\"get\" class=\"search-form\" action=\"\/search-results\/\">\n\t\t\t\t<label>\n\t\t\t\t\t<span class=\"screen-reader-text\">Rechercher\u00a0:<\/span>\n\t\t\t\t\t<input type=\"search\" class=\"search-field\" placeholder=\"Rechercher\u2026\" value=\"\" name=\"_search_box\" \/>\n\t\t\t\t<\/label>\n\t\t\t\t<input type=\"submit\" class=\"search-submit\" value=\"Rechercher\" \/>\n\t\t\t<\/form><\/div><!-- \/Widget Shortcode --><\/p>\n<div class=\"rightmenu\"><!-- Widget Shortcode --><div id=\"nav_menu-26\" class=\"widget widget_nav_menu widget-shortcode area-arbitrary \"><h2 class=\"widgettitle\">Psychiatric Gaze<\/h2><div class=\"menu-psychiatric-gaze-container\"><ul id=\"menu-psychiatric-gaze-1\" class=\"menu\"><li class=\"menu-item menu-item-type-post_type menu-item-object-page menu-item-1117\"><a href=\"https:\/\/madschool.ca\/fr\/medicine-and-power\/the-psychiatric-gaze\/\">Le regard psychiatrique<\/a><\/li>\n<li class=\"menu-item menu-item-type-post_type menu-item-object-page menu-item-1116\"><a href=\"https:\/\/madschool.ca\/fr\/medicine-and-power\/the-psychiatric-gaze\/evaluate-expressing-ideas-in-art\/\">\u00c9valuation\u00a0: Exprimer des id\u00e9es \u00e0 travers l\u2019art<\/a><\/li>\n<li class=\"menu-item menu-item-type-post_type menu-item-object-page menu-item-1118\"><a href=\"https:\/\/madschool.ca\/fr\/medicine-and-power\/\">Module M\u00e9decine et pouvoir<\/a><\/li>\n<\/ul><\/div><\/div><!-- \/Widget Shortcode --><\/div>\n<nav aria-label=\"breadcrumbs\">\n            <div class=\"breadcrumb-container theme1\">\n                <ol>\n                                    <\/ol>\n            <\/div>\n        <\/nav>    <script type=\"application\/ld+json\">\n        {\n            \"@context\": \"http:\/\/schema.org\",\n            \"@type\": \"BreadcrumbList\",\n            \"itemListElement\": [\n                            ]\n        }\n    <\/script>\n   \n    <script>\n            <\/script>\n\n<h1>Unit\u00e9 &#8211; Le regard psychiatrique<\/h1>\n<h4><img decoding=\"async\" loading=\"lazy\" class=\"alignnone size-thumbnail wp-image-1381\" src=\"https:\/\/madschool.ca\/wp-content\/uploads\/2019\/08\/Takeaways-Icon-2024-150x150.jpg\" alt=\"Green Chinese takeaway box\" width=\"150\" height=\"150\" \/>Points cl\u00e9s<\/h4>\n<ul>\n<li>Comprendre l\u2019effet n\u00e9gatif qu\u2019ont les d\u00e9s\u00e9quilibres de pouvoir et la distance entre ceux qui fournissent et ceux qui utilisent les services en sant\u00e9 mentale<\/li>\n<li>Comprendre les dommages qui peuvent \u00eatre caus\u00e9s par la relation entre clinicien et patient lorsque les patients sont vus \u00e0 travers leur diagnostic plut\u00f4t qu\u2019\u00e0 travers leurs comp\u00e9tences et leur exp\u00e9rience de vie<\/li>\n<li>Reconna\u00eetre le potentiel d\u2019une relation \u00e9galitaire entre le patient et le praticien<\/li>\n<\/ul>\n<h4><img decoding=\"async\" loading=\"lazy\" class=\"alignnone size-thumbnail wp-image-1376\" src=\"https:\/\/madschool.ca\/wp-content\/uploads\/2019\/08\/Components-Icon-2024-150x150.jpg\" alt=\"Three green gears working together\" width=\"150\" height=\"150\" \/>De l&rsquo;contenu<\/h4>\n<p>L\u2019contenu de cette unit\u00e9 est une sculpture r\u00e9alis\u00e9e par deux experts communautaires, qui r\u00e9v\u00e8le leur vision de la place qu\u2019occupe le patient au sein de la pratique de la psychiatrie. Un autre contenu est une <a href=\"https:\/\/madschool.ca\/wp-content\/uploads\/2020\/04\/Le-regard-psychiatrique.pdf\" target=\"_blank\" rel=\"noopener noreferrer\"><strong>d<\/strong><strong>\u00e9claration d\u2019artiste<\/strong><\/a>, r\u00e9dig\u00e9e par les deux experts communautaires qui ont r\u00e9alis\u00e9 la sculpture.<\/p>\n<p><iframe loading=\"lazy\" title=\"The Psychiatric Gaze\" width=\"1100\" height=\"619\" src=\"https:\/\/www.youtube.com\/embed\/uC_S0qkOECc?feature=oembed\" frameborder=\"0\" allow=\"accelerometer; autoplay; clipboard-write; encrypted-media; gyroscope; picture-in-picture\" allowfullscreen><\/iframe><\/p>\n<h4><img decoding=\"async\" loading=\"lazy\" class=\"alignnone size-thumbnail wp-image-1378\" src=\"https:\/\/madschool.ca\/wp-content\/uploads\/2019\/08\/Evaluating-Icon-2024-150x150.jpg\" alt=\"Green kitchen weigh scale\" width=\"150\" height=\"150\" \/>\u00c9valuation du contenu<\/h4>\n<ul>\n<li class=\"menu-item menu-item-type-post_type menu-item-object-page menu-item-1116\"><strong><a href=\"https:\/\/madschool.ca\/fr\/medicine-and-power\/the-psychiatric-gaze\/evaluate-expressing-ideas-in-art\/\" target=\"_blank\" rel=\"noopener noreferrer\">\u00c9valuation du contenus<\/a> <\/strong>: Exprimer des id\u00e9es \u00e0 travers l\u2019art<\/li>\n<\/ul>\n<h4><img decoding=\"async\" loading=\"lazy\" class=\"alignnone size-thumbnail wp-image-1379\" src=\"https:\/\/madschool.ca\/wp-content\/uploads\/2019\/08\/Learning-Lense-Icon-2024-150x150.jpg\" alt=\"Green hand-held magnifying glass\" width=\"150\" height=\"150\" \/>Objectifs p\u00e9dagogiques<\/h4>\n<p>Tous nos experts communautaires signalent avoir d\u00e9j\u00e0 eu des exp\u00e9riences oppressives lors de leurs interactions avec les services en sant\u00e9 mentale. Le cr\u00e9ateur,\u00a0<strong>Alistair Scott-Turner<\/strong>, est un patient psychiatrique avec une multitude de diagnostics allant de l\u2019angoisse au trouble schizoaffectif. Sa cocr\u00e9atrice\u00a0<strong>Dana Allan\u00a0<\/strong>souffre d\u2019un trouble alimentaire de longue date qui est accompagn\u00e9 de dysmorphie corporelle, d\u2019anxi\u00e9t\u00e9 et de d\u00e9pression. Elle se d\u00e9crit comme \u00e9tant \u00ab\u00a0l\u2019anorexique folle typique\u00a0\u00bb. En tant qu\u2019experts communautaires participant \u00e0 notre projet, ils voulaient r\u00e9aliser une sculpture repr\u00e9sentant leur conviction selon laquelle les professionnels de la sant\u00e9 mentale sont aveugles aux \u00eatres humains qui vivent derri\u00e8re (et malgr\u00e9) les \u00e9tiquettes de diagnostic. Leur sculpture est alors de l\u2019art militant ou une intervention artistique, c\u2019est-\u00e0-dire de l\u2019art qui est plac\u00e9 en dehors du monde artistique \u00e0 des fins de sensibilisation et pour essayer de changer certaines conditions existantes.<\/p>\n<p>La sculpture d\u2019Allan et de Scott-Turner met le spectateur dans la peau d\u2019une personne maltrait\u00e9e dans les \u00e9tablissements de sant\u00e9 mentale et lui dit\u00a0: \u00ab\u00a0<em>\u00e7a pourrait \u00eatre vous<\/em>\u00a0\u00bb. La sculpture est accompagn\u00e9e d\u2019un t\u00e9moignage des artistes expliquant l\u2019id\u00e9e derri\u00e8re leur cr\u00e9ation. Les instructeurs peuvent utiliser ces modules pour explorer les voies \u00e0 suivre pour d\u00e9velopper des relations \u00e9galitaires entre le patient et le praticien.<\/p>\n<p><\/p>","protected":false},"excerpt":{"rendered":"<p>Unit\u00e9 &#8211; Le regard psychiatrique Points cl\u00e9s Comprendre l\u2019effet n\u00e9gatif qu\u2019ont les d\u00e9s\u00e9quilibres de pouvoir et la distance entre ceux qui fournissent et ceux qui utilisent les services en sant\u00e9 mentale Comprendre les dommages qui peuvent \u00eatre caus\u00e9s par la relation entre clinicien et patient lorsque les patients sont vus \u00e0 travers leur diagnostic plut\u00f4t &hellip; <\/p>\n","protected":false},"author":2,"featured_media":0,"parent":195,"menu_order":4,"comment_status":"closed","ping_status":"closed","template":"","meta":[],"categories":[75,109,108,90,88,102,89,54,110,56,91,55,70,67,64,98,85,53,99,101,100,71],"tags":[],"acf":[],"aioseo_notices":[],"_links":{"self":[{"href":"https:\/\/madschool.ca\/fr\/wp-json\/wp\/v2\/pages\/1074"}],"collection":[{"href":"https:\/\/madschool.ca\/fr\/wp-json\/wp\/v2\/pages"}],"about":[{"href":"https:\/\/madschool.ca\/fr\/wp-json\/wp\/v2\/types\/page"}],"author":[{"embeddable":true,"href":"https:\/\/madschool.ca\/fr\/wp-json\/wp\/v2\/users\/2"}],"replies":[{"embeddable":true,"href":"https:\/\/madschool.ca\/fr\/wp-json\/wp\/v2\/comments?post=1074"}],"version-history":[{"count":36,"href":"https:\/\/madschool.ca\/fr\/wp-json\/wp\/v2\/pages\/1074\/revisions"}],"predecessor-version":[{"id":5803,"href":"https:\/\/madschool.ca\/fr\/wp-json\/wp\/v2\/pages\/1074\/revisions\/5803"}],"up":[{"embeddable":true,"href":"https:\/\/madschool.ca\/fr\/wp-json\/wp\/v2\/pages\/195"}],"wp:attachment":[{"href":"https:\/\/madschool.ca\/fr\/wp-json\/wp\/v2\/media?parent=1074"}],"wp:term":[{"taxonomy":"category","embeddable":true,"href":"https:\/\/madschool.ca\/fr\/wp-json\/wp\/v2\/categories?post=1074"},{"taxonomy":"post_tag","embeddable":true,"href":"https:\/\/madschool.ca\/fr\/wp-json\/wp\/v2\/tags?post=1074"}],"curies":[{"name":"wp","href":"https:\/\/api.w.org\/{rel}","templated":true}]}}