{"id":1076,"date":"2019-07-23T14:47:49","date_gmt":"2019-07-23T18:47:49","guid":{"rendered":"https:\/\/historyinpractice.ca\/?page_id=1076"},"modified":"2021-09-27T23:56:47","modified_gmt":"2021-09-28T03:56:47","slug":"question-man","status":"publish","type":"page","link":"https:\/\/madschool.ca\/fr\/medicine-and-power\/question-man\/","title":{"rendered":"L\u2019Interrogateur"},"content":{"rendered":"<p><!-- Widget Shortcode --><div id=\"nav_menu-2\" class=\"widget widget_nav_menu widget-shortcode area-arbitrary \"><h2 class=\"widgettitle\">History in Practice<\/h2><div class=\"menu-history-in-practice-container\"><ul id=\"menu-history-in-practice-1\" class=\"menu\"><li class=\"menu-item menu-item-type-post_type menu-item-object-page menu-item-home menu-item-676\"><a href=\"https:\/\/madschool.ca\/fr\/\">\u00c9cole folle<\/a><\/li>\n<li class=\"menu-item menu-item-type-post_type menu-item-object-page menu-item-3677\"><a href=\"https:\/\/madschool.ca\/fr\/how-to-use-this-site\/\">Comment utiliser ce site<\/a><\/li>\n<li class=\"menu-item menu-item-type-post_type menu-item-object-page menu-item-681\"><a href=\"https:\/\/madschool.ca\/fr\/stigma-and-discrimination\/\">Module Stigmatisation<\/a><\/li>\n<li class=\"menu-item menu-item-type-post_type menu-item-object-page menu-item-679\"><a href=\"https:\/\/madschool.ca\/fr\/advocacy-activism\/\">Module Faire changement<\/a><\/li>\n<li class=\"menu-item menu-item-type-post_type menu-item-object-page menu-item-678\"><a href=\"https:\/\/madschool.ca\/fr\/medicine-and-power\/\">Module M\u00e9decine et pouvoir<\/a><\/li>\n<li class=\"menu-item menu-item-type-post_type menu-item-object-page menu-item-680\"><a href=\"https:\/\/madschool.ca\/fr\/models-of-practice\/\">Module Alternatives<\/a><\/li>\n<li class=\"menu-item menu-item-type-post_type menu-item-object-page menu-item-677\"><a href=\"https:\/\/madschool.ca\/fr\/policy-into-practice\/\">Module Politiques<\/a><\/li>\n<\/ul><\/div><\/div><!-- \/Widget Shortcode --><\/p>\n<p><a name=\"main-content\"><\/a><!-- Widget Shortcode --><div id=\"search-3\" class=\"widget widget_search widget-shortcode area-arbitrary \"><h2 class=\"widgettitle\">(English) SEARCH<\/h2><form role=\"search\" method=\"get\" class=\"search-form\" action=\"\/search-results\/\">\n\t\t\t\t<label>\n\t\t\t\t\t<span class=\"screen-reader-text\">Rechercher\u00a0:<\/span>\n\t\t\t\t\t<input type=\"search\" class=\"search-field\" placeholder=\"Rechercher\u2026\" value=\"\" name=\"_search_box\" \/>\n\t\t\t\t<\/label>\n\t\t\t\t<input type=\"submit\" class=\"search-submit\" value=\"Rechercher\" \/>\n\t\t\t<\/form><\/div><!-- \/Widget Shortcode --><\/p>\n<div class=\"rightmenu\"><!-- Widget Shortcode --><div id=\"nav_menu-27\" class=\"widget widget_nav_menu widget-shortcode area-arbitrary \"><h2 class=\"widgettitle\">Question Man<\/h2><div class=\"menu-question-man-container\"><ul id=\"menu-question-man-1\" class=\"menu\"><li class=\"menu-item menu-item-type-post_type menu-item-object-page menu-item-1126\"><a href=\"https:\/\/madschool.ca\/fr\/medicine-and-power\/question-man\/\">L\u2019Interrogateur<\/a><\/li>\n<li class=\"menu-item menu-item-type-post_type menu-item-object-page menu-item-1125\"><a href=\"https:\/\/madschool.ca\/fr\/medicine-and-power\/question-man\/components-self-guided\/\">Des contenus : apprentissage autodirig\u00e9<\/a><\/li>\n<li class=\"menu-item menu-item-type-post_type menu-item-object-page menu-item-1124\"><a href=\"https:\/\/madschool.ca\/fr\/medicine-and-power\/question-man\/evaluate-strength-through-storytelling\/\">\u00c9valuation : La r\u00e9silience gr\u00e2ce \u00e0 la narration<\/a><\/li>\n<li class=\"menu-item menu-item-type-post_type menu-item-object-page menu-item-1127\"><a href=\"https:\/\/madschool.ca\/fr\/medicine-and-power\/\">Module M\u00e9decine et pouvoir<\/a><\/li>\n<\/ul><\/div><\/div><!-- \/Widget Shortcode --><\/div>\n<nav aria-label=\"breadcrumbs\">\n            <div class=\"breadcrumb-container theme1\">\n                <ol>\n                                    <\/ol>\n            <\/div>\n        <\/nav>    <script type=\"application\/ld+json\">\n        {\n            \"@context\": \"http:\/\/schema.org\",\n            \"@type\": \"BreadcrumbList\",\n            \"itemListElement\": [\n                            ]\n        }\n    <\/script>\n   \n    <script>\n            <\/script>\n\n<h1>Unit\u00e9 &#8211; L\u2019Interrogateur<\/h1>\n<h4><img decoding=\"async\" loading=\"lazy\" class=\"alignnone size-thumbnail wp-image-1381\" src=\"https:\/\/madschool.ca\/wp-content\/uploads\/2019\/08\/Takeaways-Icon-2024-150x150.jpg\" alt=\"Green Chinese takeaway box\" width=\"150\" height=\"150\" \/>Points cl\u00e9s<\/h4>\n<ul>\n<li>Comprendre que l\u2019exp\u00e9rience des patients aupr\u00e8s des services de sant\u00e9 mentale peut \u00eatre oppressante et mentalement d\u00e9stabilisante<\/li>\n<li>Comprendre l\u2019importance de travailler avec les patients pour les aider \u00e0 r\u00e9cup\u00e9rer les forces et les strat\u00e9gies qui faisaient partie de leur identit\u00e9 avant leurs probl\u00e8mes de sant\u00e9 mentale<\/li>\n<li>Valoriser l\u2019expression, la r\u00e9silience, la r\u00e9sistance et les connaissances tir\u00e9es de l\u2019exp\u00e9rience des patients pour soutenir une bonne sant\u00e9 mentale<\/li>\n<\/ul>\n<h4 id=\"moduleIntro\" class=\"components\"><img decoding=\"async\" loading=\"lazy\" class=\"alignnone size-thumbnail wp-image-1376\" src=\"https:\/\/madschool.ca\/wp-content\/uploads\/2019\/08\/Components-Icon-2024-150x150.jpg\" alt=\"Three green gears working together\" width=\"150\" height=\"150\" \/>De l&rsquo;contenu<\/h4>\n<p>Ce petit, mais puissant contenu contient les m\u00e9moires vid\u00e9o de la premi\u00e8re hospitalisation traumatique d\u2019Irit Shimrat en tant que patiente psychiatrique. \u00c9coutez Irit raconter comment sa cr\u00e9ativit\u00e9 est devenue sa voie personnelle de gu\u00e9rison.<\/p>\n<p><iframe loading=\"lazy\" src=\"\/\/www.youtube.com\/embed\/UTCAKlRaN1k\" width=\"560\" height=\"314\" allowfullscreen=\"allowfullscreen\"><\/iframe><\/p>\n<h4><img decoding=\"async\" loading=\"lazy\" class=\"alignnone size-thumbnail wp-image-1378\" src=\"https:\/\/madschool.ca\/wp-content\/uploads\/2019\/08\/Evaluating-Icon-2024-150x150.jpg\" alt=\"Green kitchen weigh scale\" width=\"150\" height=\"150\" \/>\u00c9valuation du contenu<\/h4>\n<ul>\n<li><strong><a href=\"https:\/\/madschool.ca\/fr\/medicine-and-power\/question-man\/components-self-guided\/\"><span style=\"font-size: 11.5pt;\"><span class=\"menu-image-title\">Des contenus : apprentissage autodirig\u00e9<\/span><\/span><\/a><\/strong> &#8211; 10 minutes<\/li>\n<li class=\"menu-item menu-item-type-post_type menu-item-object-page menu-item-1124\"><strong><a href=\"https:\/\/madschool.ca\/fr\/medicine-and-power\/question-man\/evaluate-strength-through-storytelling\/\"><span class=\"menu-image-title\"><span style=\"font-size: 11.5pt;\">\u00c9valuation du contenu : La r\u00e9silience gr\u00e2ce \u00e0 la narration<\/span><\/span><\/a><\/strong> &#8211; 15-30 minutes<\/li>\n<\/ul>\n<h4><img decoding=\"async\" loading=\"lazy\" class=\"alignnone size-thumbnail wp-image-1379\" src=\"https:\/\/madschool.ca\/wp-content\/uploads\/2019\/08\/Learning-Lense-Icon-2024-150x150.jpg\" alt=\"Green hand-held magnifying glass\" width=\"150\" height=\"150\" \/>Objectifs p\u00e9dagogiques<\/h4>\n<p>\u00c0 la fin des ann\u00e9es\u00a01970, Irit Shimrat, alors patiente psychiatrique involontaire \u00e0 l\u2019H\u00f4pital Branson de North York (Ontario), s\u2019est vu prescrire le m\u00e9dicament antipsychotique Haldol. Sous l\u2019influence de ce m\u00e9dicament et d\u00e9pouill\u00e9e de la capacit\u00e9 d\u2019accomplir plusieurs des t\u00e2ches simples de la vie quotidienne, Shimrat a retrouv\u00e9 son esprit cr\u00e9atif et son identit\u00e9 en cr\u00e9ant\u00a0L\u2019Interrogateur, un alter ego et ami. Inspir\u00e9e par le cahier que Shimrat avait avec elle lors de son hospitalisation en 1978, cette vid\u00e9o de 6 minutes raconte l\u2019histoire de la cr\u00e9ation de L\u2019Interrogateur et met ainsi en lumi\u00e8re \u00e0 la fois le monde fade du patient psychiatrique et le pouvoir de la r\u00e9silience. L\u2019histoire d\u2019Irit souligne l\u2019importance d\u2019une approche globale de la personne et nous rappelle d\u2019entretenir les forces et les strat\u00e9gies d\u2019adaptation des patients.<\/p>","protected":false},"excerpt":{"rendered":"<p>Unit\u00e9 &#8211; L\u2019Interrogateur Points cl\u00e9s Comprendre que l\u2019exp\u00e9rience des patients aupr\u00e8s des services de sant\u00e9 mentale peut \u00eatre oppressante et mentalement d\u00e9stabilisante Comprendre l\u2019importance de travailler avec les patients pour les aider \u00e0 r\u00e9cup\u00e9rer les forces et les strat\u00e9gies qui faisaient partie de leur identit\u00e9 avant leurs probl\u00e8mes de sant\u00e9 mentale Valoriser l\u2019expression, la r\u00e9silience, &hellip; <\/p>\n","protected":false},"author":2,"featured_media":0,"parent":195,"menu_order":5,"comment_status":"closed","ping_status":"closed","template":"","meta":[],"categories":[75,109,108,90,88,102,89,54,110,56,76,91,55,70,67,64,98,85,53,99,101,100,71,105],"tags":[],"acf":[],"aioseo_notices":[],"_links":{"self":[{"href":"https:\/\/madschool.ca\/fr\/wp-json\/wp\/v2\/pages\/1076"}],"collection":[{"href":"https:\/\/madschool.ca\/fr\/wp-json\/wp\/v2\/pages"}],"about":[{"href":"https:\/\/madschool.ca\/fr\/wp-json\/wp\/v2\/types\/page"}],"author":[{"embeddable":true,"href":"https:\/\/madschool.ca\/fr\/wp-json\/wp\/v2\/users\/2"}],"replies":[{"embeddable":true,"href":"https:\/\/madschool.ca\/fr\/wp-json\/wp\/v2\/comments?post=1076"}],"version-history":[{"count":34,"href":"https:\/\/madschool.ca\/fr\/wp-json\/wp\/v2\/pages\/1076\/revisions"}],"predecessor-version":[{"id":6169,"href":"https:\/\/madschool.ca\/fr\/wp-json\/wp\/v2\/pages\/1076\/revisions\/6169"}],"up":[{"embeddable":true,"href":"https:\/\/madschool.ca\/fr\/wp-json\/wp\/v2\/pages\/195"}],"wp:attachment":[{"href":"https:\/\/madschool.ca\/fr\/wp-json\/wp\/v2\/media?parent=1076"}],"wp:term":[{"taxonomy":"category","embeddable":true,"href":"https:\/\/madschool.ca\/fr\/wp-json\/wp\/v2\/categories?post=1076"},{"taxonomy":"post_tag","embeddable":true,"href":"https:\/\/madschool.ca\/fr\/wp-json\/wp\/v2\/tags?post=1076"}],"curies":[{"name":"wp","href":"https:\/\/api.w.org\/{rel}","templated":true}]}}