{"id":1096,"date":"2019-07-23T14:56:18","date_gmt":"2019-07-23T18:56:18","guid":{"rendered":"https:\/\/historyinpractice.ca\/?page_id=1096"},"modified":"2021-02-11T20:38:13","modified_gmt":"2021-02-12T01:38:13","slug":"components-self-guided","status":"publish","type":"page","link":"https:\/\/madschool.ca\/fr\/policy-into-practice\/ya-ya-heit\/components-self-guided\/","title":{"rendered":"Ya&rsquo;Ya Heit : apprentissage autodirig\u00e9\u00a0"},"content":{"rendered":"<p><\/p>\n<!-- Widget Shortcode --><div id=\"nav_menu-2\" class=\"widget widget_nav_menu widget-shortcode area-arbitrary \"><h2 class=\"widgettitle\">History in Practice<\/h2><div class=\"menu-history-in-practice-container\"><ul id=\"menu-history-in-practice-1\" class=\"menu\"><li class=\"menu-item menu-item-type-post_type menu-item-object-page menu-item-home menu-item-676\"><a href=\"https:\/\/madschool.ca\/fr\/\">\u00c9cole folle<\/a><\/li>\n<li class=\"menu-item menu-item-type-post_type menu-item-object-page menu-item-3677\"><a href=\"https:\/\/madschool.ca\/fr\/how-to-use-this-site\/\">Comment utiliser ce site<\/a><\/li>\n<li class=\"menu-item menu-item-type-post_type menu-item-object-page menu-item-681\"><a href=\"https:\/\/madschool.ca\/fr\/stigma-and-discrimination\/\">Module Stigmatisation<\/a><\/li>\n<li class=\"menu-item menu-item-type-post_type menu-item-object-page menu-item-679\"><a href=\"https:\/\/madschool.ca\/fr\/advocacy-activism\/\">Module Faire changement<\/a><\/li>\n<li class=\"menu-item menu-item-type-post_type menu-item-object-page menu-item-678\"><a href=\"https:\/\/madschool.ca\/fr\/medicine-and-power\/\">Module M\u00e9decine et pouvoir<\/a><\/li>\n<li class=\"menu-item menu-item-type-post_type menu-item-object-page menu-item-680\"><a href=\"https:\/\/madschool.ca\/fr\/models-of-practice\/\">Module Alternatives<\/a><\/li>\n<li class=\"menu-item menu-item-type-post_type menu-item-object-page menu-item-677\"><a href=\"https:\/\/madschool.ca\/fr\/policy-into-practice\/\">Module Politiques<\/a><\/li>\n<\/ul><\/div><\/div><!-- \/Widget Shortcode -->\n<p><a name=\"main-content\"><\/a><!-- Widget Shortcode --><div id=\"search-3\" class=\"widget widget_search widget-shortcode area-arbitrary \"><h2 class=\"widgettitle\">(English) SEARCH<\/h2><form role=\"search\" method=\"get\" class=\"search-form\" action=\"\/search-results\/\">\n\t\t\t\t<label>\n\t\t\t\t\t<span class=\"screen-reader-text\">Rechercher\u00a0:<\/span>\n\t\t\t\t\t<input type=\"search\" class=\"search-field\" placeholder=\"Rechercher\u2026\" value=\"\" name=\"_search_box\" \/>\n\t\t\t\t<\/label>\n\t\t\t\t<input type=\"submit\" class=\"search-submit\" value=\"Rechercher\" \/>\n\t\t\t<\/form><\/div><!-- \/Widget Shortcode --><\/p>\n<div class=\"rightmenu\"><!-- Widget Shortcode --><div id=\"nav_menu-24\" class=\"widget widget_nav_menu widget-shortcode area-arbitrary \"><h2 class=\"widgettitle\">Ya Ya Heit<\/h2><div class=\"menu-ya-ya-heit-container\"><ul id=\"menu-ya-ya-heit-1\" class=\"menu\"><li class=\"menu-item menu-item-type-post_type menu-item-object-page menu-item-1102\"><a href=\"https:\/\/madschool.ca\/fr\/policy-into-practice\/ya-ya-heit\/\">Ya\u2019Ya Heit<\/a><\/li>\n<li class=\"menu-item menu-item-type-post_type menu-item-object-page menu-item-1101\"><a href=\"https:\/\/madschool.ca\/fr\/policy-into-practice\/ya-ya-heit\/components-self-guided\/\">Des contenus : Ya\u2019Ya &#8211; apprentissage autodirig\u00e9<\/a><\/li>\n<li class=\"menu-item menu-item-type-post_type menu-item-object-page menu-item-1100\"><a href=\"https:\/\/madschool.ca\/fr\/policy-into-practice\/ya-ya-heit\/evaluate-visualizing-colonialism\/\">\u00c9valuation\u00a0: Visualisation du colonialisme<\/a><\/li>\n<li class=\"menu-item menu-item-type-post_type menu-item-object-page menu-item-1103\"><a href=\"https:\/\/madschool.ca\/fr\/medicine-and-power\/\">Module M\u00e9decine et pouvoir<\/a><\/li>\n<\/ul><\/div><\/div><!-- \/Widget Shortcode --><\/div>\n<nav aria-label=\"breadcrumbs\">\n            <div class=\"breadcrumb-container theme1\">\n                <ol>\n                                    <\/ol>\n            <\/div>\n        <\/nav>    <script type=\"application\/ld+json\">\n        {\n            \"@context\": \"http:\/\/schema.org\",\n            \"@type\": \"BreadcrumbList\",\n            \"itemListElement\": [\n                            ]\n        }\n    <\/script>\n   \n    <script>\n            <\/script>\n\n<h1><img decoding=\"async\" loading=\"lazy\" class=\"alignnone size-thumbnail wp-image-1376\" src=\"https:\/\/madschool.ca\/wp-content\/uploads\/2019\/08\/Components-Icon-2024-150x150.jpg\" alt=\"Three green gears working together\" width=\"150\" height=\"150\" \/>Ya&rsquo;Ya Heit : apprentissage autodirig\u00e9\u00a0<\/h1>\n<p>Minutage : flexible<br \/>\nMode : ind\u00e9pendante; en ligne<\/p>\n<p><span lang=\"FR-CA\">Ya\u2019Ya Heit \u00e9tablit un lien clair entre les exp\u00e9riences de sant\u00e9 mentale et de bien-\u00eatre v\u00e9cues par les Autochtones et le contexte historique et contemporain du colonialisme. Nous vous sugg\u00e9rons en premier lieu d\u2019encourager vos \u00e9tudiants \u00e0 lire les sections Objectifs p\u00e9dagogiques et Modules sur le site afin d\u2019acqu\u00e9rir des informations de base et d\u2019explorer l\u2019art et la po\u00e9sie de Heit. Ce travail, qui peut \u00eatre effectu\u00e9 soit en ligne, soit en classe, peut compter en tant qu\u2019activit\u00e9 pr\u00e9paratoire pour l\u2019activit\u00e9 intitul\u00e9e \u00ab\u00a0Visualisation du colonialisme\u00a0\u00bb ou prendre la forme d\u2019une discussion \u00e9crite ou orale sur l\u2019art et l\u2019\u00e9criture de Ya\u2019Ya Heit. Assurez-vous que vos \u00e9tudiants utilisent la question suivante en tant que guide\u00a0:<\/span><\/p>\n<ul>\n<li><span lang=\"FR-CA\">Qu\u2019est-ce que ces \u0153uvres d\u2019art r\u00e9v\u00e8lent \u00e0 propos du lien entre le colonialisme, la sant\u00e9 mentale et le bien-\u00eatre des peuples autochtones?<\/span><\/li>\n<\/ul>\n<p style=\"text-align: center;\"><span style=\"font-size: 14pt;\">Po\u00e8me : Ya\u2019Ya pleure la mort de ses 2 fr\u00e8res<\/span><\/p>\n<p style=\"text-align: center;\">Le 14\u00a0mai 2003, Yvon Micheal Starr est mort<br \/>\nY\u2019\u00e9tait mon fr\u00e8re<br \/>\nMaintenant y ne partage plus ce monde avec moi<br \/>\nLe monde est devenu plus petit<br \/>\nEt j\u2019ai pleur\u00e9 pour qu\u2019y revienne<br \/>\nPour courir \u00e0 nouveau avec moi dans la jungle<br \/>\nPour vivre et rire comme quand on \u00e9tait p\u2019tits<br \/>\nOn a eu ben du fun<br \/>\nFous et libres et pleins de joie de vivre<br \/>\nEnsemble on a go\u00fbt\u00e9 \u00e0 la vraie libert\u00e9<br \/>\nPas de soucis ni de d\u00e9sirs<br \/>\nMais ces temps sont derri\u00e8re nous depuis des ann\u00e9es<br \/>\nLa vie nous a s\u00e9par\u00e9s<br \/>\nMais mon fr\u00e8re est rest\u00e9 dans mon c\u0153ur<br \/>\nEt j\u2019ai souvent pens\u00e9 \u00e0 lui<br \/>\nDe temps en temps je me faisais du souci pour lui<br \/>\nEt souhait\u00e9 qu\u2019y soit pr\u00e8s de moi<br \/>\nMon fr\u00e8re Andy\u00a0Clifton est mort en 1999<br \/>\nAm Hon c\u2019\u00e9tait son vrai nom<br \/>\nY\u2019\u00e9tait la premi\u00e8re personne que je connaissais qu\u2019y avait le SIDA<br \/>\nJ\u2019avais ben peur avant<br \/>\nEt lui too<br \/>\nAm Hon avait peur de vivre<br \/>\nDonc y est all\u00e9 mourir \u00e0 Lupert<br \/>\nEt j\u2019avais peur de son SIDA<br \/>\nMais chu all\u00e9 le voir quand m\u00eame<br \/>\nJ\u2019pouvais pas le voir mourir<br \/>\nAlors chu all\u00e9 au fleuve Skeena pour lutter contre les d\u00e9mons<br \/>\nEt j\u2019ai aper\u00e7u ses arcs-en-ciel<br \/>\nQui le ramenaient \u00e0 maison<br \/>\nMes deux fr\u00e8res avaient le SIDA avant de mourir<br \/>\n\u00c7\u2019a rendu leurs morts extra douloureuses<\/p>\n<p><span style=\"font-size: 14pt;\">La sculpture : \u00ab\u2009Moi &amp; mes 2 fr\u00e8res<\/span> d\u00e9c\u00e9d\u00e9s\u2009\u00bb<\/p>\n<div class=\"captionpicsaligned\">\n<figure id=\"attachment_4243\" aria-describedby=\"caption-attachment-4243\" style=\"width: 273px\" class=\"wp-caption alignleft\"><a href=\"https:\/\/madschool.ca\/wp-content\/uploads\/2020\/06\/Me-My-2-Dead-Brotherz-Totem-Pole-Show-by-Charles-Heit-2003_Page_1-1-e1591805271967.jpg\"><img decoding=\"async\" loading=\"lazy\" class=\"size-medium wp-image-4243\" src=\"https:\/\/madschool.ca\/wp-content\/uploads\/2020\/06\/Me-My-2-Dead-Brotherz-Totem-Pole-Show-by-Charles-Heit-2003_Page_1-1-e1591805271967-273x300.jpg\" alt=\"croquis d'un totem\" width=\"273\" height=\"300\" srcset=\"https:\/\/madschool.ca\/wp-content\/uploads\/2020\/06\/Me-My-2-Dead-Brotherz-Totem-Pole-Show-by-Charles-Heit-2003_Page_1-1-e1591805271967-273x300.jpg 273w, https:\/\/madschool.ca\/wp-content\/uploads\/2020\/06\/Me-My-2-Dead-Brotherz-Totem-Pole-Show-by-Charles-Heit-2003_Page_1-1-e1591805271967-932x1024.jpg 932w, https:\/\/madschool.ca\/wp-content\/uploads\/2020\/06\/Me-My-2-Dead-Brotherz-Totem-Pole-Show-by-Charles-Heit-2003_Page_1-1-e1591805271967-768x844.jpg 768w, https:\/\/madschool.ca\/wp-content\/uploads\/2020\/06\/Me-My-2-Dead-Brotherz-Totem-Pole-Show-by-Charles-Heit-2003_Page_1-1-e1591805271967-22x24.jpg 22w, https:\/\/madschool.ca\/wp-content\/uploads\/2020\/06\/Me-My-2-Dead-Brotherz-Totem-Pole-Show-by-Charles-Heit-2003_Page_1-1-e1591805271967-33x36.jpg 33w, https:\/\/madschool.ca\/wp-content\/uploads\/2020\/06\/Me-My-2-Dead-Brotherz-Totem-Pole-Show-by-Charles-Heit-2003_Page_1-1-e1591805271967-44x48.jpg 44w, https:\/\/madschool.ca\/wp-content\/uploads\/2020\/06\/Me-My-2-Dead-Brotherz-Totem-Pole-Show-by-Charles-Heit-2003_Page_1-1-e1591805271967.jpg 1282w\" sizes=\"(max-width: 273px) 100vw, 273px\" \/><\/a><figcaption id=\"caption-attachment-4243\" class=\"wp-caption-text\">Moi &amp; mes 2 fr\u00e8res d\u00e9c\u00e9d\u00e9s \u2013le seul croquis dont j\u2019ai besoin<\/figcaption><\/figure> <figure id=\"attachment_4245\" aria-describedby=\"caption-attachment-4245\" style=\"width: 237px\" class=\"wp-caption alignleft\"><a href=\"https:\/\/madschool.ca\/wp-content\/uploads\/2020\/06\/Me-My-2-Dead-Brotherz-Totem-Pole-Show-by-Charles-Heit-2003_Page_3-1-e1591805332995.jpg\"><img decoding=\"async\" loading=\"lazy\" class=\"size-medium wp-image-4245\" src=\"https:\/\/madschool.ca\/wp-content\/uploads\/2020\/06\/Me-My-2-Dead-Brotherz-Totem-Pole-Show-by-Charles-Heit-2003_Page_3-1-e1591805332995-237x300.jpg\" alt=\"totem sculpt\u00e9\" width=\"237\" height=\"300\" srcset=\"https:\/\/madschool.ca\/wp-content\/uploads\/2020\/06\/Me-My-2-Dead-Brotherz-Totem-Pole-Show-by-Charles-Heit-2003_Page_3-1-e1591805332995-237x300.jpg 237w, https:\/\/madschool.ca\/wp-content\/uploads\/2020\/06\/Me-My-2-Dead-Brotherz-Totem-Pole-Show-by-Charles-Heit-2003_Page_3-1-e1591805332995-808x1024.jpg 808w, https:\/\/madschool.ca\/wp-content\/uploads\/2020\/06\/Me-My-2-Dead-Brotherz-Totem-Pole-Show-by-Charles-Heit-2003_Page_3-1-e1591805332995-768x974.jpg 768w, https:\/\/madschool.ca\/wp-content\/uploads\/2020\/06\/Me-My-2-Dead-Brotherz-Totem-Pole-Show-by-Charles-Heit-2003_Page_3-1-e1591805332995-19x24.jpg 19w, https:\/\/madschool.ca\/wp-content\/uploads\/2020\/06\/Me-My-2-Dead-Brotherz-Totem-Pole-Show-by-Charles-Heit-2003_Page_3-1-e1591805332995-28x36.jpg 28w, https:\/\/madschool.ca\/wp-content\/uploads\/2020\/06\/Me-My-2-Dead-Brotherz-Totem-Pole-Show-by-Charles-Heit-2003_Page_3-1-e1591805332995-38x48.jpg 38w, https:\/\/madschool.ca\/wp-content\/uploads\/2020\/06\/Me-My-2-Dead-Brotherz-Totem-Pole-Show-by-Charles-Heit-2003_Page_3-1-e1591805332995.jpg 1083w\" sizes=\"(max-width: 237px) 100vw, 237px\" \/><\/a><figcaption id=\"caption-attachment-4245\" class=\"wp-caption-text\">Moi &amp; mes 2 fr\u00e8res d\u00e9c\u00e9d\u00e9s \u2013Charles Heit, 2003<\/figcaption><\/figure>\n<\/div>\n<hr style=\"clear: both;\" \/>\n<div class=\"captionpicsaligned\">\n<figure id=\"attachment_3766\" aria-describedby=\"caption-attachment-3766\" style=\"width: 222px\" class=\"wp-caption alignleft\"><a href=\"https:\/\/madschool.ca\/wp-content\/uploads\/2020\/06\/Me-My-2-Dead-Brotherz-Totem-Pole-Show-by-Charles-Heit-2003_Page_6-e1591305643163.jpg\"><img decoding=\"async\" loading=\"lazy\" class=\"wp-image-3766 \" src=\"https:\/\/madschool.ca\/wp-content\/uploads\/2020\/06\/Me-My-2-Dead-Brotherz-Totem-Pole-Show-by-Charles-Heit-2003_Page_6-e1591305643163-300x300.jpg\" alt=\"detail from carved wooden totem - 2 coppers\" width=\"222\" height=\"222\" srcset=\"https:\/\/madschool.ca\/wp-content\/uploads\/2020\/06\/Me-My-2-Dead-Brotherz-Totem-Pole-Show-by-Charles-Heit-2003_Page_6-e1591305643163-300x300.jpg 300w, https:\/\/madschool.ca\/wp-content\/uploads\/2020\/06\/Me-My-2-Dead-Brotherz-Totem-Pole-Show-by-Charles-Heit-2003_Page_6-e1591305643163-1024x1021.jpg 1024w, https:\/\/madschool.ca\/wp-content\/uploads\/2020\/06\/Me-My-2-Dead-Brotherz-Totem-Pole-Show-by-Charles-Heit-2003_Page_6-e1591305643163-150x150.jpg 150w, https:\/\/madschool.ca\/wp-content\/uploads\/2020\/06\/Me-My-2-Dead-Brotherz-Totem-Pole-Show-by-Charles-Heit-2003_Page_6-e1591305643163-768x766.jpg 768w, https:\/\/madschool.ca\/wp-content\/uploads\/2020\/06\/Me-My-2-Dead-Brotherz-Totem-Pole-Show-by-Charles-Heit-2003_Page_6-e1591305643163-24x24.jpg 24w, https:\/\/madschool.ca\/wp-content\/uploads\/2020\/06\/Me-My-2-Dead-Brotherz-Totem-Pole-Show-by-Charles-Heit-2003_Page_6-e1591305643163-36x36.jpg 36w, https:\/\/madschool.ca\/wp-content\/uploads\/2020\/06\/Me-My-2-Dead-Brotherz-Totem-Pole-Show-by-Charles-Heit-2003_Page_6-e1591305643163-48x48.jpg 48w, https:\/\/madschool.ca\/wp-content\/uploads\/2020\/06\/Me-My-2-Dead-Brotherz-Totem-Pole-Show-by-Charles-Heit-2003_Page_6-e1591305643163.jpg 1282w\" sizes=\"(max-width: 222px) 100vw, 222px\" \/><\/a><figcaption id=\"caption-attachment-3766\" class=\"wp-caption-text\">Base : Je tiens Gros Serpent qui se transforme en \u00e9pilobe et 2 pi\u00e8ces en cuivre montrent Visages Nombreux, Orque et Grizzly des Eaux<\/figcaption><\/figure> <figure id=\"attachment_3767\" aria-describedby=\"caption-attachment-3767\" style=\"width: 223px\" class=\"wp-caption alignleft\"><a href=\"https:\/\/madschool.ca\/wp-content\/uploads\/2020\/06\/Me-My-2-Dead-Brotherz-Totem-Pole-Show-by-Charles-Heit-2003_Page_7.jpg\"><img decoding=\"async\" loading=\"lazy\" class=\"wp-image-3767 \" src=\"https:\/\/madschool.ca\/wp-content\/uploads\/2020\/06\/Me-My-2-Dead-Brotherz-Totem-Pole-Show-by-Charles-Heit-2003_Page_7-e1591305024655-287x300.jpg\" alt=\"detail from carved wooden totem - face\" width=\"223\" height=\"233\" srcset=\"https:\/\/madschool.ca\/wp-content\/uploads\/2020\/06\/Me-My-2-Dead-Brotherz-Totem-Pole-Show-by-Charles-Heit-2003_Page_7-e1591305024655-287x300.jpg 287w, https:\/\/madschool.ca\/wp-content\/uploads\/2020\/06\/Me-My-2-Dead-Brotherz-Totem-Pole-Show-by-Charles-Heit-2003_Page_7-e1591305024655-979x1024.jpg 979w, https:\/\/madschool.ca\/wp-content\/uploads\/2020\/06\/Me-My-2-Dead-Brotherz-Totem-Pole-Show-by-Charles-Heit-2003_Page_7-e1591305024655-768x803.jpg 768w, https:\/\/madschool.ca\/wp-content\/uploads\/2020\/06\/Me-My-2-Dead-Brotherz-Totem-Pole-Show-by-Charles-Heit-2003_Page_7-e1591305024655-24x24.jpg 24w, https:\/\/madschool.ca\/wp-content\/uploads\/2020\/06\/Me-My-2-Dead-Brotherz-Totem-Pole-Show-by-Charles-Heit-2003_Page_7-e1591305024655-34x36.jpg 34w, https:\/\/madschool.ca\/wp-content\/uploads\/2020\/06\/Me-My-2-Dead-Brotherz-Totem-Pole-Show-by-Charles-Heit-2003_Page_7-e1591305024655-46x48.jpg 46w, https:\/\/madschool.ca\/wp-content\/uploads\/2020\/06\/Me-My-2-Dead-Brotherz-Totem-Pole-Show-by-Charles-Heit-2003_Page_7-e1591305024655.jpg 1282w\" sizes=\"(max-width: 223px) 100vw, 223px\" \/><\/a><figcaption id=\"caption-attachment-3767\" class=\"wp-caption-text\">Section m\u00e9diane : Moi-m\u00eame portant un anneau d&rsquo;\u00e9corce de c\u00e8dre et tenant deux plants d&rsquo;\u00e9pilobe, vu que mes fr\u00e8res et moi sommes du clan Fireweed<\/figcaption><\/figure> <figure id=\"attachment_3765\" aria-describedby=\"caption-attachment-3765\" style=\"width: 238px\" class=\"wp-caption alignleft\"><a href=\"https:\/\/madschool.ca\/wp-content\/uploads\/2020\/06\/Me-My-2-Dead-Brotherz-Totem-Pole-Show-by-Charles-Heit-2003_Page_5-e1591305795832.jpg\"><img decoding=\"async\" loading=\"lazy\" class=\" wp-image-3765\" src=\"https:\/\/madschool.ca\/wp-content\/uploads\/2020\/06\/Me-My-2-Dead-Brotherz-Totem-Pole-Show-by-Charles-Heit-2003_Page_5-e1591305795832-275x300.jpg\" alt=\"carved top of wooden totem pole with two figures\" width=\"238\" height=\"260\" srcset=\"https:\/\/madschool.ca\/wp-content\/uploads\/2020\/06\/Me-My-2-Dead-Brotherz-Totem-Pole-Show-by-Charles-Heit-2003_Page_5-e1591305795832-275x300.jpg 275w, https:\/\/madschool.ca\/wp-content\/uploads\/2020\/06\/Me-My-2-Dead-Brotherz-Totem-Pole-Show-by-Charles-Heit-2003_Page_5-e1591305795832-938x1024.jpg 938w, https:\/\/madschool.ca\/wp-content\/uploads\/2020\/06\/Me-My-2-Dead-Brotherz-Totem-Pole-Show-by-Charles-Heit-2003_Page_5-e1591305795832-768x839.jpg 768w, https:\/\/madschool.ca\/wp-content\/uploads\/2020\/06\/Me-My-2-Dead-Brotherz-Totem-Pole-Show-by-Charles-Heit-2003_Page_5-e1591305795832-22x24.jpg 22w, https:\/\/madschool.ca\/wp-content\/uploads\/2020\/06\/Me-My-2-Dead-Brotherz-Totem-Pole-Show-by-Charles-Heit-2003_Page_5-e1591305795832-33x36.jpg 33w, https:\/\/madschool.ca\/wp-content\/uploads\/2020\/06\/Me-My-2-Dead-Brotherz-Totem-Pole-Show-by-Charles-Heit-2003_Page_5-e1591305795832-44x48.jpg 44w, https:\/\/madschool.ca\/wp-content\/uploads\/2020\/06\/Me-My-2-Dead-Brotherz-Totem-Pole-Show-by-Charles-Heit-2003_Page_5-e1591305795832.jpg 1282w\" sizes=\"(max-width: 238px) 100vw, 238px\" \/><\/a><figcaption id=\"caption-attachment-3765\" class=\"wp-caption-text\">Cime : Mes 2 fr\u00e8res dans un champ d\u2019\u00e9pilobe au ciel<\/figcaption><\/figure>\n<\/div>\n<p><\/p>","protected":false},"excerpt":{"rendered":"<p>Ya&rsquo;Ya Heit : apprentissage autodirig\u00e9\u00a0 Minutage : flexible Mode : ind\u00e9pendante; en ligne Ya\u2019Ya Heit \u00e9tablit un lien clair entre les exp\u00e9riences de sant\u00e9 mentale et de bien-\u00eatre v\u00e9cues par les Autochtones et le contexte historique et contemporain du colonialisme. Nous vous sugg\u00e9rons en premier lieu d\u2019encourager vos \u00e9tudiants \u00e0 lire les sections Objectifs p\u00e9dagogiques &hellip; <\/p>\n","protected":false},"author":2,"featured_media":0,"parent":1070,"menu_order":0,"comment_status":"closed","ping_status":"closed","template":"","meta":[],"categories":[78,82,90,88,96,83,89,51,54,91,77,55,70,67,57,64,52,98,85,58,53,99,101,100,73,71],"tags":[],"acf":[],"aioseo_notices":[],"_links":{"self":[{"href":"https:\/\/madschool.ca\/fr\/wp-json\/wp\/v2\/pages\/1096"}],"collection":[{"href":"https:\/\/madschool.ca\/fr\/wp-json\/wp\/v2\/pages"}],"about":[{"href":"https:\/\/madschool.ca\/fr\/wp-json\/wp\/v2\/types\/page"}],"author":[{"embeddable":true,"href":"https:\/\/madschool.ca\/fr\/wp-json\/wp\/v2\/users\/2"}],"replies":[{"embeddable":true,"href":"https:\/\/madschool.ca\/fr\/wp-json\/wp\/v2\/comments?post=1096"}],"version-history":[{"count":67,"href":"https:\/\/madschool.ca\/fr\/wp-json\/wp\/v2\/pages\/1096\/revisions"}],"predecessor-version":[{"id":5799,"href":"https:\/\/madschool.ca\/fr\/wp-json\/wp\/v2\/pages\/1096\/revisions\/5799"}],"up":[{"embeddable":true,"href":"https:\/\/madschool.ca\/fr\/wp-json\/wp\/v2\/pages\/1070"}],"wp:attachment":[{"href":"https:\/\/madschool.ca\/fr\/wp-json\/wp\/v2\/media?parent=1096"}],"wp:term":[{"taxonomy":"category","embeddable":true,"href":"https:\/\/madschool.ca\/fr\/wp-json\/wp\/v2\/categories?post=1096"},{"taxonomy":"post_tag","embeddable":true,"href":"https:\/\/madschool.ca\/fr\/wp-json\/wp\/v2\/tags?post=1096"}],"curies":[{"name":"wp","href":"https:\/\/api.w.org\/{rel}","templated":true}]}}