{"id":1105,"date":"2019-07-23T14:59:13","date_gmt":"2019-07-23T18:59:13","guid":{"rendered":"https:\/\/historyinpractice.ca\/?page_id=1105"},"modified":"2021-10-14T19:08:09","modified_gmt":"2021-10-14T23:08:09","slug":"evaluate-responding-working-through","status":"publish","type":"page","link":"https:\/\/madschool.ca\/fr\/medicine-and-power\/movays-way\/evaluate-responding-working-through\/","title":{"rendered":"La Voie de MoVay &#8211; R\u00e9pondre et travailler"},"content":{"rendered":"<p><\/p>\n<!-- Widget Shortcode --><div id=\"nav_menu-2\" class=\"widget widget_nav_menu widget-shortcode area-arbitrary \"><h2 class=\"widgettitle\">History in Practice<\/h2><div class=\"menu-history-in-practice-container\"><ul id=\"menu-history-in-practice-1\" class=\"menu\"><li class=\"menu-item menu-item-type-post_type menu-item-object-page menu-item-home menu-item-676\"><a href=\"https:\/\/madschool.ca\/fr\/\">\u00c9cole folle<\/a><\/li>\n<li class=\"menu-item menu-item-type-post_type menu-item-object-page menu-item-3677\"><a href=\"https:\/\/madschool.ca\/fr\/how-to-use-this-site\/\">Comment utiliser ce site<\/a><\/li>\n<li class=\"menu-item menu-item-type-post_type menu-item-object-page menu-item-681\"><a href=\"https:\/\/madschool.ca\/fr\/stigma-and-discrimination\/\">Module Stigmatisation<\/a><\/li>\n<li class=\"menu-item menu-item-type-post_type menu-item-object-page menu-item-679\"><a href=\"https:\/\/madschool.ca\/fr\/advocacy-activism\/\">Module Faire changement<\/a><\/li>\n<li class=\"menu-item menu-item-type-post_type menu-item-object-page menu-item-678\"><a href=\"https:\/\/madschool.ca\/fr\/medicine-and-power\/\">Module M\u00e9decine et pouvoir<\/a><\/li>\n<li class=\"menu-item menu-item-type-post_type menu-item-object-page menu-item-680\"><a href=\"https:\/\/madschool.ca\/fr\/models-of-practice\/\">Module Alternatives<\/a><\/li>\n<li class=\"menu-item menu-item-type-post_type menu-item-object-page menu-item-677\"><a href=\"https:\/\/madschool.ca\/fr\/policy-into-practice\/\">Module Politiques<\/a><\/li>\n<\/ul><\/div><\/div><!-- \/Widget Shortcode -->\n<p><a name=\"main-content\"><\/a><!-- Widget Shortcode --><div id=\"search-3\" class=\"widget widget_search widget-shortcode area-arbitrary \"><h2 class=\"widgettitle\">(English) SEARCH<\/h2><form role=\"search\" method=\"get\" class=\"search-form\" action=\"\/search-results\/\">\n\t\t\t\t<label>\n\t\t\t\t\t<span class=\"screen-reader-text\">Rechercher\u00a0:<\/span>\n\t\t\t\t\t<input type=\"search\" class=\"search-field\" placeholder=\"Rechercher\u2026\" value=\"\" name=\"_search_box\" \/>\n\t\t\t\t<\/label>\n\t\t\t\t<input type=\"submit\" class=\"search-submit\" value=\"Rechercher\" \/>\n\t\t\t<\/form><\/div><!-- \/Widget Shortcode --><\/p>\n<div class=\"rightmenu\"><!-- Widget Shortcode --><div id=\"nav_menu-25\" class=\"widget widget_nav_menu widget-shortcode area-arbitrary \"><h2 class=\"widgettitle\">MoVay&rsquo;s Way<\/h2><div class=\"menu-movays-way-container\"><ul id=\"menu-movays-way-1\" class=\"menu\"><li class=\"menu-item menu-item-type-post_type menu-item-object-page menu-item-1111\"><a href=\"https:\/\/madschool.ca\/fr\/medicine-and-power\/movays-way\/\">La voie de MoVay<\/a><\/li>\n<li class=\"menu-item menu-item-type-post_type menu-item-object-page menu-item-1110\"><a href=\"https:\/\/madschool.ca\/fr\/medicine-and-power\/movays-way\/evaluate-responding-working-through\/\">\u00c9valuation : R\u00e9pondre et travailler<\/a><\/li>\n<li class=\"menu-item menu-item-type-post_type menu-item-object-page menu-item-1109\"><a href=\"https:\/\/madschool.ca\/fr\/medicine-and-power\/movays-way\/evaluate-mobile-as-metaphor\/\">\u00c9valuation : Le pantin comme m\u00e9taphore<\/a><\/li>\n<li class=\"menu-item menu-item-type-post_type menu-item-object-page menu-item-1112\"><a href=\"https:\/\/madschool.ca\/fr\/medicine-and-power\/\">M\u00e9decine et pouvoir<\/a><\/li>\n<\/ul><\/div><\/div><!-- \/Widget Shortcode --><\/div>\n<nav aria-label=\"breadcrumbs\">\n            <div class=\"breadcrumb-container theme1\">\n                <ol>\n                                    <\/ol>\n            <\/div>\n        <\/nav>    <script type=\"application\/ld+json\">\n        {\n            \"@context\": \"http:\/\/schema.org\",\n            \"@type\": \"BreadcrumbList\",\n            \"itemListElement\": [\n                            ]\n        }\n    <\/script>\n   \n    <script>\n            <\/script>\n\n<h1><img decoding=\"async\" loading=\"lazy\" class=\"alignnone size-thumbnail wp-image-1378\" src=\"https:\/\/madschool.ca\/wp-content\/uploads\/2019\/08\/Evaluating-Icon-2024-150x150.jpg\" alt=\"Green kitchen weigh scale\" width=\"150\" height=\"150\" \/>La Voie de MoVay &#8211; R\u00e9pondre et travailler<\/h1>\n<p>Minutage: 10-20 minutes<br \/>\nMode : ind\u00e9pendante; en ligne.<\/p>\n<p><iframe loading=\"lazy\" title=\"MoVay&#039;s Way\" width=\"1100\" height=\"619\" src=\"https:\/\/www.youtube.com\/embed\/XR1TW2S4Ehw?feature=oembed\" frameborder=\"0\" allow=\"accelerometer; autoplay; clipboard-write; encrypted-media; gyroscope; picture-in-picture\" allowfullscreen><\/iframe><\/p>\n<p>La Voie de MoVay permet aux \u00e9tudiants d\u2019aborder des id\u00e9es complexes d\u2019une mani\u00e8re ouverte et innovatrice. Les \u00e9tudiants peuvent commencer par regarder le spectacle de marionnettes. L\u2019\u00e9criture libre, en r\u00e9ponse \u00e0 cette performance, est une bonne fa\u00e7on de motiver vos \u00e9tudiants \u00e0 penser au-del\u00e0 des sentiers battus. Aussi, en accordant \u00e0 vos \u00e9tudiants la possibilit\u00e9 de se laisser aller \u00e0 \u00e9crire leurs pens\u00e9es, cela peut leur permettre d\u2019\u00e9liminer tout souci ou anxi\u00e9t\u00e9 auxquels ils pourraient \u00eatre confront\u00e9s en r\u00e9digeant. \u00c0 la fin de la r\u00e9daction libre, demandez \u00e0 vos \u00e9tudiants de souligner leur phrase favorite et invitez-les \u00e0 la partager avec le reste de la classe. \u00c0 cette \u00e9tape, les \u00e9tudiants peuvent aussi r\u00e9pondre au t\u00e9moignage de l\u2019artiste. Cet exercice peut \u00eatre r\u00e9alis\u00e9 en classe ou en ligne.<\/p>\n<p><\/p>","protected":false},"excerpt":{"rendered":"<p>La Voie de MoVay &#8211; R\u00e9pondre et travailler Minutage: 10-20 minutes Mode : ind\u00e9pendante; en ligne. La Voie de MoVay permet aux \u00e9tudiants d\u2019aborder des id\u00e9es complexes d\u2019une mani\u00e8re ouverte et innovatrice. Les \u00e9tudiants peuvent commencer par regarder le spectacle de marionnettes. L\u2019\u00e9criture libre, en r\u00e9ponse \u00e0 cette performance, est une bonne fa\u00e7on de motiver &hellip; <\/p>\n","protected":false},"author":2,"featured_media":0,"parent":1072,"menu_order":0,"comment_status":"closed","ping_status":"closed","template":"","meta":[],"categories":[78,72,88,135,89,51,107,91,77,70,67,57,64,52,98,85,53,99,101,100,73,71],"tags":[],"acf":[],"aioseo_notices":[],"_links":{"self":[{"href":"https:\/\/madschool.ca\/fr\/wp-json\/wp\/v2\/pages\/1105"}],"collection":[{"href":"https:\/\/madschool.ca\/fr\/wp-json\/wp\/v2\/pages"}],"about":[{"href":"https:\/\/madschool.ca\/fr\/wp-json\/wp\/v2\/types\/page"}],"author":[{"embeddable":true,"href":"https:\/\/madschool.ca\/fr\/wp-json\/wp\/v2\/users\/2"}],"replies":[{"embeddable":true,"href":"https:\/\/madschool.ca\/fr\/wp-json\/wp\/v2\/comments?post=1105"}],"version-history":[{"count":19,"href":"https:\/\/madschool.ca\/fr\/wp-json\/wp\/v2\/pages\/1105\/revisions"}],"predecessor-version":[{"id":6241,"href":"https:\/\/madschool.ca\/fr\/wp-json\/wp\/v2\/pages\/1105\/revisions\/6241"}],"up":[{"embeddable":true,"href":"https:\/\/madschool.ca\/fr\/wp-json\/wp\/v2\/pages\/1072"}],"wp:attachment":[{"href":"https:\/\/madschool.ca\/fr\/wp-json\/wp\/v2\/media?parent=1105"}],"wp:term":[{"taxonomy":"category","embeddable":true,"href":"https:\/\/madschool.ca\/fr\/wp-json\/wp\/v2\/categories?post=1105"},{"taxonomy":"post_tag","embeddable":true,"href":"https:\/\/madschool.ca\/fr\/wp-json\/wp\/v2\/tags?post=1105"}],"curies":[{"name":"wp","href":"https:\/\/api.w.org\/{rel}","templated":true}]}}