{"id":1107,"date":"2019-07-23T14:59:43","date_gmt":"2019-07-23T18:59:43","guid":{"rendered":"https:\/\/historyinpractice.ca\/?page_id=1107"},"modified":"2021-09-26T21:12:45","modified_gmt":"2021-09-27T01:12:45","slug":"evaluate-mobile-as-metaphor","status":"publish","type":"page","link":"https:\/\/madschool.ca\/fr\/medicine-and-power\/movays-way\/evaluate-mobile-as-metaphor\/","title":{"rendered":"La Voie de MoVay &#8211; le pantin comme m\u00e9taphore"},"content":{"rendered":"<p><\/p>\n<!-- Widget Shortcode --><div id=\"nav_menu-2\" class=\"widget widget_nav_menu widget-shortcode area-arbitrary \"><h2 class=\"widgettitle\">History in Practice<\/h2><div class=\"menu-history-in-practice-container\"><ul id=\"menu-history-in-practice-1\" class=\"menu\"><li class=\"menu-item menu-item-type-post_type menu-item-object-page menu-item-home menu-item-676\"><a href=\"https:\/\/madschool.ca\/fr\/\">\u00c9cole folle<\/a><\/li>\n<li class=\"menu-item menu-item-type-post_type menu-item-object-page menu-item-3677\"><a href=\"https:\/\/madschool.ca\/fr\/how-to-use-this-site\/\">Comment utiliser ce site<\/a><\/li>\n<li class=\"menu-item menu-item-type-post_type menu-item-object-page menu-item-681\"><a href=\"https:\/\/madschool.ca\/fr\/stigma-and-discrimination\/\">Module Stigmatisation<\/a><\/li>\n<li class=\"menu-item menu-item-type-post_type menu-item-object-page menu-item-679\"><a href=\"https:\/\/madschool.ca\/fr\/advocacy-activism\/\">Module Faire changement<\/a><\/li>\n<li class=\"menu-item menu-item-type-post_type menu-item-object-page menu-item-678\"><a href=\"https:\/\/madschool.ca\/fr\/medicine-and-power\/\">Module M\u00e9decine et pouvoir<\/a><\/li>\n<li class=\"menu-item menu-item-type-post_type menu-item-object-page menu-item-680\"><a href=\"https:\/\/madschool.ca\/fr\/models-of-practice\/\">Module Alternatives<\/a><\/li>\n<li class=\"menu-item menu-item-type-post_type menu-item-object-page menu-item-677\"><a href=\"https:\/\/madschool.ca\/fr\/policy-into-practice\/\">Module Politiques<\/a><\/li>\n<\/ul><\/div><\/div><!-- \/Widget Shortcode -->\n<p><a name=\"main-content\"><\/a><!-- Widget Shortcode --><div id=\"search-3\" class=\"widget widget_search widget-shortcode area-arbitrary \"><h2 class=\"widgettitle\">(English) SEARCH<\/h2><form role=\"search\" method=\"get\" class=\"search-form\" action=\"\/search-results\/\">\n\t\t\t\t<label>\n\t\t\t\t\t<span class=\"screen-reader-text\">Rechercher\u00a0:<\/span>\n\t\t\t\t\t<input type=\"search\" class=\"search-field\" placeholder=\"Rechercher\u2026\" value=\"\" name=\"_search_box\" \/>\n\t\t\t\t<\/label>\n\t\t\t\t<input type=\"submit\" class=\"search-submit\" value=\"Rechercher\" \/>\n\t\t\t<\/form><\/div><!-- \/Widget Shortcode --><\/p>\n<div class=\"rightmenu\"><!-- Widget Shortcode --><div id=\"nav_menu-25\" class=\"widget widget_nav_menu widget-shortcode area-arbitrary \"><h2 class=\"widgettitle\">MoVay&rsquo;s Way<\/h2><div class=\"menu-movays-way-container\"><ul id=\"menu-movays-way-1\" class=\"menu\"><li class=\"menu-item menu-item-type-post_type menu-item-object-page menu-item-1111\"><a href=\"https:\/\/madschool.ca\/fr\/medicine-and-power\/movays-way\/\">La voie de MoVay<\/a><\/li>\n<li class=\"menu-item menu-item-type-post_type menu-item-object-page menu-item-1110\"><a href=\"https:\/\/madschool.ca\/fr\/medicine-and-power\/movays-way\/evaluate-responding-working-through\/\">\u00c9valuation : R\u00e9pondre et travailler<\/a><\/li>\n<li class=\"menu-item menu-item-type-post_type menu-item-object-page menu-item-1109\"><a href=\"https:\/\/madschool.ca\/fr\/medicine-and-power\/movays-way\/evaluate-mobile-as-metaphor\/\">\u00c9valuation : Le pantin comme m\u00e9taphore<\/a><\/li>\n<li class=\"menu-item menu-item-type-post_type menu-item-object-page menu-item-1112\"><a href=\"https:\/\/madschool.ca\/fr\/medicine-and-power\/\">M\u00e9decine et pouvoir<\/a><\/li>\n<\/ul><\/div><\/div><!-- \/Widget Shortcode --><\/div>\n<nav aria-label=\"breadcrumbs\">\n            <div class=\"breadcrumb-container theme1\">\n                <ol>\n                                    <\/ol>\n            <\/div>\n        <\/nav>    <script type=\"application\/ld+json\">\n        {\n            \"@context\": \"http:\/\/schema.org\",\n            \"@type\": \"BreadcrumbList\",\n            \"itemListElement\": [\n                            ]\n        }\n    <\/script>\n   \n    <script>\n            <\/script>\n\n<h1><img decoding=\"async\" loading=\"lazy\" class=\"alignnone size-thumbnail wp-image-1378\" src=\"https:\/\/madschool.ca\/wp-content\/uploads\/2019\/08\/Evaluating-Icon-2024-150x150.jpg\" alt=\"Green kitchen weigh scale\" width=\"150\" height=\"150\" \/>La Voie de MoVay &#8211; le pantin comme m\u00e9taphore <\/h1>\n<p>Minutage : 15 minutes<br \/>\nMode : en ligne.<\/p>\n<p>La Voie de MoVay est une <u>intervention artistique<\/u>, un appel nuanc\u00e9 pour une approche plus large du bien-\u00eatre qui promeut des dimensions spirituelles, sociales et physiques. La cr\u00e9atrice de MoVay met l\u2019accent sur l\u2019importance de l\u2019\u00e9quilibre et cette activit\u00e9 d\u2019apprentissage invite les \u00e9tudiants \u00e0 prendre en consid\u00e9ration le r\u00f4le de l\u2019\u00e9quilibre dans la promotion du bien-\u00eatre. Avec points de d\u00e9part le t\u00e9moignage de l\u2019artiste Lori E. et la spectacle de marionnettes, demandez aux \u00e9tudiants de cr\u00e9er un pantin.<\/p>\n<p><strong><a href=\"https:\/\/madschool.ca\/wp-content\/uploads\/2020\/03\/le_temoignage_de_lartiste.pdf\" target=\"_blank\" rel=\"noopener noreferrer\">Le t\u00e9moignage<\/a><\/strong> de l\u2019artiste et experte communautaire Lori E.<\/p>\n<p><\/p>","protected":false},"excerpt":{"rendered":"<p>La Voie de MoVay &#8211; le pantin comme m\u00e9taphore Minutage : 15 minutes Mode : en ligne. La Voie de MoVay est une intervention artistique, un appel nuanc\u00e9 pour une approche plus large du bien-\u00eatre qui promeut des dimensions spirituelles, sociales et physiques. La cr\u00e9atrice de MoVay met l\u2019accent sur l\u2019importance de l\u2019\u00e9quilibre et cette &hellip; <\/p>\n","protected":false},"author":2,"featured_media":0,"parent":1072,"menu_order":1,"comment_status":"closed","ping_status":"closed","template":"","meta":[],"categories":[79,121,72,88,89,51,107,91,77,70,67,57,64,52,98,85,53,99,101,100,73,71],"tags":[],"acf":[],"aioseo_notices":[],"_links":{"self":[{"href":"https:\/\/madschool.ca\/fr\/wp-json\/wp\/v2\/pages\/1107"}],"collection":[{"href":"https:\/\/madschool.ca\/fr\/wp-json\/wp\/v2\/pages"}],"about":[{"href":"https:\/\/madschool.ca\/fr\/wp-json\/wp\/v2\/types\/page"}],"author":[{"embeddable":true,"href":"https:\/\/madschool.ca\/fr\/wp-json\/wp\/v2\/users\/2"}],"replies":[{"embeddable":true,"href":"https:\/\/madschool.ca\/fr\/wp-json\/wp\/v2\/comments?post=1107"}],"version-history":[{"count":25,"href":"https:\/\/madschool.ca\/fr\/wp-json\/wp\/v2\/pages\/1107\/revisions"}],"predecessor-version":[{"id":6055,"href":"https:\/\/madschool.ca\/fr\/wp-json\/wp\/v2\/pages\/1107\/revisions\/6055"}],"up":[{"embeddable":true,"href":"https:\/\/madschool.ca\/fr\/wp-json\/wp\/v2\/pages\/1072"}],"wp:attachment":[{"href":"https:\/\/madschool.ca\/fr\/wp-json\/wp\/v2\/media?parent=1107"}],"wp:term":[{"taxonomy":"category","embeddable":true,"href":"https:\/\/madschool.ca\/fr\/wp-json\/wp\/v2\/categories?post=1107"},{"taxonomy":"post_tag","embeddable":true,"href":"https:\/\/madschool.ca\/fr\/wp-json\/wp\/v2\/tags?post=1107"}],"curies":[{"name":"wp","href":"https:\/\/api.w.org\/{rel}","templated":true}]}}