{"id":1114,"date":"2019-07-23T15:03:39","date_gmt":"2019-07-23T19:03:39","guid":{"rendered":"https:\/\/historyinpractice.ca\/?page_id=1114"},"modified":"2021-09-27T23:55:19","modified_gmt":"2021-09-28T03:55:19","slug":"evaluate-expressing-ideas-in-art","status":"publish","type":"page","link":"https:\/\/madschool.ca\/fr\/medicine-and-power\/the-psychiatric-gaze\/evaluate-expressing-ideas-in-art\/","title":{"rendered":"Le regard psychiatrique : Exprimer des id\u00e9es \u00e0 travers l\u2019art"},"content":{"rendered":"<p><!-- Widget Shortcode --><div id=\"nav_menu-2\" class=\"widget widget_nav_menu widget-shortcode area-arbitrary \"><h2 class=\"widgettitle\">History in Practice<\/h2><div class=\"menu-history-in-practice-container\"><ul id=\"menu-history-in-practice-1\" class=\"menu\"><li class=\"menu-item menu-item-type-post_type menu-item-object-page menu-item-home menu-item-676\"><a href=\"https:\/\/madschool.ca\/fr\/\">\u00c9cole folle<\/a><\/li>\n<li class=\"menu-item menu-item-type-post_type menu-item-object-page menu-item-3677\"><a href=\"https:\/\/madschool.ca\/fr\/how-to-use-this-site\/\">Comment utiliser ce site<\/a><\/li>\n<li class=\"menu-item menu-item-type-post_type menu-item-object-page menu-item-681\"><a href=\"https:\/\/madschool.ca\/fr\/stigma-and-discrimination\/\">Module Stigmatisation<\/a><\/li>\n<li class=\"menu-item menu-item-type-post_type menu-item-object-page menu-item-679\"><a href=\"https:\/\/madschool.ca\/fr\/advocacy-activism\/\">Module Faire changement<\/a><\/li>\n<li class=\"menu-item menu-item-type-post_type menu-item-object-page menu-item-678\"><a href=\"https:\/\/madschool.ca\/fr\/medicine-and-power\/\">Module M\u00e9decine et pouvoir<\/a><\/li>\n<li class=\"menu-item menu-item-type-post_type menu-item-object-page menu-item-680\"><a href=\"https:\/\/madschool.ca\/fr\/models-of-practice\/\">Module Alternatives<\/a><\/li>\n<li class=\"menu-item menu-item-type-post_type menu-item-object-page menu-item-677\"><a href=\"https:\/\/madschool.ca\/fr\/policy-into-practice\/\">Module Politiques<\/a><\/li>\n<\/ul><\/div><\/div><!-- \/Widget Shortcode --><\/p>\n<p><a name=\"main-content\"><\/a><!-- Widget Shortcode --><div id=\"search-3\" class=\"widget widget_search widget-shortcode area-arbitrary \"><h2 class=\"widgettitle\">(English) SEARCH<\/h2><form role=\"search\" method=\"get\" class=\"search-form\" action=\"\/search-results\/\">\n\t\t\t\t<label>\n\t\t\t\t\t<span class=\"screen-reader-text\">Rechercher\u00a0:<\/span>\n\t\t\t\t\t<input type=\"search\" class=\"search-field\" placeholder=\"Rechercher\u2026\" value=\"\" name=\"_search_box\" \/>\n\t\t\t\t<\/label>\n\t\t\t\t<input type=\"submit\" class=\"search-submit\" value=\"Rechercher\" \/>\n\t\t\t<\/form><\/div><!-- \/Widget Shortcode --><\/p>\n<div class=\"rightmenu\"><!-- Widget Shortcode --><div id=\"nav_menu-26\" class=\"widget widget_nav_menu widget-shortcode area-arbitrary \"><h2 class=\"widgettitle\">Psychiatric Gaze<\/h2><div class=\"menu-psychiatric-gaze-container\"><ul id=\"menu-psychiatric-gaze-1\" class=\"menu\"><li class=\"menu-item menu-item-type-post_type menu-item-object-page menu-item-1117\"><a href=\"https:\/\/madschool.ca\/fr\/medicine-and-power\/the-psychiatric-gaze\/\">Le regard psychiatrique<\/a><\/li>\n<li class=\"menu-item menu-item-type-post_type menu-item-object-page menu-item-1116\"><a href=\"https:\/\/madschool.ca\/fr\/medicine-and-power\/the-psychiatric-gaze\/evaluate-expressing-ideas-in-art\/\">\u00c9valuation\u00a0: Exprimer des id\u00e9es \u00e0 travers l\u2019art<\/a><\/li>\n<li class=\"menu-item menu-item-type-post_type menu-item-object-page menu-item-1118\"><a href=\"https:\/\/madschool.ca\/fr\/medicine-and-power\/\">Module M\u00e9decine et pouvoir<\/a><\/li>\n<\/ul><\/div><\/div><!-- \/Widget Shortcode --><\/div>\n<nav aria-label=\"breadcrumbs\">\n            <div class=\"breadcrumb-container theme1\">\n                <ol>\n                                    <\/ol>\n            <\/div>\n        <\/nav>    <script type=\"application\/ld+json\">\n        {\n            \"@context\": \"http:\/\/schema.org\",\n            \"@type\": \"BreadcrumbList\",\n            \"itemListElement\": [\n                            ]\n        }\n    <\/script>\n   \n    <script>\n            <\/script>\n\n<h1><img decoding=\"async\" loading=\"lazy\" class=\"alignnone size-thumbnail wp-image-1378\" src=\"https:\/\/madschool.ca\/wp-content\/uploads\/2019\/08\/Evaluating-Icon-2024-150x150.jpg\" alt=\"Green kitchen weigh scale\" width=\"150\" height=\"150\" \/>Le regard psychiatrique : Exprimer des id\u00e9es \u00e0 travers l\u2019art<\/h1>\n<p style=\"background: white; vertical-align: baseline;\"><span lang=\"FR-CA\" style=\"font-family: 'Arial',sans-serif; color: #444444;\"><br \/>\n<\/span>Minutage : 15 minutes<br \/>\nMode : ind\u00e9pendante; en ligne<\/p>\n<p><iframe loading=\"lazy\" title=\"The Psychiatric Gaze\" width=\"1100\" height=\"619\" src=\"https:\/\/www.youtube.com\/embed\/uC_S0qkOECc?feature=oembed\" frameborder=\"0\" allow=\"accelerometer; autoplay; clipboard-write; encrypted-media; gyroscope; picture-in-picture\" allowfullscreen><\/iframe><\/p>\n<figure id=\"attachment_470\" aria-describedby=\"caption-attachment-470\" style=\"width: 183px\" class=\"wp-caption alignleft\"><a href=\"https:\/\/madschool.ca\/wp-content\/uploads\/2019\/07\/Psychiatric-Gaze-4-e1577629756872.jpg\"><img decoding=\"async\" loading=\"lazy\" id=\"longdesc-return-470\" class=\"wp-image-470\" tabindex=\"-1\" src=\"https:\/\/madschool.ca\/wp-content\/uploads\/2019\/07\/Psychiatric-Gaze-4-e1577629756872-300x300.jpg\" alt=\"Front image of The Gaze sculpture: patient head is located inside a rat's cage with tube connecting it's mouth to a black funnel. The funnel is overflowing with brightly coloured psychiatric medications. The &quot;patient&quot; stares straight ahead, expressless, it's eyes are only dark indentations in the sculpture. The funnel in its mouth renders it speechless. There are 3 labels on the front of the cage: SCHIZOPRHENE; ALCOHOL USE; [REPORTED] INAPPROPRIATE SEXUALITY\" width=\"183\" height=\"183\" longdesc=\"https:\/\/dev1.apps01.yorku.ca?longdesc=470&amp;referrer=1114\" srcset=\"https:\/\/madschool.ca\/wp-content\/uploads\/2019\/07\/Psychiatric-Gaze-4-e1577629756872-300x300.jpg 300w, https:\/\/madschool.ca\/wp-content\/uploads\/2019\/07\/Psychiatric-Gaze-4-e1577629756872-150x150.jpg 150w, https:\/\/madschool.ca\/wp-content\/uploads\/2019\/07\/Psychiatric-Gaze-4-e1577629756872-768x768.jpg 768w, https:\/\/madschool.ca\/wp-content\/uploads\/2019\/07\/Psychiatric-Gaze-4-e1577629756872-1024x1024.jpg 1024w, https:\/\/madschool.ca\/wp-content\/uploads\/2019\/07\/Psychiatric-Gaze-4-e1577629756872-24x24.jpg 24w, https:\/\/madschool.ca\/wp-content\/uploads\/2019\/07\/Psychiatric-Gaze-4-e1577629756872-36x36.jpg 36w, https:\/\/madschool.ca\/wp-content\/uploads\/2019\/07\/Psychiatric-Gaze-4-e1577629756872-48x48.jpg 48w\" sizes=\"(max-width: 183px) 100vw, 183px\" \/><\/a><figcaption id=\"caption-attachment-470\" class=\"wp-caption-text\">La sculpture <em>Le regard psychiatrique<\/em>, cr\u00e9\u00e9e par deux experts communautaires participant au projet, sous 4 angles.<\/figcaption><\/figure>\n<figure id=\"attachment_222\" aria-describedby=\"caption-attachment-222\" style=\"width: 182px\" class=\"wp-caption alignleft\"><a href=\"https:\/\/madschool.ca\/wp-content\/uploads\/2019\/01\/psychiatric_gaze_3-e1577630016431.jpg\"><img decoding=\"async\" loading=\"lazy\" id=\"longdesc-return-222\" class=\"wp-image-222\" tabindex=\"-1\" src=\"https:\/\/madschool.ca\/wp-content\/uploads\/2019\/01\/psychiatric_gaze_3-e1577630016431-300x300.jpg\" alt=\"Image of The Gaze sculpture from the left side and slightly above.\" width=\"182\" height=\"182\" longdesc=\"https:\/\/dev1.apps01.yorku.ca?longdesc=222&amp;referrer=1114\" srcset=\"https:\/\/madschool.ca\/wp-content\/uploads\/2019\/01\/psychiatric_gaze_3-e1577630016431-300x300.jpg 300w, https:\/\/madschool.ca\/wp-content\/uploads\/2019\/01\/psychiatric_gaze_3-e1577630016431-150x150.jpg 150w, https:\/\/madschool.ca\/wp-content\/uploads\/2019\/01\/psychiatric_gaze_3-e1577630016431-768x768.jpg 768w, https:\/\/madschool.ca\/wp-content\/uploads\/2019\/01\/psychiatric_gaze_3-e1577630016431-1024x1024.jpg 1024w, https:\/\/madschool.ca\/wp-content\/uploads\/2019\/01\/psychiatric_gaze_3-e1577630016431-24x24.jpg 24w, https:\/\/madschool.ca\/wp-content\/uploads\/2019\/01\/psychiatric_gaze_3-e1577630016431-36x36.jpg 36w, https:\/\/madschool.ca\/wp-content\/uploads\/2019\/01\/psychiatric_gaze_3-e1577630016431-48x48.jpg 48w\" sizes=\"(max-width: 182px) 100vw, 182px\" \/><\/a><figcaption id=\"caption-attachment-222\" class=\"wp-caption-text\">La sculpture <em>Le regard psychiatrique<\/em> est un moyen de dire aux futurs praticiens de la sant\u00e9 mentale\u00a0: \u00ab\u00a0\u00c7a pourrait \u00eatre vous!\u00a0\u00bb<\/figcaption><\/figure>\n<p>Une <strong>intervention\u00a0artistique <\/strong>peut \u00eatre une \u0153uvre d\u2019art originale ou une\u00a0interaction avec une \u0153uvre cr\u00e9\u00e9e par une autre personne. L\u2019exploration du contenu du cours par l\u2019entremise d\u2019une intervention artistique permet aux \u00e9tudiants d\u2019assimiler l\u2019information de mani\u00e8re multimodale.<\/p>\n<p>Demandez aux \u00e9tudiants d\u2019observer la sculpture <em>Le regard psychiatrique<\/em> et <strong><a href=\"https:\/\/madschool.ca\/wp-content\/uploads\/2020\/04\/Le-regard-psychiatrique.pdf\" target=\"_blank\" rel=\"noopener noreferrer\">de lire le t\u00e9moignage<\/a> <u>des artistes<\/u><\/strong> <strong>Dana Allan <\/strong>et <strong>Alistair Scott-Turner<\/strong>, soit en ligne soit en classe. Invitez-les ensuite \u00e0 proposer une id\u00e9e d\u2019\u0153uvre d\u2019art en r\u00e9ponse \u00e0 la sculpture et \u00e0 proposer \u00e9galement un espace public o\u00f9 exposer l\u2019\u0153uvre. Les id\u00e9es des \u00e9tudiants doivent repr\u00e9senter une relation \u00e9galitaire entre le patient et le praticien et \u00eatre sous forme conceptuelle ou visuelle (elles peuvent inclure des caract\u00e9ristiques, des valeurs, des croyances, des pratiques). Dans le cadre de cet exercice, les \u00e9tudiants doivent justifier l\u2019id\u00e9e et l\u2019emplacement propos\u00e9s. Cette activit\u00e9 peut se faire en classe ou en ligne.<\/p>\n<p>Instructeurs et \u00e9tudiants peuvent choisir d\u2019aller plus loin et de cr\u00e9er leur propre intervention artistique.<\/p>\n<p>S\u2019il s\u2019agit d\u2019une \u00e9valuation not\u00e9e, il faut opter pour une dur\u00e9e flexible et se concentrer sur la capacit\u00e9 des \u00e9tudiants \u00e0 explorer des id\u00e9es complexes et \u00e0 communiquer clairement leur compr\u00e9hension des points cl\u00e9s des modules.<\/p>\n<p>&nbsp;<\/p>","protected":false},"excerpt":{"rendered":"<p>Le regard psychiatrique : Exprimer des id\u00e9es \u00e0 travers l\u2019art Minutage : 15 minutes Mode : ind\u00e9pendante; en ligne Une intervention\u00a0artistique peut \u00eatre une \u0153uvre d\u2019art originale ou une\u00a0interaction avec une \u0153uvre cr\u00e9\u00e9e par une autre personne. L\u2019exploration du contenu du cours par l\u2019entremise d\u2019une intervention artistique permet aux \u00e9tudiants d\u2019assimiler l\u2019information de mani\u00e8re multimodale. &hellip; <\/p>\n","protected":false},"author":2,"featured_media":0,"parent":1074,"menu_order":0,"comment_status":"closed","ping_status":"closed","template":"","meta":[],"categories":[79,75,72,108,90,88,115,89,51,107,91,77,70,67,57,64,52,98,85,53,99,101,100,73,71],"tags":[],"acf":[],"aioseo_notices":[],"_links":{"self":[{"href":"https:\/\/madschool.ca\/fr\/wp-json\/wp\/v2\/pages\/1114"}],"collection":[{"href":"https:\/\/madschool.ca\/fr\/wp-json\/wp\/v2\/pages"}],"about":[{"href":"https:\/\/madschool.ca\/fr\/wp-json\/wp\/v2\/types\/page"}],"author":[{"embeddable":true,"href":"https:\/\/madschool.ca\/fr\/wp-json\/wp\/v2\/users\/2"}],"replies":[{"embeddable":true,"href":"https:\/\/madschool.ca\/fr\/wp-json\/wp\/v2\/comments?post=1114"}],"version-history":[{"count":29,"href":"https:\/\/madschool.ca\/fr\/wp-json\/wp\/v2\/pages\/1114\/revisions"}],"predecessor-version":[{"id":6168,"href":"https:\/\/madschool.ca\/fr\/wp-json\/wp\/v2\/pages\/1114\/revisions\/6168"}],"up":[{"embeddable":true,"href":"https:\/\/madschool.ca\/fr\/wp-json\/wp\/v2\/pages\/1074"}],"wp:attachment":[{"href":"https:\/\/madschool.ca\/fr\/wp-json\/wp\/v2\/media?parent=1114"}],"wp:term":[{"taxonomy":"category","embeddable":true,"href":"https:\/\/madschool.ca\/fr\/wp-json\/wp\/v2\/categories?post=1114"},{"taxonomy":"post_tag","embeddable":true,"href":"https:\/\/madschool.ca\/fr\/wp-json\/wp\/v2\/tags?post=1114"}],"curies":[{"name":"wp","href":"https:\/\/api.w.org\/{rel}","templated":true}]}}