{"id":1122,"date":"2019-07-23T15:06:39","date_gmt":"2019-07-23T19:06:39","guid":{"rendered":"https:\/\/historyinpractice.ca\/?page_id=1122"},"modified":"2021-09-26T21:16:02","modified_gmt":"2021-09-27T01:16:02","slug":"evaluate-strength-through-storytelling","status":"publish","type":"page","link":"https:\/\/madschool.ca\/fr\/medicine-and-power\/question-man\/evaluate-strength-through-storytelling\/","title":{"rendered":"L\u2019interrogateur &#8211; La r\u00e9silience gr\u00e2ce \u00e0 la narration"},"content":{"rendered":"<p><\/p>\n<!-- Widget Shortcode --><div id=\"nav_menu-2\" class=\"widget widget_nav_menu widget-shortcode area-arbitrary \"><h2 class=\"widgettitle\">History in Practice<\/h2><div class=\"menu-history-in-practice-container\"><ul id=\"menu-history-in-practice-1\" class=\"menu\"><li class=\"menu-item menu-item-type-post_type menu-item-object-page menu-item-home menu-item-676\"><a href=\"https:\/\/madschool.ca\/fr\/\">\u00c9cole folle<\/a><\/li>\n<li class=\"menu-item menu-item-type-post_type menu-item-object-page menu-item-3677\"><a href=\"https:\/\/madschool.ca\/fr\/how-to-use-this-site\/\">Comment utiliser ce site<\/a><\/li>\n<li class=\"menu-item menu-item-type-post_type menu-item-object-page menu-item-681\"><a href=\"https:\/\/madschool.ca\/fr\/stigma-and-discrimination\/\">Module Stigmatisation<\/a><\/li>\n<li class=\"menu-item menu-item-type-post_type menu-item-object-page menu-item-679\"><a href=\"https:\/\/madschool.ca\/fr\/advocacy-activism\/\">Module Faire changement<\/a><\/li>\n<li class=\"menu-item menu-item-type-post_type menu-item-object-page menu-item-678\"><a href=\"https:\/\/madschool.ca\/fr\/medicine-and-power\/\">Module M\u00e9decine et pouvoir<\/a><\/li>\n<li class=\"menu-item menu-item-type-post_type menu-item-object-page menu-item-680\"><a href=\"https:\/\/madschool.ca\/fr\/models-of-practice\/\">Module Alternatives<\/a><\/li>\n<li class=\"menu-item menu-item-type-post_type menu-item-object-page menu-item-677\"><a href=\"https:\/\/madschool.ca\/fr\/policy-into-practice\/\">Module Politiques<\/a><\/li>\n<\/ul><\/div><\/div><!-- \/Widget Shortcode -->\n<p><a name=\"main-content\"><\/a><!-- Widget Shortcode --><div id=\"search-3\" class=\"widget widget_search widget-shortcode area-arbitrary \"><h2 class=\"widgettitle\">(English) SEARCH<\/h2><form role=\"search\" method=\"get\" class=\"search-form\" action=\"\/search-results\/\">\n\t\t\t\t<label>\n\t\t\t\t\t<span class=\"screen-reader-text\">Rechercher\u00a0:<\/span>\n\t\t\t\t\t<input type=\"search\" class=\"search-field\" placeholder=\"Rechercher\u2026\" value=\"\" name=\"_search_box\" \/>\n\t\t\t\t<\/label>\n\t\t\t\t<input type=\"submit\" class=\"search-submit\" value=\"Rechercher\" \/>\n\t\t\t<\/form><\/div><!-- \/Widget Shortcode --><\/p>\n<div class=\"rightmenu\"><!-- Widget Shortcode --><div id=\"nav_menu-27\" class=\"widget widget_nav_menu widget-shortcode area-arbitrary \"><h2 class=\"widgettitle\">Question Man<\/h2><div class=\"menu-question-man-container\"><ul id=\"menu-question-man-1\" class=\"menu\"><li class=\"menu-item menu-item-type-post_type menu-item-object-page menu-item-1126\"><a href=\"https:\/\/madschool.ca\/fr\/medicine-and-power\/question-man\/\">L\u2019Interrogateur<\/a><\/li>\n<li class=\"menu-item menu-item-type-post_type menu-item-object-page menu-item-1125\"><a href=\"https:\/\/madschool.ca\/fr\/medicine-and-power\/question-man\/components-self-guided\/\">Des contenus : apprentissage autodirig\u00e9<\/a><\/li>\n<li class=\"menu-item menu-item-type-post_type menu-item-object-page menu-item-1124\"><a href=\"https:\/\/madschool.ca\/fr\/medicine-and-power\/question-man\/evaluate-strength-through-storytelling\/\">\u00c9valuation : La r\u00e9silience gr\u00e2ce \u00e0 la narration<\/a><\/li>\n<li class=\"menu-item menu-item-type-post_type menu-item-object-page menu-item-1127\"><a href=\"https:\/\/madschool.ca\/fr\/medicine-and-power\/\">Module M\u00e9decine et pouvoir<\/a><\/li>\n<\/ul><\/div><\/div><!-- \/Widget Shortcode --><\/div>\n<nav aria-label=\"breadcrumbs\">\n            <div class=\"breadcrumb-container theme1\">\n                <ol>\n                                    <\/ol>\n            <\/div>\n        <\/nav>    <script type=\"application\/ld+json\">\n        {\n            \"@context\": \"http:\/\/schema.org\",\n            \"@type\": \"BreadcrumbList\",\n            \"itemListElement\": [\n                            ]\n        }\n    <\/script>\n   \n    <script>\n            <\/script>\n\n<h1><img decoding=\"async\" loading=\"lazy\" class=\"alignnone size-thumbnail wp-image-1378\" src=\"https:\/\/madschool.ca\/wp-content\/uploads\/2019\/08\/Evaluating-Icon-2024-150x150.jpg\" alt=\"Green kitchen weigh scale\" width=\"150\" height=\"150\" \/>L\u2019interrogateur &#8211; La r\u00e9silience gr\u00e2ce \u00e0 la narration<\/h1>\n<p>Minutage : 15 \u00e0 30 minutes (flexible)\u00a0<br \/>\nMode : ind\u00e9pendante; en ligne<\/p>\n<p>L\u2019Interrogateur devrait s\u2019appeler Le R\u00e9pondant. En effet, l\u2019histoire de Shimrat parle de la qu\u00eate de r\u00e9ponses et du bien-\u00eatre. Dans un po\u00e8me, un discours ou un dessin anim\u00e9 \u00e0 cadre unique et en utilisant les questions suivantes comme guides, demandez aux \u00e9tudiants de d\u00e9crire la r\u00e9ponse de L\u2019Interrogateur \u00e0 Shimrat.<\/p>\n<ul>\n<li>Comment d\u00e9cririez-vous la relation entre Irit Shimrat et L\u2019Interrogateur? Quelle \u00e9tait la dynamique entre les deux?<\/li>\n<li>Shimrat a besoin d\u2019\u00e9crire pour se retrouver elle-m\u00eame. Quelles autres strat\u00e9gies pourraient aider les gens \u00e0 surmonter la perte d\u2019identit\u00e9?<\/li>\n<li>Comment pouvez-vous, en tant que praticien, travailler avec les patients pour les aider \u00e0 identifier les connaissances et les strat\u00e9gies dont ils disposent d\u00e9j\u00e0?<\/li>\n<\/ul>\n<p>&nbsp;<\/p>\n<p><\/p>","protected":false},"excerpt":{"rendered":"<p>L\u2019interrogateur &#8211; La r\u00e9silience gr\u00e2ce \u00e0 la narration Minutage : 15 \u00e0 30 minutes (flexible)\u00a0 Mode : ind\u00e9pendante; en ligne L\u2019Interrogateur devrait s\u2019appeler Le R\u00e9pondant. En effet, l\u2019histoire de Shimrat parle de la qu\u00eate de r\u00e9ponses et du bien-\u00eatre. Dans un po\u00e8me, un discours ou un dessin anim\u00e9 \u00e0 cadre unique et en utilisant les &hellip; <\/p>\n","protected":false},"author":2,"featured_media":0,"parent":1076,"menu_order":1,"comment_status":"closed","ping_status":"closed","template":"","meta":[],"categories":[79,72,90,88,89,51,107,91,77,70,67,57,64,52,98,122,85,53,99,101,100,73,71],"tags":[],"acf":[],"aioseo_notices":[],"_links":{"self":[{"href":"https:\/\/madschool.ca\/fr\/wp-json\/wp\/v2\/pages\/1122"}],"collection":[{"href":"https:\/\/madschool.ca\/fr\/wp-json\/wp\/v2\/pages"}],"about":[{"href":"https:\/\/madschool.ca\/fr\/wp-json\/wp\/v2\/types\/page"}],"author":[{"embeddable":true,"href":"https:\/\/madschool.ca\/fr\/wp-json\/wp\/v2\/users\/2"}],"replies":[{"embeddable":true,"href":"https:\/\/madschool.ca\/fr\/wp-json\/wp\/v2\/comments?post=1122"}],"version-history":[{"count":20,"href":"https:\/\/madschool.ca\/fr\/wp-json\/wp\/v2\/pages\/1122\/revisions"}],"predecessor-version":[{"id":6059,"href":"https:\/\/madschool.ca\/fr\/wp-json\/wp\/v2\/pages\/1122\/revisions\/6059"}],"up":[{"embeddable":true,"href":"https:\/\/madschool.ca\/fr\/wp-json\/wp\/v2\/pages\/1076"}],"wp:attachment":[{"href":"https:\/\/madschool.ca\/fr\/wp-json\/wp\/v2\/media?parent=1122"}],"wp:term":[{"taxonomy":"category","embeddable":true,"href":"https:\/\/madschool.ca\/fr\/wp-json\/wp\/v2\/categories?post=1122"},{"taxonomy":"post_tag","embeddable":true,"href":"https:\/\/madschool.ca\/fr\/wp-json\/wp\/v2\/tags?post=1122"}],"curies":[{"name":"wp","href":"https:\/\/api.w.org\/{rel}","templated":true}]}}