{"id":1152,"date":"2019-07-23T15:27:37","date_gmt":"2019-07-23T19:27:37","guid":{"rendered":"https:\/\/historyinpractice.ca\/?page_id=1152"},"modified":"2021-02-25T22:53:25","modified_gmt":"2021-02-26T03:53:25","slug":"evaluate-learning-from-history-2","status":"publish","type":"page","link":"https:\/\/madschool.ca\/fr\/policy-into-practice\/speaking-to-history\/evaluate-learning-from-history-2\/","title":{"rendered":"Apprendre de l&rsquo;histoire #2"},"content":{"rendered":"<p><\/p>\n<!-- Widget Shortcode --><div id=\"nav_menu-2\" class=\"widget widget_nav_menu widget-shortcode area-arbitrary \"><h2 class=\"widgettitle\">History in Practice<\/h2><div class=\"menu-history-in-practice-container\"><ul id=\"menu-history-in-practice-1\" class=\"menu\"><li class=\"menu-item menu-item-type-post_type menu-item-object-page menu-item-home menu-item-676\"><a href=\"https:\/\/madschool.ca\/fr\/\">\u00c9cole folle<\/a><\/li>\n<li class=\"menu-item menu-item-type-post_type menu-item-object-page menu-item-3677\"><a href=\"https:\/\/madschool.ca\/fr\/how-to-use-this-site\/\">Comment utiliser ce site<\/a><\/li>\n<li class=\"menu-item menu-item-type-post_type menu-item-object-page menu-item-681\"><a href=\"https:\/\/madschool.ca\/fr\/stigma-and-discrimination\/\">Module Stigmatisation<\/a><\/li>\n<li class=\"menu-item menu-item-type-post_type menu-item-object-page menu-item-679\"><a href=\"https:\/\/madschool.ca\/fr\/advocacy-activism\/\">Module Faire changement<\/a><\/li>\n<li class=\"menu-item menu-item-type-post_type menu-item-object-page menu-item-678\"><a href=\"https:\/\/madschool.ca\/fr\/medicine-and-power\/\">Module M\u00e9decine et pouvoir<\/a><\/li>\n<li class=\"menu-item menu-item-type-post_type menu-item-object-page menu-item-680\"><a href=\"https:\/\/madschool.ca\/fr\/models-of-practice\/\">Module Alternatives<\/a><\/li>\n<li class=\"menu-item menu-item-type-post_type menu-item-object-page menu-item-677\"><a href=\"https:\/\/madschool.ca\/fr\/policy-into-practice\/\">Module Politiques<\/a><\/li>\n<\/ul><\/div><\/div><!-- \/Widget Shortcode -->\n<p><a name=\"main-content\"><\/a><!-- Widget Shortcode --><div id=\"search-3\" class=\"widget widget_search widget-shortcode area-arbitrary \"><h2 class=\"widgettitle\">(English) SEARCH<\/h2><form role=\"search\" method=\"get\" class=\"search-form\" action=\"\/search-results\/\">\n\t\t\t\t<label>\n\t\t\t\t\t<span class=\"screen-reader-text\">Rechercher\u00a0:<\/span>\n\t\t\t\t\t<input type=\"search\" class=\"search-field\" placeholder=\"Rechercher\u2026\" value=\"\" name=\"_search_box\" \/>\n\t\t\t\t<\/label>\n\t\t\t\t<input type=\"submit\" class=\"search-submit\" value=\"Rechercher\" \/>\n\t\t\t<\/form><\/div><!-- \/Widget Shortcode --><\/p>\n<div class=\"rightmenu\"><!-- Widget Shortcode --><div id=\"nav_menu-29\" class=\"widget widget_nav_menu widget-shortcode area-arbitrary \"><h2 class=\"widgettitle\">Speaking to History<\/h2><div class=\"menu-speaking-to-history-container\"><ul id=\"menu-speaking-to-history-1\" class=\"menu\"><li class=\"menu-item menu-item-type-post_type menu-item-object-page menu-item-1162\"><a href=\"https:\/\/madschool.ca\/fr\/policy-into-practice\/speaking-to-history\/\">Parler \u00e0 l\u2019histoire : la politique de d\u00e9sinstitutionnalisation<\/a><\/li>\n<li class=\"menu-item menu-item-type-post_type menu-item-object-page menu-item-1159\"><a href=\"https:\/\/madschool.ca\/fr\/policy-into-practice\/speaking-to-history\/components-vancouver-self-guided\/\">Des contenus: Parler \u00e0 l&rsquo;histoire &#8211; Saskatchewan et Qu\u00e9bec<\/a><\/li>\n<li class=\"menu-item menu-item-type-post_type menu-item-object-page menu-item-1158\"><a href=\"https:\/\/madschool.ca\/fr\/policy-into-practice\/speaking-to-history\/evaluate-learning-from-history-1\/\">\u00c9valuation : Apprendre de l\u2019histoire<\/a><\/li>\n<li class=\"menu-item menu-item-type-post_type menu-item-object-page menu-item-4686\"><a href=\"https:\/\/madschool.ca\/fr\/policy-into-practice\/speaking-to-history\/evaluate-learning-from-history-2\/\">Apprendre de l&rsquo;histoire #2<\/a><\/li>\n<li class=\"menu-item menu-item-type-post_type menu-item-object-page menu-item-1156\"><a href=\"https:\/\/madschool.ca\/fr\/policy-into-practice\/speaking-to-history\/evaluate-taking-a-stance-from-history\/\">\u00c9valuation : Prendre position sur l\u2019histoire<\/a><\/li>\n<li class=\"menu-item menu-item-type-post_type menu-item-object-page menu-item-1163\"><a href=\"https:\/\/madschool.ca\/fr\/policy-into-practice\/\">Module Politiques<\/a><\/li>\n<\/ul><\/div><\/div><!-- \/Widget Shortcode --><\/div>\n<nav aria-label=\"breadcrumbs\">\n            <div class=\"breadcrumb-container theme1\">\n                <ol>\n                                    <\/ol>\n            <\/div>\n        <\/nav>    <script type=\"application\/ld+json\">\n        {\n            \"@context\": \"http:\/\/schema.org\",\n            \"@type\": \"BreadcrumbList\",\n            \"itemListElement\": [\n                            ]\n        }\n    <\/script>\n   \n    <script>\n            <\/script>\n\n<h3><img decoding=\"async\" loading=\"lazy\" class=\"alignleft size-thumbnail wp-image-1378\" src=\"https:\/\/madschool.ca\/wp-content\/uploads\/2019\/08\/Evaluating-Icon-2024-150x150.jpg\" alt=\"Green kitchen weigh scale\" width=\"150\" height=\"150\" \/>Apprendre de l&rsquo;histoire #2<\/h3>\n<p>Minutage : 40 Minutes\u00a0<br \/>\nMode : ind\u00e9pendante; en ligne.<\/p>\n<p>Les \u00e9tudiants trouvent souvent difficile de comprendre les politiques et peuvent avoir peine \u00e0 saisir comment elles affectent leur pratique quotidienne. La combinaison de documents historiques et de commentaires dans cette le\u00e7on peut les aider \u00e0 cheminer face \u00e0 ces questions.<\/p>\n<p>Lancez votre discussion de groupe avec des amorces. Demandez d\u2019abord \u00e0 vos \u00e9tudiants de faire part oralement de ce qu\u2019ils ont appris de ces sources historiques et de ces commentaires audio. Comment les sources historiques les ont-ils amen\u00e9s \u00e0 revoir leur compr\u00e9hension du syst\u00e8me ou des pratiques de sant\u00e9 mentale actuels? Est-ce que les commentaires de <a href=\"https:\/\/madschool.ca\/policy-into-practice\/speaking-to-history\/evaluate-saskatchewan-self-guided\/\">\u00abParler \u00e0 l\u2019histoire\u00bb<\/a>, par Jayne Whyte et Luc Vigneault, ont aussi contribu\u00e9 \u00e0 modifier leur perception? Assurez-vous de noter leurs r\u00e9ponses pour que les \u00e9tudiants puissent s\u2019y r\u00e9f\u00e9rer dans la prochaine partie.<\/p>\n<p>Apr\u00e8s que vos \u00e9tudiants aient explorer ce qu\u2019ils ont appris, demandez-leur de penser \u00e0 comment ils peuvent utiliser ces \u00e9l\u00e9ments d\u2019apprentissage dans leur pratique actuelle. Encouragez-les \u00e0 fournir des exemples concrets plut\u00f4t que des id\u00e9es abstraites. Cela peut \u00eatre fait en ligne, \u00e0 partir d\u2019un forum de discussion.<\/p>\n<p><\/p>","protected":false},"excerpt":{"rendered":"<p>Apprendre de l&rsquo;histoire #2 Minutage : 40 Minutes\u00a0 Mode : ind\u00e9pendante; en ligne. Les \u00e9tudiants trouvent souvent difficile de comprendre les politiques et peuvent avoir peine \u00e0 saisir comment elles affectent leur pratique quotidienne. La combinaison de documents historiques et de commentaires dans cette le\u00e7on peut les aider \u00e0 cheminer face \u00e0 ces questions. Lancez &hellip; <\/p>\n","protected":false},"author":2,"featured_media":0,"parent":1129,"menu_order":4,"comment_status":"closed","ping_status":"closed","template":"","meta":[],"categories":[80,72,82,123,88,89,51,107,77,70,57,64,52,69,85,53,99,101,100,73,71],"tags":[],"acf":[],"aioseo_notices":[],"_links":{"self":[{"href":"https:\/\/madschool.ca\/fr\/wp-json\/wp\/v2\/pages\/1152"}],"collection":[{"href":"https:\/\/madschool.ca\/fr\/wp-json\/wp\/v2\/pages"}],"about":[{"href":"https:\/\/madschool.ca\/fr\/wp-json\/wp\/v2\/types\/page"}],"author":[{"embeddable":true,"href":"https:\/\/madschool.ca\/fr\/wp-json\/wp\/v2\/users\/2"}],"replies":[{"embeddable":true,"href":"https:\/\/madschool.ca\/fr\/wp-json\/wp\/v2\/comments?post=1152"}],"version-history":[{"count":21,"href":"https:\/\/madschool.ca\/fr\/wp-json\/wp\/v2\/pages\/1152\/revisions"}],"predecessor-version":[{"id":5878,"href":"https:\/\/madschool.ca\/fr\/wp-json\/wp\/v2\/pages\/1152\/revisions\/5878"}],"up":[{"embeddable":true,"href":"https:\/\/madschool.ca\/fr\/wp-json\/wp\/v2\/pages\/1129"}],"wp:attachment":[{"href":"https:\/\/madschool.ca\/fr\/wp-json\/wp\/v2\/media?parent=1152"}],"wp:term":[{"taxonomy":"category","embeddable":true,"href":"https:\/\/madschool.ca\/fr\/wp-json\/wp\/v2\/categories?post=1152"},{"taxonomy":"post_tag","embeddable":true,"href":"https:\/\/madschool.ca\/fr\/wp-json\/wp\/v2\/tags?post=1152"}],"curies":[{"name":"wp","href":"https:\/\/api.w.org\/{rel}","templated":true}]}}