{"id":1154,"date":"2019-07-23T15:28:06","date_gmt":"2019-07-23T19:28:06","guid":{"rendered":"https:\/\/historyinpractice.ca\/?page_id=1154"},"modified":"2021-10-15T07:36:15","modified_gmt":"2021-10-15T11:36:15","slug":"evaluate-taking-a-stance-from-history","status":"publish","type":"page","link":"https:\/\/madschool.ca\/fr\/policy-into-practice\/speaking-to-history\/evaluate-taking-a-stance-from-history\/","title":{"rendered":"Prendre position sur l\u2019histoire"},"content":{"rendered":"<p><\/p>\n<!-- Widget Shortcode --><div id=\"nav_menu-2\" class=\"widget widget_nav_menu widget-shortcode area-arbitrary \"><h2 class=\"widgettitle\">History in Practice<\/h2><div class=\"menu-history-in-practice-container\"><ul id=\"menu-history-in-practice-1\" class=\"menu\"><li class=\"menu-item menu-item-type-post_type menu-item-object-page menu-item-home menu-item-676\"><a href=\"https:\/\/madschool.ca\/fr\/\">\u00c9cole folle<\/a><\/li>\n<li class=\"menu-item menu-item-type-post_type menu-item-object-page menu-item-3677\"><a href=\"https:\/\/madschool.ca\/fr\/how-to-use-this-site\/\">Comment utiliser ce site<\/a><\/li>\n<li class=\"menu-item menu-item-type-post_type menu-item-object-page menu-item-681\"><a href=\"https:\/\/madschool.ca\/fr\/stigma-and-discrimination\/\">Module Stigmatisation<\/a><\/li>\n<li class=\"menu-item menu-item-type-post_type menu-item-object-page menu-item-679\"><a href=\"https:\/\/madschool.ca\/fr\/advocacy-activism\/\">Module Faire changement<\/a><\/li>\n<li class=\"menu-item menu-item-type-post_type menu-item-object-page menu-item-678\"><a href=\"https:\/\/madschool.ca\/fr\/medicine-and-power\/\">Module M\u00e9decine et pouvoir<\/a><\/li>\n<li class=\"menu-item menu-item-type-post_type menu-item-object-page menu-item-680\"><a href=\"https:\/\/madschool.ca\/fr\/models-of-practice\/\">Module Alternatives<\/a><\/li>\n<li class=\"menu-item menu-item-type-post_type menu-item-object-page menu-item-677\"><a href=\"https:\/\/madschool.ca\/fr\/policy-into-practice\/\">Module Politiques<\/a><\/li>\n<\/ul><\/div><\/div><!-- \/Widget Shortcode -->\n<p><a name=\"main-content\"><\/a><!-- Widget Shortcode --><div id=\"search-3\" class=\"widget widget_search widget-shortcode area-arbitrary \"><h2 class=\"widgettitle\">(English) SEARCH<\/h2><form role=\"search\" method=\"get\" class=\"search-form\" action=\"\/search-results\/\">\n\t\t\t\t<label>\n\t\t\t\t\t<span class=\"screen-reader-text\">Rechercher\u00a0:<\/span>\n\t\t\t\t\t<input type=\"search\" class=\"search-field\" placeholder=\"Rechercher\u2026\" value=\"\" name=\"_search_box\" \/>\n\t\t\t\t<\/label>\n\t\t\t\t<input type=\"submit\" class=\"search-submit\" value=\"Rechercher\" \/>\n\t\t\t<\/form><\/div><!-- \/Widget Shortcode --><\/p>\n<div class=\"rightmenu\"><!-- Widget Shortcode --><div id=\"nav_menu-29\" class=\"widget widget_nav_menu widget-shortcode area-arbitrary \"><h2 class=\"widgettitle\">Speaking to History<\/h2><div class=\"menu-speaking-to-history-container\"><ul id=\"menu-speaking-to-history-1\" class=\"menu\"><li class=\"menu-item menu-item-type-post_type menu-item-object-page menu-item-1162\"><a href=\"https:\/\/madschool.ca\/fr\/policy-into-practice\/speaking-to-history\/\">Parler \u00e0 l\u2019histoire : la politique de d\u00e9sinstitutionnalisation<\/a><\/li>\n<li class=\"menu-item menu-item-type-post_type menu-item-object-page menu-item-1159\"><a href=\"https:\/\/madschool.ca\/fr\/policy-into-practice\/speaking-to-history\/components-vancouver-self-guided\/\">Des contenus: Parler \u00e0 l&rsquo;histoire &#8211; Saskatchewan et Qu\u00e9bec<\/a><\/li>\n<li class=\"menu-item menu-item-type-post_type menu-item-object-page menu-item-1158\"><a href=\"https:\/\/madschool.ca\/fr\/policy-into-practice\/speaking-to-history\/evaluate-learning-from-history-1\/\">\u00c9valuation : Apprendre de l\u2019histoire<\/a><\/li>\n<li class=\"menu-item menu-item-type-post_type menu-item-object-page menu-item-4686\"><a href=\"https:\/\/madschool.ca\/fr\/policy-into-practice\/speaking-to-history\/evaluate-learning-from-history-2\/\">Apprendre de l&rsquo;histoire #2<\/a><\/li>\n<li class=\"menu-item menu-item-type-post_type menu-item-object-page menu-item-1156\"><a href=\"https:\/\/madschool.ca\/fr\/policy-into-practice\/speaking-to-history\/evaluate-taking-a-stance-from-history\/\">\u00c9valuation : Prendre position sur l\u2019histoire<\/a><\/li>\n<li class=\"menu-item menu-item-type-post_type menu-item-object-page menu-item-1163\"><a href=\"https:\/\/madschool.ca\/fr\/policy-into-practice\/\">Module Politiques<\/a><\/li>\n<\/ul><\/div><\/div><!-- \/Widget Shortcode --><\/div>\n<nav aria-label=\"breadcrumbs\">\n            <div class=\"breadcrumb-container theme1\">\n                <ol>\n                                    <\/ol>\n            <\/div>\n        <\/nav>    <script type=\"application\/ld+json\">\n        {\n            \"@context\": \"http:\/\/schema.org\",\n            \"@type\": \"BreadcrumbList\",\n            \"itemListElement\": [\n                            ]\n        }\n    <\/script>\n   \n    <script>\n            <\/script>\n\n<h4><img decoding=\"async\" loading=\"lazy\" class=\"alignleft size-thumbnail wp-image-1378\" src=\"https:\/\/madschool.ca\/wp-content\/uploads\/2019\/08\/Evaluating-Icon-2024-150x150.jpg\" alt=\"Green kitchen weigh scale\" width=\"150\" height=\"150\" \/>Prendre position sur l\u2019histoire <\/h4>\n<p>Minutage : 40 minutes<br \/>\nMode : ind\u00e9pendante; en ligne.<\/p>\n<p>Aucun des r\u00f4les de nos trois commentateurs de <em><a href=\"https:\/\/madschool.ca\/fr\/policy-into-practice\/speaking-to-history\/components-vancouver-self-guided\/\">Des contenus: Parler \u00e0 l\u2019histoire \u2013 Saskatchewan et Qu\u00e9bec<\/a> e<\/em>n\u2019existait avant la d\u00e9sinstitutionnalisation. Les patients en sant\u00e9 mentale comme Jayne ne vivaient pas de fa\u00e7on autonome et ne pouvaient jouer aucun r\u00f4le actif au sein de regroupements d\u2019utilisateurs. Les utilisateurs de services comme Lucy ne pouvait esp\u00e9rer obtenir r\u00e9mun\u00e9ration pour d\u00e9fendre les patients ou bien \u00e9tudier en droit. Et les travailleurs sociaux sp\u00e9cialis\u00e9s en sant\u00e9 mentale ne pouvaient trouver d\u2019emploi dans le communautaire.<\/p>\n<p>Lisez les documents de la section \u00c9valuation des sources et \u00e9coutez les commentaires audios de la section Parler \u00e0 l\u2019histoire. Ensuite, en prenant le r\u00f4le de Jayne Whyte ou de Luc Vigneault et en utilisant leur langage, proposez une solution \u00e0 un enjeu actuel en sant\u00e9 mentale li\u00e9 aux le\u00e7ons portant sur la d\u00e9sinstitutionnalisation. Les apprenants devraient identifier un probl\u00e8me, proposer une solution et expliquer quels aspects de la position personnelle ou professionnelle de Whyte ou de Vigneault a inspir\u00e9 leur proposition et le langage qu\u2019ils ont utilis\u00e9.<\/p>\n<p>Demandez aux apprenants d\u2019enregistrer leur monologue sur un t\u00e9l\u00e9phone cellulaire ou un enregistreur et de le partager avec la classe en le t\u00e9l\u00e9versant sur le site web du cours. Les enseignants peuvent utiliser les monologues comme point de d\u00e9part pour une discussion en classe.<\/p>\n<p><\/p>","protected":false},"excerpt":{"rendered":"<p>Prendre position sur l\u2019histoire Minutage : 40 minutes Mode : ind\u00e9pendante; en ligne. Aucun des r\u00f4les de nos trois commentateurs de Des contenus: Parler \u00e0 l\u2019histoire \u2013 Saskatchewan et Qu\u00e9bec en\u2019existait avant la d\u00e9sinstitutionnalisation. Les patients en sant\u00e9 mentale comme Jayne ne vivaient pas de fa\u00e7on autonome et ne pouvaient jouer aucun r\u00f4le actif au &hellip; <\/p>\n","protected":false},"author":2,"featured_media":0,"parent":1129,"menu_order":5,"comment_status":"closed","ping_status":"closed","template":"","meta":[],"categories":[80,72,82,88,89,51,107,77,70,57,64,52,69,85,53,99,101,100,73,71],"tags":[],"acf":[],"aioseo_notices":[],"_links":{"self":[{"href":"https:\/\/madschool.ca\/fr\/wp-json\/wp\/v2\/pages\/1154"}],"collection":[{"href":"https:\/\/madschool.ca\/fr\/wp-json\/wp\/v2\/pages"}],"about":[{"href":"https:\/\/madschool.ca\/fr\/wp-json\/wp\/v2\/types\/page"}],"author":[{"embeddable":true,"href":"https:\/\/madschool.ca\/fr\/wp-json\/wp\/v2\/users\/2"}],"replies":[{"embeddable":true,"href":"https:\/\/madschool.ca\/fr\/wp-json\/wp\/v2\/comments?post=1154"}],"version-history":[{"count":18,"href":"https:\/\/madschool.ca\/fr\/wp-json\/wp\/v2\/pages\/1154\/revisions"}],"predecessor-version":[{"id":6247,"href":"https:\/\/madschool.ca\/fr\/wp-json\/wp\/v2\/pages\/1154\/revisions\/6247"}],"up":[{"embeddable":true,"href":"https:\/\/madschool.ca\/fr\/wp-json\/wp\/v2\/pages\/1129"}],"wp:attachment":[{"href":"https:\/\/madschool.ca\/fr\/wp-json\/wp\/v2\/media?parent=1154"}],"wp:term":[{"taxonomy":"category","embeddable":true,"href":"https:\/\/madschool.ca\/fr\/wp-json\/wp\/v2\/categories?post=1154"},{"taxonomy":"post_tag","embeddable":true,"href":"https:\/\/madschool.ca\/fr\/wp-json\/wp\/v2\/tags?post=1154"}],"curies":[{"name":"wp","href":"https:\/\/api.w.org\/{rel}","templated":true}]}}