{"id":1596,"date":"2019-09-13T13:06:38","date_gmt":"2019-09-13T17:06:38","guid":{"rendered":"https:\/\/historyinpractice.ca\/?page_id=1596"},"modified":"2022-11-19T11:57:54","modified_gmt":"2022-11-19T16:57:54","slug":"how-to-use-this-site","status":"publish","type":"page","link":"https:\/\/madschool.ca\/fr\/how-to-use-this-site\/","title":{"rendered":"Comment utiliser ce site"},"content":{"rendered":"<p><!-- Widget Shortcode --><div id=\"nav_menu-2\" class=\"widget widget_nav_menu widget-shortcode area-arbitrary \"><h2 class=\"widgettitle\">History in Practice<\/h2><div class=\"menu-history-in-practice-container\"><ul id=\"menu-history-in-practice-1\" class=\"menu\"><li class=\"menu-item menu-item-type-post_type menu-item-object-page menu-item-home menu-item-676\"><a href=\"https:\/\/madschool.ca\/fr\/\">\u00c9cole folle<\/a><\/li>\n<li class=\"menu-item menu-item-type-post_type menu-item-object-page menu-item-3677\"><a href=\"https:\/\/madschool.ca\/fr\/how-to-use-this-site\/\">Comment utiliser ce site<\/a><\/li>\n<li class=\"menu-item menu-item-type-post_type menu-item-object-page menu-item-681\"><a href=\"https:\/\/madschool.ca\/fr\/stigma-and-discrimination\/\">Module Stigmatisation<\/a><\/li>\n<li class=\"menu-item menu-item-type-post_type menu-item-object-page menu-item-679\"><a href=\"https:\/\/madschool.ca\/fr\/advocacy-activism\/\">Module Faire changement<\/a><\/li>\n<li class=\"menu-item menu-item-type-post_type menu-item-object-page menu-item-678\"><a href=\"https:\/\/madschool.ca\/fr\/medicine-and-power\/\">Module M\u00e9decine et pouvoir<\/a><\/li>\n<li class=\"menu-item menu-item-type-post_type menu-item-object-page menu-item-680\"><a href=\"https:\/\/madschool.ca\/fr\/models-of-practice\/\">Module Alternatives<\/a><\/li>\n<li class=\"menu-item menu-item-type-post_type menu-item-object-page menu-item-677\"><a href=\"https:\/\/madschool.ca\/fr\/policy-into-practice\/\">Module Politiques<\/a><\/li>\n<\/ul><\/div><\/div><!-- \/Widget Shortcode --><\/p>\n<p><a name=\"main-content\"><\/a><!-- Widget Shortcode --><div id=\"search-3\" class=\"widget widget_search widget-shortcode area-arbitrary \"><h2 class=\"widgettitle\">(English) SEARCH<\/h2><form role=\"search\" method=\"get\" class=\"search-form\" action=\"\/search-results\/\">\n\t\t\t\t<label>\n\t\t\t\t\t<span class=\"screen-reader-text\">Rechercher\u00a0:<\/span>\n\t\t\t\t\t<input type=\"search\" class=\"search-field\" placeholder=\"Rechercher\u2026\" value=\"\" name=\"_search_box\" \/>\n\t\t\t\t<\/label>\n\t\t\t\t<input type=\"submit\" class=\"search-submit\" value=\"Rechercher\" \/>\n\t\t\t<\/form><\/div><!-- \/Widget Shortcode --><\/p>\n<div class=\"rightmenu\"><!-- Widget Shortcode --><div id=\"nav_menu-34\" class=\"widget widget_nav_menu widget-shortcode area-arbitrary \"><div class=\"menu-how-to-use-this-site-container\"><ul id=\"menu-how-to-use-this-site-1\" class=\"menu\"><li class=\"menu-item menu-item-type-post_type menu-item-object-page menu-item-3669\"><a href=\"https:\/\/madschool.ca\/fr\/how-to-use-this-site\/\">Comment utiliser ce site<\/a><\/li>\n<li class=\"menu-item menu-item-type-post_type menu-item-object-page menu-item-3672\"><a href=\"https:\/\/madschool.ca\/fr\/how-to-use-this-site\/how-to-sub-4\/\">L\u2019enseignement en mati\u00e8re de sant\u00e9 mentale<\/a><\/li>\n<li class=\"menu-item menu-item-type-post_type menu-item-object-page menu-item-3674\"><a href=\"https:\/\/madschool.ca\/fr\/how-to-use-this-site\/how-to-sub-2\/\">La personnalisation d&rsquo;apprendre ensemble<\/a><\/li>\n<li class=\"menu-item menu-item-type-post_type menu-item-object-page menu-item-3673\"><a href=\"https:\/\/madschool.ca\/fr\/how-to-use-this-site\/how-to-sub-3\/\">La nouvelle dimension d&rsquo;apprendre ensemble<\/a><\/li>\n<li class=\"menu-item menu-item-type-post_type menu-item-object-page menu-item-3671\"><a href=\"https:\/\/madschool.ca\/fr\/how-to-use-this-site\/how-to-sub-5\/\">T\u00e9moignages d\u2019\u00e9tudiants<\/a><\/li>\n<li class=\"menu-item menu-item-type-post_type menu-item-object-page menu-item-3670\"><a href=\"https:\/\/madschool.ca\/fr\/how-to-use-this-site\/how-to-sub-6\/\">Les contenus de l&rsquo;apprendre ensemble \u2013 La liste<\/a><\/li>\n<li class=\"menu-item menu-item-type-post_type menu-item-object-page menu-item-home menu-item-3676\"><a href=\"https:\/\/madschool.ca\/fr\/\">Page d\u2019accueil<\/a><\/li>\n<\/ul><\/div><\/div><!-- \/Widget Shortcode --><\/div>\n<nav aria-label=\"breadcrumbs\">\n            <div class=\"breadcrumb-container theme1\">\n                <ol>\n                                    <\/ol>\n            <\/div>\n        <\/nav>    <script type=\"application\/ld+json\">\n        {\n            \"@context\": \"http:\/\/schema.org\",\n            \"@type\": \"BreadcrumbList\",\n            \"itemListElement\": [\n                            ]\n        }\n    <\/script>\n   \n    <script>\n            <\/script>\n\n<h1>Comment utiliser ce site<\/h1>\n<p><a href=\"https:\/\/madschool.ca\/wp-content\/uploads\/2020\/06\/HIP-Swirl-2024.jpg\"><img decoding=\"async\" loading=\"lazy\" class=\"alignleft wp-image-4315\" src=\"https:\/\/madschool.ca\/wp-content\/uploads\/2020\/06\/HIP-Swirl-2024-300x300.jpg\" alt=\"graphic swirl\" width=\"50\" height=\"49\" \/><\/a><a href=\"https:\/\/madschool.ca\/wp-content\/uploads\/2020\/06\/HIP-Swirl-2024.jpg\"><img decoding=\"async\" loading=\"lazy\" class=\"alignleft wp-image-4315\" src=\"https:\/\/madschool.ca\/wp-content\/uploads\/2020\/06\/HIP-Swirl-2024-300x300.jpg\" alt=\"graphic swirl\" width=\"51\" height=\"50\" \/><\/a><a href=\"https:\/\/madschool.ca\/wp-content\/uploads\/2020\/06\/HIP-Swirl-2024.jpg\"><img decoding=\"async\" loading=\"lazy\" class=\"alignleft wp-image-4315\" src=\"https:\/\/madschool.ca\/wp-content\/uploads\/2020\/06\/HIP-Swirl-2024-300x300.jpg\" alt=\"graphic swirl\" width=\"49\" height=\"49\" \/><\/a><\/p>\n<p>&nbsp;<\/p>\n<p>&nbsp;<\/p>\n<p>Bienvenue \u00e0 L&rsquo;apprendre ensemble, un ensemble de ressources p\u00e9dagogiques en ligne permettant aux instructeurs d\u2019int\u00e9grer des perspectives critiques sur la sant\u00e9 mentale dans l\u2019apprentissage en ligne ou en classe. Ces outils p\u00e9dagogiques flexibles peuvent servir dans plusieurs disciplines et programmes professionnels. Ils conviennent \u00e9galement aux cours coll\u00e9giaux, de premier et deuxi\u00e8me cycle et de niveaux secondaires sup\u00e9rieurs.<\/p>\n<p>L&rsquo;apprendre ensemble est fond\u00e9 sur un vaste ensemble comptant <a href=\"https:\/\/madschool.ca\/how-to-use-this-site\/how-to-sub-6\/\"><strong>plus de 80\u00a0\u00ab\u2009contenus\u2009\u00bb de sant\u00e9 mentale,<\/strong><\/a> des objets d\u2019apprentissage exp\u00e9rientiel incarnant les voix et les r\u00e9cits de personnes ayant v\u00e9cu des troubles mentaux. Comme les morceaux d\u2019un casse-t\u00eate assembl\u00e9s pour donner une image plus profonde des questions cl\u00e9s en mati\u00e8re de sant\u00e9 mentale, les contenus d\u2019Het \u00e9voquent les injustices pass\u00e9es, les r\u00e9alit\u00e9s actuelles et les r\u00eaves futurs.<\/p>\n<p>Le site est organis\u00e9 en cinq modules th\u00e9matiques\u00a0: <a href=\"https:\/\/madschool.ca\/stigma-and-discrimination\/\"><strong>Stigmatisation<\/strong><\/a>, <a href=\"https:\/\/madschool.ca\/advocacy-activism\/\"><strong>Faire changement<\/strong><\/a>, <a href=\"https:\/\/madschool.ca\/medicine-and-power\/\"><strong>M\u00e9decine et pouvoir<\/strong><\/a>, <a href=\"https:\/\/madschool.ca\/models-of-practice\/\"><strong>Alternatives<\/strong><\/a> et <a href=\"https:\/\/madschool.ca\/policy-into-practice\/\"><strong>Politiques<\/strong><\/a>. Veuillez visiter ces modules pour consulter leurs 4 ou 5\u00a0unit\u00e9s d\u2019enseignement, chacune offrant aux \u00e9tudiants une perspective diff\u00e9rente sur la th\u00e9matique du module.<\/p>\n<p>Les modules et les unit\u00e9s d\u2019Het comprennent les outils suivants pour les instructeurs\u00a0:<\/p>\n<ul>\n<li><span style=\"color: #5c6f3b;\">Points cl\u00e9s<\/span>\u00a0: les objectifs d\u2019apprentissage pour chaque module et unit\u00e9.<\/li>\n<li><span style=\"color: #5c6f3b;\">Des contenus<\/span>\u00a0: des sources de premier ordre ou des documents cl\u00e9s propres \u00e0 chaque unit\u00e9.<\/li>\n<li><span style=\"color: #5c6f3b;\">\u00c9valuation du module<\/span>\u00a0: un exercice d\u2019apprentissage au niveau du module pour \u00e9valuer la compr\u00e9hension des \u00e9l\u00e8ves.<\/li>\n<li><span style=\"color: #5c6f3b;\">\u00c9valuation des contenus\u00a0<\/span>: un ensemble d\u2019exercices d\u2019apprentissage au niveau de l\u2019unit\u00e9 pour encourager la pens\u00e9e critique.<\/li>\n<li><span style=\"color: #5c6f3b;\">Objectifs d\u2019apprentissage<\/span>\u00a0: des aper\u00e7us importants sur les enjeux soulev\u00e9s par le mat\u00e9riel des modules ou des unit\u00e9s.<\/li>\n<li><span style=\"color: #5c6f3b;\">Mise en contexte des contenus<\/span>\u00a0: des renseignements de base fournis pour les unit\u00e9s \u00e9voquant de grands changements sociaux, culturels et politiques.<\/li>\n<\/ul>\n<p>L&rsquo;apprendre ensemble est dot\u00e9 d\u2019un <strong>moteur de recherche<\/strong> \u00e0 facettes permettant aux internautes de trouver des ressources correspondant \u00e0 un sujet ou un enjeu pr\u00e9cis, \u00e0 un champ d\u2019\u00e9tudes, \u00e0 un niveau de scolarit\u00e9, \u00e0 un type de ressource, \u00e0 une m\u00e9thode p\u00e9dagogique et \u00e0 une limite de temps. Par exemple, les instructeurs peuvent adapter leur recherche pour trouver du mat\u00e9riel sur la relation m\u00e9decin-patient, qui s\u2019int\u00e9grera dans un cours d\u2019infirmerie de 50\u00a0minutes et comprendra un court vid\u00e9o, une discussion ou une r\u00e9flexion \u00e9crite.<\/p>\n<p>Veuillez consulter le menu \u00e0 droite pour obtenir des renseignements sur l\u2019\u00e9ducation progressive en mati\u00e8re de sant\u00e9 mentale, les questions des \u00e9ducateurs, des id\u00e9es sur les modes d\u2019utilisation de notre site Web parent<a href=\"https:\/\/madnesscanada.com\/\"> <strong>Folie Canada<\/strong><\/a> pour votre enseignement, des t\u00e9moignages d\u2019\u00e9tudiants, ainsi qu\u2019une liste compl\u00e8te d\u2019contenus d&rsquo;apprendre ensemble.<\/p>\n<p>Le site est conforme \u00e0 la LAPHO et 14 des 22\u00a0unit\u00e9s p\u00e9dagogiques sont actuellement disponibles en fran\u00e7ais.<\/p>\n<p>En tant que membre de Creative Commons, nous invitons les utilisateurs \u00e0 partager et \u00e0 adapter notre mat\u00e9riel tout en respectant les valeurs et les principes d&rsquo;apprendre ensemble. Nous demandons aux utilisateurs de nous accorder du cr\u00e9dit, de s\u2019abstenir de faire des profits sur notre mat\u00e9riel et de distribuer les ressources d&rsquo;apprendre ensemble sous notre licence originale de Creative Commons.<\/p>\n<p>Nous serions ravis de savoir comment L&rsquo;apprendre ensemble r\u00e9pond \u00e0 vos besoins!\u00a0 Veuillez envoyer les \u00e9valuations des \u00e9ducateurs et des apprenants \u00e0\u00a0: <a href=\"mailto:madness@yorku.ca\" target=\"_blank\" rel=\"noopener noreferrer\"><strong><a href=\"mailto:madness@yorku.ca\" target=\"_blank\" rel=\"noopener noreferrer\">info@madnesscanada.com<\/a><\/strong><\/a><\/p>","protected":false},"excerpt":{"rendered":"<p>Comment utiliser ce site &nbsp; &nbsp; Bienvenue \u00e0 L&rsquo;apprendre ensemble, un ensemble de ressources p\u00e9dagogiques en ligne permettant aux instructeurs d\u2019int\u00e9grer des perspectives critiques sur la sant\u00e9 mentale dans l\u2019apprentissage en ligne ou en classe. Ces outils p\u00e9dagogiques flexibles peuvent servir dans plusieurs disciplines et programmes professionnels. Ils conviennent \u00e9galement aux cours coll\u00e9giaux, de premier &hellip; <\/p>\n","protected":false},"author":2,"featured_media":0,"parent":0,"menu_order":6,"comment_status":"closed","ping_status":"closed","template":"","meta":[],"categories":[],"tags":[],"acf":[],"aioseo_notices":[],"_links":{"self":[{"href":"https:\/\/madschool.ca\/fr\/wp-json\/wp\/v2\/pages\/1596"}],"collection":[{"href":"https:\/\/madschool.ca\/fr\/wp-json\/wp\/v2\/pages"}],"about":[{"href":"https:\/\/madschool.ca\/fr\/wp-json\/wp\/v2\/types\/page"}],"author":[{"embeddable":true,"href":"https:\/\/madschool.ca\/fr\/wp-json\/wp\/v2\/users\/2"}],"replies":[{"embeddable":true,"href":"https:\/\/madschool.ca\/fr\/wp-json\/wp\/v2\/comments?post=1596"}],"version-history":[{"count":55,"href":"https:\/\/madschool.ca\/fr\/wp-json\/wp\/v2\/pages\/1596\/revisions"}],"predecessor-version":[{"id":6697,"href":"https:\/\/madschool.ca\/fr\/wp-json\/wp\/v2\/pages\/1596\/revisions\/6697"}],"wp:attachment":[{"href":"https:\/\/madschool.ca\/fr\/wp-json\/wp\/v2\/media?parent=1596"}],"wp:term":[{"taxonomy":"category","embeddable":true,"href":"https:\/\/madschool.ca\/fr\/wp-json\/wp\/v2\/categories?post=1596"},{"taxonomy":"post_tag","embeddable":true,"href":"https:\/\/madschool.ca\/fr\/wp-json\/wp\/v2\/tags?post=1596"}],"curies":[{"name":"wp","href":"https:\/\/api.w.org\/{rel}","templated":true}]}}