{"id":3292,"date":"2020-05-15T11:02:09","date_gmt":"2020-05-15T15:02:09","guid":{"rendered":"https:\/\/historyinpractice.ca\/wordpress\/?page_id=3292"},"modified":"2021-09-29T00:29:56","modified_gmt":"2021-09-29T04:29:56","slug":"francais-un-appel-a-la-responsabilisation-lactiviste-dans-lacademicien","status":"publish","type":"page","link":"https:\/\/madschool.ca\/fr\/advocacy-activism\/francais-un-activiste-et-un-academicien\/francais-un-appel-a-la-responsabilisation-lactiviste-dans-lacademicien\/","title":{"rendered":"Un appel \u00e0 la responsabilisation : L\u2019activiste dans l\u2019acad\u00e9micien"},"content":{"rendered":"<p><!-- Widget Shortcode --><div id=\"nav_menu-2\" class=\"widget widget_nav_menu widget-shortcode area-arbitrary \"><h2 class=\"widgettitle\">History in Practice<\/h2><div class=\"menu-history-in-practice-container\"><ul id=\"menu-history-in-practice\" class=\"menu\"><li class=\"menu-item menu-item-type-post_type menu-item-object-page menu-item-home menu-item-676\"><a href=\"https:\/\/madschool.ca\/fr\/\">\u00c9cole folle<\/a><\/li>\n<li class=\"menu-item menu-item-type-post_type menu-item-object-page menu-item-3677\"><a href=\"https:\/\/madschool.ca\/fr\/how-to-use-this-site\/\">Comment utiliser ce site<\/a><\/li>\n<li class=\"menu-item menu-item-type-post_type menu-item-object-page menu-item-681\"><a href=\"https:\/\/madschool.ca\/fr\/stigma-and-discrimination\/\">Module Stigmatisation<\/a><\/li>\n<li class=\"menu-item menu-item-type-post_type menu-item-object-page menu-item-679\"><a href=\"https:\/\/madschool.ca\/fr\/advocacy-activism\/\">Module Faire changement<\/a><\/li>\n<li class=\"menu-item menu-item-type-post_type menu-item-object-page menu-item-678\"><a href=\"https:\/\/madschool.ca\/fr\/medicine-and-power\/\">Module M\u00e9decine et pouvoir<\/a><\/li>\n<li class=\"menu-item menu-item-type-post_type menu-item-object-page menu-item-680\"><a href=\"https:\/\/madschool.ca\/fr\/models-of-practice\/\">Module Alternatives<\/a><\/li>\n<li class=\"menu-item menu-item-type-post_type menu-item-object-page menu-item-677\"><a href=\"https:\/\/madschool.ca\/fr\/policy-into-practice\/\">Module Politiques<\/a><\/li>\n<\/ul><\/div><\/div><!-- \/Widget Shortcode --><\/p>\n<p><a name=\"main-content\"><\/a><!-- Widget Shortcode --><div id=\"search-3\" class=\"widget widget_search widget-shortcode area-arbitrary \"><h2 class=\"widgettitle\">(English) SEARCH<\/h2><form role=\"search\" method=\"get\" class=\"search-form\" action=\"\/search-results\/\">\n\t\t\t\t<label>\n\t\t\t\t\t<span class=\"screen-reader-text\">Rechercher\u00a0:<\/span>\n\t\t\t\t\t<input type=\"search\" class=\"search-field\" placeholder=\"Rechercher\u2026\" value=\"\" name=\"_search_box\" \/>\n\t\t\t\t<\/label>\n\t\t\t\t<input type=\"submit\" class=\"search-submit\" value=\"Rechercher\" \/>\n\t\t\t<\/form><\/div><!-- \/Widget Shortcode --><\/p>\n<div class=\"rightmenu\"><!-- Widget Shortcode --><div id=\"nav_menu-33\" class=\"widget widget_nav_menu widget-shortcode area-arbitrary \"><div class=\"menu-activiste-et-un-academicien-container\"><ul id=\"menu-activiste-et-un-academicien\" class=\"menu\"><li class=\"menu-item menu-item-type-post_type menu-item-object-page menu-item-3288\"><a href=\"https:\/\/madschool.ca\/fr\/advocacy-activism\/francais-un-activiste-et-un-academicien\/\">Un activiste et un acad\u00e9micien<\/a><\/li>\n<li class=\"menu-item menu-item-type-post_type menu-item-object-page menu-item-3298\"><a href=\"https:\/\/madschool.ca\/fr\/advocacy-activism\/francais-un-activiste-et-un-academicien\/francais-des-tensions-saines-dans-letablissement-dune-collaboration-authentique\/\">Des contenus : Apprentissage auto-dirig\u00e9 1<\/a><\/li>\n<li class=\"menu-item menu-item-type-post_type menu-item-object-page menu-item-3297\"><a href=\"https:\/\/madschool.ca\/fr\/advocacy-activism\/francais-un-activiste-et-un-academicien\/francais-un-appel-a-la-responsabilisation-lactiviste-dans-lacademicien\/\">Des contenus : Apprentissage auto-dirig\u00e9 1<\/a><\/li>\n<li class=\"menu-item menu-item-type-post_type menu-item-object-page menu-item-3296\"><a href=\"https:\/\/madschool.ca\/fr\/advocacy-activism\/francais-un-activiste-et-un-academicien\/francais-reflexion-creative\/\">\u00c9valuation : R\u00e9flexion creative<\/a><\/li>\n<li class=\"menu-item menu-item-type-post_type menu-item-object-page menu-item-3289\"><a href=\"https:\/\/madschool.ca\/fr\/advocacy-activism\/\">Module Faire changement<\/a><\/li>\n<\/ul><\/div><\/div><!-- \/Widget Shortcode --><\/div>\n<nav aria-label=\"breadcrumbs\">\n            <div class=\"breadcrumb-container theme1\">\n                <ol>\n                                    <\/ol>\n            <\/div>\n        <\/nav>    <script type=\"application\/ld+json\">\n        {\n            \"@context\": \"http:\/\/schema.org\",\n            \"@type\": \"BreadcrumbList\",\n            \"itemListElement\": [\n                            ]\n        }\n    <\/script>\n   \n    <script>\n            <\/script>\n\n<h1><img decoding=\"async\" loading=\"lazy\" class=\"alignnone size-thumbnail wp-image-1376\" src=\"https:\/\/madschool.ca\/wp-content\/uploads\/2019\/08\/Components-Icon-2024-150x150.jpg\" alt=\"Three green gears working together\" width=\"150\" height=\"150\" \/>Un appel \u00e0 la responsabilisation &#8211; Apprentissage autodirig\u00e9<\/h1>\n<p>Minutage : 20 minutes<br \/>\nMode : ind\u00e9pendante; en ligne<\/p>\n<p><a href=\"https:\/\/madschool.ca\/wp-content\/uploads\/2020\/05\/Notre-Voix-n\u00b0-8-e\u0301te\u0301-1990-p.-11-e1590163770719.jpg\"><img decoding=\"async\" loading=\"lazy\" class=\"alignright wp-image-3511 size-medium\" src=\"https:\/\/madschool.ca\/wp-content\/uploads\/2020\/05\/Notre-Voix-n\u00b0-8-e\u0301te\u0301-1990-p.-11-e1590163770719-227x300.jpg\" alt=\"Our Voice Notre Voix cover with a large sketch of an ear and smaller images of people\" width=\"227\" height=\"300\" srcset=\"https:\/\/madschool.ca\/wp-content\/uploads\/2020\/05\/Notre-Voix-n\u00b0-8-e\u0301te\u0301-1990-p.-11-e1590163770719-227x300.jpg 227w, https:\/\/madschool.ca\/wp-content\/uploads\/2020\/05\/Notre-Voix-n\u00b0-8-e\u0301te\u0301-1990-p.-11-e1590163770719-18x24.jpg 18w, https:\/\/madschool.ca\/wp-content\/uploads\/2020\/05\/Notre-Voix-n\u00b0-8-e\u0301te\u0301-1990-p.-11-e1590163770719-27x36.jpg 27w, https:\/\/madschool.ca\/wp-content\/uploads\/2020\/05\/Notre-Voix-n\u00b0-8-e\u0301te\u0301-1990-p.-11-e1590163770719-36x48.jpg 36w, https:\/\/madschool.ca\/wp-content\/uploads\/2020\/05\/Notre-Voix-n\u00b0-8-e\u0301te\u0301-1990-p.-11-e1590163770719.jpg 490w\" sizes=\"(max-width: 227px) 100vw, 227px\" \/><\/a>Cr\u00e9\u00e9 en 1987, le journal Notre Voix, produit par les membres du Groupe de support \u00e9motionnel de Monction, modifie en 1990 son logo. N\u00e9r\u00e9e St-Amand, alors professeur de travail social \u00e0 l&rsquo;Universit\u00e9 de Moncton, y publie un texte f\u00e9licitant le groupe pour son nouveau logo et critiquant le pouvoir des \u00abprofessionnels de l&rsquo;aide\u00bb.<\/p>\n<p><strong>Lisez<\/strong> le commentaire que St-Amand a soumis \u00e0 Notre Voix, n\u00b0 8 (\u00e9t\u00e9 1990), dans lequel il r\u00e9agit au nouveau logo, une oreille, et \u00e0 tout ce que cela repr\u00e9sente, et \u00e9met une critique des \u00abprofessionnels de l\u2019aide\u00bb face aux initiatives de soutien par les pairs.<\/p>\n<p><a href=\"https:\/\/madschool.ca\/wp-content\/uploads\/2020\/05\/Our-Voice_Notre-Voix-8-Ne\u0301re\u0301es-letter.pdf\"><strong>Notre Voix, n\u00b0 8 (\u00e9t\u00e9 1990).<\/strong><\/a><\/p>\n<p>Demandez aux \u00e9tudiants de lire le commentaire et de r\u00e9pondre d\u2019eux-m\u00eames aux questions suivantes en pr\u00e9paration \u00e0 une discussion en classe ou en ligne.<\/p>\n<ul style=\"list-style-type: circle;\">\n<li>St-Amand critique les \u00abprofessionnels de l\u2019aide\u00bb. Identifiez deux de ses arguments qui vous interpellent et dites pourquoi.<\/li>\n<li>Pensez-vous qu\u2019un point de vue comme celui de St-Amand soit courant? Qu\u2019est-ce qui selon vous l\u2019a amen\u00e9 \u00e0 adopter une telle position?<\/li>\n<\/ul>\n<p>&nbsp;<\/p>","protected":false},"excerpt":{"rendered":"<p>Un appel \u00e0 la responsabilisation &#8211; Apprentissage autodirig\u00e9 Minutage : 20 minutes Mode : ind\u00e9pendante; en ligne Cr\u00e9\u00e9 en 1987, le journal Notre Voix, produit par les membres du Groupe de support \u00e9motionnel de Monction, modifie en 1990 son logo. N\u00e9r\u00e9e St-Amand, alors professeur de travail social \u00e0 l&rsquo;Universit\u00e9 de Moncton, y publie un texte &hellip; <\/p>\n","protected":false},"author":2,"featured_media":0,"parent":3283,"menu_order":1,"comment_status":"closed","ping_status":"closed","template":"","meta":[],"categories":[],"tags":[],"acf":[],"aioseo_notices":[],"_links":{"self":[{"href":"https:\/\/madschool.ca\/fr\/wp-json\/wp\/v2\/pages\/3292"}],"collection":[{"href":"https:\/\/madschool.ca\/fr\/wp-json\/wp\/v2\/pages"}],"about":[{"href":"https:\/\/madschool.ca\/fr\/wp-json\/wp\/v2\/types\/page"}],"author":[{"embeddable":true,"href":"https:\/\/madschool.ca\/fr\/wp-json\/wp\/v2\/users\/2"}],"replies":[{"embeddable":true,"href":"https:\/\/madschool.ca\/fr\/wp-json\/wp\/v2\/comments?post=3292"}],"version-history":[{"count":9,"href":"https:\/\/madschool.ca\/fr\/wp-json\/wp\/v2\/pages\/3292\/revisions"}],"predecessor-version":[{"id":6211,"href":"https:\/\/madschool.ca\/fr\/wp-json\/wp\/v2\/pages\/3292\/revisions\/6211"}],"up":[{"embeddable":true,"href":"https:\/\/madschool.ca\/fr\/wp-json\/wp\/v2\/pages\/3283"}],"wp:attachment":[{"href":"https:\/\/madschool.ca\/fr\/wp-json\/wp\/v2\/media?parent=3292"}],"wp:term":[{"taxonomy":"category","embeddable":true,"href":"https:\/\/madschool.ca\/fr\/wp-json\/wp\/v2\/categories?post=3292"},{"taxonomy":"post_tag","embeddable":true,"href":"https:\/\/madschool.ca\/fr\/wp-json\/wp\/v2\/tags?post=3292"}],"curies":[{"name":"wp","href":"https:\/\/api.w.org\/{rel}","templated":true}]}}