{"id":3294,"date":"2020-05-15T11:02:39","date_gmt":"2020-05-15T15:02:39","guid":{"rendered":"https:\/\/historyinpractice.ca\/wordpress\/?page_id=3294"},"modified":"2020-05-22T12:27:59","modified_gmt":"2020-05-22T16:27:59","slug":"francais-reflexion-creative","status":"publish","type":"page","link":"https:\/\/madschool.ca\/fr\/advocacy-activism\/francais-un-activiste-et-un-academicien\/francais-reflexion-creative\/","title":{"rendered":"R\u00e9flexion cr\u00e9ative"},"content":{"rendered":"<p><\/p>\n<!-- Widget Shortcode --><div id=\"nav_menu-2\" class=\"widget widget_nav_menu widget-shortcode area-arbitrary \"><h2 class=\"widgettitle\">History in Practice<\/h2><div class=\"menu-history-in-practice-container\"><ul id=\"menu-history-in-practice\" class=\"menu\"><li class=\"menu-item menu-item-type-post_type menu-item-object-page menu-item-home menu-item-676\"><a href=\"https:\/\/madschool.ca\/fr\/\">\u00c9cole folle<\/a><\/li>\n<li class=\"menu-item menu-item-type-post_type menu-item-object-page menu-item-3677\"><a href=\"https:\/\/madschool.ca\/fr\/how-to-use-this-site\/\">Comment utiliser ce site<\/a><\/li>\n<li class=\"menu-item menu-item-type-post_type menu-item-object-page menu-item-681\"><a href=\"https:\/\/madschool.ca\/fr\/stigma-and-discrimination\/\">Module Stigmatisation<\/a><\/li>\n<li class=\"menu-item menu-item-type-post_type menu-item-object-page menu-item-679\"><a href=\"https:\/\/madschool.ca\/fr\/advocacy-activism\/\">Module Faire changement<\/a><\/li>\n<li class=\"menu-item menu-item-type-post_type menu-item-object-page menu-item-678\"><a href=\"https:\/\/madschool.ca\/fr\/medicine-and-power\/\">Module M\u00e9decine et pouvoir<\/a><\/li>\n<li class=\"menu-item menu-item-type-post_type menu-item-object-page menu-item-680\"><a href=\"https:\/\/madschool.ca\/fr\/models-of-practice\/\">Module Alternatives<\/a><\/li>\n<li class=\"menu-item menu-item-type-post_type menu-item-object-page menu-item-677\"><a href=\"https:\/\/madschool.ca\/fr\/policy-into-practice\/\">Module Politiques<\/a><\/li>\n<\/ul><\/div><\/div><!-- \/Widget Shortcode -->\n<p><a name=\"main-content\"><\/a><!-- Widget Shortcode --><div id=\"search-3\" class=\"widget widget_search widget-shortcode area-arbitrary \"><h2 class=\"widgettitle\">(English) SEARCH<\/h2><form role=\"search\" method=\"get\" class=\"search-form\" action=\"\/search-results\/\">\n\t\t\t\t<label>\n\t\t\t\t\t<span class=\"screen-reader-text\">Rechercher\u00a0:<\/span>\n\t\t\t\t\t<input type=\"search\" class=\"search-field\" placeholder=\"Rechercher\u2026\" value=\"\" name=\"_search_box\" \/>\n\t\t\t\t<\/label>\n\t\t\t\t<input type=\"submit\" class=\"search-submit\" value=\"Rechercher\" \/>\n\t\t\t<\/form><\/div><!-- \/Widget Shortcode --><\/p>\n<div class=\"rightmenu\"><!-- Widget Shortcode --><div id=\"nav_menu-33\" class=\"widget widget_nav_menu widget-shortcode area-arbitrary \"><div class=\"menu-activiste-et-un-academicien-container\"><ul id=\"menu-activiste-et-un-academicien\" class=\"menu\"><li class=\"menu-item menu-item-type-post_type menu-item-object-page menu-item-3288\"><a href=\"https:\/\/madschool.ca\/fr\/advocacy-activism\/francais-un-activiste-et-un-academicien\/\">Un activiste et un acad\u00e9micien<\/a><\/li>\n<li class=\"menu-item menu-item-type-post_type menu-item-object-page menu-item-3298\"><a href=\"https:\/\/madschool.ca\/fr\/advocacy-activism\/francais-un-activiste-et-un-academicien\/francais-des-tensions-saines-dans-letablissement-dune-collaboration-authentique\/\">Des contenus : Apprentissage auto-dirig\u00e9 1<\/a><\/li>\n<li class=\"menu-item menu-item-type-post_type menu-item-object-page menu-item-3297\"><a href=\"https:\/\/madschool.ca\/fr\/advocacy-activism\/francais-un-activiste-et-un-academicien\/francais-un-appel-a-la-responsabilisation-lactiviste-dans-lacademicien\/\">Des contenus : Apprentissage auto-dirig\u00e9 1<\/a><\/li>\n<li class=\"menu-item menu-item-type-post_type menu-item-object-page menu-item-3296\"><a href=\"https:\/\/madschool.ca\/fr\/advocacy-activism\/francais-un-activiste-et-un-academicien\/francais-reflexion-creative\/\">\u00c9valuation : R\u00e9flexion creative<\/a><\/li>\n<li class=\"menu-item menu-item-type-post_type menu-item-object-page menu-item-3289\"><a href=\"https:\/\/madschool.ca\/fr\/advocacy-activism\/\">Module Faire changement<\/a><\/li>\n<\/ul><\/div><\/div><!-- \/Widget Shortcode --><\/div>\n<nav aria-label=\"breadcrumbs\">\n            <div class=\"breadcrumb-container theme1\">\n                <ol>\n                                    <\/ol>\n            <\/div>\n        <\/nav>    <script type=\"application\/ld+json\">\n        {\n            \"@context\": \"http:\/\/schema.org\",\n            \"@type\": \"BreadcrumbList\",\n            \"itemListElement\": [\n                            ]\n        }\n    <\/script>\n   \n    <script>\n            <\/script>\n\n<p><img decoding=\"async\" loading=\"lazy\" class=\"alignleft\" src=\"https:\/\/madschool.ca\/wp-content\/uploads\/2019\/08\/Evaluating-Icon-2024-150x150.jpg\" alt=\"Green kitchen weigh scale\" width=\"150\" height=\"150\" \/><\/p>\n<p>&nbsp;<\/p>\n<p>&nbsp;<\/p>\n<h1>Un appel \u00e0 la responsabilisation : R\u00e9flexion cr\u00e9ative<\/h1>\n<p>Minutage : 20 minutes<br \/>\nMode : ind\u00e9pendante; en ligne<\/p>\n<p>Demandez aux \u00e9tudiants de proposer un logo ou un slogan r\u00e9sumant leurs apprentissages li\u00e9s \u00e0 une authentique collaboration \u00e9galitaire. Les logos ou slogans peuvent \u00eatre d\u00e9pos\u00e9s sur le site du cours.<\/p>\n<p><\/p>","protected":false},"excerpt":{"rendered":"<p>&nbsp; &nbsp; Un appel \u00e0 la responsabilisation : R\u00e9flexion cr\u00e9ative Minutage : 20 minutes Mode : ind\u00e9pendante; en ligne Demandez aux \u00e9tudiants de proposer un logo ou un slogan r\u00e9sumant leurs apprentissages li\u00e9s \u00e0 une authentique collaboration \u00e9galitaire. Les logos ou slogans peuvent \u00eatre d\u00e9pos\u00e9s sur le site du cours.<\/p>\n","protected":false},"author":2,"featured_media":0,"parent":3283,"menu_order":2,"comment_status":"closed","ping_status":"closed","template":"","meta":[],"categories":[],"tags":[],"acf":[],"aioseo_notices":[],"_links":{"self":[{"href":"https:\/\/madschool.ca\/fr\/wp-json\/wp\/v2\/pages\/3294"}],"collection":[{"href":"https:\/\/madschool.ca\/fr\/wp-json\/wp\/v2\/pages"}],"about":[{"href":"https:\/\/madschool.ca\/fr\/wp-json\/wp\/v2\/types\/page"}],"author":[{"embeddable":true,"href":"https:\/\/madschool.ca\/fr\/wp-json\/wp\/v2\/users\/2"}],"replies":[{"embeddable":true,"href":"https:\/\/madschool.ca\/fr\/wp-json\/wp\/v2\/comments?post=3294"}],"version-history":[{"count":5,"href":"https:\/\/madschool.ca\/fr\/wp-json\/wp\/v2\/pages\/3294\/revisions"}],"predecessor-version":[{"id":3517,"href":"https:\/\/madschool.ca\/fr\/wp-json\/wp\/v2\/pages\/3294\/revisions\/3517"}],"up":[{"embeddable":true,"href":"https:\/\/madschool.ca\/fr\/wp-json\/wp\/v2\/pages\/3283"}],"wp:attachment":[{"href":"https:\/\/madschool.ca\/fr\/wp-json\/wp\/v2\/media?parent=3294"}],"wp:term":[{"taxonomy":"category","embeddable":true,"href":"https:\/\/madschool.ca\/fr\/wp-json\/wp\/v2\/categories?post=3294"},{"taxonomy":"post_tag","embeddable":true,"href":"https:\/\/madschool.ca\/fr\/wp-json\/wp\/v2\/tags?post=3294"}],"curies":[{"name":"wp","href":"https:\/\/api.w.org\/{rel}","templated":true}]}}