{"id":3659,"date":"2020-06-02T11:41:27","date_gmt":"2020-06-02T15:41:27","guid":{"rendered":"https:\/\/historyinpractice.ca\/?page_id=3659"},"modified":"2021-10-14T08:39:04","modified_gmt":"2021-10-14T12:39:04","slug":"how-to-sub-2","status":"publish","type":"page","link":"https:\/\/madschool.ca\/fr\/how-to-use-this-site\/how-to-sub-2\/","title":{"rendered":"La personnalisation d&rsquo;apprendre ensemble"},"content":{"rendered":"<p><\/p>\n<!-- Widget Shortcode --><div id=\"nav_menu-2\" class=\"widget widget_nav_menu widget-shortcode area-arbitrary \"><h2 class=\"widgettitle\">History in Practice<\/h2><div class=\"menu-history-in-practice-container\"><ul id=\"menu-history-in-practice-1\" class=\"menu\"><li class=\"menu-item menu-item-type-post_type menu-item-object-page menu-item-home menu-item-676\"><a href=\"https:\/\/madschool.ca\/fr\/\">\u00c9cole folle<\/a><\/li>\n<li class=\"menu-item menu-item-type-post_type menu-item-object-page menu-item-3677\"><a href=\"https:\/\/madschool.ca\/fr\/how-to-use-this-site\/\">Comment utiliser ce site<\/a><\/li>\n<li class=\"menu-item menu-item-type-post_type menu-item-object-page menu-item-681\"><a href=\"https:\/\/madschool.ca\/fr\/stigma-and-discrimination\/\">Module Stigmatisation<\/a><\/li>\n<li class=\"menu-item menu-item-type-post_type menu-item-object-page menu-item-679\"><a href=\"https:\/\/madschool.ca\/fr\/advocacy-activism\/\">Module Faire changement<\/a><\/li>\n<li class=\"menu-item menu-item-type-post_type menu-item-object-page menu-item-678\"><a href=\"https:\/\/madschool.ca\/fr\/medicine-and-power\/\">Module M\u00e9decine et pouvoir<\/a><\/li>\n<li class=\"menu-item menu-item-type-post_type menu-item-object-page menu-item-680\"><a href=\"https:\/\/madschool.ca\/fr\/models-of-practice\/\">Module Alternatives<\/a><\/li>\n<li class=\"menu-item menu-item-type-post_type menu-item-object-page menu-item-677\"><a href=\"https:\/\/madschool.ca\/fr\/policy-into-practice\/\">Module Politiques<\/a><\/li>\n<\/ul><\/div><\/div><!-- \/Widget Shortcode -->\n<p><a name=\"main-content\"><\/a><!-- Widget Shortcode --><div id=\"search-3\" class=\"widget widget_search widget-shortcode area-arbitrary \"><h2 class=\"widgettitle\">(English) SEARCH<\/h2><form role=\"search\" method=\"get\" class=\"search-form\" action=\"\/search-results\/\">\n\t\t\t\t<label>\n\t\t\t\t\t<span class=\"screen-reader-text\">Rechercher\u00a0:<\/span>\n\t\t\t\t\t<input type=\"search\" class=\"search-field\" placeholder=\"Rechercher\u2026\" value=\"\" name=\"_search_box\" \/>\n\t\t\t\t<\/label>\n\t\t\t\t<input type=\"submit\" class=\"search-submit\" value=\"Rechercher\" \/>\n\t\t\t<\/form><\/div><!-- \/Widget Shortcode --><\/p>\n<div class=\"rightmenu\"><!-- Widget Shortcode --><div id=\"nav_menu-34\" class=\"widget widget_nav_menu widget-shortcode area-arbitrary \"><div class=\"menu-how-to-use-this-site-container\"><ul id=\"menu-how-to-use-this-site-1\" class=\"menu\"><li class=\"menu-item menu-item-type-post_type menu-item-object-page menu-item-3669\"><a href=\"https:\/\/madschool.ca\/fr\/how-to-use-this-site\/\">Comment utiliser ce site<\/a><\/li>\n<li class=\"menu-item menu-item-type-post_type menu-item-object-page menu-item-3672\"><a href=\"https:\/\/madschool.ca\/fr\/how-to-use-this-site\/how-to-sub-4\/\">L\u2019enseignement en mati\u00e8re de sant\u00e9 mentale<\/a><\/li>\n<li class=\"menu-item menu-item-type-post_type menu-item-object-page menu-item-3674\"><a href=\"https:\/\/madschool.ca\/fr\/how-to-use-this-site\/how-to-sub-2\/\">La personnalisation d&rsquo;apprendre ensemble<\/a><\/li>\n<li class=\"menu-item menu-item-type-post_type menu-item-object-page menu-item-3673\"><a href=\"https:\/\/madschool.ca\/fr\/how-to-use-this-site\/how-to-sub-3\/\">La nouvelle dimension d&rsquo;apprendre ensemble<\/a><\/li>\n<li class=\"menu-item menu-item-type-post_type menu-item-object-page menu-item-3671\"><a href=\"https:\/\/madschool.ca\/fr\/how-to-use-this-site\/how-to-sub-5\/\">T\u00e9moignages d\u2019\u00e9tudiants<\/a><\/li>\n<li class=\"menu-item menu-item-type-post_type menu-item-object-page menu-item-3670\"><a href=\"https:\/\/madschool.ca\/fr\/how-to-use-this-site\/how-to-sub-6\/\">Les contenus de l&rsquo;apprendre ensemble \u2013 La liste<\/a><\/li>\n<li class=\"menu-item menu-item-type-post_type menu-item-object-page menu-item-home menu-item-3676\"><a href=\"https:\/\/madschool.ca\/fr\/\">Page d\u2019accueil<\/a><\/li>\n<\/ul><\/div><\/div><!-- \/Widget Shortcode --><\/div>\n<nav aria-label=\"breadcrumbs\">\n            <div class=\"breadcrumb-container theme1\">\n                <ol>\n                                    <\/ol>\n            <\/div>\n        <\/nav>    <script type=\"application\/ld+json\">\n        {\n            \"@context\": \"http:\/\/schema.org\",\n            \"@type\": \"BreadcrumbList\",\n            \"itemListElement\": [\n                            ]\n        }\n    <\/script>\n   \n    <script>\n            <\/script>\n\n<h1>La personnalisation d&rsquo;apprendre ensemble<\/h1>\n<p><a href=\"https:\/\/madschool.ca\/wp-content\/uploads\/2020\/06\/HIP-Swirl-2024.jpg\"><img decoding=\"async\" loading=\"lazy\" class=\"alignleft  wp-image-4315\" src=\"https:\/\/madschool.ca\/wp-content\/uploads\/2020\/06\/HIP-Swirl-2024-300x300.jpg\" alt=\"graphic swirl\" width=\"50\" height=\"49\" \/><\/a><a href=\"https:\/\/madschool.ca\/wp-content\/uploads\/2020\/06\/HIP-Swirl-2024.jpg\"><img decoding=\"async\" loading=\"lazy\" class=\"alignleft  wp-image-4315\" src=\"https:\/\/madschool.ca\/wp-content\/uploads\/2020\/06\/HIP-Swirl-2024-300x300.jpg\" alt=\"graphic swirl\" width=\"51\" height=\"50\" \/><\/a><a href=\"https:\/\/madschool.ca\/wp-content\/uploads\/2020\/06\/HIP-Swirl-2024.jpg\"><img decoding=\"async\" loading=\"lazy\" class=\"alignleft  wp-image-4315\" src=\"https:\/\/madschool.ca\/wp-content\/uploads\/2020\/06\/HIP-Swirl-2024-300x300.jpg\" alt=\"graphic swirl\" width=\"49\" height=\"49\" \/><\/a><\/p>\n<p>&nbsp;<\/p>\n<p>&nbsp;<\/p>\n<p>L&rsquo;apprendre ensemble a \u00e9t\u00e9 con\u00e7u en tant que ressource \u00e9ducative flexible et pragmatique. La plupart des unit\u00e9s conviennent \u00e0 divers niveaux de scolarit\u00e9, allant de l\u2019identification et la description de base \u00e0 l\u2019analyse complexe. Elles sont \u00e9galement personnalis\u00e9es pour r\u00e9pondre aux besoins des \u00e9tudiants et des instructeurs, ainsi qu\u2019aux exigences de cours. Voici nos r\u00e9ponses aux questions des instructeurs sur la fa\u00e7on d\u2019obtenir ce dont ils ont besoin du site\u00a0:<\/p>\n<p><span style=\"color: #008000; font-size: 14pt;\">\u00ab\u2009Je veux une courte pi\u00e8ce exp\u00e9rimentale pour susciter l\u2019int\u00e9r\u00eat des \u00e9l\u00e8ves et appuyer le reste de mon enseignement pour cette classe\u2009\u00bb.<\/span> <strong>Effectuez une recherche<\/strong> en pr\u00e9cisant la p\u00e9riode, le sujet et le type d\u2019contenu que vous recherchez (par exemple 30\u00a0minutes, activisme, vid\u00e9o).<\/p>\n<p><span style=\"color: #008000; font-size: 14pt;\">\u00ab\u2009Je veux couvrir une gamme de sujets tir\u00e9s de diff\u00e9rents modules\u2009\u00bb. <\/span><br \/>\nVeuillez consulter notre <a href=\"https:\/\/madschool.ca\/how-to-use-this-site\/how-to-sub-6\/\"><strong>Liste d\u2019contenus d&rsquo;apprendre ensemble<\/strong><\/a> ou les descriptions d\u2019contenus situ\u00e9es au d\u00e9but de chaque module. \u00c0 partir de l\u00e0, vous pouvez soit aller directement aux unit\u00e9s qui vous semblent les plus prometteuses, soit utiliser le champ de <strong>recherche<\/strong> pour raffiner vos options.<\/p>\n<p><span style=\"color: #008000; font-size: 14pt;\">\u00ab\u2009Je veux parcourir un module entier r\u00e9parti sur plusieurs classes\u2009\u00bb.<\/span><br \/>\nCommencez par le mat\u00e9riel de soutien au niveau du module (par exemple Points cl\u00e9s, \u00c9valuation, Objectifs d\u2019apprentissage) pour \u00e9tablir vos objectifs d\u2019apprentissage et planifier vos cours. Ensuite, examinez les possibilit\u00e9s de soutien au niveau de l\u2019unit\u00e9 pour raffiner des objectifs d\u2019apprentissage plus cibl\u00e9s et s\u00e9lectionnez les exercices d\u2019\u00c9valuation les plus appropri\u00e9s. Le champ de <strong>recherche <\/strong>peut \u00eatre utilis\u00e9 pour d\u00e9terminer les dur\u00e9es des cours.<\/p>\n<p><span style=\"color: #008000; font-size: 14pt;\">\u00ab\u2009Je veux int\u00e9grer une unit\u00e9 dans mon cours d\u2019histoire\/de politique en sant\u00e9\/d\u2019\u00e9ducation\u2009\u00bb. <\/span><br \/>\nEntrez votre discipline dans le <strong>champ de recherche <\/strong>pour trouver du mat\u00e9riel pertinent, puis parcourez les unit\u00e9s ou utilisez le<strong> champ de recherche<\/strong> pour pr\u00e9ciser votre s\u00e9lection.<\/p>\n<p>&nbsp;<\/p>\n<p>&nbsp;<\/p>\n<p><\/p>","protected":false},"excerpt":{"rendered":"<p>La personnalisation d&rsquo;apprendre ensemble &nbsp; &nbsp; L&rsquo;apprendre ensemble a \u00e9t\u00e9 con\u00e7u en tant que ressource \u00e9ducative flexible et pragmatique. La plupart des unit\u00e9s conviennent \u00e0 divers niveaux de scolarit\u00e9, allant de l\u2019identification et la description de base \u00e0 l\u2019analyse complexe. Elles sont \u00e9galement personnalis\u00e9es pour r\u00e9pondre aux besoins des \u00e9tudiants et des instructeurs, ainsi qu\u2019aux &hellip; <\/p>\n","protected":false},"author":2,"featured_media":0,"parent":1596,"menu_order":1,"comment_status":"closed","ping_status":"closed","template":"","meta":[],"categories":[],"tags":[],"acf":[],"aioseo_notices":[],"_links":{"self":[{"href":"https:\/\/madschool.ca\/fr\/wp-json\/wp\/v2\/pages\/3659"}],"collection":[{"href":"https:\/\/madschool.ca\/fr\/wp-json\/wp\/v2\/pages"}],"about":[{"href":"https:\/\/madschool.ca\/fr\/wp-json\/wp\/v2\/types\/page"}],"author":[{"embeddable":true,"href":"https:\/\/madschool.ca\/fr\/wp-json\/wp\/v2\/users\/2"}],"replies":[{"embeddable":true,"href":"https:\/\/madschool.ca\/fr\/wp-json\/wp\/v2\/comments?post=3659"}],"version-history":[{"count":34,"href":"https:\/\/madschool.ca\/fr\/wp-json\/wp\/v2\/pages\/3659\/revisions"}],"predecessor-version":[{"id":4819,"href":"https:\/\/madschool.ca\/fr\/wp-json\/wp\/v2\/pages\/3659\/revisions\/4819"}],"up":[{"embeddable":true,"href":"https:\/\/madschool.ca\/fr\/wp-json\/wp\/v2\/pages\/1596"}],"wp:attachment":[{"href":"https:\/\/madschool.ca\/fr\/wp-json\/wp\/v2\/media?parent=3659"}],"wp:term":[{"taxonomy":"category","embeddable":true,"href":"https:\/\/madschool.ca\/fr\/wp-json\/wp\/v2\/categories?post=3659"},{"taxonomy":"post_tag","embeddable":true,"href":"https:\/\/madschool.ca\/fr\/wp-json\/wp\/v2\/tags?post=3659"}],"curies":[{"name":"wp","href":"https:\/\/api.w.org\/{rel}","templated":true}]}}