{"id":3663,"date":"2020-06-02T11:42:24","date_gmt":"2020-06-02T15:42:24","guid":{"rendered":"https:\/\/historyinpractice.ca\/?page_id=3663"},"modified":"2021-05-03T00:15:36","modified_gmt":"2021-05-03T04:15:36","slug":"how-to-sub-4","status":"publish","type":"page","link":"https:\/\/madschool.ca\/fr\/how-to-use-this-site\/how-to-sub-4\/","title":{"rendered":"L\u2019enseignement en mati\u00e8re de sant\u00e9 mentale"},"content":{"rendered":"<p><\/p>\n<!-- Widget Shortcode --><div id=\"nav_menu-2\" class=\"widget widget_nav_menu widget-shortcode area-arbitrary \"><h2 class=\"widgettitle\">History in Practice<\/h2><div class=\"menu-history-in-practice-container\"><ul id=\"menu-history-in-practice-1\" class=\"menu\"><li class=\"menu-item menu-item-type-post_type menu-item-object-page menu-item-home menu-item-676\"><a href=\"https:\/\/madschool.ca\/fr\/\">\u00c9cole folle<\/a><\/li>\n<li class=\"menu-item menu-item-type-post_type menu-item-object-page menu-item-3677\"><a href=\"https:\/\/madschool.ca\/fr\/how-to-use-this-site\/\">Comment utiliser ce site<\/a><\/li>\n<li class=\"menu-item menu-item-type-post_type menu-item-object-page menu-item-681\"><a href=\"https:\/\/madschool.ca\/fr\/stigma-and-discrimination\/\">Module Stigmatisation<\/a><\/li>\n<li class=\"menu-item menu-item-type-post_type menu-item-object-page menu-item-679\"><a href=\"https:\/\/madschool.ca\/fr\/advocacy-activism\/\">Module Faire changement<\/a><\/li>\n<li class=\"menu-item menu-item-type-post_type menu-item-object-page menu-item-678\"><a href=\"https:\/\/madschool.ca\/fr\/medicine-and-power\/\">Module M\u00e9decine et pouvoir<\/a><\/li>\n<li class=\"menu-item menu-item-type-post_type menu-item-object-page menu-item-680\"><a href=\"https:\/\/madschool.ca\/fr\/models-of-practice\/\">Module Alternatives<\/a><\/li>\n<li class=\"menu-item menu-item-type-post_type menu-item-object-page menu-item-677\"><a href=\"https:\/\/madschool.ca\/fr\/policy-into-practice\/\">Module Politiques<\/a><\/li>\n<\/ul><\/div><\/div><!-- \/Widget Shortcode -->\n<p><a name=\"main-content\"><\/a><!-- Widget Shortcode --><div id=\"search-3\" class=\"widget widget_search widget-shortcode area-arbitrary \"><h2 class=\"widgettitle\">(English) SEARCH<\/h2><form role=\"search\" method=\"get\" class=\"search-form\" action=\"\/search-results\/\">\n\t\t\t\t<label>\n\t\t\t\t\t<span class=\"screen-reader-text\">Rechercher\u00a0:<\/span>\n\t\t\t\t\t<input type=\"search\" class=\"search-field\" placeholder=\"Rechercher\u2026\" value=\"\" name=\"_search_box\" \/>\n\t\t\t\t<\/label>\n\t\t\t\t<input type=\"submit\" class=\"search-submit\" value=\"Rechercher\" \/>\n\t\t\t<\/form><\/div><!-- \/Widget Shortcode --><\/p>\n<div class=\"rightmenu\"><!-- Widget Shortcode --><div id=\"nav_menu-34\" class=\"widget widget_nav_menu widget-shortcode area-arbitrary \"><div class=\"menu-how-to-use-this-site-container\"><ul id=\"menu-how-to-use-this-site-1\" class=\"menu\"><li class=\"menu-item menu-item-type-post_type menu-item-object-page menu-item-3669\"><a href=\"https:\/\/madschool.ca\/fr\/how-to-use-this-site\/\">Comment utiliser ce site<\/a><\/li>\n<li class=\"menu-item menu-item-type-post_type menu-item-object-page menu-item-3672\"><a href=\"https:\/\/madschool.ca\/fr\/how-to-use-this-site\/how-to-sub-4\/\">L\u2019enseignement en mati\u00e8re de sant\u00e9 mentale<\/a><\/li>\n<li class=\"menu-item menu-item-type-post_type menu-item-object-page menu-item-3674\"><a href=\"https:\/\/madschool.ca\/fr\/how-to-use-this-site\/how-to-sub-2\/\">La personnalisation d&rsquo;apprendre ensemble<\/a><\/li>\n<li class=\"menu-item menu-item-type-post_type menu-item-object-page menu-item-3673\"><a href=\"https:\/\/madschool.ca\/fr\/how-to-use-this-site\/how-to-sub-3\/\">La nouvelle dimension d&rsquo;apprendre ensemble<\/a><\/li>\n<li class=\"menu-item menu-item-type-post_type menu-item-object-page menu-item-3671\"><a href=\"https:\/\/madschool.ca\/fr\/how-to-use-this-site\/how-to-sub-5\/\">T\u00e9moignages d\u2019\u00e9tudiants<\/a><\/li>\n<li class=\"menu-item menu-item-type-post_type menu-item-object-page menu-item-3670\"><a href=\"https:\/\/madschool.ca\/fr\/how-to-use-this-site\/how-to-sub-6\/\">Les contenus de l&rsquo;apprendre ensemble \u2013 La liste<\/a><\/li>\n<li class=\"menu-item menu-item-type-post_type menu-item-object-page menu-item-home menu-item-3676\"><a href=\"https:\/\/madschool.ca\/fr\/\">Page d\u2019accueil<\/a><\/li>\n<\/ul><\/div><\/div><!-- \/Widget Shortcode --><\/div>\n<nav aria-label=\"breadcrumbs\">\n            <div class=\"breadcrumb-container theme1\">\n                <ol>\n                                    <\/ol>\n            <\/div>\n        <\/nav>    <script type=\"application\/ld+json\">\n        {\n            \"@context\": \"http:\/\/schema.org\",\n            \"@type\": \"BreadcrumbList\",\n            \"itemListElement\": [\n                            ]\n        }\n    <\/script>\n   \n    <script>\n            <\/script>\n\n<h1>L\u2019enseignement en mati\u00e8re de sant\u00e9 mentale<\/h1>\n<p><a href=\"https:\/\/madschool.ca\/wp-content\/uploads\/2020\/06\/HIP-Swirl-2024.jpg\"><img decoding=\"async\" loading=\"lazy\" class=\"alignleft  wp-image-4315\" src=\"https:\/\/madschool.ca\/wp-content\/uploads\/2020\/06\/HIP-Swirl-2024-300x300.jpg\" alt=\"graphic swirl\" width=\"50\" height=\"49\" \/><\/a><a href=\"https:\/\/madschool.ca\/wp-content\/uploads\/2020\/06\/HIP-Swirl-2024.jpg\"><img decoding=\"async\" loading=\"lazy\" class=\"alignleft  wp-image-4315\" src=\"https:\/\/madschool.ca\/wp-content\/uploads\/2020\/06\/HIP-Swirl-2024-300x300.jpg\" alt=\"graphic swirl\" width=\"51\" height=\"50\" \/><\/a><a href=\"https:\/\/madschool.ca\/wp-content\/uploads\/2020\/06\/HIP-Swirl-2024.jpg\"><img decoding=\"async\" loading=\"lazy\" class=\"alignleft  wp-image-4315\" src=\"https:\/\/madschool.ca\/wp-content\/uploads\/2020\/06\/HIP-Swirl-2024-300x300.jpg\" alt=\"graphic swirl\" width=\"49\" height=\"49\" \/><\/a><\/p>\n<p>&nbsp;<\/p>\n<p>&nbsp;<\/p>\n<p>Les personnes pr\u00e9sentant une diversit\u00e9 mentale ne sont pas uniquement caract\u00e9ris\u00e9es par leurs diagnostics. Comme tout le monde, ce sont des travailleurs, des athl\u00e8tes, des com\u00e9diens, des fournisseurs de soins, des artistes, des amis, des fr\u00e8res et s\u0153urs et des citoyens. Ces personnes ont un parcours de vie riche, malgr\u00e9 lequel ils doivent s\u2019opposer, r\u00e9sister et parfois m\u00eame succomber \u00e0 la d\u00e9shumanisation m\u00e9dicale li\u00e9e aux nombreuses interventions et pratiques de sant\u00e9 mentale.\u00a0<\/p>\n<p>L&rsquo;apprendre ensemble offre de riches possibilit\u00e9s d\u2019enseignement et d\u2019apprentissage critique de la sant\u00e9 mentale, en proposant des r\u00e9cits alternatifs sur l\u2019exp\u00e9rience et les connaissances en mati\u00e8re de sant\u00e9 mentale. Cr\u00e9\u00e9 sous la direction de personnes ayant re\u00e7u un diagnostic de sant\u00e9 mentale, l&rsquo;apprendre ensemble est vou\u00e9 \u00e0 la formation de personnes intelligentes et empathiques qui travailleront dans divers milieux de sant\u00e9 mentale. Ce site a \u00e9galement pour but la r\u00e9forme des attitudes et des actions quotidiennes des \u00e9ducateurs et des \u00e9tudiants dans tous les programmes et disciplines. Cet objectif est plus radical qu\u2019il ne le para\u00eet, car l\u2019enseignement et l\u2019apprentissage de la sant\u00e9 mentale ont sans cesse privil\u00e9gi\u00e9 les points de vue des \u00ab\u2009professionnels\u2009\u00bb et les perspectives pathologiques.<\/p>\n<p>La <a href=\"https:\/\/madschool.ca\/how-to-use-this-site\/how-to-sub-6\/\"><strong>grande collection d\u2019contenus<\/strong><\/a> du site, organis\u00e9e en unit\u00e9s d\u2019enseignement distinctes, offre une exploration intime, \u00e9clair\u00e9e et nuanc\u00e9e des r\u00e9alit\u00e9s v\u00e9cues par des Canadiennes et des Canadiens d\u2019une grande diversit\u00e9 mentale. Servant de plateforme d\u2019\u00e9ducation et d\u2019activisme communautaire aux personnes marginalis\u00e9es dans le domaine de la sant\u00e9 mentale, l&rsquo;apprendre ensemble offre de nouvelles perspectives qui s\u2019inspirent directement des connaissances riches, mais souvent subjugu\u00e9es qui nous entourent.\u00a0<\/p>\n<p>Ce mat\u00e9riel p\u00e9dagogique pourrait s\u2019av\u00e9rer \u00e0 la fois difficile ou d\u00e9clencheur pour les apprenants et les \u00e9ducateurs. Les instructeurs doivent se tenir au courant des services de soutien disponibles dans leurs milieux pour les personnes qui en ont besoin.<\/p>\n<p><\/p>","protected":false},"excerpt":{"rendered":"<p>L\u2019enseignement en mati\u00e8re de sant\u00e9 mentale &nbsp; &nbsp; Les personnes pr\u00e9sentant une diversit\u00e9 mentale ne sont pas uniquement caract\u00e9ris\u00e9es par leurs diagnostics. Comme tout le monde, ce sont des travailleurs, des athl\u00e8tes, des com\u00e9diens, des fournisseurs de soins, des artistes, des amis, des fr\u00e8res et s\u0153urs et des citoyens. Ces personnes ont un parcours de &hellip; <\/p>\n","protected":false},"author":2,"featured_media":0,"parent":1596,"menu_order":3,"comment_status":"closed","ping_status":"closed","template":"","meta":[],"categories":[],"tags":[],"acf":[],"aioseo_notices":[],"_links":{"self":[{"href":"https:\/\/madschool.ca\/fr\/wp-json\/wp\/v2\/pages\/3663"}],"collection":[{"href":"https:\/\/madschool.ca\/fr\/wp-json\/wp\/v2\/pages"}],"about":[{"href":"https:\/\/madschool.ca\/fr\/wp-json\/wp\/v2\/types\/page"}],"author":[{"embeddable":true,"href":"https:\/\/madschool.ca\/fr\/wp-json\/wp\/v2\/users\/2"}],"replies":[{"embeddable":true,"href":"https:\/\/madschool.ca\/fr\/wp-json\/wp\/v2\/comments?post=3663"}],"version-history":[{"count":17,"href":"https:\/\/madschool.ca\/fr\/wp-json\/wp\/v2\/pages\/3663\/revisions"}],"predecessor-version":[{"id":5979,"href":"https:\/\/madschool.ca\/fr\/wp-json\/wp\/v2\/pages\/3663\/revisions\/5979"}],"up":[{"embeddable":true,"href":"https:\/\/madschool.ca\/fr\/wp-json\/wp\/v2\/pages\/1596"}],"wp:attachment":[{"href":"https:\/\/madschool.ca\/fr\/wp-json\/wp\/v2\/media?parent=3663"}],"wp:term":[{"taxonomy":"category","embeddable":true,"href":"https:\/\/madschool.ca\/fr\/wp-json\/wp\/v2\/categories?post=3663"},{"taxonomy":"post_tag","embeddable":true,"href":"https:\/\/madschool.ca\/fr\/wp-json\/wp\/v2\/tags?post=3663"}],"curies":[{"name":"wp","href":"https:\/\/api.w.org\/{rel}","templated":true}]}}