{"id":3665,"date":"2020-06-02T11:42:55","date_gmt":"2020-06-02T15:42:55","guid":{"rendered":"https:\/\/historyinpractice.ca\/?page_id=3665"},"modified":"2020-07-02T13:12:25","modified_gmt":"2020-07-02T17:12:25","slug":"how-to-sub-5","status":"publish","type":"page","link":"https:\/\/madschool.ca\/fr\/how-to-use-this-site\/how-to-sub-5\/","title":{"rendered":"T\u00e9moignages d\u2019\u00e9tudiants"},"content":{"rendered":"<p><\/p>\n<!-- Widget Shortcode --><div id=\"nav_menu-2\" class=\"widget widget_nav_menu widget-shortcode area-arbitrary \"><h2 class=\"widgettitle\">History in Practice<\/h2><div class=\"menu-history-in-practice-container\"><ul id=\"menu-history-in-practice-1\" class=\"menu\"><li class=\"menu-item menu-item-type-post_type menu-item-object-page menu-item-home menu-item-676\"><a href=\"https:\/\/madschool.ca\/fr\/\">\u00c9cole folle<\/a><\/li>\n<li class=\"menu-item menu-item-type-post_type menu-item-object-page menu-item-3677\"><a href=\"https:\/\/madschool.ca\/fr\/how-to-use-this-site\/\">Comment utiliser ce site<\/a><\/li>\n<li class=\"menu-item menu-item-type-post_type menu-item-object-page menu-item-681\"><a href=\"https:\/\/madschool.ca\/fr\/stigma-and-discrimination\/\">Module Stigmatisation<\/a><\/li>\n<li class=\"menu-item menu-item-type-post_type menu-item-object-page menu-item-679\"><a href=\"https:\/\/madschool.ca\/fr\/advocacy-activism\/\">Module Faire changement<\/a><\/li>\n<li class=\"menu-item menu-item-type-post_type menu-item-object-page menu-item-678\"><a href=\"https:\/\/madschool.ca\/fr\/medicine-and-power\/\">Module M\u00e9decine et pouvoir<\/a><\/li>\n<li class=\"menu-item menu-item-type-post_type menu-item-object-page menu-item-680\"><a href=\"https:\/\/madschool.ca\/fr\/models-of-practice\/\">Module Alternatives<\/a><\/li>\n<li class=\"menu-item menu-item-type-post_type menu-item-object-page menu-item-677\"><a href=\"https:\/\/madschool.ca\/fr\/policy-into-practice\/\">Module Politiques<\/a><\/li>\n<\/ul><\/div><\/div><!-- \/Widget Shortcode -->\n<p><a name=\"main-content\"><\/a><!-- Widget Shortcode --><div id=\"search-3\" class=\"widget widget_search widget-shortcode area-arbitrary \"><h2 class=\"widgettitle\">(English) SEARCH<\/h2><form role=\"search\" method=\"get\" class=\"search-form\" action=\"\/search-results\/\">\n\t\t\t\t<label>\n\t\t\t\t\t<span class=\"screen-reader-text\">Rechercher\u00a0:<\/span>\n\t\t\t\t\t<input type=\"search\" class=\"search-field\" placeholder=\"Rechercher\u2026\" value=\"\" name=\"_search_box\" \/>\n\t\t\t\t<\/label>\n\t\t\t\t<input type=\"submit\" class=\"search-submit\" value=\"Rechercher\" \/>\n\t\t\t<\/form><\/div><!-- \/Widget Shortcode --><\/p>\n<div class=\"rightmenu\"><!-- Widget Shortcode --><div id=\"nav_menu-34\" class=\"widget widget_nav_menu widget-shortcode area-arbitrary \"><div class=\"menu-how-to-use-this-site-container\"><ul id=\"menu-how-to-use-this-site-1\" class=\"menu\"><li class=\"menu-item menu-item-type-post_type menu-item-object-page menu-item-3669\"><a href=\"https:\/\/madschool.ca\/fr\/how-to-use-this-site\/\">Comment utiliser ce site<\/a><\/li>\n<li class=\"menu-item menu-item-type-post_type menu-item-object-page menu-item-3672\"><a href=\"https:\/\/madschool.ca\/fr\/how-to-use-this-site\/how-to-sub-4\/\">L\u2019enseignement en mati\u00e8re de sant\u00e9 mentale<\/a><\/li>\n<li class=\"menu-item menu-item-type-post_type menu-item-object-page menu-item-3674\"><a href=\"https:\/\/madschool.ca\/fr\/how-to-use-this-site\/how-to-sub-2\/\">La personnalisation d&rsquo;apprendre ensemble<\/a><\/li>\n<li class=\"menu-item menu-item-type-post_type menu-item-object-page menu-item-3673\"><a href=\"https:\/\/madschool.ca\/fr\/how-to-use-this-site\/how-to-sub-3\/\">La nouvelle dimension d&rsquo;apprendre ensemble<\/a><\/li>\n<li class=\"menu-item menu-item-type-post_type menu-item-object-page menu-item-3671\"><a href=\"https:\/\/madschool.ca\/fr\/how-to-use-this-site\/how-to-sub-5\/\">T\u00e9moignages d\u2019\u00e9tudiants<\/a><\/li>\n<li class=\"menu-item menu-item-type-post_type menu-item-object-page menu-item-3670\"><a href=\"https:\/\/madschool.ca\/fr\/how-to-use-this-site\/how-to-sub-6\/\">Les contenus de l&rsquo;apprendre ensemble \u2013 La liste<\/a><\/li>\n<li class=\"menu-item menu-item-type-post_type menu-item-object-page menu-item-home menu-item-3676\"><a href=\"https:\/\/madschool.ca\/fr\/\">Page d\u2019accueil<\/a><\/li>\n<\/ul><\/div><\/div><!-- \/Widget Shortcode --><\/div>\n<nav aria-label=\"breadcrumbs\">\n            <div class=\"breadcrumb-container theme1\">\n                <ol>\n                                    <\/ol>\n            <\/div>\n        <\/nav>    <script type=\"application\/ld+json\">\n        {\n            \"@context\": \"http:\/\/schema.org\",\n            \"@type\": \"BreadcrumbList\",\n            \"itemListElement\": [\n                            ]\n        }\n    <\/script>\n   \n    <script>\n            <\/script>\n\n<h1>T\u00e9moignages d\u2019\u00e9tudiants<\/h1>\n<p><a href=\"https:\/\/madschool.ca\/wp-content\/uploads\/2020\/06\/HIP-Swirl-2024.jpg\"><img decoding=\"async\" loading=\"lazy\" class=\"alignleft  wp-image-4315\" src=\"https:\/\/madschool.ca\/wp-content\/uploads\/2020\/06\/HIP-Swirl-2024-300x300.jpg\" alt=\"graphic swirl\" width=\"50\" height=\"49\" \/><\/a><a href=\"https:\/\/madschool.ca\/wp-content\/uploads\/2020\/06\/HIP-Swirl-2024.jpg\"><img decoding=\"async\" loading=\"lazy\" class=\"alignleft  wp-image-4315\" src=\"https:\/\/madschool.ca\/wp-content\/uploads\/2020\/06\/HIP-Swirl-2024-300x300.jpg\" alt=\"graphic swirl\" width=\"51\" height=\"50\" \/><\/a><a href=\"https:\/\/madschool.ca\/wp-content\/uploads\/2020\/06\/HIP-Swirl-2024.jpg\"><img decoding=\"async\" loading=\"lazy\" class=\"alignleft  wp-image-4315\" src=\"https:\/\/madschool.ca\/wp-content\/uploads\/2020\/06\/HIP-Swirl-2024-300x300.jpg\" alt=\"graphic swirl\" width=\"49\" height=\"49\" \/><\/a><\/p>\n<p>&nbsp;<\/p>\n<p>&nbsp;<\/p>\n<p>Nous avons test\u00e9 l&rsquo;apprendre ensemble dans sept cours de premier cycle dans trois facult\u00e9s de l\u2019Universit\u00e9 York durant l\u2019ann\u00e9e universitaire 2019-2020. Les commentaires des \u00e9tudiants sur le potentiel \u00e9ducatif du site ont \u00e9t\u00e9 positifs, particuli\u00e8rement en ce qi touchait la valeur des voix exp\u00e9rientielles en classe. De nombreux \u00e9tudiants ont dit trouver que le mat\u00e9riel p\u00e9dagogique propos\u00e9 par l&rsquo;apprendre ensemble validaient leurs propres exp\u00e9riences en mati\u00e8re de sant\u00e9 mentale. Cette plateforme offre aux institutions d\u2019\u00e9ducation des ressources pour atteindre leurs objectifs en mati\u00e8re de sant\u00e9 mentale.\u00a0<\/p>\n<p>Nous voulons en savoir plus sur l\u2019impact de l&rsquo;apprendre ensemble sur les apprenants et les \u00e9ducateurs. Veuillez nous faire part de vos commentaires \u00e0\u00a0: <a href=\"mailto:madness@yorku.ca\" target=\"_blank\" rel=\"noopener noreferrer\"><strong>madness@yorku.ca<\/strong><\/a><\/p>\n<blockquote>\n<p><span style=\"color: #5c6f3b;\"><span style=\"font-size: 12pt;\">En raison de ma culture, nous ne parlons pas \u00e0 propos de la sant\u00e9 mentale. Je croyais que ce n\u2019\u00e9tait pas un vrai sujet. Le r\u00e9cit de Lanny m\u2019a fait r\u00e9aliser que l\u2019ignorance se manifeste dans toute la soci\u00e9t\u00e9 face aux enjeux li\u00e9s \u00e0 la sant\u00e9 mentale\u2009. Je veux en apprendre davantage sur la sant\u00e9 mentale.\u00a0<\/span> <strong>\u00c9tudiante de<\/strong> <strong>3<sup>e\u00a0<\/sup>ann\u00e9e dans le programme Sant\u00e9 et soci\u00e9t\u00e9 \u00e0 l\u2019Universit\u00e9 York<\/strong>.<\/span><\/p>\n<\/blockquote>\n<blockquote>\n<p><span style=\"color: #5c6f3b;\"><span style=\"font-size: 12pt;\">J\u2019aime vraiment l&rsquo;apprendre ensemble. Le site Web est facile \u00e0 utiliser et je trouve le contenu tr\u00e8s enrichissant.\u00a0<\/span> <strong>\u00c9tudiant de 4e\u00a0ann\u00e9e dans le programme de politiques en sant\u00e9 \u00e0 l\u2019Universit\u00e9 York<\/strong>.<\/span><\/p>\n<\/blockquote>\n<blockquote>\n<p><span style=\"color: #5c6f3b;\"><span style=\"font-size: 12pt;\">\u2009L&rsquo;apprendre ensemble m\u2019a pr\u00e9sent\u00e9 le contexte historique de la mani\u00e8re dont les normes, les croyances et les attentes soci\u00e9tales s\u2019infiltrent dans le discours des sciences psychologiques, d\u00e9nigrant les exp\u00e9riences collectives ou la d\u00e9tresse. J\u2019ai \u00e9galement acquis des connaissances pr\u00e9cieuses sur le mouvement activiste des survivants psychiatriques, ce qui a approfondi mon int\u00e9r\u00eat pour les alternatives \u00e0 la psychiatrie et comment cela pourrait influencer ma pratique dans ma communaut\u00e9\u2009.<\/span>\u00a0 <strong>\u00c9tudiante de 4e\u00a0ann\u00e9e dans le programme de politiques en sant\u00e9 \u00e0 l\u2019Universit\u00e9 York<\/strong>.<\/span><\/p>\n<\/blockquote>\n<blockquote>\n<p><span style=\"color: #5c6f3b;\"><span style=\"font-size: 12pt;\">Je crois que la sculpture de l\u2019unit\u00e9 Regard psychiatrique dans le module M\u00e9decine et pouvoir est en soi tr\u00e8s puissante. \u00c0 mon avis, \u00e7a devrait \u00eatre montr\u00e9 aux m\u00e9decins et aux infirmi\u00e8res du monde entier qui travaillent avec les personnes souffrant de maladies mentales, afin qu\u2019ils puissent se rendre compte des impacts \u00e9motionnels de leur traitement sur certaines personnes.\u00a0<\/span> <strong>\u00c9tudiant en sciences infirmi\u00e8res de<\/strong> <strong>4<sup>e<\/sup>\u00a0ann\u00e9e \u00e0 l\u2019Universit\u00e9 York<\/strong>.<\/span><\/p>\n<\/blockquote>\n<blockquote>\n<p><span style=\"color: #5c6f3b;\"><span style=\"font-size: 12pt;\"> Dana Allan et Alistair Scott-Turner soulignent les r\u00e9percussions de la cat\u00e9gorisation dans le domaine des soins de sant\u00e9 et comment elle peut stigmatiser la maladie mentale en y ajoutant une connotation n\u00e9gative et invalidante. Cela a soulign\u00e9 la mani\u00e8re dont cette culture de cat\u00e9gorisation peut davantage nuire \u00e0 l\u2019estime de soi et \u00e0 la sant\u00e9 des individus. J\u2019ai compris qu\u2019en adoptant uniquement une perspective biom\u00e9dicale, je risquais d\u2019ajouter \u00e0 l\u2019oppression que subissent ces personnes.\u00a0<\/span> <strong>\u00c9tudiant en sciences infirmi\u00e8res de<\/strong> <strong>4<sup>e\u00a0<\/sup>ann\u00e9e<\/strong> <strong>\u00e0 l\u2019Universit\u00e9 York<\/strong>.<\/span><\/p>\n<\/blockquote>\n<p><\/p>","protected":false},"excerpt":{"rendered":"<p>T\u00e9moignages d\u2019\u00e9tudiants &nbsp; &nbsp; Nous avons test\u00e9 l&rsquo;apprendre ensemble dans sept cours de premier cycle dans trois facult\u00e9s de l\u2019Universit\u00e9 York durant l\u2019ann\u00e9e universitaire 2019-2020. Les commentaires des \u00e9tudiants sur le potentiel \u00e9ducatif du site ont \u00e9t\u00e9 positifs, particuli\u00e8rement en ce qi touchait la valeur des voix exp\u00e9rientielles en classe. De nombreux \u00e9tudiants ont dit &hellip; <\/p>\n","protected":false},"author":2,"featured_media":0,"parent":1596,"menu_order":4,"comment_status":"closed","ping_status":"closed","template":"","meta":[],"categories":[],"tags":[],"acf":[],"aioseo_notices":[],"_links":{"self":[{"href":"https:\/\/madschool.ca\/fr\/wp-json\/wp\/v2\/pages\/3665"}],"collection":[{"href":"https:\/\/madschool.ca\/fr\/wp-json\/wp\/v2\/pages"}],"about":[{"href":"https:\/\/madschool.ca\/fr\/wp-json\/wp\/v2\/types\/page"}],"author":[{"embeddable":true,"href":"https:\/\/madschool.ca\/fr\/wp-json\/wp\/v2\/users\/2"}],"replies":[{"embeddable":true,"href":"https:\/\/madschool.ca\/fr\/wp-json\/wp\/v2\/comments?post=3665"}],"version-history":[{"count":23,"href":"https:\/\/madschool.ca\/fr\/wp-json\/wp\/v2\/pages\/3665\/revisions"}],"predecessor-version":[{"id":4820,"href":"https:\/\/madschool.ca\/fr\/wp-json\/wp\/v2\/pages\/3665\/revisions\/4820"}],"up":[{"embeddable":true,"href":"https:\/\/madschool.ca\/fr\/wp-json\/wp\/v2\/pages\/1596"}],"wp:attachment":[{"href":"https:\/\/madschool.ca\/fr\/wp-json\/wp\/v2\/media?parent=3665"}],"wp:term":[{"taxonomy":"category","embeddable":true,"href":"https:\/\/madschool.ca\/fr\/wp-json\/wp\/v2\/categories?post=3665"},{"taxonomy":"post_tag","embeddable":true,"href":"https:\/\/madschool.ca\/fr\/wp-json\/wp\/v2\/tags?post=3665"}],"curies":[{"name":"wp","href":"https:\/\/api.w.org\/{rel}","templated":true}]}}