{"id":3667,"date":"2020-06-02T11:43:26","date_gmt":"2020-06-02T15:43:26","guid":{"rendered":"https:\/\/historyinpractice.ca\/?page_id=3667"},"modified":"2021-09-27T10:45:30","modified_gmt":"2021-09-27T14:45:30","slug":"how-to-sub-6","status":"publish","type":"page","link":"https:\/\/madschool.ca\/fr\/how-to-use-this-site\/how-to-sub-6\/","title":{"rendered":"Les contenus de l&rsquo;apprendre ensemble &#8211; La liste"},"content":{"rendered":"<p><!-- Widget Shortcode --><div id=\"nav_menu-2\" class=\"widget widget_nav_menu widget-shortcode area-arbitrary \"><h2 class=\"widgettitle\">History in Practice<\/h2><div class=\"menu-history-in-practice-container\"><ul id=\"menu-history-in-practice-1\" class=\"menu\"><li class=\"menu-item menu-item-type-post_type menu-item-object-page menu-item-home menu-item-676\"><a href=\"https:\/\/madschool.ca\/fr\/\">\u00c9cole folle<\/a><\/li>\n<li class=\"menu-item menu-item-type-post_type menu-item-object-page menu-item-3677\"><a href=\"https:\/\/madschool.ca\/fr\/how-to-use-this-site\/\">Comment utiliser ce site<\/a><\/li>\n<li class=\"menu-item menu-item-type-post_type menu-item-object-page menu-item-681\"><a href=\"https:\/\/madschool.ca\/fr\/stigma-and-discrimination\/\">Module Stigmatisation<\/a><\/li>\n<li class=\"menu-item menu-item-type-post_type menu-item-object-page menu-item-679\"><a href=\"https:\/\/madschool.ca\/fr\/advocacy-activism\/\">Module Faire changement<\/a><\/li>\n<li class=\"menu-item menu-item-type-post_type menu-item-object-page menu-item-678\"><a href=\"https:\/\/madschool.ca\/fr\/medicine-and-power\/\">Module M\u00e9decine et pouvoir<\/a><\/li>\n<li class=\"menu-item menu-item-type-post_type menu-item-object-page menu-item-680\"><a href=\"https:\/\/madschool.ca\/fr\/models-of-practice\/\">Module Alternatives<\/a><\/li>\n<li class=\"menu-item menu-item-type-post_type menu-item-object-page menu-item-677\"><a href=\"https:\/\/madschool.ca\/fr\/policy-into-practice\/\">Module Politiques<\/a><\/li>\n<\/ul><\/div><\/div><!-- \/Widget Shortcode --><\/p>\n<p><a name=\"main-content\"><\/a><!-- Widget Shortcode --><div id=\"search-3\" class=\"widget widget_search widget-shortcode area-arbitrary \"><h2 class=\"widgettitle\">(English) SEARCH<\/h2><form role=\"search\" method=\"get\" class=\"search-form\" action=\"\/search-results\/\">\n\t\t\t\t<label>\n\t\t\t\t\t<span class=\"screen-reader-text\">Rechercher\u00a0:<\/span>\n\t\t\t\t\t<input type=\"search\" class=\"search-field\" placeholder=\"Rechercher\u2026\" value=\"\" name=\"_search_box\" \/>\n\t\t\t\t<\/label>\n\t\t\t\t<input type=\"submit\" class=\"search-submit\" value=\"Rechercher\" \/>\n\t\t\t<\/form><\/div><!-- \/Widget Shortcode --><\/p>\n<div class=\"rightmenu\"><!-- Widget Shortcode --><div id=\"nav_menu-34\" class=\"widget widget_nav_menu widget-shortcode area-arbitrary \"><div class=\"menu-how-to-use-this-site-container\"><ul id=\"menu-how-to-use-this-site-1\" class=\"menu\"><li class=\"menu-item menu-item-type-post_type menu-item-object-page menu-item-3669\"><a href=\"https:\/\/madschool.ca\/fr\/how-to-use-this-site\/\">Comment utiliser ce site<\/a><\/li>\n<li class=\"menu-item menu-item-type-post_type menu-item-object-page menu-item-3672\"><a href=\"https:\/\/madschool.ca\/fr\/how-to-use-this-site\/how-to-sub-4\/\">L\u2019enseignement en mati\u00e8re de sant\u00e9 mentale<\/a><\/li>\n<li class=\"menu-item menu-item-type-post_type menu-item-object-page menu-item-3674\"><a href=\"https:\/\/madschool.ca\/fr\/how-to-use-this-site\/how-to-sub-2\/\">La personnalisation d&rsquo;apprendre ensemble<\/a><\/li>\n<li class=\"menu-item menu-item-type-post_type menu-item-object-page menu-item-3673\"><a href=\"https:\/\/madschool.ca\/fr\/how-to-use-this-site\/how-to-sub-3\/\">La nouvelle dimension d&rsquo;apprendre ensemble<\/a><\/li>\n<li class=\"menu-item menu-item-type-post_type menu-item-object-page menu-item-3671\"><a href=\"https:\/\/madschool.ca\/fr\/how-to-use-this-site\/how-to-sub-5\/\">T\u00e9moignages d\u2019\u00e9tudiants<\/a><\/li>\n<li class=\"menu-item menu-item-type-post_type menu-item-object-page menu-item-3670\"><a href=\"https:\/\/madschool.ca\/fr\/how-to-use-this-site\/how-to-sub-6\/\">Les contenus de l&rsquo;apprendre ensemble \u2013 La liste<\/a><\/li>\n<li class=\"menu-item menu-item-type-post_type menu-item-object-page menu-item-home menu-item-3676\"><a href=\"https:\/\/madschool.ca\/fr\/\">Page d\u2019accueil<\/a><\/li>\n<\/ul><\/div><\/div><!-- \/Widget Shortcode --><\/div>\n<nav aria-label=\"breadcrumbs\">\n            <div class=\"breadcrumb-container theme1\">\n                <ol>\n                                    <\/ol>\n            <\/div>\n        <\/nav>    <script type=\"application\/ld+json\">\n        {\n            \"@context\": \"http:\/\/schema.org\",\n            \"@type\": \"BreadcrumbList\",\n            \"itemListElement\": [\n                            ]\n        }\n    <\/script>\n   \n    <script>\n            <\/script>\n\n<h1>Les contenus de l&rsquo;apprendre ensemble &#8211; La liste<\/h1>\n<p><a href=\"https:\/\/madschool.ca\/wp-content\/uploads\/2020\/06\/HIP-Swirl-2024.jpg\"><img decoding=\"async\" loading=\"lazy\" class=\"alignleft wp-image-4315\" src=\"https:\/\/madschool.ca\/wp-content\/uploads\/2020\/06\/HIP-Swirl-2024-300x300.jpg\" alt=\"graphic swirl\" width=\"50\" height=\"49\" \/><\/a><a href=\"https:\/\/madschool.ca\/wp-content\/uploads\/2020\/06\/HIP-Swirl-2024.jpg\"><img decoding=\"async\" loading=\"lazy\" class=\"alignleft wp-image-4315\" src=\"https:\/\/madschool.ca\/wp-content\/uploads\/2020\/06\/HIP-Swirl-2024-300x300.jpg\" alt=\"graphic swirl\" width=\"51\" height=\"50\" \/><\/a><a href=\"https:\/\/madschool.ca\/wp-content\/uploads\/2020\/06\/HIP-Swirl-2024.jpg\"><img decoding=\"async\" loading=\"lazy\" class=\"alignleft wp-image-4315\" src=\"https:\/\/madschool.ca\/wp-content\/uploads\/2020\/06\/HIP-Swirl-2024-300x300.jpg\" alt=\"graphic swirl\" width=\"49\" height=\"49\" \/><\/a><\/p>\n<p>&nbsp;<\/p>\n<p>&nbsp;<\/p>\n<p>L&rsquo;apprendre ensemble compte plus de 80\u00a0contenus, dont chacun est trait\u00e9 dans une unit\u00e9 et situ\u00e9 dans un module th\u00e9matique. Cette liste annot\u00e9e des principaux contenus de l\u2019Het permet aux instructeurs de survoler rapidement le riche mat\u00e9riel d\u2019apprentissage exp\u00e9rientiel, pierre angulaire de l\u2019exp\u00e9rience \u00e9ducative du site. Vous trouverez d\u2019autres images, \u0153uvres d\u2019art, documents et clips audio et vid\u00e9o en consultant chaque unit\u00e9.<\/p>\n<h4><span style=\"font-size: 18pt;\">Module\u00a0: Stigmatisation <\/span><\/h4>\n<p><span style=\"font-size: 14pt; color: #5c6f3b;\">Unit\u00e9 \u2013 Combattre le stigmate en passant \u00e0 l\u2019action<\/span><\/p>\n<p><a href=\"https:\/\/madschool.ca\/stigma-and-discrimination\/moving-from-stigma-to-action\/\"><strong>Des t\u00e9moignages de premi\u00e8re ligne sur la marginalisation, la discrimination et l\u2019activisme naissant<\/strong><\/a> \u00e0 l\u2019\u00e9poque de la d\u00e9sinstitutionnalisation \u00e0 Toronto, de Pat Capponi, activiste et auteure de l\u2019autobiographie de 1992 \u00ab\u2009Upstairs in the Crazy House\u2009\u00bb.<\/p>\n<p><span style=\"color: #5c6f3b; font-size: 14pt;\">Unit\u00e9 \u2013Eux et nous<\/span><\/p>\n<p><a href=\"https:\/\/madschool.ca\/stigma-and-discrimination\/us-and-them\/\"><strong>Une r\u00e9flexion sur la distance entre le patient et le praticien. <\/strong><\/a>R\u00e9dig\u00e9 par Lanny Beckman, expert communautaire de L&rsquo;apprendre ensemble.<\/p>\n<h4><span style=\"font-size: 18pt;\">Module\u00a0: Faire changement<\/span><\/h4>\n<p><span style=\"color: #5c6f3b; font-size: 14pt;\">Unit\u00e9 \u2013 MPA\u00a0: l\u2019utopie des d\u00e9tenus<\/span><\/p>\n<p><a href=\"https:\/\/madschool.ca\/advocacy-activism\/mpa\/\"><strong>Un documentaire sur l\u2019exp\u00e9rience utopique de MPA<\/strong><\/a>, un organisme radical de patients psychiatriques fond\u00e9 \u00e0 Vancouver au d\u00e9but des ann\u00e9es\u00a01970.<\/p>\n<p><span style=\"font-size: 14pt; color: #5c6f3b;\">Unit\u00e9 \u2013 Un activiste et un acad\u00e9micien<\/span><\/p>\n<p><a href=\"https:\/\/madschool.ca\/fr\/advocacy-activism\/francais-un-activiste-et-un-academicien\/\"><strong>Des enregistrements audio<\/strong><\/a>\u00a0racontant une collaboration fructueuse entre deux milieux\u00a0: acad\u00e9mique et militant.<\/p>\n<h4><span style=\"font-size: 18pt;\">Module\u00a0: M\u00e9decine et pouvoir<\/span><\/h4>\n<p><span style=\"font-size: 14pt; color: #5c6f3b;\">Unit\u00e9 \u2013 L\u2019histoire de Doreen Befus<\/span><\/p>\n<p><a href=\"https:\/\/madschool.ca\/medicine-and-power\/the-doreen-befus-story\/\"><strong>Des documents, des commentaires audio et une histoire personnelle marquante<\/strong> <\/a>exposant l\u2019histoire de la st\u00e9rilisation au Canada.<\/p>\n<p><span style=\"font-size: 14pt; color: #5c6f3b;\">Unit\u00e9 \u2013 Ya\u2019Ya Heit et la sant\u00e9 mentale autochtone<\/span><\/p>\n<p><a href=\"https:\/\/madschool.ca\/medicine-and-power\/ya-ya-heit\/\"><strong>De l\u2019art et de la po\u00e9sie \u00e9voquant une perspective autochtone<\/strong><\/a> sur la sant\u00e9 mentale, ainsi qu\u2019un texte contextuel tissant des liens entre le colonialisme, la Loi sur les Indiens et les messages de ses \u0153uvres.<\/p>\n<p><span style=\"font-size: 14pt; color: #5c6f3b;\">Unit\u00e9 \u2013 La voie de Mo-Vay<\/span><\/p>\n<p><a href=\"https:\/\/madschool.ca\/medicine-and-power\/movays-way\/\"><strong>Un spectacle de marionnettes de 5\u00a0minutes<\/strong><\/a> sur l\u2019importance des syst\u00e8mes de gu\u00e9rison dans le traitement int\u00e9gral de la personne. Cr\u00e9\u00e9 par Lori, experte communautaire.<\/p>\n<p><span style=\"font-size: 14pt; color: #5c6f3b;\">Unit\u00e9 \u2013 Le regard psychiatrique<\/span><\/p>\n<p><a href=\"https:\/\/madschool.ca\/medicine-and-power\/the-psychiatric-gaze\/\"><strong>Une sculpture autobiographique dot\u00e9e d\u2019un titre provocateur<\/strong><\/a>, r\u00e9alis\u00e9e par deux experts communautaires partageant un v\u0153u sinc\u00e8re de cr\u00e9ation de partenariats de gu\u00e9rison dans le domaine de la sant\u00e9 mentale.<\/p>\n<p><span style=\"font-size: 14pt; color: #5c6f3b;\">Unit\u00e9 \u2013 L\u2019Interrogateur<\/span><\/p>\n<p><a href=\"https:\/\/madschool.ca\/medicine-and-power\/question-man\/\"><strong>Un vid\u00e9o de 6\u00a0minutes sur \u00ab\u2009L\u2019Interrogateur\u2009\u00bb<\/strong><\/a>, l\u2019alter ego d\u2019une patiente luttant pour sa propre identit\u00e9. Cr\u00e9\u00e9 par Irit Shimrat, experte communautaire.<\/p>\n<h4><span style=\"font-size: 18pt;\">Module\u00a0: Alternatives<\/span><\/h4>\n<p><span style=\"font-size: 14pt; color: #5c6f3b;\">Unit\u00e9 \u2013 Un chez-soi pour des milliers de personnes\u00a0<\/span><\/p>\n<p><a href=\"https:\/\/madschool.ca\/models-of-practice\/a-living-room-to-thousands\/?preview_id=714&amp;preview_nonce=dff00c43ea&amp;_thumbnail_id=-1&amp;preview=true\"><strong>Une s\u00e9rie d\u2019images et de textes<\/strong><\/a> introduisant les \u00e9tudiants au monde du PARC de Toronto, fond\u00e9 en 1980 en tant que centre d\u2019accueil offrant des services de base aux anciens patients psychiatriques. Cependant, il est aujourd\u2019hui reconnu comme une importante institution civile et un \u00ab\u2009chez-soi pour des milliers de personnes\u2009\u00bb.<\/p>\n<p><span style=\"font-size: 14pt; color: #5c6f3b;\">Unit\u00e9 \u2013 Gr\u00e2ce \u00e0 Edmond<\/span><\/p>\n<p><a href=\"https:\/\/madschool.ca\/models-of-practice\/because-of-edmond-a-place-of-safety-and-hope\/?preview_id=749&amp;preview_nonce=db23c31a3c&amp;_thumbnail_id=-1&amp;preview=true\"><strong>Des clips audio, des images et des documents percutants<\/strong><\/a> sur l\u2019histoire d\u2019Edmond\u00a0Yu. Il s\u2019agit d\u2019une chronique de soutien social inad\u00e9quat et de mauvaise gestion polici\u00e8re, qui renferme toutefois un post-scriptum d\u2019espoir : la cr\u00e9ation de logements supervis\u00e9s pour les personnes marginalis\u00e9es.<\/p>\n<p><span style=\"font-size: 14pt; color: #5c6f3b;\">Unit\u00e9 \u2013 Le programme \u00ab\u2009Unity Housing\u2009\u00bb<\/span><\/p>\n<p><a href=\"https:\/\/madschool.ca\/models-of-practice\/unity-housing\/\"><strong>Un documentaire de 10\u00a0minutes cr\u00e9\u00e9 par un expert communautaire de l&rsquo;apprendre ensemble,<\/strong><\/a> explorant les rouages du programme Unity Housing, un mod\u00e8le de logement communautaire g\u00e9r\u00e9 par et pour des survivants psychiatriques.<\/p>\n<p><span style=\"font-size: 14pt; color: #5c6f3b;\">Unit\u00e9 \u2013 Le pouvoir curatif de l\u2019art \u00e0 Gallery Gachet<\/span><\/p>\n<p><a href=\"https:\/\/madschool.ca\/models-of-practice\/doing-well-through-art-at-gallery-gachet\/\"><strong>Un vid\u00e9o de 10\u00a0minutes<\/strong><\/a> introduisant Gallery Gachet, une galerie d\u2019art situ\u00e9e \u00e0 Vancouver g\u00e9r\u00e9e par des artistes, \u0153uvrant \u00e0 l\u2019intersection de l\u2019art, de la gu\u00e9rison et de la justice sociale.<\/p>\n<h4><span style=\"font-size: 18pt;\">Module\u00a0: Politiques<\/span><\/h4>\n<p><span style=\"font-size: 14pt; color: #5c6f3b;\">Unit\u00e9 \u2013 Parler \u00e0 l\u2019histoire\u00a0: la politique en mati\u00e8re de sant\u00e9 mentale<\/span><\/p>\n<p><a href=\"https:\/\/madschool.ca\/policy-into-practice\/speaking-to-history\/\"><strong>Des documents historiques et commentaires audio d\u2019initi\u00e9s<\/strong><\/a>, tra\u00e7ant le d\u00e9veloppement et l\u2019\u00e9thique de la sant\u00e9 mentale communautaire au Canada.<\/p>\n<p>&nbsp;<\/p>\n<p>&nbsp;<\/p>\n<p>&nbsp;<\/p>\n<p>&nbsp;<\/p>","protected":false},"excerpt":{"rendered":"<p>Les contenus de l&rsquo;apprendre ensemble &#8211; La liste &nbsp; &nbsp; L&rsquo;apprendre ensemble compte plus de 80\u00a0contenus, dont chacun est trait\u00e9 dans une unit\u00e9 et situ\u00e9 dans un module th\u00e9matique. Cette liste annot\u00e9e des principaux contenus de l\u2019Het permet aux instructeurs de survoler rapidement le riche mat\u00e9riel d\u2019apprentissage exp\u00e9rientiel, pierre angulaire de l\u2019exp\u00e9rience \u00e9ducative du site. &hellip; <\/p>\n","protected":false},"author":2,"featured_media":0,"parent":1596,"menu_order":5,"comment_status":"closed","ping_status":"closed","template":"","meta":[],"categories":[],"tags":[],"acf":[],"aioseo_notices":[],"_links":{"self":[{"href":"https:\/\/madschool.ca\/fr\/wp-json\/wp\/v2\/pages\/3667"}],"collection":[{"href":"https:\/\/madschool.ca\/fr\/wp-json\/wp\/v2\/pages"}],"about":[{"href":"https:\/\/madschool.ca\/fr\/wp-json\/wp\/v2\/types\/page"}],"author":[{"embeddable":true,"href":"https:\/\/madschool.ca\/fr\/wp-json\/wp\/v2\/users\/2"}],"replies":[{"embeddable":true,"href":"https:\/\/madschool.ca\/fr\/wp-json\/wp\/v2\/comments?post=3667"}],"version-history":[{"count":51,"href":"https:\/\/madschool.ca\/fr\/wp-json\/wp\/v2\/pages\/3667\/revisions"}],"predecessor-version":[{"id":4421,"href":"https:\/\/madschool.ca\/fr\/wp-json\/wp\/v2\/pages\/3667\/revisions\/4421"}],"up":[{"embeddable":true,"href":"https:\/\/madschool.ca\/fr\/wp-json\/wp\/v2\/pages\/1596"}],"wp:attachment":[{"href":"https:\/\/madschool.ca\/fr\/wp-json\/wp\/v2\/media?parent=3667"}],"wp:term":[{"taxonomy":"category","embeddable":true,"href":"https:\/\/madschool.ca\/fr\/wp-json\/wp\/v2\/categories?post=3667"},{"taxonomy":"post_tag","embeddable":true,"href":"https:\/\/madschool.ca\/fr\/wp-json\/wp\/v2\/tags?post=3667"}],"curies":[{"name":"wp","href":"https:\/\/api.w.org\/{rel}","templated":true}]}}