{"id":3680,"date":"2020-06-02T11:56:58","date_gmt":"2020-06-02T15:56:58","guid":{"rendered":"https:\/\/historyinpractice.ca\/?page_id=3680"},"modified":"2022-04-22T19:31:52","modified_gmt":"2022-04-22T23:31:52","slug":"contact","status":"publish","type":"page","link":"https:\/\/madschool.ca\/fr\/contact\/","title":{"rendered":"Coordonn\u00e9es"},"content":{"rendered":"<p><\/p>\n<!-- Widget Shortcode --><div id=\"nav_menu-2\" class=\"widget widget_nav_menu widget-shortcode area-arbitrary \"><h2 class=\"widgettitle\">History in Practice<\/h2><div class=\"menu-history-in-practice-container\"><ul id=\"menu-history-in-practice-1\" class=\"menu\"><li class=\"menu-item menu-item-type-post_type menu-item-object-page menu-item-home menu-item-676\"><a href=\"https:\/\/madschool.ca\/fr\/\">\u00c9cole folle<\/a><\/li>\n<li class=\"menu-item menu-item-type-post_type menu-item-object-page menu-item-3677\"><a href=\"https:\/\/madschool.ca\/fr\/how-to-use-this-site\/\">Comment utiliser ce site<\/a><\/li>\n<li class=\"menu-item menu-item-type-post_type menu-item-object-page menu-item-681\"><a href=\"https:\/\/madschool.ca\/fr\/stigma-and-discrimination\/\">Module Stigmatisation<\/a><\/li>\n<li class=\"menu-item menu-item-type-post_type menu-item-object-page menu-item-679\"><a href=\"https:\/\/madschool.ca\/fr\/advocacy-activism\/\">Module Faire changement<\/a><\/li>\n<li class=\"menu-item menu-item-type-post_type menu-item-object-page menu-item-678\"><a href=\"https:\/\/madschool.ca\/fr\/medicine-and-power\/\">Module M\u00e9decine et pouvoir<\/a><\/li>\n<li class=\"menu-item menu-item-type-post_type menu-item-object-page menu-item-680\"><a href=\"https:\/\/madschool.ca\/fr\/models-of-practice\/\">Module Alternatives<\/a><\/li>\n<li class=\"menu-item menu-item-type-post_type menu-item-object-page menu-item-677\"><a href=\"https:\/\/madschool.ca\/fr\/policy-into-practice\/\">Module Politiques<\/a><\/li>\n<\/ul><\/div><\/div><!-- \/Widget Shortcode -->\n<p><a name=\"main-content\"><\/a><!-- Widget Shortcode --><div id=\"search-3\" class=\"widget widget_search widget-shortcode area-arbitrary \"><h2 class=\"widgettitle\">(English) SEARCH<\/h2><form role=\"search\" method=\"get\" class=\"search-form\" action=\"\/search-results\/\">\n\t\t\t\t<label>\n\t\t\t\t\t<span class=\"screen-reader-text\">Rechercher\u00a0:<\/span>\n\t\t\t\t\t<input type=\"search\" class=\"search-field\" placeholder=\"Rechercher\u2026\" value=\"\" name=\"_search_box\" \/>\n\t\t\t\t<\/label>\n\t\t\t\t<input type=\"submit\" class=\"search-submit\" value=\"Rechercher\" \/>\n\t\t\t<\/form><\/div><!-- \/Widget Shortcode --><\/p>\n<h1>Coordonn\u00e9es<\/h1>\n<p>Nous serions ravis de savoir comment L&rsquo;apprendre ensemble r\u00e9pond \u00e0 vos besoins!\u00a0<\/p>\n<p>Veuillez envoyer les \u00e9valuations des \u00e9ducateurs et des apprenants \u00e0 : <strong>madness@yorku.ca<\/strong><\/p>\n<p><\/p>","protected":false},"excerpt":{"rendered":"<p>Coordonn\u00e9es Nous serions ravis de savoir comment L&rsquo;apprendre ensemble r\u00e9pond \u00e0 vos besoins!\u00a0 Veuillez envoyer les \u00e9valuations des \u00e9ducateurs et des apprenants \u00e0 : madness@yorku.ca<\/p>\n","protected":false},"author":2,"featured_media":0,"parent":0,"menu_order":7,"comment_status":"closed","ping_status":"closed","template":"","meta":[],"categories":[],"tags":[],"acf":[],"aioseo_notices":[],"_links":{"self":[{"href":"https:\/\/madschool.ca\/fr\/wp-json\/wp\/v2\/pages\/3680"}],"collection":[{"href":"https:\/\/madschool.ca\/fr\/wp-json\/wp\/v2\/pages"}],"about":[{"href":"https:\/\/madschool.ca\/fr\/wp-json\/wp\/v2\/types\/page"}],"author":[{"embeddable":true,"href":"https:\/\/madschool.ca\/fr\/wp-json\/wp\/v2\/users\/2"}],"replies":[{"embeddable":true,"href":"https:\/\/madschool.ca\/fr\/wp-json\/wp\/v2\/comments?post=3680"}],"version-history":[{"count":12,"href":"https:\/\/madschool.ca\/fr\/wp-json\/wp\/v2\/pages\/3680\/revisions"}],"predecessor-version":[{"id":6260,"href":"https:\/\/madschool.ca\/fr\/wp-json\/wp\/v2\/pages\/3680\/revisions\/6260"}],"wp:attachment":[{"href":"https:\/\/madschool.ca\/fr\/wp-json\/wp\/v2\/media?parent=3680"}],"wp:term":[{"taxonomy":"category","embeddable":true,"href":"https:\/\/madschool.ca\/fr\/wp-json\/wp\/v2\/categories?post=3680"},{"taxonomy":"post_tag","embeddable":true,"href":"https:\/\/madschool.ca\/fr\/wp-json\/wp\/v2\/tags?post=3680"}],"curies":[{"name":"wp","href":"https:\/\/api.w.org\/{rel}","templated":true}]}}