{"id":6275,"date":"2022-10-30T14:01:57","date_gmt":"2022-10-30T18:01:57","guid":{"rendered":"https:\/\/madschool.ca\/models-of-practice\/doing-well-through-art-at-gallery-gachet\/evaluate-funding-application-2\/"},"modified":"2022-12-16T11:48:01","modified_gmt":"2022-12-16T16:48:01","slug":"evaluate-funding-application-2","status":"publish","type":"page","link":"https:\/\/madschool.ca\/fr\/models-of-practice\/the-days-unit\/evaluate-funding-application-2\/","title":{"rendered":"Demande de financement"},"content":{"rendered":"<p><\/p>\n<!-- Widget Shortcode --><div id=\"nav_menu-2\" class=\"widget widget_nav_menu widget-shortcode area-arbitrary \"><h2 class=\"widgettitle\">History in Practice<\/h2><div class=\"menu-history-in-practice-container\"><ul id=\"menu-history-in-practice-1\" class=\"menu\"><li class=\"menu-item menu-item-type-post_type menu-item-object-page menu-item-home menu-item-676\"><a href=\"https:\/\/madschool.ca\/fr\/\">\u00c9cole folle<\/a><\/li>\n<li class=\"menu-item menu-item-type-post_type menu-item-object-page menu-item-3677\"><a href=\"https:\/\/madschool.ca\/fr\/how-to-use-this-site\/\">Comment utiliser ce site<\/a><\/li>\n<li class=\"menu-item menu-item-type-post_type menu-item-object-page menu-item-681\"><a href=\"https:\/\/madschool.ca\/fr\/stigma-and-discrimination\/\">Module Stigmatisation<\/a><\/li>\n<li class=\"menu-item menu-item-type-post_type menu-item-object-page menu-item-679\"><a href=\"https:\/\/madschool.ca\/fr\/advocacy-activism\/\">Module Faire changement<\/a><\/li>\n<li class=\"menu-item menu-item-type-post_type menu-item-object-page menu-item-678\"><a href=\"https:\/\/madschool.ca\/fr\/medicine-and-power\/\">Module M\u00e9decine et pouvoir<\/a><\/li>\n<li class=\"menu-item menu-item-type-post_type menu-item-object-page menu-item-680\"><a href=\"https:\/\/madschool.ca\/fr\/models-of-practice\/\">Module Alternatives<\/a><\/li>\n<li class=\"menu-item menu-item-type-post_type menu-item-object-page menu-item-677\"><a href=\"https:\/\/madschool.ca\/fr\/policy-into-practice\/\">Module Politiques<\/a><\/li>\n<\/ul><\/div><\/div><!-- \/Widget Shortcode -->\n<p><a name=\"main-content\"><\/a><!-- Widget Shortcode --><div id=\"search-3\" class=\"widget widget_search widget-shortcode area-arbitrary \"><h2 class=\"widgettitle\">(English) SEARCH<\/h2><form role=\"search\" method=\"get\" class=\"search-form\" action=\"\/search-results\/\">\n\t\t\t\t<label>\n\t\t\t\t\t<span class=\"screen-reader-text\">Rechercher\u00a0:<\/span>\n\t\t\t\t\t<input type=\"search\" class=\"search-field\" placeholder=\"Rechercher\u2026\" value=\"\" name=\"_search_box\" \/>\n\t\t\t\t<\/label>\n\t\t\t\t<input type=\"submit\" class=\"search-submit\" value=\"Rechercher\" \/>\n\t\t\t<\/form><\/div><!-- \/Widget Shortcode --><\/p>\n<div class=\"rightmenu\"><!-- Widget Shortcode --><div id=\"nav_menu-9\" class=\"widget widget_nav_menu widget-shortcode area-arbitrary \"><h2 class=\"widgettitle\">Doing Well Through Art<\/h2><div class=\"menu-doing-well-through-art-container\"><ul id=\"menu-doing-well-through-art\" class=\"menu\"><li class=\"menu-item menu-item-type-post_type menu-item-object-page menu-item-835\"><a href=\"https:\/\/madschool.ca\/fr\/models-of-practice\/doing-well-through-art-at-gallery-gachet\/\">Le pouvoir curatif de l\u2019art<\/a><\/li>\n<li class=\"menu-item menu-item-type-post_type menu-item-object-page menu-item-957\"><a href=\"https:\/\/madschool.ca\/fr\/models-of-practice\/doing-well-through-art-at-gallery-gachet\/evaluate-funding-application\/\">\u00c9valuation : Demande de financement<\/a><\/li>\n<li class=\"menu-item menu-item-type-post_type menu-item-object-page menu-item-881\"><a href=\"https:\/\/madschool.ca\/fr\/models-of-practice\/\">Module Alternatives<\/a><\/li>\n<\/ul><\/div><\/div><!-- \/Widget Shortcode --><\/div>\n<nav aria-label=\"breadcrumbs\">\n            <div class=\"breadcrumb-container theme1\">\n                <ol>\n                                    <\/ol>\n            <\/div>\n        <\/nav>    <script type=\"application\/ld+json\">\n        {\n            \"@context\": \"http:\/\/schema.org\",\n            \"@type\": \"BreadcrumbList\",\n            \"itemListElement\": [\n                            ]\n        }\n    <\/script>\n   \n    <script>\n            <\/script>\n\n<h1><img decoding=\"async\" loading=\"lazy\" class=\"alignnone size-thumbnail wp-image-1378\" src=\"https:\/\/madschool.ca\/wp-content\/uploads\/2019\/08\/Evaluating-Icon-2024-150x150.jpg\" alt=\"Green kitchen weigh scale\" width=\"150\" height=\"150\" \/>Demande de financement<\/h1>\n<p>Minutage : 15 minutes<br \/>\nMode : ind\u00e9pendante; en ligne<\/p>\n<p><iframe loading=\"lazy\" src=\"\/\/www.youtube.com\/embed\/0yP62RAjVF4\" width=\"560\" height=\"314\" allowfullscreen=\"allowfullscreen\"><\/iframe><\/p>\n<p>En septembre 2015, le collectif de la galerie Gachet a appris que sa source principale de financement op\u00e9rationnel, la Vancouver Coastal Health Authority (l\u2019autorit\u00e9 r\u00e9gionale de la sant\u00e9), retirerait l\u2019aide financi\u00e8re octroy\u00e9e \u00e0 l\u2019organisation. Apr\u00e8s avoir regard\u00e9 la vid\u00e9o de la galerie Gachet, partagez la d\u00e9cision de la Vancouver Coastal Health Authority avec les \u00e9tudiants et demandez-leur de r\u00e9diger une lettre convaincante ou un t\u00e9moignage \u00e9loquent pour persuader le conseil administratif de revenir sur sa d\u00e9cision. Les \u00e9tudiants devront visiter\u00a0<a href=\"http:\/\/gachet.org\/\"><strong>le site Web de la galerie Gachet<\/strong><\/a>\u00a0(en anglais seulement) pour pr\u00e9parer leurs propositions. Ils trouveront peut-\u00eatre \u00e9galement utile d\u2019en apprendre davantage au sujet\u00a0d\u2019<strong><a href=\"http:\/\/artbeatstudio.ca\/\">ArtBeat<\/a><\/strong>, un studio d\u2019art communautaire dynamique et prosp\u00e8re situ\u00e9 \u00e0 Winnipeg et dirig\u00e9 par les utilisateurs des services.<\/p>\n<p><\/p>","protected":false},"excerpt":{"rendered":"<p>Demande de financement Minutage : 15 minutes Mode : ind\u00e9pendante; en ligne En septembre 2015, le collectif de la galerie Gachet a appris que sa source principale de financement op\u00e9rationnel, la Vancouver Coastal Health Authority (l\u2019autorit\u00e9 r\u00e9gionale de la sant\u00e9), retirerait l\u2019aide financi\u00e8re octroy\u00e9e \u00e0 l\u2019organisation. Apr\u00e8s avoir regard\u00e9 la vid\u00e9o de la galerie Gachet, &hellip; <\/p>\n","protected":false},"author":2,"featured_media":0,"parent":6266,"menu_order":0,"comment_status":"closed","ping_status":"closed","template":"","meta":[],"categories":[68,121,112,72,123,206,88,102,83,89,51,202,210,76,70,57,64,205,98,85,58,53,99,100,209,71],"tags":[],"acf":[],"aioseo_notices":[],"_links":{"self":[{"href":"https:\/\/madschool.ca\/fr\/wp-json\/wp\/v2\/pages\/6275"}],"collection":[{"href":"https:\/\/madschool.ca\/fr\/wp-json\/wp\/v2\/pages"}],"about":[{"href":"https:\/\/madschool.ca\/fr\/wp-json\/wp\/v2\/types\/page"}],"author":[{"embeddable":true,"href":"https:\/\/madschool.ca\/fr\/wp-json\/wp\/v2\/users\/2"}],"replies":[{"embeddable":true,"href":"https:\/\/madschool.ca\/fr\/wp-json\/wp\/v2\/comments?post=6275"}],"version-history":[{"count":17,"href":"https:\/\/madschool.ca\/fr\/wp-json\/wp\/v2\/pages\/6275\/revisions"}],"predecessor-version":[{"id":6918,"href":"https:\/\/madschool.ca\/fr\/wp-json\/wp\/v2\/pages\/6275\/revisions\/6918"}],"up":[{"embeddable":true,"href":"https:\/\/madschool.ca\/fr\/wp-json\/wp\/v2\/pages\/6266"}],"wp:attachment":[{"href":"https:\/\/madschool.ca\/fr\/wp-json\/wp\/v2\/media?parent=6275"}],"wp:term":[{"taxonomy":"category","embeddable":true,"href":"https:\/\/madschool.ca\/fr\/wp-json\/wp\/v2\/categories?post=6275"},{"taxonomy":"post_tag","embeddable":true,"href":"https:\/\/madschool.ca\/fr\/wp-json\/wp\/v2\/tags?post=6275"}],"curies":[{"name":"wp","href":"https:\/\/api.w.org\/{rel}","templated":true}]}}