{"id":628,"date":"2019-07-16T14:50:32","date_gmt":"2019-07-16T18:50:32","guid":{"rendered":"https:\/\/historyinpractice.ca\/?page_id=628"},"modified":"2022-12-16T11:16:10","modified_gmt":"2022-12-16T16:16:10","slug":"history-in-practice","status":"publish","type":"page","link":"https:\/\/madschool.ca\/fr\/","title":{"rendered":"History in Practice"},"content":{"rendered":"<p><\/p>\n<!-- Widget Shortcode --><div id=\"nav_menu-2\" class=\"widget widget_nav_menu widget-shortcode area-arbitrary \"><h2 class=\"widgettitle\">History in Practice<\/h2><div class=\"menu-history-in-practice-container\"><ul id=\"menu-history-in-practice-1\" class=\"menu\"><li class=\"menu-item menu-item-type-post_type menu-item-object-page menu-item-home menu-item-676\"><a href=\"https:\/\/madschool.ca\/fr\/\">\u00c9cole folle<\/a><\/li>\n<li class=\"menu-item menu-item-type-post_type menu-item-object-page menu-item-3677\"><a href=\"https:\/\/madschool.ca\/fr\/how-to-use-this-site\/\">Comment utiliser ce site<\/a><\/li>\n<li class=\"menu-item menu-item-type-post_type menu-item-object-page menu-item-681\"><a href=\"https:\/\/madschool.ca\/fr\/stigma-and-discrimination\/\">Module Stigmatisation<\/a><\/li>\n<li class=\"menu-item menu-item-type-post_type menu-item-object-page menu-item-679\"><a href=\"https:\/\/madschool.ca\/fr\/advocacy-activism\/\">Module Faire changement<\/a><\/li>\n<li class=\"menu-item menu-item-type-post_type menu-item-object-page menu-item-678\"><a href=\"https:\/\/madschool.ca\/fr\/medicine-and-power\/\">Module M\u00e9decine et pouvoir<\/a><\/li>\n<li class=\"menu-item menu-item-type-post_type menu-item-object-page menu-item-680\"><a href=\"https:\/\/madschool.ca\/fr\/models-of-practice\/\">Module Alternatives<\/a><\/li>\n<li class=\"menu-item menu-item-type-post_type menu-item-object-page menu-item-677\"><a href=\"https:\/\/madschool.ca\/fr\/policy-into-practice\/\">Module Politiques<\/a><\/li>\n<\/ul><\/div><\/div><!-- \/Widget Shortcode -->\n<p><a name=\"main-content\"><\/a><!-- Widget Shortcode --><div id=\"search-3\" class=\"widget widget_search widget-shortcode area-arbitrary \"><h2 class=\"widgettitle\">(English) SEARCH<\/h2><form role=\"search\" method=\"get\" class=\"search-form\" action=\"\/search-results\/\">\n\t\t\t\t<label>\n\t\t\t\t\t<span class=\"screen-reader-text\">Rechercher\u00a0:<\/span>\n\t\t\t\t\t<input type=\"search\" class=\"search-field\" placeholder=\"Rechercher\u2026\" value=\"\" name=\"_search_box\" \/>\n\t\t\t\t<\/label>\n\t\t\t\t<input type=\"submit\" class=\"search-submit\" value=\"Rechercher\" \/>\n\t\t\t<\/form><\/div><!-- \/Widget Shortcode --><\/p>\n<div class=\"gridcontainer\" style=\"margin: 50px auto 0;\">\n<div class=\"double one textonly top\">\n<div class=\"container\" style=\"text-align: left; padding: 0 20px 0; font-weight: normal;\">La sant\u00e9 mentale est un sujet de pr\u00e9occupation au Canada et dans le monde ; cependant, il est difficile de trouver des ressources p\u00e9dagogiques novatrices et objectives sur le sujet. \u00c9cole folle est n\u00e9e d\u2019un partenariat entre des experts universitaires et communautaires ayant une exp\u00e9rience directe des services de sant\u00e9 mentale. En compl\u00e9ment du programme scolaire, \u00c9cole folle permet aux \u00e9tudiants de favoriser des changements positifs en mati\u00e8re de sant\u00e9 mentale.<\/div>\n<div>\u00a0<\/div>\n<\/div>\n<div id=\"one\" class=\"single three top\">\n<div id=\"second-body1\">\n<div class=\"container\">Comment utiliser ce site<\/p>\n<div id=\"inside_the_text1\" class=\"overlay\">\n<div class=\"text\">Comment utiliser ce site<\/p>\n<p><span lang=\"EN-CA\">Comment optimiser les ressources de ce<\/span><span lang=\"EN-CA\"> site?<\/span><\/p>\n<p><a class=\"lonk\" href=\"https:\/\/madschool.ca\/how-to-use-this-site\/\">Visiter Comment utiliser ce site<\/a><\/p>\n<\/div>\n<\/div>\n<\/div>\n<\/div>\n<\/div>\n<div id=\"two\" class=\"single one middle\">\n<div id=\"second-body2\">\n<div class=\"container\">Module Stigmatisation<\/p>\n<div id=\"inside_the_text2\" class=\"overlay\">\n<div class=\"text\"><b>Module Stigmatisation<\/b><\/p>\n<p><span lang=\"EN-CA\">Comment lutter contre l\u2019intol\u00e9rance et l\u2019in\u00e9galit\u00e9 face \u00e0 la sant\u00e9 mentale?<\/span><\/p>\n<p><a class=\"lonk\" href=\"https:\/\/madschool.ca\/stigma-and-discrimination\/\">Visiter Stigmatisation<\/a><\/p>\n<\/div>\n<\/div>\n<\/div>\n<\/div>\n<\/div>\n<div id=\"three\" class=\"single two middle\">\n<div id=\"second-body3\">\n<div class=\"container\">Module Faire changement<\/p>\n<div id=\"inside_the_text3\" class=\"overlay\">\n<div class=\"text\"><b>Module Faire changement<\/b><\/p>\n<p><span lang=\"EN-CA\">Comment les praticiens peuvent-ils exploiter le potentiel de l\u2019activisme communautaire?<\/span><\/p>\n<p><a class=\"lonk\" href=\"https:\/\/madschool.ca\/advocacy-activism\/\">Visiter Faire changement<\/a><\/p>\n<\/div>\n<\/div>\n<\/div>\n<\/div>\n<\/div>\n<div id=\"four\" class=\"single three middle\">\n<div id=\"second-body4\">\n<div class=\"container\">Module M\u00e9decine et pouvoir<\/p>\n<div id=\"inside_the_text4\" class=\"overlay\">\n<div class=\"text\"><b>Module M\u00e9decine et pouvoir<\/b><\/p>\n<p><span lang=\"EN-CA\">Pourquoi les mod\u00e8les de traitements m\u00e9dicaux dominent-ils le domaine de la sant\u00e9 mentale?<\/span><\/p>\n<p><a class=\"lonk\" href=\"https:\/\/madschool.ca\/medicine-and-power\/\">Visiter M\u00e9decine et pouvoir<\/a><\/p>\n<\/div>\n<\/div>\n<\/div>\n<\/div>\n<\/div>\n<div class=\"single one bottom\">\n<div id=\"second-body5\">\n<div class=\"container\">Module Alternatives<\/p>\n<div id=\"inside_the_text5\" class=\"overlay\">\n<div class=\"text\"><b>Module Alternatives<\/b><\/p>\n<p><span lang=\"EN-CA\">Qu\u2019est-ce qui fonctionne <strong>pour\u00a0<\/strong>les usagers de services de sant\u00e9 mentale? <\/span> <\/p>\n<p><a class=\"lonk\" href=\"https:\/\/madschool.ca\/models-of-practice\/\">Visiter Alternatives<\/a><\/p>\n<\/div>\n<\/div>\n<\/div>\n<\/div>\n<\/div>\n<div id=\"five\" class=\"single two bottom\">\n<div id=\"second-body6\">\n<div class=\"container\">Module Politiques<\/p>\n<div id=\"inside_the_text6\" class=\"overlay\">\n<div class=\"text\"><b>Module Politiques<\/b><\/p>\n<p><span lang=\"EN-CA\">Quels ont \u00e9t\u00e9 les premiers mod\u00e8les de sant\u00e9 mentale communautaire?<\/span><\/p>\n<p><a class=\"lonk\" href=\"https:\/\/madschool.ca\/policy-into-practice\/\">Visiter Politiques<\/a><\/p>\n<\/div>\n<\/div>\n<\/div>\n<\/div>\n<\/div>\n<div id=\"six\" class=\"single three bottom\">\n<div id=\"second-body7\">\u00a0<\/div>\n<\/div>\n<\/div>\n<p><\/p>","protected":false},"excerpt":{"rendered":"<p>La sant\u00e9 mentale est un sujet de pr\u00e9occupation au Canada et dans le monde ; cependant, il est difficile de trouver des ressources p\u00e9dagogiques novatrices et objectives sur le sujet. \u00c9cole folle est n\u00e9e d\u2019un partenariat entre des experts universitaires et communautaires ayant une exp\u00e9rience directe des services de sant\u00e9 mentale. En compl\u00e9ment du programme &hellip; <\/p>\n","protected":false},"author":2,"featured_media":0,"parent":0,"menu_order":5,"comment_status":"closed","ping_status":"closed","template":"","meta":[],"categories":[],"tags":[],"acf":[],"aioseo_notices":[],"_links":{"self":[{"href":"https:\/\/madschool.ca\/fr\/wp-json\/wp\/v2\/pages\/628"}],"collection":[{"href":"https:\/\/madschool.ca\/fr\/wp-json\/wp\/v2\/pages"}],"about":[{"href":"https:\/\/madschool.ca\/fr\/wp-json\/wp\/v2\/types\/page"}],"author":[{"embeddable":true,"href":"https:\/\/madschool.ca\/fr\/wp-json\/wp\/v2\/users\/2"}],"replies":[{"embeddable":true,"href":"https:\/\/madschool.ca\/fr\/wp-json\/wp\/v2\/comments?post=628"}],"version-history":[{"count":89,"href":"https:\/\/madschool.ca\/fr\/wp-json\/wp\/v2\/pages\/628\/revisions"}],"predecessor-version":[{"id":6903,"href":"https:\/\/madschool.ca\/fr\/wp-json\/wp\/v2\/pages\/628\/revisions\/6903"}],"wp:attachment":[{"href":"https:\/\/madschool.ca\/fr\/wp-json\/wp\/v2\/media?parent=628"}],"wp:term":[{"taxonomy":"category","embeddable":true,"href":"https:\/\/madschool.ca\/fr\/wp-json\/wp\/v2\/categories?post=628"},{"taxonomy":"post_tag","embeddable":true,"href":"https:\/\/madschool.ca\/fr\/wp-json\/wp\/v2\/tags?post=628"}],"curies":[{"name":"wp","href":"https:\/\/api.w.org\/{rel}","templated":true}]}}