{"id":6326,"date":"2022-10-30T21:23:45","date_gmt":"2022-10-31T01:23:45","guid":{"rendered":"https:\/\/madschool.ca\/stigma-and-discrimination\/us-and-them\/evaluate-report-back-2\/"},"modified":"2022-12-02T12:53:51","modified_gmt":"2022-12-02T17:53:51","slug":"component-evaluation-deconstructing-madness","status":"publish","type":"page","link":"https:\/\/madschool.ca\/fr\/stigma-and-discrimination\/psychiatric-hollywood\/component-evaluation-deconstructing-madness\/","title":{"rendered":"2 \u00e0 5 minutes et compte-rendu"},"content":{"rendered":"<p><!-- Widget Shortcode --><div id=\"nav_menu-2\" class=\"widget widget_nav_menu widget-shortcode area-arbitrary \"><h2 class=\"widgettitle\">History in Practice<\/h2><div class=\"menu-history-in-practice-container\"><ul id=\"menu-history-in-practice-1\" class=\"menu\"><li class=\"menu-item menu-item-type-post_type menu-item-object-page menu-item-home menu-item-676\"><a href=\"https:\/\/madschool.ca\/fr\/\">\u00c9cole folle<\/a><\/li>\n<li class=\"menu-item menu-item-type-post_type menu-item-object-page menu-item-3677\"><a href=\"https:\/\/madschool.ca\/fr\/how-to-use-this-site\/\">Comment utiliser ce site<\/a><\/li>\n<li class=\"menu-item menu-item-type-post_type menu-item-object-page menu-item-681\"><a href=\"https:\/\/madschool.ca\/fr\/stigma-and-discrimination\/\">Module Stigmatisation<\/a><\/li>\n<li class=\"menu-item menu-item-type-post_type menu-item-object-page menu-item-679\"><a href=\"https:\/\/madschool.ca\/fr\/advocacy-activism\/\">Module Faire changement<\/a><\/li>\n<li class=\"menu-item menu-item-type-post_type menu-item-object-page menu-item-678\"><a href=\"https:\/\/madschool.ca\/fr\/medicine-and-power\/\">Module M\u00e9decine et pouvoir<\/a><\/li>\n<li class=\"menu-item menu-item-type-post_type menu-item-object-page menu-item-680\"><a href=\"https:\/\/madschool.ca\/fr\/models-of-practice\/\">Module Alternatives<\/a><\/li>\n<li class=\"menu-item menu-item-type-post_type menu-item-object-page menu-item-677\"><a href=\"https:\/\/madschool.ca\/fr\/policy-into-practice\/\">Module Politiques<\/a><\/li>\n<\/ul><\/div><\/div><!-- \/Widget Shortcode --><\/p>\n<p><a name=\"main-content\"><\/a><!-- Widget Shortcode --><div id=\"search-3\" class=\"widget widget_search widget-shortcode area-arbitrary \"><h2 class=\"widgettitle\">(English) SEARCH<\/h2><form role=\"search\" method=\"get\" class=\"search-form\" action=\"\/search-results\/\">\n\t\t\t\t<label>\n\t\t\t\t\t<span class=\"screen-reader-text\">Rechercher\u00a0:<\/span>\n\t\t\t\t\t<input type=\"search\" class=\"search-field\" placeholder=\"Rechercher\u2026\" value=\"\" name=\"_search_box\" \/>\n\t\t\t\t<\/label>\n\t\t\t\t<input type=\"submit\" class=\"search-submit\" value=\"Rechercher\" \/>\n\t\t\t<\/form><\/div><!-- \/Widget Shortcode --><\/p>\n<div class=\"rightmenu\"><!-- Widget Shortcode --><div id=\"nav_menu-15\" class=\"widget widget_nav_menu widget-shortcode area-arbitrary \"><h2 class=\"widgettitle\">Us and Them<\/h2><div class=\"menu-us-and-them-container\"><ul id=\"menu-us-and-them\" class=\"menu\"><li class=\"menu-item menu-item-type-post_type menu-item-object-page menu-item-977\"><a href=\"https:\/\/madschool.ca\/fr\/stigma-and-discrimination\/us-and-them\/\">Eux et nous : La stigmatisation et la distance professionnelle<\/a><\/li>\n<li class=\"menu-item menu-item-type-post_type menu-item-object-page menu-item-978\"><a href=\"https:\/\/madschool.ca\/fr\/stigma-and-discrimination\/us-and-them\/components-self-guided\/\">Des Contenus : Apprentissage auto-dirig\u00e9<\/a><\/li>\n<li class=\"menu-item menu-item-type-post_type menu-item-object-page menu-item-979\"><a href=\"https:\/\/madschool.ca\/fr\/stigma-and-discrimination\/us-and-them\/component-evaluation-deconstructing-madness\/\">\u00c9valuation : 2 \u00e0 5 minutes et compte-rendu<\/a><\/li>\n<li class=\"menu-item menu-item-type-post_type menu-item-object-page menu-item-976\"><a href=\"https:\/\/madschool.ca\/fr\/stigma-and-discrimination\/\">Module Stigmatisation<\/a><\/li>\n<\/ul><\/div><\/div><!-- \/Widget Shortcode --><\/div>\n<nav aria-label=\"breadcrumbs\">\n            <div class=\"breadcrumb-container theme1\">\n                <ol>\n                                    <\/ol>\n            <\/div>\n        <\/nav>    <script type=\"application\/ld+json\">\n        {\n            \"@context\": \"http:\/\/schema.org\",\n            \"@type\": \"BreadcrumbList\",\n            \"itemListElement\": [\n                            ]\n        }\n    <\/script>\n   \n    <script>\n            <\/script>\n\n<h1><img decoding=\"async\" loading=\"lazy\" class=\"alignleft size-thumbnail wp-image-1378\" src=\"https:\/\/madschool.ca\/wp-content\/uploads\/2019\/08\/Evaluating-Icon-2024-150x150.jpg\" alt=\"Green kitchen weigh scale\" width=\"150\" height=\"150\" \/>2 \u00e0 5 minutes et compte-rendu<\/h1>\n<p>Minutage: 15 &#8211; 20 mins<br \/>\nMode : ind\u00e9pendante; en ligne.<\/p>\n<p>Lanny Beckman explore les <strong>diff\u00e9rences entre ce qu\u2019il a appris au sujet de la sant\u00e9 mentale \u00e0 l\u2019universit\u00e9 et ce qu\u2019il a appris de son exp\u00e9rience personnelle<\/strong> avec le syst\u00e8me de sant\u00e9 mentale.<\/p>\n<p>Divisez la classe en deux petits groupes et accordez \u00e0 vos \u00e9tudiants 2 minutes pour <strong>discuter des parties de leur cursus acad\u00e9mique pouvant les mener \u00e0 des perceptions de type \u00abeux et nous\u00bb \u00e0 l\u2019endroit des personnes ayant un diagnostic de maladie mentale<\/strong>. Ensuite, accordez \u00e0 vos \u00e9tudiants 5 minutes pour parler des fa\u00e7ons dont <strong>leur cursus peut rallier la pens\u00e9e critique et l\u2019empathie<\/strong>. Si le temps le permet, demandez \u00e0 chaque petit groupe de pr\u00e9senter \u00e0 la classe leurs trois meilleures id\u00e9es. Cet exercice<strong> peut \u00eatre fait en ligne<\/strong>, les groupes rapportant leurs <strong>trois meilleures id\u00e9es<\/strong> sur le site du cours.<!-- Widget Shortcode --><div id=\"nav_menu-2\" class=\"widget widget_nav_menu widget-shortcode area-arbitrary \"><h2 class=\"widgettitle\">History in Practice<\/h2><div class=\"menu-history-in-practice-container\"><ul id=\"menu-history-in-practice-2\" class=\"menu\"><li class=\"menu-item menu-item-type-post_type menu-item-object-page menu-item-home menu-item-676\"><a href=\"https:\/\/madschool.ca\/fr\/\">\u00c9cole folle<\/a><\/li>\n<li class=\"menu-item menu-item-type-post_type menu-item-object-page menu-item-3677\"><a href=\"https:\/\/madschool.ca\/fr\/how-to-use-this-site\/\">Comment utiliser ce site<\/a><\/li>\n<li class=\"menu-item menu-item-type-post_type menu-item-object-page menu-item-681\"><a href=\"https:\/\/madschool.ca\/fr\/stigma-and-discrimination\/\">Module Stigmatisation<\/a><\/li>\n<li class=\"menu-item menu-item-type-post_type menu-item-object-page menu-item-679\"><a href=\"https:\/\/madschool.ca\/fr\/advocacy-activism\/\">Module Faire changement<\/a><\/li>\n<li class=\"menu-item menu-item-type-post_type menu-item-object-page menu-item-678\"><a href=\"https:\/\/madschool.ca\/fr\/medicine-and-power\/\">Module M\u00e9decine et pouvoir<\/a><\/li>\n<li class=\"menu-item menu-item-type-post_type menu-item-object-page menu-item-680\"><a href=\"https:\/\/madschool.ca\/fr\/models-of-practice\/\">Module Alternatives<\/a><\/li>\n<li class=\"menu-item menu-item-type-post_type menu-item-object-page menu-item-677\"><a href=\"https:\/\/madschool.ca\/fr\/policy-into-practice\/\">Module Politiques<\/a><\/li>\n<\/ul><\/div><\/div><!-- \/Widget Shortcode --><\/p>\n<p><a name=\"main-content\"><\/a><!-- Widget Shortcode --><div id=\"search-3\" class=\"widget widget_search widget-shortcode area-arbitrary \"><h2 class=\"widgettitle\">(English) SEARCH<\/h2><form role=\"search\" method=\"get\" class=\"search-form\" action=\"\/search-results\/\">\n\t\t\t\t<label>\n\t\t\t\t\t<span class=\"screen-reader-text\">Rechercher\u00a0:<\/span>\n\t\t\t\t\t<input type=\"search\" class=\"search-field\" placeholder=\"Rechercher\u2026\" value=\"\" name=\"_search_box\" \/>\n\t\t\t\t<\/label>\n\t\t\t\t<input type=\"submit\" class=\"search-submit\" value=\"Rechercher\" \/>\n\t\t\t<\/form><\/div><!-- \/Widget Shortcode --><\/p>\n<div class=\"rightmenu\"><!-- Widget Shortcode --><div id=\"nav_menu-15\" class=\"widget widget_nav_menu widget-shortcode area-arbitrary \"><h2 class=\"widgettitle\">Us and Them<\/h2><div class=\"menu-us-and-them-container\"><ul id=\"menu-us-and-them-1\" class=\"menu\"><li class=\"menu-item menu-item-type-post_type menu-item-object-page menu-item-977\"><a href=\"https:\/\/madschool.ca\/fr\/stigma-and-discrimination\/us-and-them\/\">Eux et nous : La stigmatisation et la distance professionnelle<\/a><\/li>\n<li class=\"menu-item menu-item-type-post_type menu-item-object-page menu-item-978\"><a href=\"https:\/\/madschool.ca\/fr\/stigma-and-discrimination\/us-and-them\/components-self-guided\/\">Des Contenus : Apprentissage auto-dirig\u00e9<\/a><\/li>\n<li class=\"menu-item menu-item-type-post_type menu-item-object-page menu-item-979\"><a href=\"https:\/\/madschool.ca\/fr\/stigma-and-discrimination\/us-and-them\/component-evaluation-deconstructing-madness\/\">\u00c9valuation : 2 \u00e0 5 minutes et compte-rendu<\/a><\/li>\n<li class=\"menu-item menu-item-type-post_type menu-item-object-page menu-item-976\"><a href=\"https:\/\/madschool.ca\/fr\/stigma-and-discrimination\/\">Module Stigmatisation<\/a><\/li>\n<\/ul><\/div><\/div><!-- \/Widget Shortcode --><\/div>\n<nav aria-label=\"breadcrumbs\">\n            <div class=\"breadcrumb-container theme1\">\n                <ol>\n                                    <\/ol>\n            <\/div>\n        <\/nav>    <script type=\"application\/ld+json\">\n        {\n            \"@context\": \"http:\/\/schema.org\",\n            \"@type\": \"BreadcrumbList\",\n            \"itemListElement\": [\n                            ]\n        }\n    <\/script>\n   \n    <script>\n            <\/script>\n\n<h1><img decoding=\"async\" loading=\"lazy\" class=\"alignleft size-thumbnail wp-image-1378\" src=\"https:\/\/madschool.ca\/wp-content\/uploads\/2019\/08\/Evaluating-Icon-2024-150x150.jpg\" alt=\"Green kitchen weigh scale\" width=\"150\" height=\"150\" \/>2 \u00e0 5 minutes et compte-rendu<\/h1>\n<p>Minutage: 15 &#8211; 20 mins<br \/>\nMode : ind\u00e9pendante; en ligne.<\/p>\n<p>Lanny Beckman explore les diff\u00e9rences entre ce qu\u2019il a appris au sujet de la sant\u00e9 mentale \u00e0 l\u2019universit\u00e9 et ce qu\u2019il a appris de son exp\u00e9rience personnelle avec le syst\u00e8me de sant\u00e9 mentale.<\/p>\n<p>Divisez la classe en deux petits groupes et accordez \u00e0 vos \u00e9tudiants 2 minutes pour discuter des parties de leur cursus acad\u00e9mique pouvant les mener \u00e0 des perceptions de type \u00abeux et nous\u00bb \u00e0 l\u2019endroit des personnes ayant un diagnostic de maladie mentale. Ensuite, accordez \u00e0 vos \u00e9tudiants 5 minutes pour parler de la fa\u00e7ons dont leur cursus peut rallier la pens\u00e9e critique et l\u2019empathie. Si le temps le permet, demandez \u00e0 chaque petit groupe de pr\u00e9senter \u00e0 la classe leurs trois meilleures id\u00e9es. Cet exercice peut \u00eatre fait en ligne, les groupes rapportant leurs trois meilleures id\u00e9es sur le site du cours.<!-- Widget Shortcode --><div id=\"nav_menu-2\" class=\"widget widget_nav_menu widget-shortcode area-arbitrary \"><h2 class=\"widgettitle\">History in Practice<\/h2><div class=\"menu-history-in-practice-container\"><ul id=\"menu-history-in-practice-3\" class=\"menu\"><li class=\"menu-item menu-item-type-post_type menu-item-object-page menu-item-home menu-item-676\"><a href=\"https:\/\/madschool.ca\/fr\/\">\u00c9cole folle<\/a><\/li>\n<li class=\"menu-item menu-item-type-post_type menu-item-object-page menu-item-3677\"><a href=\"https:\/\/madschool.ca\/fr\/how-to-use-this-site\/\">Comment utiliser ce site<\/a><\/li>\n<li class=\"menu-item menu-item-type-post_type menu-item-object-page menu-item-681\"><a href=\"https:\/\/madschool.ca\/fr\/stigma-and-discrimination\/\">Module Stigmatisation<\/a><\/li>\n<li class=\"menu-item menu-item-type-post_type menu-item-object-page menu-item-679\"><a href=\"https:\/\/madschool.ca\/fr\/advocacy-activism\/\">Module Faire changement<\/a><\/li>\n<li class=\"menu-item menu-item-type-post_type menu-item-object-page menu-item-678\"><a href=\"https:\/\/madschool.ca\/fr\/medicine-and-power\/\">Module M\u00e9decine et pouvoir<\/a><\/li>\n<li class=\"menu-item menu-item-type-post_type menu-item-object-page menu-item-680\"><a href=\"https:\/\/madschool.ca\/fr\/models-of-practice\/\">Module Alternatives<\/a><\/li>\n<li class=\"menu-item menu-item-type-post_type menu-item-object-page menu-item-677\"><a href=\"https:\/\/madschool.ca\/fr\/policy-into-practice\/\">Module Politiques<\/a><\/li>\n<\/ul><\/div><\/div><!-- \/Widget Shortcode --><\/p>\n<p><a name=\"main-content\"><\/a><!-- Widget Shortcode --><div id=\"search-3\" class=\"widget widget_search widget-shortcode area-arbitrary \"><h2 class=\"widgettitle\">(English) SEARCH<\/h2><form role=\"search\" method=\"get\" class=\"search-form\" action=\"\/search-results\/\">\n\t\t\t\t<label>\n\t\t\t\t\t<span class=\"screen-reader-text\">Rechercher\u00a0:<\/span>\n\t\t\t\t\t<input type=\"search\" class=\"search-field\" placeholder=\"Rechercher\u2026\" value=\"\" name=\"_search_box\" \/>\n\t\t\t\t<\/label>\n\t\t\t\t<input type=\"submit\" class=\"search-submit\" value=\"Rechercher\" \/>\n\t\t\t<\/form><\/div><!-- \/Widget Shortcode --><\/p>\n<div class=\"rightmenu\"><!-- Widget Shortcode --><div id=\"nav_menu-15\" class=\"widget widget_nav_menu widget-shortcode area-arbitrary \"><h2 class=\"widgettitle\">Us and Them<\/h2><div class=\"menu-us-and-them-container\"><ul id=\"menu-us-and-them-2\" class=\"menu\"><li class=\"menu-item menu-item-type-post_type menu-item-object-page menu-item-977\"><a href=\"https:\/\/madschool.ca\/fr\/stigma-and-discrimination\/us-and-them\/\">Eux et nous : La stigmatisation et la distance professionnelle<\/a><\/li>\n<li class=\"menu-item menu-item-type-post_type menu-item-object-page menu-item-978\"><a href=\"https:\/\/madschool.ca\/fr\/stigma-and-discrimination\/us-and-them\/components-self-guided\/\">Des Contenus : Apprentissage auto-dirig\u00e9<\/a><\/li>\n<li class=\"menu-item menu-item-type-post_type menu-item-object-page menu-item-979\"><a href=\"https:\/\/madschool.ca\/fr\/stigma-and-discrimination\/us-and-them\/component-evaluation-deconstructing-madness\/\">\u00c9valuation : 2 \u00e0 5 minutes et compte-rendu<\/a><\/li>\n<li class=\"menu-item menu-item-type-post_type menu-item-object-page menu-item-976\"><a href=\"https:\/\/madschool.ca\/fr\/stigma-and-discrimination\/\">Module Stigmatisation<\/a><\/li>\n<\/ul><\/div><\/div><!-- \/Widget Shortcode --><\/div>\n<nav aria-label=\"breadcrumbs\">\n            <div class=\"breadcrumb-container theme1\">\n                <ol>\n                                    <\/ol>\n            <\/div>\n        <\/nav>    <script type=\"application\/ld+json\">\n        {\n            \"@context\": \"http:\/\/schema.org\",\n            \"@type\": \"BreadcrumbList\",\n            \"itemListElement\": [\n                            ]\n        }\n    <\/script>\n   \n    <script>\n            <\/script>\n\n<h1><img decoding=\"async\" loading=\"lazy\" class=\"alignleft size-thumbnail wp-image-1378\" src=\"https:\/\/madschool.ca\/wp-content\/uploads\/2019\/08\/Evaluating-Icon-2024-150x150.jpg\" alt=\"Green kitchen weigh scale\" width=\"150\" height=\"150\" \/>2 \u00e0 5 minutes et compte-rendu<\/h1>\n<p>Minutage: 15 &#8211; 20 mins<br \/>\nMode : ind\u00e9pendante; en ligne.<\/p>\n<p>Lanny Beckman explore les <strong>diff\u00e9rences entre ce qu\u2019il a appris au sujet de la sant\u00e9 mentale \u00e0 l\u2019universit\u00e9 et ce qu\u2019il a appris de son exp\u00e9rience personnelle<\/strong> avec le syst\u00e8me de sant\u00e9 mentale.<\/p>\n<p>Divisez la classe en deux petits groupes et accordez \u00e0 vos \u00e9tudiants 2 minutes pour <strong>discuter des parties de leur cursus acad\u00e9mique pouvant les mener \u00e0 des perceptions de type \u00abeux et nous\u00bb \u00e0 l\u2019endroit des personnes ayant un diagnostic de maladie mentale<\/strong>. Ensuite, accordez \u00e0 vos \u00e9tudiants 5 minutes pour parler des fa\u00e7ons dont <strong>leur cursus peut rallier la pens\u00e9e critique et l\u2019empathie<\/strong>. Si le temps le permet, demandez \u00e0 chaque petit groupe de pr\u00e9senter \u00e0 la classe leurs trois meilleures id\u00e9es. Cet exercice<strong> peut \u00eatre fait en ligne<\/strong>, les groupes rapportant leurs <strong>trois meilleures id\u00e9es<\/strong> sur le site du cours.<!-- Widget Shortcode --><div id=\"nav_menu-2\" class=\"widget widget_nav_menu widget-shortcode area-arbitrary \"><h2 class=\"widgettitle\">History in Practice<\/h2><div class=\"menu-history-in-practice-container\"><ul id=\"menu-history-in-practice-4\" class=\"menu\"><li class=\"menu-item menu-item-type-post_type menu-item-object-page menu-item-home menu-item-676\"><a href=\"https:\/\/madschool.ca\/fr\/\">\u00c9cole folle<\/a><\/li>\n<li class=\"menu-item menu-item-type-post_type menu-item-object-page menu-item-3677\"><a href=\"https:\/\/madschool.ca\/fr\/how-to-use-this-site\/\">Comment utiliser ce site<\/a><\/li>\n<li class=\"menu-item menu-item-type-post_type menu-item-object-page menu-item-681\"><a href=\"https:\/\/madschool.ca\/fr\/stigma-and-discrimination\/\">Module Stigmatisation<\/a><\/li>\n<li class=\"menu-item menu-item-type-post_type menu-item-object-page menu-item-679\"><a href=\"https:\/\/madschool.ca\/fr\/advocacy-activism\/\">Module Faire changement<\/a><\/li>\n<li class=\"menu-item menu-item-type-post_type menu-item-object-page menu-item-678\"><a href=\"https:\/\/madschool.ca\/fr\/medicine-and-power\/\">Module M\u00e9decine et pouvoir<\/a><\/li>\n<li class=\"menu-item menu-item-type-post_type menu-item-object-page menu-item-680\"><a href=\"https:\/\/madschool.ca\/fr\/models-of-practice\/\">Module Alternatives<\/a><\/li>\n<li class=\"menu-item menu-item-type-post_type menu-item-object-page menu-item-677\"><a href=\"https:\/\/madschool.ca\/fr\/policy-into-practice\/\">Module Politiques<\/a><\/li>\n<\/ul><\/div><\/div><!-- \/Widget Shortcode --><\/p>\n<p><a name=\"main-content\"><\/a><!-- Widget Shortcode --><div id=\"search-3\" class=\"widget widget_search widget-shortcode area-arbitrary \"><h2 class=\"widgettitle\">(English) SEARCH<\/h2><form role=\"search\" method=\"get\" class=\"search-form\" action=\"\/search-results\/\">\n\t\t\t\t<label>\n\t\t\t\t\t<span class=\"screen-reader-text\">Rechercher\u00a0:<\/span>\n\t\t\t\t\t<input type=\"search\" class=\"search-field\" placeholder=\"Rechercher\u2026\" value=\"\" name=\"_search_box\" \/>\n\t\t\t\t<\/label>\n\t\t\t\t<input type=\"submit\" class=\"search-submit\" value=\"Rechercher\" \/>\n\t\t\t<\/form><\/div><!-- \/Widget Shortcode --><\/p>\n<div class=\"rightmenu\"><!-- Widget Shortcode --><div id=\"nav_menu-15\" class=\"widget widget_nav_menu widget-shortcode area-arbitrary \"><h2 class=\"widgettitle\">Us and Them<\/h2><div class=\"menu-us-and-them-container\"><ul id=\"menu-us-and-them-3\" class=\"menu\"><li class=\"menu-item menu-item-type-post_type menu-item-object-page menu-item-977\"><a href=\"https:\/\/madschool.ca\/fr\/stigma-and-discrimination\/us-and-them\/\">Eux et nous : La stigmatisation et la distance professionnelle<\/a><\/li>\n<li class=\"menu-item menu-item-type-post_type menu-item-object-page menu-item-978\"><a href=\"https:\/\/madschool.ca\/fr\/stigma-and-discrimination\/us-and-them\/components-self-guided\/\">Des Contenus : Apprentissage auto-dirig\u00e9<\/a><\/li>\n<li class=\"menu-item menu-item-type-post_type menu-item-object-page menu-item-979\"><a href=\"https:\/\/madschool.ca\/fr\/stigma-and-discrimination\/us-and-them\/component-evaluation-deconstructing-madness\/\">\u00c9valuation : 2 \u00e0 5 minutes et compte-rendu<\/a><\/li>\n<li class=\"menu-item menu-item-type-post_type menu-item-object-page menu-item-976\"><a href=\"https:\/\/madschool.ca\/fr\/stigma-and-discrimination\/\">Module Stigmatisation<\/a><\/li>\n<\/ul><\/div><\/div><!-- \/Widget Shortcode --><\/div>\n<nav aria-label=\"breadcrumbs\">\n            <div class=\"breadcrumb-container theme1\">\n                <ol>\n                                    <\/ol>\n            <\/div>\n        <\/nav>    <script type=\"application\/ld+json\">\n        {\n            \"@context\": \"http:\/\/schema.org\",\n            \"@type\": \"BreadcrumbList\",\n            \"itemListElement\": [\n                            ]\n        }\n    <\/script>\n   \n    <script>\n            <\/script>\n\n<h1><img decoding=\"async\" loading=\"lazy\" class=\"alignleft size-thumbnail wp-image-1378\" src=\"https:\/\/madschool.ca\/wp-content\/uploads\/2019\/08\/Evaluating-Icon-2024-150x150.jpg\" alt=\"Green kitchen weigh scale\" width=\"150\" height=\"150\" \/>2 \u00e0 5 minutes et compte-rendu<\/h1>\n<p>Minutage: 15 &#8211; 20 mins<br \/>\nMode : ind\u00e9pendante; en ligne.<\/p>\n<p>Lanny Beckman explore les diff\u00e9rences entre ce qu\u2019il a appris au sujet de la sant\u00e9 mentale \u00e0 l\u2019universit\u00e9 et ce qu\u2019il a appris de son exp\u00e9rience personnelle avec le syst\u00e8me de sant\u00e9 mentale.<\/p>\n<p>Divisez la classe en deux petits groupes et accordez \u00e0 vos \u00e9tudiants 2 minutes pour discuter des parties de leur cursus acad\u00e9mique pouvant les mener \u00e0 des perceptions de type \u00abeux et nous\u00bb \u00e0 l\u2019endroit des personnes ayant un diagnostic de maladie mentale. Ensuite, accordez \u00e0 vos \u00e9tudiants 5 minutes pour parler de la fa\u00e7ons dont leur cursus peut rallier la pens\u00e9e critique et l\u2019empathie. Si le temps le permet, demandez \u00e0 chaque petit groupe de pr\u00e9senter \u00e0 la classe leurs trois meilleures id\u00e9es. Cet exercice peut \u00eatre fait en ligne, les groupes rapportant leurs trois meilleures id\u00e9es sur le site du cours.<\/p>","protected":false},"excerpt":{"rendered":"<p>2 \u00e0 5 minutes et compte-rendu Minutage: 15 &#8211; 20 mins Mode : ind\u00e9pendante; en ligne. Lanny Beckman explore les diff\u00e9rences entre ce qu\u2019il a appris au sujet de la sant\u00e9 mentale \u00e0 l\u2019universit\u00e9 et ce qu\u2019il a appris de son exp\u00e9rience personnelle avec le syst\u00e8me de sant\u00e9 mentale. Divisez la classe en deux petits &hellip; <\/p>\n","protected":false},"author":2,"featured_media":0,"parent":6323,"menu_order":1,"comment_status":"closed","ping_status":"closed","template":"","meta":[],"categories":[80,121,237,72,90,206,88,59,89,219,51,77,130,55,70,57,238,64,118,205,84,85,53,99,65,71,212,104],"tags":[],"acf":[],"aioseo_notices":[],"_links":{"self":[{"href":"https:\/\/madschool.ca\/fr\/wp-json\/wp\/v2\/pages\/6326"}],"collection":[{"href":"https:\/\/madschool.ca\/fr\/wp-json\/wp\/v2\/pages"}],"about":[{"href":"https:\/\/madschool.ca\/fr\/wp-json\/wp\/v2\/types\/page"}],"author":[{"embeddable":true,"href":"https:\/\/madschool.ca\/fr\/wp-json\/wp\/v2\/users\/2"}],"replies":[{"embeddable":true,"href":"https:\/\/madschool.ca\/fr\/wp-json\/wp\/v2\/comments?post=6326"}],"version-history":[{"count":10,"href":"https:\/\/madschool.ca\/fr\/wp-json\/wp\/v2\/pages\/6326\/revisions"}],"predecessor-version":[{"id":6842,"href":"https:\/\/madschool.ca\/fr\/wp-json\/wp\/v2\/pages\/6326\/revisions\/6842"}],"up":[{"embeddable":true,"href":"https:\/\/madschool.ca\/fr\/wp-json\/wp\/v2\/pages\/6323"}],"wp:attachment":[{"href":"https:\/\/madschool.ca\/fr\/wp-json\/wp\/v2\/media?parent=6326"}],"wp:term":[{"taxonomy":"category","embeddable":true,"href":"https:\/\/madschool.ca\/fr\/wp-json\/wp\/v2\/categories?post=6326"},{"taxonomy":"post_tag","embeddable":true,"href":"https:\/\/madschool.ca\/fr\/wp-json\/wp\/v2\/tags?post=6326"}],"curies":[{"name":"wp","href":"https:\/\/api.w.org\/{rel}","templated":true}]}}