{"id":753,"date":"2019-07-19T16:13:47","date_gmt":"2019-07-19T20:13:47","guid":{"rendered":"https:\/\/historyinpractice.ca\/?page_id=753"},"modified":"2021-09-26T22:02:27","modified_gmt":"2021-09-27T02:02:27","slug":"unity-housing","status":"publish","type":"page","link":"https:\/\/madschool.ca\/fr\/models-of-practice\/unity-housing\/","title":{"rendered":"Le programme \u00ab\u00a0Unity Housing\u00a0\u00bb"},"content":{"rendered":"<p><\/p>\n<!-- Widget Shortcode --><div id=\"nav_menu-2\" class=\"widget widget_nav_menu widget-shortcode area-arbitrary \"><h2 class=\"widgettitle\">History in Practice<\/h2><div class=\"menu-history-in-practice-container\"><ul id=\"menu-history-in-practice-1\" class=\"menu\"><li class=\"menu-item menu-item-type-post_type menu-item-object-page menu-item-home menu-item-676\"><a href=\"https:\/\/madschool.ca\/fr\/\">\u00c9cole folle<\/a><\/li>\n<li class=\"menu-item menu-item-type-post_type menu-item-object-page menu-item-3677\"><a href=\"https:\/\/madschool.ca\/fr\/how-to-use-this-site\/\">Comment utiliser ce site<\/a><\/li>\n<li class=\"menu-item menu-item-type-post_type menu-item-object-page menu-item-681\"><a href=\"https:\/\/madschool.ca\/fr\/stigma-and-discrimination\/\">Module Stigmatisation<\/a><\/li>\n<li class=\"menu-item menu-item-type-post_type menu-item-object-page menu-item-679\"><a href=\"https:\/\/madschool.ca\/fr\/advocacy-activism\/\">Module Faire changement<\/a><\/li>\n<li class=\"menu-item menu-item-type-post_type menu-item-object-page menu-item-678\"><a href=\"https:\/\/madschool.ca\/fr\/medicine-and-power\/\">Module M\u00e9decine et pouvoir<\/a><\/li>\n<li class=\"menu-item menu-item-type-post_type menu-item-object-page menu-item-680\"><a href=\"https:\/\/madschool.ca\/fr\/models-of-practice\/\">Module Alternatives<\/a><\/li>\n<li class=\"menu-item menu-item-type-post_type menu-item-object-page menu-item-677\"><a href=\"https:\/\/madschool.ca\/fr\/policy-into-practice\/\">Module Politiques<\/a><\/li>\n<\/ul><\/div><\/div><!-- \/Widget Shortcode -->\n<p><a name=\"main-content\"><\/a><!-- Widget Shortcode --><div id=\"search-3\" class=\"widget widget_search widget-shortcode area-arbitrary \"><h2 class=\"widgettitle\">(English) SEARCH<\/h2><form role=\"search\" method=\"get\" class=\"search-form\" action=\"\/search-results\/\">\n\t\t\t\t<label>\n\t\t\t\t\t<span class=\"screen-reader-text\">Rechercher\u00a0:<\/span>\n\t\t\t\t\t<input type=\"search\" class=\"search-field\" placeholder=\"Rechercher\u2026\" value=\"\" name=\"_search_box\" \/>\n\t\t\t\t<\/label>\n\t\t\t\t<input type=\"submit\" class=\"search-submit\" value=\"Rechercher\" \/>\n\t\t\t<\/form><\/div><!-- \/Widget Shortcode --><\/p>\n<div class=\"rightmenu\"><!-- Widget Shortcode --><div id=\"nav_menu-8\" class=\"widget widget_nav_menu widget-shortcode area-arbitrary \"><h2 class=\"widgettitle\">Unity Housing<\/h2><div class=\"menu-unity-housing-french-container\"><ul id=\"menu-unity-housing-french-1\" class=\"menu\"><li class=\"menu-item menu-item-type-post_type menu-item-object-page menu-item-834\"><a href=\"https:\/\/madschool.ca\/fr\/models-of-practice\/unity-housing\/\">Le programme \u00ab\u00a0Unity Housing\u00a0\u00bb<\/a><\/li>\n<li class=\"menu-item menu-item-type-post_type menu-item-object-page menu-item-953\"><a href=\"https:\/\/madschool.ca\/fr\/models-of-practice\/unity-housing\/evaluate-create-a-commercial\/\">\u00c9valuation : Cr\u00e9ation d\u2019une publicit\u00e9<\/a><\/li>\n<li class=\"menu-item menu-item-type-post_type menu-item-object-page menu-item-954\"><a href=\"https:\/\/madschool.ca\/fr\/models-of-practice\/unity-housing\/evaluate-themes-and-analysis\/\">\u00c9valuation : Sujets et analyse<\/a><\/li>\n<li class=\"menu-item menu-item-type-post_type menu-item-object-page menu-item-955\"><a href=\"https:\/\/madschool.ca\/fr\/models-of-practice\/unity-housing\/evaluate-role-play\/\">\u00c9valuation : Jeu de r\u00f4le<\/a><\/li>\n<li class=\"menu-item menu-item-type-post_type menu-item-object-page menu-item-864\"><a href=\"https:\/\/madschool.ca\/fr\/models-of-practice\/\">Module Alternatives<\/a><\/li>\n<\/ul><\/div><\/div><!-- \/Widget Shortcode --><\/div>\n<nav aria-label=\"breadcrumbs\">\n            <div class=\"breadcrumb-container theme1\">\n                <ol>\n                                    <\/ol>\n            <\/div>\n        <\/nav>    <script type=\"application\/ld+json\">\n        {\n            \"@context\": \"http:\/\/schema.org\",\n            \"@type\": \"BreadcrumbList\",\n            \"itemListElement\": [\n                            ]\n        }\n    <\/script>\n   \n    <script>\n            <\/script>\n\n<h1>Unit\u00e9 \u2013 Le programme \u00ab\u00a0Unity Housing\u00a0\u00bb<\/h1>\n<h4><img decoding=\"async\" loading=\"lazy\" class=\"alignnone wp-image-1381 size-thumbnail\" src=\"https:\/\/madschool.ca\/wp-content\/uploads\/2019\/08\/Takeaways-Icon-2024-150x150.jpg\" alt=\"Green Chinese takeaway box\" width=\"150\" height=\"150\" \/>Points cl\u00e9s<\/h4>\n<ul>\n<li><span style=\"font-size: 11.5pt;\">R<\/span>econna\u00eetre l\u2019importance qu\u2019un logement s\u00e9curitaire et supervis\u00e9 a sur le bien-\u00eatre des personnes<\/li>\n<li>Discuter des caract\u00e9ristiques et des valeurs faisant partie des meilleures pratiques illustr\u00e9es dans ce module<\/li>\n<li>Reconna\u00eetre l\u2019importance de l\u2019engagement et de la flexibilit\u00e9 des participants dans le contexte d\u2019un mod\u00e8le de logement supervis\u00e9 efficace<\/li>\n<li>Reconna\u00eetre l\u2019importance qu\u2019un logement s\u00e9curitaire et supervis\u00e9 a sur le bien-\u00eatre des personnes<\/li>\n<li>Discuter des caract\u00e9ristiques et des valeurs faisant partie des meilleures pratiques illustr\u00e9es dans ce module<\/li>\n<li>Reconna\u00eetre l\u2019importance de l\u2019engagement et de la flexibilit\u00e9 des participants dans le contexte d\u2019un mod\u00e8le de logement supervis\u00e9 efficace<\/li>\n<\/ul>\n<h4 id=\"moduleIntro\" class=\"components\"><img decoding=\"async\" loading=\"lazy\" class=\"alignnone size-thumbnail wp-image-1376\" src=\"https:\/\/madschool.ca\/wp-content\/uploads\/2019\/08\/Components-Icon-2024-150x150.jpg\" alt=\"Three green gears working together\" width=\"150\" height=\"150\" \/>De l&rsquo;contenu<\/h4>\n<p>Cet contenu est un vid\u00e9o de 10\u00a0minutes, cr\u00e9\u00e9 par l\u2019expert communautaire Alex\u00a0Verkade, sur le programme Unity Housing, un projet de logement g\u00e9r\u00e9 par des r\u00e9sidents \u00e0 Vancouver. Un autre contenu est la <a href=\"https:\/\/madschool.ca\/wp-content\/uploads\/2020\/05\/Translation-Alex-and-Christie-conversation-1.docx\" rel=\"noopener noreferrer\"><strong>transcription d&rsquo;une conversation<\/strong><\/a> entre Verkade et l\u2019adjointe principale de projets de recherche, Christie Walls, sur sa participation dans L\u2019histoire en t\u00eate et de ses espoirs pour son film.\u00a0<\/p>\n<p><iframe loading=\"lazy\" src=\"\/\/www.youtube.com\/embed\/u42GVektZcY?list=PLXaFYXr-sXRoA2P7UrtCxKXCZ4GHgWIXL\" width=\"560\" height=\"314\" allowfullscreen=\"allowfullscreen\"><\/iframe><\/p>\n<h4><img decoding=\"async\" loading=\"lazy\" class=\"alignnone wp-image-1378 size-thumbnail\" src=\"https:\/\/madschool.ca\/wp-content\/uploads\/2019\/08\/Evaluating-Icon-2024-150x150.jpg\" alt=\"Green kitchen weigh scale\" width=\"150\" height=\"150\" \/>\u00c9valuation du contenu<\/h4>\n<ul>\n<li><strong><a href=\"Cr\u00e9ation d\u2019une publicit\u00e9\" target=\"_blank\" rel=\"noopener noreferrer\">\u00c9valuation du contenu : cr\u00e9ation d\u2019une publicit\u00e9<\/a><\/strong> &#8211; 30 minutes<\/li>\n<li><strong><a href=\"Sujets et analyse\" target=\"_blank\" rel=\"noopener noreferrer\">\u00c9valuation du contenu : Sujets et analyse<\/a> <\/strong>&#8211; 20 minutes<\/li>\n<li><strong><a href=\"Jeu de r\u00f4le\" target=\"_blank\" rel=\"noopener noreferrer\">\u00c9valuation du contenu : Jeu de r\u00f4le<\/a><\/strong> &#8211; 20 minutes<\/li>\n<\/ul>\n<h4><img decoding=\"async\" loading=\"lazy\" class=\"alignnone wp-image-1379 size-thumbnail\" src=\"https:\/\/madschool.ca\/wp-content\/uploads\/2019\/08\/Learning-Lense-Icon-2024-150x150.jpg\" alt=\"Green hand-held magnifying glass\" width=\"150\" height=\"150\" \/>Objectifs p\u00e9dagogiques<\/h4>\n<figure id=\"attachment_456\" aria-describedby=\"caption-attachment-456\" style=\"width: 302px\" class=\"wp-caption alignleft\"><a href=\"https:\/\/madschool.ca\/wp-content\/uploads\/2019\/07\/Alex-V-e1577757181415.jpg\"><img decoding=\"async\" loading=\"lazy\" id=\"longdesc-return-456\" class=\"wp-image-456\" tabindex=\"-1\" src=\"https:\/\/madschool.ca\/wp-content\/uploads\/2019\/07\/Alex-V-e1577757181415.jpg\" alt=\"Still photograph of Alex Verkade sitting at his desk at Unity Housing\" width=\"302\" height=\"226\" longdesc=\"https:\/\/dev1.apps01.yorku.ca?longdesc=456&amp;referrer=753\" srcset=\"https:\/\/madschool.ca\/wp-content\/uploads\/2019\/07\/Alex-V-e1577757181415.jpg 296w, https:\/\/madschool.ca\/wp-content\/uploads\/2019\/07\/Alex-V-e1577757181415-24x18.jpg 24w, https:\/\/madschool.ca\/wp-content\/uploads\/2019\/07\/Alex-V-e1577757181415-36x27.jpg 36w, https:\/\/madschool.ca\/wp-content\/uploads\/2019\/07\/Alex-V-e1577757181415-48x36.jpg 48w\" sizes=\"(max-width: 302px) 100vw, 302px\" \/><\/a><figcaption id=\"caption-attachment-456\" class=\"wp-caption-text\">Expert communautaire Alex Verkade<\/figcaption><\/figure>\n<p>Que se passerait-il si les personnes souffrant de troubles psychiatriques avaient l\u2019occasion de concevoir et de g\u00e9rer leurs propres programmes de logement? L\u2019expert communautaire de \u00ab\u00a0L\u2019histoire en t\u00eate\u00a0\u00bb<strong>, Alex Verkade,<\/strong> a une id\u00e9e sur la question puisqu\u2019il a aid\u00e9 \u00e0 cr\u00e9er \u00ab\u00a0Unity Housing\u00a0\u00bb, un organisme de logement situ\u00e9 \u00e0 Vancouver. Son documentaire de 10\u00a0minutes (cr\u00e9\u00e9 avec l\u2019aide d\u2019Alex Poutianinen, un \u00e9tudiant en cin\u00e9ma de l\u2019UBC) montre les rouages d\u2019un mod\u00e8le de logement communautaire novateur et r\u00e9ussi, g\u00e9r\u00e9 par et pour des personnes ayant des probl\u00e8mes de sant\u00e9 mentale. Le film est con\u00e7u pour aider les futurs praticiens de la sant\u00e9 mentale \u00e0 comprendre comment l\u2019engagement peut faire une diff\u00e9rence et d\u00e9montre la valeur d\u2019un syst\u00e8me qui fournit des attentes claires et des solutions flexibles pour aider les locataires \u00e0 avoir un toit sur leur t\u00eate.<\/p>\n<p>Verkade s\u2019est \u00e9galement entretenu avec Christie Wall, adjointe principale de projets de recherche, pour relater son implication dans \u00ab\u00a0L\u2019histoire en t\u00eate\u00a0\u00bb et ses espoirs pour le film.<\/p>\n<h4><img decoding=\"async\" loading=\"lazy\" class=\"alignnone wp-image-1377 size-thumbnail\" src=\"https:\/\/madschool.ca\/wp-content\/uploads\/2019\/08\/Components-in-Context-Icon-2024-150x150.jpg\" alt=\"Three green gears working together within a picture frame\" width=\"150\" height=\"150\" \/>Mise en contexte du contenu<\/h4>\n<p>Ce module met en \u00e9vidence les avantages d\u00e9riv\u00e9s de pratiques exemplaires.<\/p>\n<p>Le logement a \u00e9t\u00e9 reconnu en tant que droit social, culturel et \u00e9conomique dans la D\u00e9claration universelle des droits de l\u2019homme des Nations Unies de 1948 et dans le Pacte international relatif aux droits \u00e9conomiques, sociaux et culturels de 1976. Le Canada a vot\u00e9 en faveur de ces documents, mais n\u2019a cependant pas de strat\u00e9gie nationale en mati\u00e8re de logement \u00e0 l\u2019heure actuelle. En ce moment, peu de politiques canadiennes concernant le logement reposent sur l\u2019id\u00e9e qu\u2019un logement convenable constitue un droit de la personne et tiennent compte de la grande importance pour les individus d\u2019avoir, non seulement un toit sur la t\u00eate, mais un chez-soi. Il n\u2019est d\u2019ailleurs pas surprenant que les p\u00e9nuries de logements aient un impact disproportionn\u00e9 sur les Canadiens aux prises avec des probl\u00e8mes de sant\u00e9 mentale compte tenu de leur marginalisation sociale et \u00e9conomique.<\/p>\n<p>Tout comme leurs concitoyens, les Canadiens ayant des ant\u00e9c\u00e9dents de sant\u00e9 mentale accordent de l\u2019importance au choix d\u2019un lieu et d\u2019un environnement de r\u00e9sidence leur permettant de profiter d\u2019une vie priv\u00e9e, d\u2019un sentiment de s\u00e9curit\u00e9 et du droit \u00e0 l\u2019autod\u00e9termination. Cependant,\u00a0\u00e0 l\u2019\u00e8re de la d\u00e9sinstitutionnalisation, les patients sortant de l\u2019h\u00f4pital se retrouvaient souvent dans des pensions \u00e0 but lucratif comme celles d\u00e9crites par la Torontoise\u00a0dans ses m\u00e9moires intitul\u00e9s\u00a0<a href=\"https:\/\/madschool.ca\/fr\/stigma-and-discrimination\/moving-from-stigma-to-action\/\" target=\"_blank\" rel=\"noopener noreferrer\"><strong><em>Upstairs in the Crazy House <\/em><\/strong><\/a>(\u00c0 l\u2019\u00e9tage, dans la maison des fous). Aujourd\u2019hui, il existe trois grandes cat\u00e9gories de logements disponibles pour les personnes affili\u00e9es au syst\u00e8me de sant\u00e9 mentale\u00a0: les logements communautaires, les logements individuels subventionn\u00e9s et l\u2019h\u00e9bergement d\u2019urgence dans des \u00e9tablissements sp\u00e9cialis\u00e9s en sant\u00e9 mentale, des centres pour itin\u00e9rants ou des refuges. Il est certain que Capponi n\u2019utiliserait pas les mots\u00a0<em>vie priv\u00e9e, s\u00e9curit\u00e9, autonomie, choix et contr\u00f4le<\/em>\u00a0pour d\u00e9crire la pension de Parkdale o\u00f9 elle a habit\u00e9 \u00e0 la fin des ann\u00e9es\u00a01970. Est-ce que ces mots d\u00e9crivent toutes les options de logement actuellement offertes aux consommateurs de services de sant\u00e9 mentale?\u00a0<\/p>\n<p>L\u2019approche \u00ab\u00a0Logement d\u2019abord\u00a0\u00bb est ax\u00e9e sur la gu\u00e9rison et est destin\u00e9e aux personnes aux prises avec l\u2019itin\u00e9rance, les d\u00e9pendances ou des probl\u00e8mes de sant\u00e9 mentale. Cette approche est fond\u00e9e sur l\u2019id\u00e9e selon laquelle fournir un logement s\u00e9curitaire et ad\u00e9quat aux personnes difficiles \u00e0 loger leur permet de commencer \u00e0 reconstruire leur vie. En mettant l\u2019accent sur le pouvoir de choisir et l\u2019autod\u00e9termination des clients, et en travaillant \u00e0 la mise en place d\u2019un syst\u00e8me de soutien (clinique, communautaire et social) en mati\u00e8re de logement, les projets \u00ab\u00a0Logement d\u2019abord\u00a0\u00bb au Canada et ailleurs ont connu un succ\u00e8s consid\u00e9rable au cours des derni\u00e8res d\u00e9cennies.<\/p>\n<p>Vous trouverez des ressources utiles \u00e0 propos du logement et de la sant\u00e9 mentale sur\u00a0: <strong>The Homeless Hub<\/strong>, un site de recherche ax\u00e9 sur les solutions; <strong><u>la Commission de la sant\u00e9 mentale du Canada<\/u><\/strong> et <strong>Right to Housing<\/strong>.<\/p>\n<p><\/p>","protected":false},"excerpt":{"rendered":"<p>Unit\u00e9 \u2013 Le programme \u00ab\u00a0Unity Housing\u00a0\u00bb Points cl\u00e9s Reconna\u00eetre l\u2019importance qu\u2019un logement s\u00e9curitaire et supervis\u00e9 a sur le bien-\u00eatre des personnes Discuter des caract\u00e9ristiques et des valeurs faisant partie des meilleures pratiques illustr\u00e9es dans ce module Reconna\u00eetre l\u2019importance de l\u2019engagement et de la flexibilit\u00e9 des participants dans le contexte d\u2019un mod\u00e8le de logement supervis\u00e9 efficace &hellip; <\/p>\n","protected":false},"author":2,"featured_media":0,"parent":12,"menu_order":3,"comment_status":"closed","ping_status":"closed","template":"","meta":[],"categories":[80,68,75,108,88,96,102,59,89,51,54,107,110,56,76,74,91,77,55,70,57,64,98,85,53,99,101,100,73,97,71,105],"tags":[],"acf":[],"aioseo_notices":[],"_links":{"self":[{"href":"https:\/\/madschool.ca\/fr\/wp-json\/wp\/v2\/pages\/753"}],"collection":[{"href":"https:\/\/madschool.ca\/fr\/wp-json\/wp\/v2\/pages"}],"about":[{"href":"https:\/\/madschool.ca\/fr\/wp-json\/wp\/v2\/types\/page"}],"author":[{"embeddable":true,"href":"https:\/\/madschool.ca\/fr\/wp-json\/wp\/v2\/users\/2"}],"replies":[{"embeddable":true,"href":"https:\/\/madschool.ca\/fr\/wp-json\/wp\/v2\/comments?post=753"}],"version-history":[{"count":48,"href":"https:\/\/madschool.ca\/fr\/wp-json\/wp\/v2\/pages\/753\/revisions"}],"predecessor-version":[{"id":6079,"href":"https:\/\/madschool.ca\/fr\/wp-json\/wp\/v2\/pages\/753\/revisions\/6079"}],"up":[{"embeddable":true,"href":"https:\/\/madschool.ca\/fr\/wp-json\/wp\/v2\/pages\/12"}],"wp:attachment":[{"href":"https:\/\/madschool.ca\/fr\/wp-json\/wp\/v2\/media?parent=753"}],"wp:term":[{"taxonomy":"category","embeddable":true,"href":"https:\/\/madschool.ca\/fr\/wp-json\/wp\/v2\/categories?post=753"},{"taxonomy":"post_tag","embeddable":true,"href":"https:\/\/madschool.ca\/fr\/wp-json\/wp\/v2\/tags?post=753"}],"curies":[{"name":"wp","href":"https:\/\/api.w.org\/{rel}","templated":true}]}}