{"id":773,"date":"2019-07-19T16:40:27","date_gmt":"2019-07-19T20:40:27","guid":{"rendered":"https:\/\/historyinpractice.ca\/?page_id=773"},"modified":"2021-09-26T21:39:06","modified_gmt":"2021-09-27T01:39:06","slug":"components-art-self-guided","status":"publish","type":"page","link":"https:\/\/madschool.ca\/fr\/models-of-practice\/a-living-room-to-thousands\/components-art-self-guided\/","title":{"rendered":"Les arts: Apprentissage autodirig\u00e9"},"content":{"rendered":"<p><\/p>\n<!-- Widget Shortcode --><div id=\"nav_menu-2\" class=\"widget widget_nav_menu widget-shortcode area-arbitrary \"><h2 class=\"widgettitle\">History in Practice<\/h2><div class=\"menu-history-in-practice-container\"><ul id=\"menu-history-in-practice-1\" class=\"menu\"><li class=\"menu-item menu-item-type-post_type menu-item-object-page menu-item-home menu-item-676\"><a href=\"https:\/\/madschool.ca\/fr\/\">\u00c9cole folle<\/a><\/li>\n<li class=\"menu-item menu-item-type-post_type menu-item-object-page menu-item-3677\"><a href=\"https:\/\/madschool.ca\/fr\/how-to-use-this-site\/\">Comment utiliser ce site<\/a><\/li>\n<li class=\"menu-item menu-item-type-post_type menu-item-object-page menu-item-681\"><a href=\"https:\/\/madschool.ca\/fr\/stigma-and-discrimination\/\">Module Stigmatisation<\/a><\/li>\n<li class=\"menu-item menu-item-type-post_type menu-item-object-page menu-item-679\"><a href=\"https:\/\/madschool.ca\/fr\/advocacy-activism\/\">Module Faire changement<\/a><\/li>\n<li class=\"menu-item menu-item-type-post_type menu-item-object-page menu-item-678\"><a href=\"https:\/\/madschool.ca\/fr\/medicine-and-power\/\">Module M\u00e9decine et pouvoir<\/a><\/li>\n<li class=\"menu-item menu-item-type-post_type menu-item-object-page menu-item-680\"><a href=\"https:\/\/madschool.ca\/fr\/models-of-practice\/\">Module Alternatives<\/a><\/li>\n<li class=\"menu-item menu-item-type-post_type menu-item-object-page menu-item-677\"><a href=\"https:\/\/madschool.ca\/fr\/policy-into-practice\/\">Module Politiques<\/a><\/li>\n<\/ul><\/div><\/div><!-- \/Widget Shortcode -->\n<p><a name=\"main-content\"><\/a><!-- Widget Shortcode --><div id=\"search-3\" class=\"widget widget_search widget-shortcode area-arbitrary \"><h2 class=\"widgettitle\">(English) SEARCH<\/h2><form role=\"search\" method=\"get\" class=\"search-form\" action=\"\/search-results\/\">\n\t\t\t\t<label>\n\t\t\t\t\t<span class=\"screen-reader-text\">Rechercher\u00a0:<\/span>\n\t\t\t\t\t<input type=\"search\" class=\"search-field\" placeholder=\"Rechercher\u2026\" value=\"\" name=\"_search_box\" \/>\n\t\t\t\t<\/label>\n\t\t\t\t<input type=\"submit\" class=\"search-submit\" value=\"Rechercher\" \/>\n\t\t\t<\/form><\/div><!-- \/Widget Shortcode --><\/p>\n<div class=\"rightmenu\"><!-- Widget Shortcode --><div id=\"nav_menu-5\" class=\"widget widget_nav_menu widget-shortcode area-arbitrary \"><h2 class=\"widgettitle\">A Living Room to Thousands<\/h2><div class=\"menu-living-room-container\"><ul id=\"menu-living-room-1\" class=\"menu\"><li class=\"menu-item menu-item-type-post_type menu-item-object-page menu-item-829\"><a href=\"https:\/\/madschool.ca\/fr\/models-of-practice\/a-living-room-to-thousands\/\">Un chez-soi pour des milliers de personnes<\/a><\/li>\n<li class=\"menu-item menu-item-type-post_type menu-item-object-page menu-item-792\"><a href=\"https:\/\/madschool.ca\/fr\/models-of-practice\/a-living-room-to-thousands\/components-art-self-guided\/\">Des contenus : Les arts &#8211; apprentissage autodirig\u00e9<\/a><\/li>\n<li class=\"menu-item menu-item-type-post_type menu-item-object-page menu-item-819\"><a href=\"https:\/\/madschool.ca\/fr\/models-of-practice\/a-living-room-to-thousands\/evaluate-art-multi-purpose\/\">\u00c9valuation : Les arts &#8211; espace multiusage<\/a><\/li>\n<li class=\"menu-item menu-item-type-post_type menu-item-object-page menu-item-818\"><a href=\"https:\/\/madschool.ca\/fr\/models-of-practice\/a-living-room-to-thousands\/components-food-self-guided\/\">Des contenus : L\u2019alimentation &#8211; apprentissage autodirig\u00e9<\/a><\/li>\n<li class=\"menu-item menu-item-type-post_type menu-item-object-page menu-item-816\"><a href=\"https:\/\/madschool.ca\/fr\/models-of-practice\/a-living-room-to-thousands\/components-place-self-guided\/\">Des contenus : Les loisirs &#8211; apprentissage autodirig\u00e9<\/a><\/li>\n<li class=\"menu-item menu-item-type-post_type menu-item-object-page menu-item-815\"><a href=\"https:\/\/madschool.ca\/fr\/models-of-practice\/a-living-room-to-thousands\/evaluate-place-discussion\/\">\u00c9valuation : Discussion autour du diaporama<\/a><\/li>\n<li class=\"menu-item menu-item-type-post_type menu-item-object-page menu-item-814\"><a href=\"https:\/\/madschool.ca\/fr\/models-of-practice\/a-living-room-to-thousands\/evaluate-place-short-paper\/\">\u00c9valuation : L\u2019expos\u00e9 de cinq minutes<\/a><\/li>\n<li class=\"menu-item menu-item-type-post_type menu-item-object-page menu-item-793\"><a href=\"https:\/\/madschool.ca\/fr\/models-of-practice\/\">Module Alternatives<\/a><\/li>\n<\/ul><\/div><\/div><!-- \/Widget Shortcode --><\/div>\n<nav aria-label=\"breadcrumbs\">\n            <div class=\"breadcrumb-container theme1\">\n                <ol>\n                                    <\/ol>\n            <\/div>\n        <\/nav>    <script type=\"application\/ld+json\">\n        {\n            \"@context\": \"http:\/\/schema.org\",\n            \"@type\": \"BreadcrumbList\",\n            \"itemListElement\": [\n                            ]\n        }\n    <\/script>\n   \n    <script>\n            <\/script>\n\n<h1><img decoding=\"async\" loading=\"lazy\" class=\"alignnone size-thumbnail wp-image-1376\" src=\"https:\/\/madschool.ca\/wp-content\/uploads\/2019\/08\/Components-Icon-2024-150x150.jpg\" alt=\"Three green gears working together\" width=\"150\" height=\"150\" \/>Les arts au PARC: Apprentissage autodirig\u00e9<\/h1>\n<p>Minutage : 30 minutes<br \/>\nMode : ind\u00e9pendante; en ligne<\/p>\n<p><a href=\"https:\/\/madschool.ca\/wp-content\/uploads\/2019\/07\/art-at-PARC-sketch-e1573959013500.jpg\"><img decoding=\"async\" loading=\"lazy\" class=\"alignleft wp-image-1198\" src=\"https:\/\/madschool.ca\/wp-content\/uploads\/2019\/07\/art-at-PARC-sketch-e1573959013500-150x150.jpg\" alt=\"\" width=\"170\" height=\"170\" srcset=\"https:\/\/madschool.ca\/wp-content\/uploads\/2019\/07\/art-at-PARC-sketch-e1573959013500-150x150.jpg 150w, https:\/\/madschool.ca\/wp-content\/uploads\/2019\/07\/art-at-PARC-sketch-e1573959013500-300x300.jpg 300w, https:\/\/madschool.ca\/wp-content\/uploads\/2019\/07\/art-at-PARC-sketch-e1573959013500-24x24.jpg 24w, https:\/\/madschool.ca\/wp-content\/uploads\/2019\/07\/art-at-PARC-sketch-e1573959013500-36x36.jpg 36w, https:\/\/madschool.ca\/wp-content\/uploads\/2019\/07\/art-at-PARC-sketch-e1573959013500-48x48.jpg 48w, https:\/\/madschool.ca\/wp-content\/uploads\/2019\/07\/art-at-PARC-sketch-e1573959013500.jpg 446w\" sizes=\"(max-width: 170px) 100vw, 170px\" \/><\/a>Sur les murs du centre d\u2019accueil, on retrouve des \u0153uvres d\u2019art cr\u00e9\u00e9es par des membres, anciens ou actuels, du PARC. Il existe plusieurs clubs d\u2019art officiels au PARC depuis les ann\u00e9es\u00a01990, mais l\u2019art, sous diff\u00e9rentes formes, y est pr\u00e9sent depuis l\u2019ouverture du lieu. Aujourd\u2019hui, les murs de l\u2019\u00e9difice sont recouverts de peintures, de dessins, et de photographies, autant de t\u00e9moignages de l\u2019importance de l\u2019expression cr\u00e9ative et de l\u2019art au PARC.<\/p>\n<p>Les enseignants et les apprenants peuvent utiliser les contenus pour d\u00e9couvrir les diff\u00e9rentes fa\u00e7ons dont l\u2019art enrichit la vie des membres du PARC et leur permet d\u2019affirmer des positions personnelles ou politiques ou d\u2019exprimer leur cr\u00e9ativit\u00e9.<\/p>\n<p>Les \u00e9tudiants peuvent travailler avec le mat\u00e9riel, en ligne ou en classe, en pr\u00e9vision d\u2019une discussion ou d\u2019une activit\u00e9 d\u2019apprentissage. Demandez aux \u00e9tudiants de s\u2019inspirer des th\u00e8mes suivants pour orienter leur observation des \u0153uvres d\u2019art du PARC\u00a0:<\/p>\n<ul>\n<li><span style=\"font-size: 11.5pt;\">L\u2019art comme moyen d\u2019auto-expression<\/span><\/li>\n<li><span style=\"font-size: 11.5pt;\">L\u2019art comme acte politique<\/span><\/li>\n<li><span style=\"font-size: 11.5pt;\">L\u2019art comme outil d\u2019autoperfectionnement<\/span><\/li>\n<li><span style=\"font-size: 11.5pt;\">L\u2019art comme engagement social<\/span><\/li>\n<li><span style=\"font-size: 11.5pt;\">Les pratiques artistiques communautaires<\/span><\/li>\n<\/ul>\n<p>Le personnel et les membres du PARC ont vite reconnu l\u2019apport de l\u2019art \u00e0 la confiance, \u00e0 l\u2019estime de soi et aux comp\u00e9tences sociales des membres. <strong>Lisez <\/strong>l\u2019un des premiers <a href=\"https:\/\/madschool.ca\/wp-content\/uploads\/2020\/05\/Arts-and-Crafts_FR.pdf\" target=\"_blank\" rel=\"noopener noreferrer\"><strong>rapports<\/strong><\/a> relatifs aux clubs d\u2019art au PARC.<\/p>\n<hr \/>\n<h3>PARC \u00c9chantillonneur d&rsquo;\u00e9criture et d&rsquo;art<\/h3>\n<p>L\u2019art et la cr\u00e9ation sont partout au PARC.\u00a0 <strong>Voir\u00a0les images<\/strong> dans ce diaporama ci-dessous:<\/p>\n<div id=\"metaslider-id-2219\" style=\"max-width: 425px;\" class=\"ml-slider-3-107-0 metaslider metaslider-flex metaslider-2219 ml-slider has-dots-nav ms-theme-default\" role=\"region\" aria-label=\"New Slideshow\" data-height=\"575\" data-width=\"425\">\n    <div id=\"metaslider_container_2219\">\n        <div id=\"metaslider_2219\">\n            <ul class='slides'>\n                <li style=\"display: block; width: 100%;\" class=\"slide-2235 ms-image \" aria-roledescription=\"slide\" data-date=\"2020-02-08 17:12:31\" data-filename=\"Sampler-1-TOR-ON-PARC-2-1-425x575.jpeg\" data-slide-type=\"image\"><img src=\"https:\/\/madschool.ca\/wp-content\/uploads\/2019\/07\/Sampler-1-TOR-ON-PARC-2-1-425x575.jpeg\" height=\"575\" width=\"425\" alt=\"peinture d&#039;une personne, les \u00e9toiles et la lune en arri\u00e8re-plan\" class=\"slider-2219 slide-2235 msDefaultImage\" title=\"Sampler 1 TOR ON PARC 2\" \/><\/li>\n                <li style=\"display: none; width: 100%;\" class=\"slide-2237 ms-image \" aria-roledescription=\"slide\" data-date=\"2020-02-08 17:19:51\" data-filename=\"Sampler-4TOR-ON-PARC-10-1-425x575.jpeg\" data-slide-type=\"image\"><img src=\"https:\/\/madschool.ca\/wp-content\/uploads\/2019\/07\/Sampler-4TOR-ON-PARC-10-1-425x575.jpeg\" height=\"575\" width=\"425\" alt=\"peinture d&#039;avion rouge flottant dans un ciel \u00e9toil\u00e9\" class=\"slider-2219 slide-2237 msDefaultImage\" title=\"Sampler 4TOR ON PARC 10\" \/><\/li>\n                <li style=\"display: none; width: 100%;\" class=\"slide-2238 ms-image \" aria-roledescription=\"slide\" data-date=\"2020-02-08 17:20:05\" data-filename=\"Sampler-7-TOR-ON-PARC-11-1-425x575.jpeg\" data-slide-type=\"image\"><img src=\"https:\/\/madschool.ca\/wp-content\/uploads\/2019\/07\/Sampler-7-TOR-ON-PARC-11-1-425x575.jpeg\" height=\"575\" width=\"425\" alt=\"peintures color\u00e9es de trois visages sur fond noir\" class=\"slider-2219 slide-2238 msDefaultImage\" title=\"Sampler 7 TOR ON PARC 11\" \/><\/li>\n                <li style=\"display: none; width: 100%;\" class=\"slide-2239 ms-image \" aria-roledescription=\"slide\" data-date=\"2020-02-08 17:20:18\" data-filename=\"Sampler-9-TOR-ON-JN-painting-4-1-425x575.jpg\" data-slide-type=\"image\"><img src=\"https:\/\/madschool.ca\/wp-content\/uploads\/2019\/07\/Sampler-9-TOR-ON-JN-painting-4-1-425x575.jpg\" height=\"575\" width=\"425\" alt=\"aquarelle de la fa\u00e7ade de PARC avec bicyclette et visages\" class=\"slider-2219 slide-2239 msDefaultImage\" title=\"Sampler 9 TOR ON-JN-painting 4\" \/><\/li>\n                <li style=\"display: none; width: 100%;\" class=\"slide-2240 ms-image \" aria-roledescription=\"slide\" data-date=\"2020-02-08 17:20:27\" data-filename=\"Sampler-11-TOR-ON-PARC-6-1-425x575.jpeg\" data-slide-type=\"image\"><img src=\"https:\/\/madschool.ca\/wp-content\/uploads\/2019\/07\/Sampler-11-TOR-ON-PARC-6-1-425x575.jpeg\" height=\"575\" width=\"425\" alt=\"portrait d&#039;un homme au chandail bleu\" class=\"slider-2219 slide-2240 msDefaultImage\" title=\"Sampler 11 TOR ON PARC 6\" \/><\/li>\n                <li style=\"display: none; width: 100%;\" class=\"slide-2241 ms-image \" aria-roledescription=\"slide\" data-date=\"2020-02-08 17:20:34\" data-filename=\"Sampler-13-TOR-ON-JN-painting-5-1-425x575.jpg\" data-slide-type=\"image\"><img src=\"https:\/\/madschool.ca\/wp-content\/uploads\/2019\/07\/Sampler-13-TOR-ON-JN-painting-5-1-425x575.jpg\" height=\"575\" width=\"425\" alt=\"aquarelle mystique de visages masculins rouges dans le feu\" class=\"slider-2219 slide-2241 msDefaultImage\" title=\"Sampler 13 TOR ON-JN-painting 5\" \/><\/li>\n                <li style=\"display: none; width: 100%;\" class=\"slide-2242 ms-image \" aria-roledescription=\"slide\" data-date=\"2020-02-08 17:20:41\" data-filename=\"Sampler-15-TOR-ON-PARC-7-1-425x575.jpeg\" data-slide-type=\"image\"><img src=\"https:\/\/madschool.ca\/wp-content\/uploads\/2019\/07\/Sampler-15-TOR-ON-PARC-7-1-425x575.jpeg\" height=\"575\" width=\"425\" alt=\"peinture color\u00e9e d&#039;un visage\" class=\"slider-2219 slide-2242 msDefaultImage\" title=\"Sampler 15 TOR ON PARC 7\" \/><\/li>\n            <\/ul>\n        <\/div>\n        \n    <\/div>\n<\/div>\n<hr \/>\n<h3>L\u2019art et la cr\u00e9ation sont partout au PARC<\/h3>\n<p><figure id=\"attachment_547\" aria-describedby=\"caption-attachment-547\" style=\"width: 300px\" class=\"wp-caption alignleft\"><a href=\"https:\/\/madschool.ca\/wp-content\/uploads\/2019\/07\/Parkdale-Pageant-1.jpg\"><img decoding=\"async\" loading=\"lazy\" class=\"wp-image-547 size-medium\" src=\"https:\/\/madschool.ca\/wp-content\/uploads\/2019\/07\/Parkdale-Pageant-1-300x217.jpg\" alt=\"Photo d'\u00e9t\u00e9 color\u00e9 \u00e0 l'ext\u00e9rieur devant l'entr\u00e9e de la communaut\u00e9 PARC. Des percussionnistes et musiciens forment un cercle.\" width=\"300\" height=\"217\" srcset=\"https:\/\/madschool.ca\/wp-content\/uploads\/2019\/07\/Parkdale-Pageant-1-300x217.jpg 300w, https:\/\/madschool.ca\/wp-content\/uploads\/2019\/07\/Parkdale-Pageant-1-768x556.jpg 768w, https:\/\/madschool.ca\/wp-content\/uploads\/2019\/07\/Parkdale-Pageant-1-1024x741.jpg 1024w\" sizes=\"(max-width: 300px) 100vw, 300px\" \/><\/a><figcaption id=\"caption-attachment-547\" class=\"wp-caption-text\">Musique, art et esprit de communaut\u00e9 \u00e0 la c\u00e9r\u00e9monie de PARC<\/figcaption><\/figure> <figure id=\"attachment_1949\" aria-describedby=\"caption-attachment-1949\" style=\"width: 303px\" class=\"wp-caption alignleft\"><a href=\"https:\/\/madschool.ca\/wp-content\/uploads\/2019\/12\/imgonline-com-ua-twotoone-oh4DekpSejIq.jpg\"><img decoding=\"async\" loading=\"lazy\" id=\"longdesc-return-1949\" class=\"wp-image-1949\" tabindex=\"-1\" src=\"https:\/\/madschool.ca\/wp-content\/uploads\/2019\/12\/imgonline-com-ua-twotoone-oh4DekpSejIq-300x225.jpg\" alt=\"Winter photos of whimsical iron bike stand outside the front of PARC\" width=\"303\" height=\"228\" longdesc=\"https:\/\/dev1.apps01.yorku.ca?longdesc=1949&amp;referrer=776\" align=\"alignright\" srcset=\"https:\/\/madschool.ca\/wp-content\/uploads\/2019\/12\/imgonline-com-ua-twotoone-oh4DekpSejIq-300x225.jpg 300w, https:\/\/madschool.ca\/wp-content\/uploads\/2019\/12\/imgonline-com-ua-twotoone-oh4DekpSejIq-24x18.jpg 24w, https:\/\/madschool.ca\/wp-content\/uploads\/2019\/12\/imgonline-com-ua-twotoone-oh4DekpSejIq-36x27.jpg 36w, https:\/\/madschool.ca\/wp-content\/uploads\/2019\/12\/imgonline-com-ua-twotoone-oh4DekpSejIq-48x36.jpg 48w, https:\/\/madschool.ca\/wp-content\/uploads\/2019\/12\/imgonline-com-ua-twotoone-oh4DekpSejIq.jpg 400w\" sizes=\"(max-width: 303px) 100vw, 303px\" \/><\/a><figcaption id=\"caption-attachment-1949\" class=\"wp-caption-text\"><span class=\"field-content\">Supports \u00e0 v\u00e9lo: fonction d&rsquo;art \u00e0 PARC<\/span><\/figcaption><\/figure><\/p>\n<p>Cr\u00e9\u00e9e en 2008, la compagnie <em>Making Room Community Arts<\/em> a trouv\u00e9 domicile au PARC sous la direction artistique de Michael\u00a0Burtt. <em>Making Room Community Arts<\/em> se d\u00e9finit comme une \u00ab\u2009compagnie artistique multidisciplinaire radicalement inclusive en r\u00e9sidence de longue dur\u00e9e au Centre de loisirs de Parkdale. Nous cr\u00e9ons des c\u00e9l\u00e9brations et c\u00e9r\u00e9monies, de petite et de grande envergure, inspir\u00e9es de la vie quotidienne\u2009\u00bb.<\/p>\n<p><span class=\"field-content\">La plupart des \u0153uvres produites sous la direction de Burtt aident les membres \u00e0 lier leur histoire personnelle \u00e0 celle de Parkdale. L\u2019un de ces exemples est le d\u00e9fil\u00e9 de Parkdale et la mise \u00e0 l\u2019eau d\u2019embarcations en juin\u00a02012. Des centaines de membres du PARC et de la communaut\u00e9 ont construit ensemble un radeau et un canot, qu\u2019ils ont ensuite port\u00e9s lors d\u2019un d\u00e9fil\u00e9 anim\u00e9 le long des rues de Parkdale et qu\u2019ils ont mis \u00e0 l\u2019eau dans le lac Ontario. Cette initiative avait pour but de r\u00e9clamer le lac Ontario pour la communaut\u00e9, les membres du PARC et Parkdale. Le projet de radeau est un des nombreux exemples illustrant le fait que les \u0153uvres d\u2019art r\u00e9alis\u00e9es au PARC se r\u00e9pandent dans la communaut\u00e9 de Parkdale et bien au-del\u00e0. Certaines des \u0153uvres ont d\u2019ailleurs \u00e9t\u00e9 imprim\u00e9es sur des tasses ou des cartes postales mises en vente. Un projet d\u2019art a \u00e9galement amen\u00e9 des membres du PARC \u00e0 participer \u00e0 la conception du paysage urbain, par la cr\u00e9ation de supports \u00e0 v\u00e9lo qui ont \u00e9t\u00e9 install\u00e9s par la Ville de Toronto.<\/span><\/p>\n<div class=\"dnd-widget-wrapper context-default_body_context type-image\">\n<div class=\"dnd-atom-rendered\">\n<div class=\"field field-name-scald-thumbnail field-type-image field-label-hidden\">\n<div class=\"field-items\">\n<div class=\"field-item even\">\u00a0<\/div>\n<\/div>\n<\/div>\n<div class=\"field field-name-field-longcaption field-type-text-long field-label-hidden\">\n<div class=\"field-items\">\n<div class=\"field-item even\">\u00a0<\/div>\n<\/div>\n<\/div>\n<\/div>\n<\/div>\n<div class=\"dnd-widget-wrapper context-small_size_image type-image atom-align-right\">\n<div class=\"dnd-atom-rendered\">\n<div class=\"view view-link-to-full-view-of-files view-id-link_to_full_view_of_files view-display-id-entity_view_1 view-dom-id-6be427c2b0ce52d2857420dd24b02a43\">\n<div class=\"view-content\">\n<div class=\"views-row views-row-1 views-row-odd views-row-first views-row-last\">\u00a0<\/div>\n<\/div>\n<\/div>\n<\/div>\n<\/div>\n<p>&nbsp;<\/p>\n<p><\/p>","protected":false},"excerpt":{"rendered":"<p>Les arts au PARC: Apprentissage autodirig\u00e9 Minutage : 30 minutes Mode : ind\u00e9pendante; en ligne Sur les murs du centre d\u2019accueil, on retrouve des \u0153uvres d\u2019art cr\u00e9\u00e9es par des membres, anciens ou actuels, du PARC. Il existe plusieurs clubs d\u2019art officiels au PARC depuis les ann\u00e9es\u00a01990, mais l\u2019art, sous diff\u00e9rentes formes, y est pr\u00e9sent depuis &hellip; <\/p>\n","protected":false},"author":2,"featured_media":0,"parent":714,"menu_order":0,"comment_status":"closed","ping_status":"closed","template":"","meta":[],"categories":[79,68,75,72,82,88,83,89,51,54,76,91,77,55,70,57,64,52,98,85,58,53,99,101,100,73,71],"tags":[],"acf":[],"aioseo_notices":[],"_links":{"self":[{"href":"https:\/\/madschool.ca\/fr\/wp-json\/wp\/v2\/pages\/773"}],"collection":[{"href":"https:\/\/madschool.ca\/fr\/wp-json\/wp\/v2\/pages"}],"about":[{"href":"https:\/\/madschool.ca\/fr\/wp-json\/wp\/v2\/types\/page"}],"author":[{"embeddable":true,"href":"https:\/\/madschool.ca\/fr\/wp-json\/wp\/v2\/users\/2"}],"replies":[{"embeddable":true,"href":"https:\/\/madschool.ca\/fr\/wp-json\/wp\/v2\/comments?post=773"}],"version-history":[{"count":54,"href":"https:\/\/madschool.ca\/fr\/wp-json\/wp\/v2\/pages\/773\/revisions"}],"predecessor-version":[{"id":6069,"href":"https:\/\/madschool.ca\/fr\/wp-json\/wp\/v2\/pages\/773\/revisions\/6069"}],"up":[{"embeddable":true,"href":"https:\/\/madschool.ca\/fr\/wp-json\/wp\/v2\/pages\/714"}],"wp:attachment":[{"href":"https:\/\/madschool.ca\/fr\/wp-json\/wp\/v2\/media?parent=773"}],"wp:term":[{"taxonomy":"category","embeddable":true,"href":"https:\/\/madschool.ca\/fr\/wp-json\/wp\/v2\/categories?post=773"},{"taxonomy":"post_tag","embeddable":true,"href":"https:\/\/madschool.ca\/fr\/wp-json\/wp\/v2\/tags?post=773"}],"curies":[{"name":"wp","href":"https:\/\/api.w.org\/{rel}","templated":true}]}}