{"id":802,"date":"2019-07-22T10:29:32","date_gmt":"2019-07-22T14:29:32","guid":{"rendered":"https:\/\/historyinpractice.ca\/?page_id=802"},"modified":"2021-05-01T23:02:07","modified_gmt":"2021-05-02T03:02:07","slug":"evaluate-art-multi-purpose","status":"publish","type":"page","link":"https:\/\/madschool.ca\/fr\/models-of-practice\/a-living-room-to-thousands\/evaluate-art-multi-purpose\/","title":{"rendered":"Le arts: Espace multiusage"},"content":{"rendered":"<p><\/p>\n<!-- Widget Shortcode --><div id=\"nav_menu-2\" class=\"widget widget_nav_menu widget-shortcode area-arbitrary \"><h2 class=\"widgettitle\">History in Practice<\/h2><div class=\"menu-history-in-practice-container\"><ul id=\"menu-history-in-practice-1\" class=\"menu\"><li class=\"menu-item menu-item-type-post_type menu-item-object-page menu-item-home menu-item-676\"><a href=\"https:\/\/madschool.ca\/fr\/\">\u00c9cole folle<\/a><\/li>\n<li class=\"menu-item menu-item-type-post_type menu-item-object-page menu-item-3677\"><a href=\"https:\/\/madschool.ca\/fr\/how-to-use-this-site\/\">Comment utiliser ce site<\/a><\/li>\n<li class=\"menu-item menu-item-type-post_type menu-item-object-page menu-item-681\"><a href=\"https:\/\/madschool.ca\/fr\/stigma-and-discrimination\/\">Module Stigmatisation<\/a><\/li>\n<li class=\"menu-item menu-item-type-post_type menu-item-object-page menu-item-679\"><a href=\"https:\/\/madschool.ca\/fr\/advocacy-activism\/\">Module Faire changement<\/a><\/li>\n<li class=\"menu-item menu-item-type-post_type menu-item-object-page menu-item-678\"><a href=\"https:\/\/madschool.ca\/fr\/medicine-and-power\/\">Module M\u00e9decine et pouvoir<\/a><\/li>\n<li class=\"menu-item menu-item-type-post_type menu-item-object-page menu-item-680\"><a href=\"https:\/\/madschool.ca\/fr\/models-of-practice\/\">Module Alternatives<\/a><\/li>\n<li class=\"menu-item menu-item-type-post_type menu-item-object-page menu-item-677\"><a href=\"https:\/\/madschool.ca\/fr\/policy-into-practice\/\">Module Politiques<\/a><\/li>\n<\/ul><\/div><\/div><!-- \/Widget Shortcode -->\n<p><a name=\"main-content\"><\/a><!-- Widget Shortcode --><div id=\"search-3\" class=\"widget widget_search widget-shortcode area-arbitrary \"><h2 class=\"widgettitle\">(English) SEARCH<\/h2><form role=\"search\" method=\"get\" class=\"search-form\" action=\"\/search-results\/\">\n\t\t\t\t<label>\n\t\t\t\t\t<span class=\"screen-reader-text\">Rechercher\u00a0:<\/span>\n\t\t\t\t\t<input type=\"search\" class=\"search-field\" placeholder=\"Rechercher\u2026\" value=\"\" name=\"_search_box\" \/>\n\t\t\t\t<\/label>\n\t\t\t\t<input type=\"submit\" class=\"search-submit\" value=\"Rechercher\" \/>\n\t\t\t<\/form><\/div><!-- \/Widget Shortcode --><\/p>\n<div class=\"rightmenu\"><!-- Widget Shortcode --><div id=\"nav_menu-5\" class=\"widget widget_nav_menu widget-shortcode area-arbitrary \"><h2 class=\"widgettitle\">A Living Room to Thousands<\/h2><div class=\"menu-living-room-container\"><ul id=\"menu-living-room-1\" class=\"menu\"><li class=\"menu-item menu-item-type-post_type menu-item-object-page menu-item-829\"><a href=\"https:\/\/madschool.ca\/fr\/models-of-practice\/a-living-room-to-thousands\/\">Un chez-soi pour des milliers de personnes<\/a><\/li>\n<li class=\"menu-item menu-item-type-post_type menu-item-object-page menu-item-792\"><a href=\"https:\/\/madschool.ca\/fr\/models-of-practice\/a-living-room-to-thousands\/components-art-self-guided\/\">Des contenus : Les arts &#8211; apprentissage autodirig\u00e9<\/a><\/li>\n<li class=\"menu-item menu-item-type-post_type menu-item-object-page menu-item-819\"><a href=\"https:\/\/madschool.ca\/fr\/models-of-practice\/a-living-room-to-thousands\/evaluate-art-multi-purpose\/\">\u00c9valuation : Les arts &#8211; espace multiusage<\/a><\/li>\n<li class=\"menu-item menu-item-type-post_type menu-item-object-page menu-item-818\"><a href=\"https:\/\/madschool.ca\/fr\/models-of-practice\/a-living-room-to-thousands\/components-food-self-guided\/\">Des contenus : L\u2019alimentation &#8211; apprentissage autodirig\u00e9<\/a><\/li>\n<li class=\"menu-item menu-item-type-post_type menu-item-object-page menu-item-816\"><a href=\"https:\/\/madschool.ca\/fr\/models-of-practice\/a-living-room-to-thousands\/components-place-self-guided\/\">Des contenus : Les loisirs &#8211; apprentissage autodirig\u00e9<\/a><\/li>\n<li class=\"menu-item menu-item-type-post_type menu-item-object-page menu-item-815\"><a href=\"https:\/\/madschool.ca\/fr\/models-of-practice\/a-living-room-to-thousands\/evaluate-place-discussion\/\">\u00c9valuation : Discussion autour du diaporama<\/a><\/li>\n<li class=\"menu-item menu-item-type-post_type menu-item-object-page menu-item-814\"><a href=\"https:\/\/madschool.ca\/fr\/models-of-practice\/a-living-room-to-thousands\/evaluate-place-short-paper\/\">\u00c9valuation : L\u2019expos\u00e9 de cinq minutes<\/a><\/li>\n<li class=\"menu-item menu-item-type-post_type menu-item-object-page menu-item-793\"><a href=\"https:\/\/madschool.ca\/fr\/models-of-practice\/\">Module Alternatives<\/a><\/li>\n<\/ul><\/div><\/div><!-- \/Widget Shortcode --><\/div>\n<nav aria-label=\"breadcrumbs\">\n            <div class=\"breadcrumb-container theme1\">\n                <ol>\n                                    <\/ol>\n            <\/div>\n        <\/nav>    <script type=\"application\/ld+json\">\n        {\n            \"@context\": \"http:\/\/schema.org\",\n            \"@type\": \"BreadcrumbList\",\n            \"itemListElement\": [\n                            ]\n        }\n    <\/script>\n   \n    <script>\n            <\/script>\n\n<h1><img decoding=\"async\" loading=\"lazy\" class=\"alignleft size-thumbnail wp-image-1378\" src=\"https:\/\/madschool.ca\/wp-content\/uploads\/2019\/08\/Evaluating-Icon-2024-150x150.jpg\" alt=\"Green kitchen weigh scale\" width=\"150\" height=\"150\" \/>Les arts au PARC: Espace multiusage<\/h1>\n<p>Minutage : 30 minutes<br \/>\nMode : ind\u00e9pendante; en ligne.<\/p>\n<p>La devise du PARC est <strong>\u00ab\u2009Une communaut\u00e9 o\u00f9 les gens reconstruisent leur vie\u2009\u00bb<\/strong>. Le mod\u00e8le de pratiques du PARC reconnait les membres comme des citoyens (et non comme des patients ayant des probl\u00e8mes de sant\u00e9 mentale). Quant au mod\u00e8le d\u2019organisation, il permet d\u2019offrir un espace positif indispensable \u00e0 une vie saine et \u00e0 la formation d\u2019un esprit communautaire.<\/p>\n<p>Pr\u00e9parez une pr\u00e9sentation de 5\u00a0minutes \u00e0 partir de la devise du PARC, des sections <em>Objectifs p\u00e9dagogiques<\/em>et <em>Mise en contexte des contenus,<\/em>ou demandez aux \u00e9tudiants de travailler avec ces ressources de fa\u00e7on autonome. Les \u00e9tudiants devraient visionner le diaporama de la galerie d\u2019art du PARC pr\u00e9alablement \u00e0 l\u2019activit\u00e9 d\u2019apprentissage en classe. En s\u2019inspirant de la devise du PARC et du diaporama de la galerie d\u2019art du PARC, ils pourront ensuite travailler en petits groupes sur le th\u00e8me de l\u2019art en tant que m\u00e9thode autog\u00e9r\u00e9e pour favoriser le bien-\u00eatre des membres. Cette activit\u00e9 se termine avec une r\u00e9flexion en cinq points que les \u00e9tudiants peuvent pr\u00e9senter en classe ou publier en ligne dans un forum de discussion.<\/p>\n<p><\/p>","protected":false},"excerpt":{"rendered":"<p>Les arts au PARC: Espace multiusage Minutage : 30 minutes Mode : ind\u00e9pendante; en ligne. La devise du PARC est \u00ab\u2009Une communaut\u00e9 o\u00f9 les gens reconstruisent leur vie\u2009\u00bb. Le mod\u00e8le de pratiques du PARC reconnait les membres comme des citoyens (et non comme des patients ayant des probl\u00e8mes de sant\u00e9 mentale). Quant au mod\u00e8le d\u2019organisation, &hellip; <\/p>\n","protected":false},"author":2,"featured_media":0,"parent":714,"menu_order":2,"comment_status":"closed","ping_status":"closed","template":"","meta":[],"categories":[79,68,88,59,89,51,107,60,91,77,57,64,52,98,84,53,99,101,100,73],"tags":[],"acf":[],"aioseo_notices":[],"_links":{"self":[{"href":"https:\/\/madschool.ca\/fr\/wp-json\/wp\/v2\/pages\/802"}],"collection":[{"href":"https:\/\/madschool.ca\/fr\/wp-json\/wp\/v2\/pages"}],"about":[{"href":"https:\/\/madschool.ca\/fr\/wp-json\/wp\/v2\/types\/page"}],"author":[{"embeddable":true,"href":"https:\/\/madschool.ca\/fr\/wp-json\/wp\/v2\/users\/2"}],"replies":[{"embeddable":true,"href":"https:\/\/madschool.ca\/fr\/wp-json\/wp\/v2\/comments?post=802"}],"version-history":[{"count":27,"href":"https:\/\/madschool.ca\/fr\/wp-json\/wp\/v2\/pages\/802\/revisions"}],"predecessor-version":[{"id":5956,"href":"https:\/\/madschool.ca\/fr\/wp-json\/wp\/v2\/pages\/802\/revisions\/5956"}],"up":[{"embeddable":true,"href":"https:\/\/madschool.ca\/fr\/wp-json\/wp\/v2\/pages\/714"}],"wp:attachment":[{"href":"https:\/\/madschool.ca\/fr\/wp-json\/wp\/v2\/media?parent=802"}],"wp:term":[{"taxonomy":"category","embeddable":true,"href":"https:\/\/madschool.ca\/fr\/wp-json\/wp\/v2\/categories?post=802"},{"taxonomy":"post_tag","embeddable":true,"href":"https:\/\/madschool.ca\/fr\/wp-json\/wp\/v2\/tags?post=802"}],"curies":[{"name":"wp","href":"https:\/\/api.w.org\/{rel}","templated":true}]}}