{"id":808,"date":"2019-07-22T10:33:04","date_gmt":"2019-07-22T14:33:04","guid":{"rendered":"https:\/\/historyinpractice.ca\/?page_id=808"},"modified":"2021-09-29T01:04:37","modified_gmt":"2021-09-29T05:04:37","slug":"components-place-self-guided","status":"publish","type":"page","link":"https:\/\/madschool.ca\/fr\/models-of-practice\/a-living-room-to-thousands\/components-place-self-guided\/","title":{"rendered":"Les loisirs : Apprentissage dirig\u00e9"},"content":{"rendered":"<p><\/p>\n<!-- Widget Shortcode --><div id=\"nav_menu-2\" class=\"widget widget_nav_menu widget-shortcode area-arbitrary \"><h2 class=\"widgettitle\">History in Practice<\/h2><div class=\"menu-history-in-practice-container\"><ul id=\"menu-history-in-practice-1\" class=\"menu\"><li class=\"menu-item menu-item-type-post_type menu-item-object-page menu-item-home menu-item-676\"><a href=\"https:\/\/madschool.ca\/fr\/\">\u00c9cole folle<\/a><\/li>\n<li class=\"menu-item menu-item-type-post_type menu-item-object-page menu-item-3677\"><a href=\"https:\/\/madschool.ca\/fr\/how-to-use-this-site\/\">Comment utiliser ce site<\/a><\/li>\n<li class=\"menu-item menu-item-type-post_type menu-item-object-page menu-item-681\"><a href=\"https:\/\/madschool.ca\/fr\/stigma-and-discrimination\/\">Module Stigmatisation<\/a><\/li>\n<li class=\"menu-item menu-item-type-post_type menu-item-object-page menu-item-679\"><a href=\"https:\/\/madschool.ca\/fr\/advocacy-activism\/\">Module Faire changement<\/a><\/li>\n<li class=\"menu-item menu-item-type-post_type menu-item-object-page menu-item-678\"><a href=\"https:\/\/madschool.ca\/fr\/medicine-and-power\/\">Module M\u00e9decine et pouvoir<\/a><\/li>\n<li class=\"menu-item menu-item-type-post_type menu-item-object-page menu-item-680\"><a href=\"https:\/\/madschool.ca\/fr\/models-of-practice\/\">Module Alternatives<\/a><\/li>\n<li class=\"menu-item menu-item-type-post_type menu-item-object-page menu-item-677\"><a href=\"https:\/\/madschool.ca\/fr\/policy-into-practice\/\">Module Politiques<\/a><\/li>\n<\/ul><\/div><\/div><!-- \/Widget Shortcode -->\n<p><a name=\"main-content\"><\/a><!-- Widget Shortcode --><div id=\"search-3\" class=\"widget widget_search widget-shortcode area-arbitrary \"><h2 class=\"widgettitle\">(English) SEARCH<\/h2><form role=\"search\" method=\"get\" class=\"search-form\" action=\"\/search-results\/\">\n\t\t\t\t<label>\n\t\t\t\t\t<span class=\"screen-reader-text\">Rechercher\u00a0:<\/span>\n\t\t\t\t\t<input type=\"search\" class=\"search-field\" placeholder=\"Rechercher\u2026\" value=\"\" name=\"_search_box\" \/>\n\t\t\t\t<\/label>\n\t\t\t\t<input type=\"submit\" class=\"search-submit\" value=\"Rechercher\" \/>\n\t\t\t<\/form><\/div><!-- \/Widget Shortcode --><\/p>\n<div class=\"rightmenu\"><!-- Widget Shortcode --><div id=\"nav_menu-5\" class=\"widget widget_nav_menu widget-shortcode area-arbitrary \"><h2 class=\"widgettitle\">A Living Room to Thousands<\/h2><div class=\"menu-living-room-container\"><ul id=\"menu-living-room-1\" class=\"menu\"><li class=\"menu-item menu-item-type-post_type menu-item-object-page menu-item-829\"><a href=\"https:\/\/madschool.ca\/fr\/models-of-practice\/a-living-room-to-thousands\/\">Un chez-soi pour des milliers de personnes<\/a><\/li>\n<li class=\"menu-item menu-item-type-post_type menu-item-object-page menu-item-792\"><a href=\"https:\/\/madschool.ca\/fr\/models-of-practice\/a-living-room-to-thousands\/components-art-self-guided\/\">Des contenus : Les arts &#8211; apprentissage autodirig\u00e9<\/a><\/li>\n<li class=\"menu-item menu-item-type-post_type menu-item-object-page menu-item-819\"><a href=\"https:\/\/madschool.ca\/fr\/models-of-practice\/a-living-room-to-thousands\/evaluate-art-multi-purpose\/\">\u00c9valuation : Les arts &#8211; espace multiusage<\/a><\/li>\n<li class=\"menu-item menu-item-type-post_type menu-item-object-page menu-item-818\"><a href=\"https:\/\/madschool.ca\/fr\/models-of-practice\/a-living-room-to-thousands\/components-food-self-guided\/\">Des contenus : L\u2019alimentation &#8211; apprentissage autodirig\u00e9<\/a><\/li>\n<li class=\"menu-item menu-item-type-post_type menu-item-object-page menu-item-816\"><a href=\"https:\/\/madschool.ca\/fr\/models-of-practice\/a-living-room-to-thousands\/components-place-self-guided\/\">Des contenus : Les loisirs &#8211; apprentissage autodirig\u00e9<\/a><\/li>\n<li class=\"menu-item menu-item-type-post_type menu-item-object-page menu-item-815\"><a href=\"https:\/\/madschool.ca\/fr\/models-of-practice\/a-living-room-to-thousands\/evaluate-place-discussion\/\">\u00c9valuation : Discussion autour du diaporama<\/a><\/li>\n<li class=\"menu-item menu-item-type-post_type menu-item-object-page menu-item-814\"><a href=\"https:\/\/madschool.ca\/fr\/models-of-practice\/a-living-room-to-thousands\/evaluate-place-short-paper\/\">\u00c9valuation : L\u2019expos\u00e9 de cinq minutes<\/a><\/li>\n<li class=\"menu-item menu-item-type-post_type menu-item-object-page menu-item-793\"><a href=\"https:\/\/madschool.ca\/fr\/models-of-practice\/\">Module Alternatives<\/a><\/li>\n<\/ul><\/div><\/div><!-- \/Widget Shortcode --><\/div>\n<nav aria-label=\"breadcrumbs\">\n            <div class=\"breadcrumb-container theme1\">\n                <ol>\n                                    <\/ol>\n            <\/div>\n        <\/nav>    <script type=\"application\/ld+json\">\n        {\n            \"@context\": \"http:\/\/schema.org\",\n            \"@type\": \"BreadcrumbList\",\n            \"itemListElement\": [\n                            ]\n        }\n    <\/script>\n   \n    <script>\n            <\/script>\n\n<h1 class=\"evaluatingcomponents\"><img decoding=\"async\" loading=\"lazy\" class=\"alignnone size-thumbnail wp-image-1376\" src=\"https:\/\/madschool.ca\/wp-content\/uploads\/2019\/08\/Components-Icon-2024-150x150.jpg\" alt=\"Three green gears working together\" width=\"150\" height=\"150\" \/>Les loisirs au PARC : Apprentissage dirig\u00e9<\/h1>\n<p>Minutage : 6 minutes<br \/>\nMode : ind\u00e9pendante; en ligne.<\/p>\n<p><a href=\"https:\/\/madschool.ca\/wp-content\/uploads\/2019\/07\/hanging-out-at-PARC-sketch-e1578786866619.jpg\"><img decoding=\"async\" loading=\"lazy\" class=\"alignleft wp-image-371\" src=\"https:\/\/madschool.ca\/wp-content\/uploads\/2019\/07\/hanging-out-at-PARC-sketch-e1578786866619-239x300.jpg\" alt=\"Sketch of Bingo card and hot mug of coffee to take site visitor into Hanging Out at PARC page\" width=\"156\" height=\"196\" srcset=\"https:\/\/madschool.ca\/wp-content\/uploads\/2019\/07\/hanging-out-at-PARC-sketch-e1578786866619-239x300.jpg 239w, https:\/\/madschool.ca\/wp-content\/uploads\/2019\/07\/hanging-out-at-PARC-sketch-e1578786866619-19x24.jpg 19w, https:\/\/madschool.ca\/wp-content\/uploads\/2019\/07\/hanging-out-at-PARC-sketch-e1578786866619-29x36.jpg 29w, https:\/\/madschool.ca\/wp-content\/uploads\/2019\/07\/hanging-out-at-PARC-sketch-e1578786866619-38x48.jpg 38w, https:\/\/madschool.ca\/wp-content\/uploads\/2019\/07\/hanging-out-at-PARC-sketch-e1578786866619.jpg 486w\" sizes=\"(max-width: 156px) 100vw, 156px\" \/><\/a>Les loisirs au PARC peuvent prendre une forme diff\u00e9rente chaque jour. Que ce soit une partie de billard, un jeu de bingo, une soir\u00e9e cin\u00e9ma, une soir\u00e9e chantante, un cercle de tambour ou une danse, le PARC offre un espace pour les loisirs occasionnels ainsi que pour des activit\u00e9s communautaires organis\u00e9es. \u00c0 l\u2019origine, le centre d\u2019accueil de Parkdale visait d\u2019abord et avant tout \u00e0 pallier le manque d\u2019activit\u00e9s abordables et saines dans le quartier, besoin fondamental pour tous ceux qui n\u2019avaient peu ou pas d\u2019espace et aucune possibilit\u00e9 en mati\u00e8re de loisirs ou d\u2019activit\u00e9s l\u00e0 o\u00f9 ils vivaient. Pour les membres, il \u00e9tait aussi important de pouvoir passer du temps au PARC que de participer \u00e0 certaines activit\u00e9s th\u00e9rapeutiques organis\u00e9es.<\/p>\n<p>Les enseignants et les apprenants peuvent utiliser les contenus pour d\u00e9couvrir les diff\u00e9rentes facettes de la vie quotidienne, pass\u00e9e et pr\u00e9sente, au PARC. Les \u00e9tudiants peuvent visionner le diaporama <em>Les loisirs au PARC <\/em>en ligne ou en classe, en pr\u00e9vision de la discussion de groupe. Demandez aux \u00e9tudiants d\u2019utiliser les th\u00e8mes ci-dessous afin d\u2019orienter leur lecture des contenus <em>Les loisirs au PARC<\/em>\u00a0:<\/p>\n<ul>\n<li><span style=\"font-size: 11.5pt;\">Les loisirs occasionnels<\/span><\/li>\n<li><span style=\"font-size: 11.5pt;\">Les activit\u00e9s communautaires organis\u00e9es<\/span><\/li>\n<li><span style=\"font-size: 11.5pt;\">La pauvret\u00e9 et les activit\u00e9s abordables<\/span><\/li>\n<\/ul>\n<hr \/>\n<h3>Les loisirs au PARC\u00a0<\/h3>\n<p><span class=\"field-content\">D\u2019autres t\u00e9moignages \u00e9crits ainsi que des photographies du PARC au fil des ans rendent compte de la signification du PARC pour ses membres.<\/span><\/p>\n<p><strong>Visualisez <\/strong>les images dans ce diaporama :<\/p>\n<div id=\"metaslider-id-1976\" style=\"width: 100%;\" class=\"ml-slider-3-109-0 metaslider metaslider-flex metaslider-1976 ml-slider has-dots-nav ms-theme-default\" role=\"region\" aria-label=\"Hanging Out at PARC\" data-height=\"450\" data-width=\"600\">\n    <div id=\"metaslider_container_1976\">\n        <div id=\"metaslider_1976\">\n            <ul class='slides'>\n                <li style=\"display: block; width: 100%;\" class=\"slide-1977 ms-image \" aria-roledescription=\"slide\" data-date=\"2019-12-30 17:55:47\" data-filename=\"2-Hanging-Out-1-600x450.jpg\" data-slide-type=\"image\"><img src=\"https:\/\/madschool.ca\/wp-content\/uploads\/2019\/07\/2-Hanging-Out-1-600x450.jpg\" height=\"450\" width=\"600\" alt=\"Exterior view of PARC window with &quot;Be Yourself&quot; written in brightly coloured letters.\" class=\"slider-1976 slide-1977 msDefaultImage\" title=\"2 - Hanging Out 1\" \/><\/li>\n                <li style=\"display: none; width: 100%;\" class=\"slide-1978 ms-image \" aria-roledescription=\"slide\" data-date=\"2019-12-30 17:55:56\" data-filename=\"3-Hanging-Out-8-600x450.jpg\" data-slide-type=\"image\"><img src=\"https:\/\/madschool.ca\/wp-content\/uploads\/2019\/07\/3-Hanging-Out-8-600x450.jpg\" height=\"450\" width=\"600\" alt=\"Men in PARC Drop-In playing pool\" class=\"slider-1976 slide-1978 msDefaultImage\" title=\"3 - Hanging Out 8\" \/><\/li>\n                <li style=\"display: none; width: 100%;\" class=\"slide-1979 ms-image \" aria-roledescription=\"slide\" data-date=\"2019-12-30 17:56:03\" data-filename=\"4-Hanging-Out-13-600x450.jpg\" data-slide-type=\"image\"><img src=\"https:\/\/madschool.ca\/wp-content\/uploads\/2019\/07\/4-Hanging-Out-13-600x450.jpg\" height=\"450\" width=\"600\" alt=\"Two men having coffee at table in PARC Drop-In\" class=\"slider-1976 slide-1979 msDefaultImage\" title=\"4 - Hanging Out 13\" \/><\/li>\n                <li style=\"display: none; width: 100%;\" class=\"slide-1980 ms-image \" aria-roledescription=\"slide\" data-date=\"2019-12-30 17:56:11\" data-filename=\"6-Hanging-Out-6-600x450.jpg\" data-slide-type=\"image\"><img src=\"https:\/\/madschool.ca\/wp-content\/uploads\/2019\/07\/6-Hanging-Out-6-600x450.jpg\" height=\"450\" width=\"600\" alt=\"Older woman playing cards at PARC Drop-In\" class=\"slider-1976 slide-1980 msDefaultImage\" title=\"6 - Hanging Out 6\" \/><\/li>\n                <li style=\"display: none; width: 100%;\" class=\"slide-1981 ms-image \" aria-roledescription=\"slide\" data-date=\"2019-12-30 17:56:20\" data-filename=\"7-Hanging-Out-7-600x450.jpg\" data-slide-type=\"image\"><img src=\"https:\/\/madschool.ca\/wp-content\/uploads\/2019\/07\/7-Hanging-Out-7-600x450.jpg\" height=\"450\" width=\"600\" alt=\"Older woman playing cards at PARC Drop-In\" class=\"slider-1976 slide-1981 msDefaultImage\" title=\"7 - Hanging Out 7\" \/><\/li>\n                <li style=\"display: none; width: 100%;\" class=\"slide-1982 ms-image \" aria-roledescription=\"slide\" data-date=\"2019-12-30 17:56:28\" data-filename=\"9-Hanging-Out-14-600x450.jpg\" data-slide-type=\"image\"><img src=\"https:\/\/madschool.ca\/wp-content\/uploads\/2019\/07\/9-Hanging-Out-14-600x450.jpg\" height=\"450\" width=\"600\" alt=\"Man and woman at PARC, woman is pulling man&#039;s suspenders and laughing\" class=\"slider-1976 slide-1982 msDefaultImage\" title=\"9 - Hanging Out 14\" \/><\/li>\n                <li style=\"display: none; width: 100%;\" class=\"slide-1983 ms-image \" aria-roledescription=\"slide\" data-date=\"2019-12-30 17:56:35\" data-filename=\"10-Hanging-Out-19-600x450.jpg\" data-slide-type=\"image\"><img src=\"https:\/\/madschool.ca\/wp-content\/uploads\/2019\/07\/10-Hanging-Out-19-600x450.jpg\" height=\"450\" width=\"600\" alt=\"Man in black hat against red background at PARC\" class=\"slider-1976 slide-1983 msDefaultImage\" title=\"10 - Hanging Out 19\" \/><\/li>\n                <li style=\"display: none; width: 100%;\" class=\"slide-1984 ms-image \" aria-roledescription=\"slide\" data-date=\"2019-12-30 17:56:44\" data-filename=\"12-Hanging-Out-34-600x450.jpg\" data-slide-type=\"image\"><img src=\"https:\/\/madschool.ca\/wp-content\/uploads\/2019\/07\/12-Hanging-Out-34-600x450.jpg\" height=\"450\" width=\"600\" alt=\"Band playing music at PARC Drop-In\" class=\"slider-1976 slide-1984 msDefaultImage\" title=\"12 - Hanging Out 34\" \/><\/li>\n                <li style=\"display: none; width: 100%;\" class=\"slide-1985 ms-image \" aria-roledescription=\"slide\" data-date=\"2019-12-30 17:56:57\" data-filename=\"13-Hanging-Out-35-600x450.jpg\" data-slide-type=\"image\"><img src=\"https:\/\/madschool.ca\/wp-content\/uploads\/2019\/07\/13-Hanging-Out-35-600x450.jpg\" height=\"450\" width=\"600\" alt=\"Man on keyboard at PARC Drop-IN\" class=\"slider-1976 slide-1985 msDefaultImage\" title=\"13 - Hanging Out 35\" \/><\/li>\n                <li style=\"display: none; width: 100%;\" class=\"slide-1986 ms-image \" aria-roledescription=\"slide\" data-date=\"2019-12-30 17:57:03\" data-filename=\"14-Hanging-Out-11-600x450.jpg\" data-slide-type=\"image\"><img src=\"https:\/\/madschool.ca\/wp-content\/uploads\/2019\/07\/14-Hanging-Out-11-600x450.jpg\" height=\"450\" width=\"600\" alt=\"Members sitting at tables in PARC Drop-In with man at front sitting reading by himself at a table\" class=\"slider-1976 slide-1986 msDefaultImage\" title=\"14 - Hanging Out 11\" \/><\/li>\n                <li style=\"display: none; width: 100%;\" class=\"slide-1987 ms-image \" aria-roledescription=\"slide\" data-date=\"2019-12-30 17:57:17\" data-filename=\"16-Hanging-Out-23-600x450.jpg\" data-slide-type=\"image\"><img src=\"https:\/\/madschool.ca\/wp-content\/uploads\/2019\/07\/16-Hanging-Out-23-600x450.jpg\" height=\"450\" width=\"600\" alt=\"Group of PARC members doing art activity around large table\" class=\"slider-1976 slide-1987 msDefaultImage\" title=\"16 - Hanging Out 23\" \/><\/li>\n                <li style=\"display: none; width: 100%;\" class=\"slide-1988 ms-image \" aria-roledescription=\"slide\" data-date=\"2019-12-30 17:57:24\" data-filename=\"17-Hanging-Out-26-600x450.jpg\" data-slide-type=\"image\"><img src=\"https:\/\/madschool.ca\/wp-content\/uploads\/2019\/07\/17-Hanging-Out-26-600x450.jpg\" height=\"450\" width=\"600\" alt=\"Man at piano and another man on guitar - laughing\" class=\"slider-1976 slide-1988 msDefaultImage\" title=\"17 - Hanging Out 26\" \/><\/li>\n                <li style=\"display: none; width: 100%;\" class=\"slide-1989 ms-image \" aria-roledescription=\"slide\" data-date=\"2019-12-30 17:57:33\" data-filename=\"18-Hanging-Out-30-600x450.jpg\" data-slide-type=\"image\"><img src=\"https:\/\/madschool.ca\/wp-content\/uploads\/2019\/07\/18-Hanging-Out-30-600x450.jpg\" height=\"450\" width=\"600\" alt=\"Group of PARC members sitting around a table playing drums\" class=\"slider-1976 slide-1989 msDefaultImage\" title=\"18 - Hanging Out 30\" \/><\/li>\n                <li style=\"display: none; width: 100%;\" class=\"slide-1990 ms-image \" aria-roledescription=\"slide\" data-date=\"2019-12-30 17:57:44\" data-filename=\"20-Hanging-Out-25-600x450.jpg\" data-slide-type=\"image\"><img src=\"https:\/\/madschool.ca\/wp-content\/uploads\/2019\/07\/20-Hanging-Out-25-600x450.jpg\" height=\"450\" width=\"600\" alt=\"Man at doorway of PARC Drop-In with guitar\" class=\"slider-1976 slide-1990 msDefaultImage\" title=\"20 - Hanging Out 25\" \/><\/li>\n                <li style=\"display: none; width: 100%;\" class=\"slide-1991 ms-image \" aria-roledescription=\"slide\" data-date=\"2019-12-30 17:57:53\" data-filename=\"21-Hanging-Out-24-600x450.jpg\" data-slide-type=\"image\"><img src=\"https:\/\/madschool.ca\/wp-content\/uploads\/2019\/07\/21-Hanging-Out-24-600x450.jpg\" height=\"450\" width=\"600\" alt=\"Man playing piano at PARC Drop-In with woman listening at table\" class=\"slider-1976 slide-1991 msDefaultImage\" title=\"21 - Hanging Out 24\" \/><\/li>\n                <li style=\"display: none; width: 100%;\" class=\"slide-1992 ms-image \" aria-roledescription=\"slide\" data-date=\"2019-12-30 17:58:05\" data-filename=\"22-Hanging-Out-9-600x450.jpg\" data-slide-type=\"image\"><img src=\"https:\/\/madschool.ca\/wp-content\/uploads\/2019\/07\/22-Hanging-Out-9-600x450.jpg\" height=\"450\" width=\"600\" alt=\"Group of PARC members sitting at tables in Drop-In\" class=\"slider-1976 slide-1992 msDefaultImage\" title=\"22 - Hanging Out 9\" \/><\/li>\n            <\/ul>\n        <\/div>\n        \n    <\/div>\n<\/div>\n<p><strong>Lisez<\/strong> ces citations :<\/p>\n<blockquote>\n<p>Il y a quelques ann\u00e9es, quand le P.A.R.C n\u2019existait pas, je n\u2019avais que l\u2019h\u00f4pital o\u00f9 aller.<br \/>\n\u2013 Douglas Foot<\/p>\n<\/blockquote>\n<blockquote>\n<p>Personne n\u2019est oblig\u00e9 de venir ou de rester ici. Tout comme la plupart des gens, qui ne parlent pas tout le temps d\u2019aller mieux, on n\u2019en parle pas plus \u00e0 l\u2019h\u00f4pital.<br \/>\n\u2013 Joel Levenson<\/p>\n<\/blockquote>\n<blockquote>\n<p>Avant que je connaisse l\u2019existence du Centre de loisirs de Parkdale, je ne pouvais confier mes probl\u00e8mes \u00e0 personne parce que j\u2019\u00e9tais trop g\u00ean\u00e9 et que je n\u2019osais pas parler \u00e0 des \u00e9trangers. Mais maintenant, pour moi, personne n\u2019est un \u00e9tranger, seulement un ami que je n\u2019ai pas encore rencontr\u00e9.<br \/>\n\u2013 Gord Annis<\/p>\n<\/blockquote>\n<blockquote>\n<p>Le PARC, c\u2019est tout ce dont les gens ont besoin pour se distraire au quotidien de leurs probl\u00e8mes.<br \/>\n\u2013 Allen G. Burk<\/p>\n<\/blockquote>\n<blockquote>\n<p>J\u2019appr\u00e9cie vraiment \u00eatre ici parce que les membres m\u2019aident \u00e0 me sortir de mes mauvaises, de mes mis\u00e9rables journ\u00e9es, celles o\u00f9 je ne vais pas bien. En m\u2019offrant une cigarette ou une tasse de caf\u00e9, ou simplement en jasant \u00e0 leur fa\u00e7on avec moi.<br \/>\n\u2013 Ruth Quick<\/p>\n<\/blockquote>\n<blockquote>\n<p>Le Centre joue un r\u00f4le important dans la vie des membres. Il offre une alternative \u00e0 la rue, aux logements inad\u00e9quats et \u00e0 la pauvret\u00e9. La participation aux activit\u00e9s du Centre peut susciter de l\u2019espoir att\u00e9nuer le d\u00e9sespoir li\u00e9 \u00e0 l\u2019isolement social. Il peut aussi constituer un pont entre une vie de privation vers une nouvelle fa\u00e7on de vivre dans le monde.<br \/>\n\u2013 Rapport annuel du PARC, 2003-2004<\/p>\n<\/blockquote>\n<p>&nbsp;<\/p>\n<p><\/p>","protected":false},"excerpt":{"rendered":"<p>Les loisirs au PARC : Apprentissage dirig\u00e9 Minutage : 6 minutes Mode : ind\u00e9pendante; en ligne. Les loisirs au PARC peuvent prendre une forme diff\u00e9rente chaque jour. Que ce soit une partie de billard, un jeu de bingo, une soir\u00e9e cin\u00e9ma, une soir\u00e9e chantante, un cercle de tambour ou une danse, le PARC offre un &hellip; <\/p>\n","protected":false},"author":2,"featured_media":0,"parent":714,"menu_order":5,"comment_status":"closed","ping_status":"closed","template":"","meta":[],"categories":[79,68,109,72,82,88,83,89,51,54,74,91,77,55,70,57,64,52,98,85,58,53,99,101,100,139,71],"tags":[],"acf":[],"aioseo_notices":[],"_links":{"self":[{"href":"https:\/\/madschool.ca\/fr\/wp-json\/wp\/v2\/pages\/808"}],"collection":[{"href":"https:\/\/madschool.ca\/fr\/wp-json\/wp\/v2\/pages"}],"about":[{"href":"https:\/\/madschool.ca\/fr\/wp-json\/wp\/v2\/types\/page"}],"author":[{"embeddable":true,"href":"https:\/\/madschool.ca\/fr\/wp-json\/wp\/v2\/users\/2"}],"replies":[{"embeddable":true,"href":"https:\/\/madschool.ca\/fr\/wp-json\/wp\/v2\/comments?post=808"}],"version-history":[{"count":48,"href":"https:\/\/madschool.ca\/fr\/wp-json\/wp\/v2\/pages\/808\/revisions"}],"predecessor-version":[{"id":6220,"href":"https:\/\/madschool.ca\/fr\/wp-json\/wp\/v2\/pages\/808\/revisions\/6220"}],"up":[{"embeddable":true,"href":"https:\/\/madschool.ca\/fr\/wp-json\/wp\/v2\/pages\/714"}],"wp:attachment":[{"href":"https:\/\/madschool.ca\/fr\/wp-json\/wp\/v2\/media?parent=808"}],"wp:term":[{"taxonomy":"category","embeddable":true,"href":"https:\/\/madschool.ca\/fr\/wp-json\/wp\/v2\/categories?post=808"},{"taxonomy":"post_tag","embeddable":true,"href":"https:\/\/madschool.ca\/fr\/wp-json\/wp\/v2\/tags?post=808"}],"curies":[{"name":"wp","href":"https:\/\/api.w.org\/{rel}","templated":true}]}}