{"id":810,"date":"2019-07-22T10:33:44","date_gmt":"2019-07-22T14:33:44","guid":{"rendered":"https:\/\/historyinpractice.ca\/?page_id=810"},"modified":"2021-05-01T23:10:06","modified_gmt":"2021-05-02T03:10:06","slug":"evaluate-place-discussion","status":"publish","type":"page","link":"https:\/\/madschool.ca\/fr\/models-of-practice\/a-living-room-to-thousands\/evaluate-place-discussion\/","title":{"rendered":"Les loisirs &#8211; Discussion"},"content":{"rendered":"<p><\/p>\n<!-- Widget Shortcode --><div id=\"nav_menu-2\" class=\"widget widget_nav_menu widget-shortcode area-arbitrary \"><h2 class=\"widgettitle\">History in Practice<\/h2><div class=\"menu-history-in-practice-container\"><ul id=\"menu-history-in-practice-1\" class=\"menu\"><li class=\"menu-item menu-item-type-post_type menu-item-object-page menu-item-home menu-item-676\"><a href=\"https:\/\/madschool.ca\/fr\/\">\u00c9cole folle<\/a><\/li>\n<li class=\"menu-item menu-item-type-post_type menu-item-object-page menu-item-3677\"><a href=\"https:\/\/madschool.ca\/fr\/how-to-use-this-site\/\">Comment utiliser ce site<\/a><\/li>\n<li class=\"menu-item menu-item-type-post_type menu-item-object-page menu-item-681\"><a href=\"https:\/\/madschool.ca\/fr\/stigma-and-discrimination\/\">Module Stigmatisation<\/a><\/li>\n<li class=\"menu-item menu-item-type-post_type menu-item-object-page menu-item-679\"><a href=\"https:\/\/madschool.ca\/fr\/advocacy-activism\/\">Module Faire changement<\/a><\/li>\n<li class=\"menu-item menu-item-type-post_type menu-item-object-page menu-item-678\"><a href=\"https:\/\/madschool.ca\/fr\/medicine-and-power\/\">Module M\u00e9decine et pouvoir<\/a><\/li>\n<li class=\"menu-item menu-item-type-post_type menu-item-object-page menu-item-680\"><a href=\"https:\/\/madschool.ca\/fr\/models-of-practice\/\">Module Alternatives<\/a><\/li>\n<li class=\"menu-item menu-item-type-post_type menu-item-object-page menu-item-677\"><a href=\"https:\/\/madschool.ca\/fr\/policy-into-practice\/\">Module Politiques<\/a><\/li>\n<\/ul><\/div><\/div><!-- \/Widget Shortcode -->\n<p><a name=\"main-content\"><\/a><!-- Widget Shortcode --><div id=\"search-3\" class=\"widget widget_search widget-shortcode area-arbitrary \"><h2 class=\"widgettitle\">(English) SEARCH<\/h2><form role=\"search\" method=\"get\" class=\"search-form\" action=\"\/search-results\/\">\n\t\t\t\t<label>\n\t\t\t\t\t<span class=\"screen-reader-text\">Rechercher\u00a0:<\/span>\n\t\t\t\t\t<input type=\"search\" class=\"search-field\" placeholder=\"Rechercher\u2026\" value=\"\" name=\"_search_box\" \/>\n\t\t\t\t<\/label>\n\t\t\t\t<input type=\"submit\" class=\"search-submit\" value=\"Rechercher\" \/>\n\t\t\t<\/form><\/div><!-- \/Widget Shortcode --><\/p>\n<div class=\"rightmenu\"><!-- Widget Shortcode --><div id=\"nav_menu-5\" class=\"widget widget_nav_menu widget-shortcode area-arbitrary \"><h2 class=\"widgettitle\">A Living Room to Thousands<\/h2><div class=\"menu-living-room-container\"><ul id=\"menu-living-room-1\" class=\"menu\"><li class=\"menu-item menu-item-type-post_type menu-item-object-page menu-item-829\"><a href=\"https:\/\/madschool.ca\/fr\/models-of-practice\/a-living-room-to-thousands\/\">Un chez-soi pour des milliers de personnes<\/a><\/li>\n<li class=\"menu-item menu-item-type-post_type menu-item-object-page menu-item-792\"><a href=\"https:\/\/madschool.ca\/fr\/models-of-practice\/a-living-room-to-thousands\/components-art-self-guided\/\">Des contenus : Les arts &#8211; apprentissage autodirig\u00e9<\/a><\/li>\n<li class=\"menu-item menu-item-type-post_type menu-item-object-page menu-item-819\"><a href=\"https:\/\/madschool.ca\/fr\/models-of-practice\/a-living-room-to-thousands\/evaluate-art-multi-purpose\/\">\u00c9valuation : Les arts &#8211; espace multiusage<\/a><\/li>\n<li class=\"menu-item menu-item-type-post_type menu-item-object-page menu-item-818\"><a href=\"https:\/\/madschool.ca\/fr\/models-of-practice\/a-living-room-to-thousands\/components-food-self-guided\/\">Des contenus : L\u2019alimentation &#8211; apprentissage autodirig\u00e9<\/a><\/li>\n<li class=\"menu-item menu-item-type-post_type menu-item-object-page menu-item-816\"><a href=\"https:\/\/madschool.ca\/fr\/models-of-practice\/a-living-room-to-thousands\/components-place-self-guided\/\">Des contenus : Les loisirs &#8211; apprentissage autodirig\u00e9<\/a><\/li>\n<li class=\"menu-item menu-item-type-post_type menu-item-object-page menu-item-815\"><a href=\"https:\/\/madschool.ca\/fr\/models-of-practice\/a-living-room-to-thousands\/evaluate-place-discussion\/\">\u00c9valuation : Discussion autour du diaporama<\/a><\/li>\n<li class=\"menu-item menu-item-type-post_type menu-item-object-page menu-item-814\"><a href=\"https:\/\/madschool.ca\/fr\/models-of-practice\/a-living-room-to-thousands\/evaluate-place-short-paper\/\">\u00c9valuation : L\u2019expos\u00e9 de cinq minutes<\/a><\/li>\n<li class=\"menu-item menu-item-type-post_type menu-item-object-page menu-item-793\"><a href=\"https:\/\/madschool.ca\/fr\/models-of-practice\/\">Module Alternatives<\/a><\/li>\n<\/ul><\/div><\/div><!-- \/Widget Shortcode --><\/div>\n<nav aria-label=\"breadcrumbs\">\n            <div class=\"breadcrumb-container theme1\">\n                <ol>\n                                    <\/ol>\n            <\/div>\n        <\/nav>    <script type=\"application\/ld+json\">\n        {\n            \"@context\": \"http:\/\/schema.org\",\n            \"@type\": \"BreadcrumbList\",\n            \"itemListElement\": [\n                            ]\n        }\n    <\/script>\n   \n    <script>\n            <\/script>\n\n<h1><img decoding=\"async\" loading=\"lazy\" class=\"size-thumbnail wp-image-1378 alignnone\" src=\"https:\/\/madschool.ca\/wp-content\/uploads\/2019\/08\/Evaluating-Icon-2024-150x150.jpg\" alt=\"Green kitchen weigh scale\" width=\"150\" height=\"150\" \/> Les loisirs au PARC &#8211; Discussion autour du diaporama<\/h1>\n<p>Minutage : 15 minutes<br \/>\nMode : ind\u00e9pendante; en ligne.<\/p>\n<p>Le PARC consid\u00e8re toute personne qui franchit ses portes comme un membre et, ce faisant, am\u00e8ne ces personnes \u00e0 se consid\u00e9rer comme membre plut\u00f4t que client ou usager de services en sant\u00e9 mentale. \u00c0 partir du diaporama <a href=\"https:\/\/madschool.ca\/fr\/models-of-practice\/a-living-room-to-thousands\/components-place-self-guided\/\"><strong>Les loisirs au PARC<\/strong><\/a>, les enseignants et les apprenants peuvent discuter de la fa\u00e7on dont l\u2019identit\u00e9 des membres est pr\u00e9sent\u00e9e dans les images et le texte. Pour une activit\u00e9 en ligne, demandez aux \u00e9tudiants de visionner le diaporama et de publier dans le forum de discussion une courte r\u00e9flexion sur ce que signifie d\u2019\u00eatre membre du PARC plut\u00f4t que client.<\/p>\n<p><\/p>","protected":false},"excerpt":{"rendered":"<p>Les loisirs au PARC &#8211; Discussion autour du diaporama Minutage : 15 minutes Mode : ind\u00e9pendante; en ligne. Le PARC consid\u00e8re toute personne qui franchit ses portes comme un membre et, ce faisant, am\u00e8ne ces personnes \u00e0 se consid\u00e9rer comme membre plut\u00f4t que client ou usager de services en sant\u00e9 mentale. \u00c0 partir du diaporama &hellip; <\/p>\n","protected":false},"author":2,"featured_media":0,"parent":714,"menu_order":6,"comment_status":"closed","ping_status":"closed","template":"","meta":[],"categories":[78,68,72,82,88,89,51,107,91,77,70,57,64,52,98,85,53,99,101,100,73,71],"tags":[],"acf":[],"aioseo_notices":[],"_links":{"self":[{"href":"https:\/\/madschool.ca\/fr\/wp-json\/wp\/v2\/pages\/810"}],"collection":[{"href":"https:\/\/madschool.ca\/fr\/wp-json\/wp\/v2\/pages"}],"about":[{"href":"https:\/\/madschool.ca\/fr\/wp-json\/wp\/v2\/types\/page"}],"author":[{"embeddable":true,"href":"https:\/\/madschool.ca\/fr\/wp-json\/wp\/v2\/users\/2"}],"replies":[{"embeddable":true,"href":"https:\/\/madschool.ca\/fr\/wp-json\/wp\/v2\/comments?post=810"}],"version-history":[{"count":28,"href":"https:\/\/madschool.ca\/fr\/wp-json\/wp\/v2\/pages\/810\/revisions"}],"predecessor-version":[{"id":5959,"href":"https:\/\/madschool.ca\/fr\/wp-json\/wp\/v2\/pages\/810\/revisions\/5959"}],"up":[{"embeddable":true,"href":"https:\/\/madschool.ca\/fr\/wp-json\/wp\/v2\/pages\/714"}],"wp:attachment":[{"href":"https:\/\/madschool.ca\/fr\/wp-json\/wp\/v2\/media?parent=810"}],"wp:term":[{"taxonomy":"category","embeddable":true,"href":"https:\/\/madschool.ca\/fr\/wp-json\/wp\/v2\/categories?post=810"},{"taxonomy":"post_tag","embeddable":true,"href":"https:\/\/madschool.ca\/fr\/wp-json\/wp\/v2\/tags?post=810"}],"curies":[{"name":"wp","href":"https:\/\/api.w.org\/{rel}","templated":true}]}}