{"id":842,"date":"2019-07-23T11:15:53","date_gmt":"2019-07-23T15:15:53","guid":{"rendered":"https:\/\/historyinpractice.ca\/?page_id=842"},"modified":"2021-09-29T01:18:46","modified_gmt":"2021-09-29T05:18:46","slug":"components-edmond-self-guided","status":"publish","type":"page","link":"https:\/\/madschool.ca\/fr\/models-of-practice\/because-of-edmond-a-place-of-safety-and-hope\/components-edmond-self-guided\/","title":{"rendered":"Apprentissage dirig\u00e9"},"content":{"rendered":"<p><!-- Widget Shortcode --><div id=\"nav_menu-2\" class=\"widget widget_nav_menu widget-shortcode area-arbitrary \"><h2 class=\"widgettitle\">History in Practice<\/h2><div class=\"menu-history-in-practice-container\"><ul id=\"menu-history-in-practice-1\" class=\"menu\"><li class=\"menu-item menu-item-type-post_type menu-item-object-page menu-item-home menu-item-676\"><a href=\"https:\/\/madschool.ca\/fr\/\">\u00c9cole folle<\/a><\/li>\n<li class=\"menu-item menu-item-type-post_type menu-item-object-page menu-item-3677\"><a href=\"https:\/\/madschool.ca\/fr\/how-to-use-this-site\/\">Comment utiliser ce site<\/a><\/li>\n<li class=\"menu-item menu-item-type-post_type menu-item-object-page menu-item-681\"><a href=\"https:\/\/madschool.ca\/fr\/stigma-and-discrimination\/\">Module Stigmatisation<\/a><\/li>\n<li class=\"menu-item menu-item-type-post_type menu-item-object-page menu-item-679\"><a href=\"https:\/\/madschool.ca\/fr\/advocacy-activism\/\">Module Faire changement<\/a><\/li>\n<li class=\"menu-item menu-item-type-post_type menu-item-object-page menu-item-678\"><a href=\"https:\/\/madschool.ca\/fr\/medicine-and-power\/\">Module M\u00e9decine et pouvoir<\/a><\/li>\n<li class=\"menu-item menu-item-type-post_type menu-item-object-page menu-item-680\"><a href=\"https:\/\/madschool.ca\/fr\/models-of-practice\/\">Module Alternatives<\/a><\/li>\n<li class=\"menu-item menu-item-type-post_type menu-item-object-page menu-item-677\"><a href=\"https:\/\/madschool.ca\/fr\/policy-into-practice\/\">Module Politiques<\/a><\/li>\n<\/ul><\/div><\/div><!-- \/Widget Shortcode --><\/p>\n<p><a name=\"main-content\"><\/a><!-- Widget Shortcode --><div id=\"search-3\" class=\"widget widget_search widget-shortcode area-arbitrary \"><h2 class=\"widgettitle\">(English) SEARCH<\/h2><form role=\"search\" method=\"get\" class=\"search-form\" action=\"\/search-results\/\">\n\t\t\t\t<label>\n\t\t\t\t\t<span class=\"screen-reader-text\">Rechercher\u00a0:<\/span>\n\t\t\t\t\t<input type=\"search\" class=\"search-field\" placeholder=\"Rechercher\u2026\" value=\"\" name=\"_search_box\" \/>\n\t\t\t\t<\/label>\n\t\t\t\t<input type=\"submit\" class=\"search-submit\" value=\"Rechercher\" \/>\n\t\t\t<\/form><\/div><!-- \/Widget Shortcode --><\/p>\n<div class=\"rightmenu\"><!-- Widget Shortcode --><div id=\"nav_menu-6\" class=\"widget widget_nav_menu widget-shortcode area-arbitrary \"><h2 class=\"widgettitle\">Because of Edmond<\/h2><div class=\"menu-because-of-edmond-container\"><ul id=\"menu-because-of-edmond-1\" class=\"menu\"><li class=\"menu-item menu-item-type-post_type menu-item-object-page menu-item-832\"><a href=\"https:\/\/madschool.ca\/fr\/models-of-practice\/because-of-edmond-a-place-of-safety-and-hope\/\">Gr\u00e2ce \u00e0 Edmond, la s\u00e9curit\u00e9 et l\u2019espoir ont une place<\/a><\/li>\n<li class=\"menu-item menu-item-type-post_type menu-item-object-page menu-item-944\"><a href=\"https:\/\/madschool.ca\/fr\/models-of-practice\/because-of-edmond-a-place-of-safety-and-hope\/components-edmond-self-guided\/\">Des Contenus : Apprentissage dirig\u00e9<\/a><\/li>\n<li class=\"menu-item menu-item-type-post_type menu-item-object-page menu-item-945\"><a href=\"https:\/\/madschool.ca\/fr\/models-of-practice\/because-of-edmond-a-place-of-safety-and-hope\/evaluate-edmond-values-line\/\">Ligne de valeurs<\/a><\/li>\n<li class=\"menu-item menu-item-type-post_type menu-item-object-page menu-item-2254\"><a href=\"https:\/\/madschool.ca\/fr\/models-of-practice\/\">Module Alternatives<\/a><\/li>\n<\/ul><\/div><\/div><!-- \/Widget Shortcode --><\/div>\n<nav aria-label=\"breadcrumbs\">\n            <div class=\"breadcrumb-container theme1\">\n                <ol>\n                                    <\/ol>\n            <\/div>\n        <\/nav>    <script type=\"application\/ld+json\">\n        {\n            \"@context\": \"http:\/\/schema.org\",\n            \"@type\": \"BreadcrumbList\",\n            \"itemListElement\": [\n                            ]\n        }\n    <\/script>\n   \n    <script>\n            <\/script>\n\n<h3><img decoding=\"async\" loading=\"lazy\" class=\"alignnone size-thumbnail wp-image-1376\" src=\"https:\/\/madschool.ca\/wp-content\/uploads\/2019\/08\/Components-Icon-2024-150x150.jpg\" alt=\"Three green gears working together\" width=\"150\" height=\"150\" \/><\/h3>\n<h1 class=\"evaluatingcomponents\">Gr\u00e2ce \u00e0 Edmond: Apprentissage dirig\u00e9<\/h1>\n<p>Minutage : 40 minutes<br \/>\nMode : ind\u00e9pendante; en ligne.<\/p>\n<p>\u00c0 l\u2019aide des <em>Objectifs p\u00e9dagogiques\u00a0<\/em>et de la <em>Mise en contexte des contenus<\/em>, les enseignants peuvent utiliser les contenus et les textes d\u2019accompagnement comme \u00e9l\u00e9ments de base d\u2019un cours consacr\u00e9 \u00e0 Edmond\u00a0Yu, au PARC et \u00e0 la difficult\u00e9 d\u2019offrir un logement et des services d\u2019aide sociale de qualit\u00e9 aux personnes ayant des probl\u00e8mes de sant\u00e9 mentale. Les contenus comportent les 24\u00a0recommandations du coroner qui a enqu\u00eat\u00e9 sur la mort de Yu et une s\u00e9lection d\u2019entretiens audio avec deux personnes \u00e9troitement li\u00e9es \u00e0 l\u2019histoire de Yu et \u00e0 celle du PARC.<\/p>\n<figure id=\"attachment_590\" aria-describedby=\"caption-attachment-590\" style=\"width: 248px\" class=\"wp-caption alignleft\"><a href=\"https:\/\/madschool.ca\/wp-content\/uploads\/2019\/07\/bob-rose-1.jpg\"><img decoding=\"async\" loading=\"lazy\" id=\"longdesc-return-590\" class=\"wp-image-590 size-medium\" tabindex=\"-1\" src=\"https:\/\/madschool.ca\/wp-content\/uploads\/2019\/07\/bob-rose-1-248x300.jpg\" alt=\"Photo de Bob Ros, assis dehors en mangant un hamburger\" width=\"248\" height=\"300\" longdesc=\"https:\/\/dev1.apps01.yorku.ca?longdesc=590&amp;referrer=842\" srcset=\"https:\/\/madschool.ca\/wp-content\/uploads\/2019\/07\/bob-rose-1-248x300.jpg 248w, https:\/\/madschool.ca\/wp-content\/uploads\/2019\/07\/bob-rose-1-768x927.jpg 768w, https:\/\/madschool.ca\/wp-content\/uploads\/2019\/07\/bob-rose-1-848x1024.jpg 848w, https:\/\/madschool.ca\/wp-content\/uploads\/2019\/07\/bob-rose-1.jpg 1937w\" sizes=\"(max-width: 248px) 100vw, 248px\" \/><\/a><figcaption id=\"caption-attachment-590\" class=\"wp-caption-text\">Bob Rose, figure importante dans la communaut\u00e9 PARC, dans les ann\u00e9es 1990<\/figcaption><\/figure>\n<p>Dans un contexte de classe invers\u00e9e, les \u00e9tudiants travailleront sur l\u2019activit\u00e9 d\u2019apprentissage <em>Ligne de valeurs<\/em>(voir ci-apr\u00e8s) en \u00e9tudiant les contenus pr\u00e9alablement au cours et \u00e0 la discussion en classe. Dans le cadre de cette activit\u00e9, les enseignants devront ensuite amener les \u00e9tudiants \u00e0 prendre position (d\u2019accord, neutre ou en d\u00e9saccord) avant de prendre connaissance du contenu du cours. Les apprenants peuvent travailler de fa\u00e7on autonome ou assister \u00e0 une pr\u00e9sentation en classe. Aux niveaux sup\u00e9rieurs, les apprenants peuvent utiliser les recommandations de l\u2019enqu\u00eate comme point de d\u00e9part d\u2019un examen approfondi des liens entre droits de la personne et meilleures pratiques en sant\u00e9 mentale communautaire.<\/p>\n<p>Bob Rose, travailleur social de proximit\u00e9 au PARC, a rencontr\u00e9 Edmond \u00e0 la fin de l\u2019ann\u00e9e\u00a01996, alors que celui-ci se tenait devant la maison de chambres de laquelle il venait d\u2019\u00eatre expuls\u00e9. D\u2019abord r\u00e9ticent \u00e0 \u00e9tablir des liens avec Bob et le PARC, Edmond s\u2019est peu \u00e0 peu montr\u00e9 ouvert \u00e0 recevoir leur aide. <strong>\u00c9coutez <\/strong>Bob\u00a0Rose parler de l\u2019itin\u00e9rance d\u2019Edmond.<\/p>\n<audio class=\"wp-audio-shortcode\" id=\"audio-842-7\" preload=\"none\" style=\"width: 100%;\" controls=\"controls\"><source type=\"audio\/mpeg\" src=\"https:\/\/madschool.ca\/wp-content\/uploads\/2021\/09\/Audio-1-Es-Homelessnss-FR.mp3?_=7\" \/><a href=\"https:\/\/madschool.ca\/wp-content\/uploads\/2021\/09\/Audio-1-Es-Homelessnss-FR.mp3\">https:\/\/madschool.ca\/wp-content\/uploads\/2021\/09\/Audio-1-Es-Homelessnss-FR.mp3<\/a><\/audio>\n<p><a href=\"https:\/\/madschool.ca\/wp-content\/uploads\/2020\/03\/audio_1_es_homlessness_fr.pdf\">Transcription<\/a><\/p>\n<p>Bob esp\u00e9rait que l\u2019h\u00e9bergement d\u2019urgence temporaire qu\u2019il avait obtenu aupr\u00e8s du Centre\u00a0Gerstein de Toronto lui laisserait le temps de trouver pour Edmond un logement de longue dur\u00e9e. Mais, le 20\u00a0f\u00e9vrier\u00a01997, une semaine apr\u00e8s son admission \u00e0 Gerstein, ce dernier a \u00e9t\u00e9 tu\u00e9. Peu apr\u00e8s la mort d\u2019Edmond, Bob\u00a0Rose a ainsi r\u00e9sum\u00e9 cette trag\u00e9die dans le rapport annuel\u00a01996-1997 du PARC\u00a0: \u00ab\u2009C\u2019est ce qui arrive quand le monde choisit de faire la guerre aux pauvres au lieu de faire la guerre \u00e0 la pauvret\u00e9\u2009\u00bb. <strong>\u00c9coutez <\/strong>les r\u00e9flexions de Bob\u00a0Rose au sujet de l\u2019influence qu\u2019a eue Edmond sur la communaut\u00e9 et sur lui-m\u00eame.<\/p>\n<audio class=\"wp-audio-shortcode\" id=\"audio-842-8\" preload=\"none\" style=\"width: 100%;\" controls=\"controls\"><source type=\"audio\/mpeg\" src=\"https:\/\/madschool.ca\/wp-content\/uploads\/2021\/09\/Audio-2-Edmonds-Impact-FR.mp3?_=8\" \/><a href=\"https:\/\/madschool.ca\/wp-content\/uploads\/2021\/09\/Audio-2-Edmonds-Impact-FR.mp3\">https:\/\/madschool.ca\/wp-content\/uploads\/2021\/09\/Audio-2-Edmonds-Impact-FR.mp3<\/a><\/audio>\n<p><a href=\"https:\/\/madschool.ca\/wp-content\/uploads\/2020\/03\/audio_2_-_edmonds_impact_fr.pdf\">Transcription<\/a><\/p>\n<figure id=\"attachment_594\" aria-describedby=\"caption-attachment-594\" style=\"width: 300px\" class=\"wp-caption alignleft\"><a href=\"https:\/\/madschool.ca\/wp-content\/uploads\/2019\/07\/victor-willis-1-e1583120066460.jpg\"><img decoding=\"async\" loading=\"lazy\" id=\"longdesc-return-594\" class=\"wp-image-594 size-medium\" tabindex=\"-1\" src=\"https:\/\/madschool.ca\/wp-content\/uploads\/2019\/07\/victor-willis-1-e1583120066460-300x153.jpg\" alt=\"Photo de Victor Willis dans son bureau \u00e0 PARC\" width=\"300\" height=\"153\" longdesc=\"https:\/\/dev1.apps01.yorku.ca?longdesc=594&amp;referrer=842\" srcset=\"https:\/\/madschool.ca\/wp-content\/uploads\/2019\/07\/victor-willis-1-e1583120066460-300x153.jpg 300w, https:\/\/madschool.ca\/wp-content\/uploads\/2019\/07\/victor-willis-1-e1583120066460-768x392.jpg 768w, https:\/\/madschool.ca\/wp-content\/uploads\/2019\/07\/victor-willis-1-e1583120066460-1024x522.jpg 1024w, https:\/\/madschool.ca\/wp-content\/uploads\/2019\/07\/victor-willis-1-e1583120066460-24x12.jpg 24w, https:\/\/madschool.ca\/wp-content\/uploads\/2019\/07\/victor-willis-1-e1583120066460-36x18.jpg 36w, https:\/\/madschool.ca\/wp-content\/uploads\/2019\/07\/victor-willis-1-e1583120066460-48x24.jpg 48w\" sizes=\"(max-width: 300px) 100vw, 300px\" \/><\/a><figcaption id=\"caption-attachment-594\" class=\"wp-caption-text\">Victor Willis, directeur de longue date \u00e0 PARC, 2014<\/figcaption><\/figure>\n<p>Membre du conseil d\u2019administration du PARC, Victor\u00a0Willis travaillait alors au Centre\u00a0Gerstein et se souvient d\u2019avoir rencontr\u00e9 Edmond la veille de sa mort. Il situe la mort d\u2019Edmond\u00a0Yu dans un cadre plus large, celui des failles du syst\u00e8me de sant\u00e9 mentale. <strong>\u00c9coutez <\/strong>Victor\u00a0Willis faire part de sa br\u00e8ve rencontre avec Edmond et des failles du syst\u00e8me de sant\u00e9 mentale.<\/p>\n<audio class=\"wp-audio-shortcode\" id=\"audio-842-9\" preload=\"none\" style=\"width: 100%;\" controls=\"controls\"><source type=\"audio\/mpeg\" src=\"https:\/\/madschool.ca\/wp-content\/uploads\/2021\/09\/Victor-Audio-3b-FR.mp3?_=9\" \/><a href=\"https:\/\/madschool.ca\/wp-content\/uploads\/2021\/09\/Victor-Audio-3b-FR.mp3\">https:\/\/madschool.ca\/wp-content\/uploads\/2021\/09\/Victor-Audio-3b-FR.mp3<\/a><\/audio>\n<p><a href=\"https:\/\/madschool.ca\/wp-content\/uploads\/2020\/03\/victor_-_audio_3b_fr.pdf\">Transcription<\/a><\/p>\n<p>La cr\u00e9ation du PARC en 1980 visait \u00e0 pallier les d\u00e9faillances d\u2019un syst\u00e8me de sant\u00e9 mentale communautaire qui avait laiss\u00e9 des survivants psychiatriques et usagers sans options viables de logement. <strong>\u00c9coutez <\/strong>Victor\u00a0Willis, directeur g\u00e9n\u00e9ral du PARC, discuter de la relation entre la d\u00e9sinstitutionnalisation, le logement, le PARC et Parkdale.<\/p>\n<audio class=\"wp-audio-shortcode\" id=\"audio-842-10\" preload=\"none\" style=\"width: 100%;\" controls=\"controls\"><source type=\"audio\/mpeg\" src=\"https:\/\/madschool.ca\/wp-content\/uploads\/2020\/05\/Victor-Audio-4-FR.mp3?_=10\" \/><a href=\"https:\/\/madschool.ca\/wp-content\/uploads\/2020\/05\/Victor-Audio-4-FR.mp3\">https:\/\/madschool.ca\/wp-content\/uploads\/2020\/05\/Victor-Audio-4-FR.mp3<\/a><\/audio>\n<p><a href=\"https:\/\/madschool.ca\/wp-content\/uploads\/2020\/03\/victor_-_audio_4_fr.pdf\">Transcription<\/a><\/p>\n<p>Tout au long du processus de planification de l\u2019\u00e9difice Edmond\u00a0Place et de la sensibilisation du public au projet, le PARC s\u2019est pos\u00e9 la question suivante\u00a0: \u00ab\u2009Est-ce qu\u2019Edmond aurait v\u00e9cu ici\u2009?\u2009\u00bb <strong>\u00c9coutez <\/strong>Victor Willis d\u00e9crire les logements situ\u00e9s au 3<sup>e<\/sup>\u00a0\u00e9tage du PARC et certains des principes qui ont orient\u00e9 le projet Edmond\u00a0Place.<\/p>\n<audio class=\"wp-audio-shortcode\" id=\"audio-842-11\" preload=\"none\" style=\"width: 100%;\" controls=\"controls\"><source type=\"audio\/mpeg\" src=\"https:\/\/madschool.ca\/wp-content\/uploads\/2020\/05\/Victor-Audio-5-FR.mp3?_=11\" \/><a href=\"https:\/\/madschool.ca\/wp-content\/uploads\/2020\/05\/Victor-Audio-5-FR.mp3\">https:\/\/madschool.ca\/wp-content\/uploads\/2020\/05\/Victor-Audio-5-FR.mp3<\/a><\/audio>\n<p><a href=\"https:\/\/madschool.ca\/wp-content\/uploads\/2020\/03\/victor_-_audio_5_fr.pdf\">Transcription<\/a><\/p>\n<div id='gallery-2' class='gallery galleryid-842 gallery-columns-4 gallery-size-medium'><figure class='gallery-item'>\n\t\t\t<div class='gallery-icon landscape'>\n\t\t\t\t<a href='https:\/\/madschool.ca\/fr\/edmond-place-photo2-3\/'><img width=\"300\" height=\"200\" src=\"https:\/\/madschool.ca\/wp-content\/uploads\/2019\/07\/Edmond-Place-photo2-1-300x200.jpg\" class=\"attachment-medium size-medium\" alt=\"\u00c0 l&#039;int\u00e9rieur de l&#039;appartment d&#039;Edmond avec vue de sa cuisine. Un bel endroit o\u00f9 vivre.\" decoding=\"async\" loading=\"lazy\" aria-describedby=\"gallery-2-597\" srcset=\"https:\/\/madschool.ca\/wp-content\/uploads\/2019\/07\/Edmond-Place-photo2-1-300x200.jpg 300w, https:\/\/madschool.ca\/wp-content\/uploads\/2019\/07\/Edmond-Place-photo2-1-768x512.jpg 768w, https:\/\/madschool.ca\/wp-content\/uploads\/2019\/07\/Edmond-Place-photo2-1.jpg 1024w\" sizes=\"(max-width: 300px) 100vw, 300px\" \/><\/a>\n\t\t\t<\/div>\n\t\t\t\t<figcaption class='wp-caption-text gallery-caption' id='gallery-2-597'>\n\t\t\t\tChez Edmond, 2011\n\t\t\t\t<\/figcaption><\/figure><figure class='gallery-item'>\n\t\t\t<div class='gallery-icon landscape'>\n\t\t\t\t<a href='https:\/\/madschool.ca\/fr\/edmond-place-photo-3-2\/'><img width=\"300\" height=\"200\" src=\"https:\/\/madschool.ca\/wp-content\/uploads\/2019\/07\/Edmond-Place-photo-3-1-300x200.jpg\" class=\"attachment-medium size-medium\" alt=\"\u00c0 l&#039;int\u00e9rieur de l&#039;appartment d&#039;Edmond avec vue de sa chambre \u00e0 coucher et de la salle \u00e0 manger. Un bel endroit o\u00f9 vivre.\" decoding=\"async\" loading=\"lazy\" aria-describedby=\"gallery-2-596\" srcset=\"https:\/\/madschool.ca\/wp-content\/uploads\/2019\/07\/Edmond-Place-photo-3-1-300x200.jpg 300w, https:\/\/madschool.ca\/wp-content\/uploads\/2019\/07\/Edmond-Place-photo-3-1-768x512.jpg 768w, https:\/\/madschool.ca\/wp-content\/uploads\/2019\/07\/Edmond-Place-photo-3-1.jpg 1024w\" sizes=\"(max-width: 300px) 100vw, 300px\" \/><\/a>\n\t\t\t<\/div>\n\t\t\t\t<figcaption class='wp-caption-text gallery-caption' id='gallery-2-596'>\n\t\t\t\tChez Edmond, 2011\n\t\t\t\t<\/figcaption><\/figure><figure class='gallery-item'>\n\t\t\t<div class='gallery-icon landscape'>\n\t\t\t\t<a href='https:\/\/madschool.ca\/fr\/edmond-place-photo-1-2\/'><img width=\"300\" height=\"200\" src=\"https:\/\/madschool.ca\/wp-content\/uploads\/2019\/07\/Edmond-Place-photo-1-1-300x200.jpg\" class=\"attachment-medium size-medium\" alt=\"\u00c0 l&#039;int\u00e9rieur de l&#039;appartment d&#039;Edmond avec vue de sa chambre \u00e0 coucher et de la salle \u00e0 manger. Un bel endroit o\u00f9 vivre.\" decoding=\"async\" loading=\"lazy\" aria-describedby=\"gallery-2-595\" srcset=\"https:\/\/madschool.ca\/wp-content\/uploads\/2019\/07\/Edmond-Place-photo-1-1-300x200.jpg 300w, https:\/\/madschool.ca\/wp-content\/uploads\/2019\/07\/Edmond-Place-photo-1-1-768x512.jpg 768w, https:\/\/madschool.ca\/wp-content\/uploads\/2019\/07\/Edmond-Place-photo-1-1-1024x683.jpg 1024w\" sizes=\"(max-width: 300px) 100vw, 300px\" \/><\/a>\n\t\t\t<\/div>\n\t\t\t\t<figcaption class='wp-caption-text gallery-caption' id='gallery-2-595'>\n\t\t\t\tChez Edmond, 2011\n\t\t\t\t<\/figcaption><\/figure>\n\t\t<\/div>\n\n<p>Bien que l\u2019\u00e9difice Edmond\u00a0Place soit g\u00e9n\u00e9ralement consid\u00e9r\u00e9 comme une r\u00e9ussite, des signes rappellent en permanence qu\u2019il reste encore beaucoup \u00e0 faire pour offrir un logement s\u00fbr aux membres les plus vuln\u00e9rables de notre soci\u00e9t\u00e9. <strong>\u00c9coutez <\/strong>Bob\u00a0Rose expliquer que le projet Edmond\u00a0Place repr\u00e9sente parfois le tout premier v\u00e9ritable logement de certains r\u00e9sidents.<\/p>\n<audio class=\"wp-audio-shortcode\" id=\"audio-842-12\" preload=\"none\" style=\"width: 100%;\" controls=\"controls\"><source type=\"audio\/mpeg\" src=\"https:\/\/madschool.ca\/wp-content\/uploads\/2021\/09\/Audio-6-No-Housing-Strategy-FR.mp3?_=12\" \/><a href=\"https:\/\/madschool.ca\/wp-content\/uploads\/2021\/09\/Audio-6-No-Housing-Strategy-FR.mp3\">https:\/\/madschool.ca\/wp-content\/uploads\/2021\/09\/Audio-6-No-Housing-Strategy-FR.mp3<\/a><\/audio>\n<p><a href=\"https:\/\/madschool.ca\/wp-content\/uploads\/2020\/03\/audio_6_-_no_housing_strategy_fr.pdf\">Transcription<\/a><\/p>","protected":false},"excerpt":{"rendered":"<p>Gr\u00e2ce \u00e0 Edmond: Apprentissage dirig\u00e9 Minutage : 40 minutes Mode : ind\u00e9pendante; en ligne. \u00c0 l\u2019aide des Objectifs p\u00e9dagogiques\u00a0et de la Mise en contexte des contenus, les enseignants peuvent utiliser les contenus et les textes d\u2019accompagnement comme \u00e9l\u00e9ments de base d\u2019un cours consacr\u00e9 \u00e0 Edmond\u00a0Yu, au PARC et \u00e0 la difficult\u00e9 d\u2019offrir un logement et &hellip; <\/p>\n","protected":false},"author":2,"featured_media":0,"parent":749,"menu_order":0,"comment_status":"closed","ping_status":"closed","template":"","meta":[],"categories":[80,68,116,72,88,96,83,89,51,54,60,91,77,55,70,57,64,52,85,53,99,101,100,71],"tags":[],"acf":[],"aioseo_notices":[],"_links":{"self":[{"href":"https:\/\/madschool.ca\/fr\/wp-json\/wp\/v2\/pages\/842"}],"collection":[{"href":"https:\/\/madschool.ca\/fr\/wp-json\/wp\/v2\/pages"}],"about":[{"href":"https:\/\/madschool.ca\/fr\/wp-json\/wp\/v2\/types\/page"}],"author":[{"embeddable":true,"href":"https:\/\/madschool.ca\/fr\/wp-json\/wp\/v2\/users\/2"}],"replies":[{"embeddable":true,"href":"https:\/\/madschool.ca\/fr\/wp-json\/wp\/v2\/comments?post=842"}],"version-history":[{"count":53,"href":"https:\/\/madschool.ca\/fr\/wp-json\/wp\/v2\/pages\/842\/revisions"}],"predecessor-version":[{"id":6222,"href":"https:\/\/madschool.ca\/fr\/wp-json\/wp\/v2\/pages\/842\/revisions\/6222"}],"up":[{"embeddable":true,"href":"https:\/\/madschool.ca\/fr\/wp-json\/wp\/v2\/pages\/749"}],"wp:attachment":[{"href":"https:\/\/madschool.ca\/fr\/wp-json\/wp\/v2\/media?parent=842"}],"wp:term":[{"taxonomy":"category","embeddable":true,"href":"https:\/\/madschool.ca\/fr\/wp-json\/wp\/v2\/categories?post=842"},{"taxonomy":"post_tag","embeddable":true,"href":"https:\/\/madschool.ca\/fr\/wp-json\/wp\/v2\/tags?post=842"}],"curies":[{"name":"wp","href":"https:\/\/api.w.org\/{rel}","templated":true}]}}