{"id":865,"date":"2019-07-23T11:29:56","date_gmt":"2019-07-23T15:29:56","guid":{"rendered":"https:\/\/historyinpractice.ca\/?page_id=865"},"modified":"2021-03-16T11:15:40","modified_gmt":"2021-03-16T15:15:40","slug":"evaluate-create-a-commercial","status":"publish","type":"page","link":"https:\/\/madschool.ca\/fr\/models-of-practice\/unity-housing\/evaluate-create-a-commercial\/","title":{"rendered":"Cr\u00e9ation d\u2019une publicit\u00e9"},"content":{"rendered":"<p><\/p>\n<!-- Widget Shortcode --><div id=\"nav_menu-2\" class=\"widget widget_nav_menu widget-shortcode area-arbitrary \"><h2 class=\"widgettitle\">History in Practice<\/h2><div class=\"menu-history-in-practice-container\"><ul id=\"menu-history-in-practice-1\" class=\"menu\"><li class=\"menu-item menu-item-type-post_type menu-item-object-page menu-item-home menu-item-676\"><a href=\"https:\/\/madschool.ca\/fr\/\">\u00c9cole folle<\/a><\/li>\n<li class=\"menu-item menu-item-type-post_type menu-item-object-page menu-item-3677\"><a href=\"https:\/\/madschool.ca\/fr\/how-to-use-this-site\/\">Comment utiliser ce site<\/a><\/li>\n<li class=\"menu-item menu-item-type-post_type menu-item-object-page menu-item-681\"><a href=\"https:\/\/madschool.ca\/fr\/stigma-and-discrimination\/\">Module Stigmatisation<\/a><\/li>\n<li class=\"menu-item menu-item-type-post_type menu-item-object-page menu-item-679\"><a href=\"https:\/\/madschool.ca\/fr\/advocacy-activism\/\">Module Faire changement<\/a><\/li>\n<li class=\"menu-item menu-item-type-post_type menu-item-object-page menu-item-678\"><a href=\"https:\/\/madschool.ca\/fr\/medicine-and-power\/\">Module M\u00e9decine et pouvoir<\/a><\/li>\n<li class=\"menu-item menu-item-type-post_type menu-item-object-page menu-item-680\"><a href=\"https:\/\/madschool.ca\/fr\/models-of-practice\/\">Module Alternatives<\/a><\/li>\n<li class=\"menu-item menu-item-type-post_type menu-item-object-page menu-item-677\"><a href=\"https:\/\/madschool.ca\/fr\/policy-into-practice\/\">Module Politiques<\/a><\/li>\n<\/ul><\/div><\/div><!-- \/Widget Shortcode -->\n<p><a name=\"main-content\"><\/a><!-- Widget Shortcode --><div id=\"search-3\" class=\"widget widget_search widget-shortcode area-arbitrary \"><h2 class=\"widgettitle\">(English) SEARCH<\/h2><form role=\"search\" method=\"get\" class=\"search-form\" action=\"\/search-results\/\">\n\t\t\t\t<label>\n\t\t\t\t\t<span class=\"screen-reader-text\">Rechercher\u00a0:<\/span>\n\t\t\t\t\t<input type=\"search\" class=\"search-field\" placeholder=\"Rechercher\u2026\" value=\"\" name=\"_search_box\" \/>\n\t\t\t\t<\/label>\n\t\t\t\t<input type=\"submit\" class=\"search-submit\" value=\"Rechercher\" \/>\n\t\t\t<\/form><\/div><!-- \/Widget Shortcode --><\/p>\n<div class=\"rightmenu\"><!-- Widget Shortcode --><div id=\"nav_menu-8\" class=\"widget widget_nav_menu widget-shortcode area-arbitrary \"><h2 class=\"widgettitle\">Unity Housing<\/h2><div class=\"menu-unity-housing-french-container\"><ul id=\"menu-unity-housing-french-1\" class=\"menu\"><li class=\"menu-item menu-item-type-post_type menu-item-object-page menu-item-834\"><a href=\"https:\/\/madschool.ca\/fr\/models-of-practice\/unity-housing\/\">Le programme \u00ab\u00a0Unity Housing\u00a0\u00bb<\/a><\/li>\n<li class=\"menu-item menu-item-type-post_type menu-item-object-page menu-item-953\"><a href=\"https:\/\/madschool.ca\/fr\/models-of-practice\/unity-housing\/evaluate-create-a-commercial\/\">\u00c9valuation : Cr\u00e9ation d\u2019une publicit\u00e9<\/a><\/li>\n<li class=\"menu-item menu-item-type-post_type menu-item-object-page menu-item-954\"><a href=\"https:\/\/madschool.ca\/fr\/models-of-practice\/unity-housing\/evaluate-themes-and-analysis\/\">\u00c9valuation : Sujets et analyse<\/a><\/li>\n<li class=\"menu-item menu-item-type-post_type menu-item-object-page menu-item-955\"><a href=\"https:\/\/madschool.ca\/fr\/models-of-practice\/unity-housing\/evaluate-role-play\/\">\u00c9valuation : Jeu de r\u00f4le<\/a><\/li>\n<li class=\"menu-item menu-item-type-post_type menu-item-object-page menu-item-864\"><a href=\"https:\/\/madschool.ca\/fr\/models-of-practice\/\">Module Alternatives<\/a><\/li>\n<\/ul><\/div><\/div><!-- \/Widget Shortcode --><\/div>\n<nav aria-label=\"breadcrumbs\">\n            <div class=\"breadcrumb-container theme1\">\n                <ol>\n                                    <\/ol>\n            <\/div>\n        <\/nav>    <script type=\"application\/ld+json\">\n        {\n            \"@context\": \"http:\/\/schema.org\",\n            \"@type\": \"BreadcrumbList\",\n            \"itemListElement\": [\n                            ]\n        }\n    <\/script>\n   \n    <script>\n            <\/script>\n\n<h1><img decoding=\"async\" loading=\"lazy\" class=\"alignnone size-thumbnail wp-image-1378\" src=\"https:\/\/madschool.ca\/wp-content\/uploads\/2019\/08\/Evaluating-Icon-2024-150x150.jpg\" alt=\"Green kitchen weigh scale\" width=\"150\" height=\"150\" \/>Cr\u00e9ation d\u2019une publicit\u00e9<\/h1>\n<p>Minutage : 30 minutes (flexible) <br \/>\nMode : ind\u00e9pendante; en ligne<\/p>\n<p><iframe loading=\"lazy\" title=\"Unity Housing\" width=\"1100\" height=\"619\" src=\"https:\/\/www.youtube.com\/embed\/u42GVektZcY?feature=oembed\" frameborder=\"0\" allow=\"accelerometer; autoplay; clipboard-write; encrypted-media; gyroscope; picture-in-picture\" allowfullscreen><\/iframe><\/p>\n<p>Avant que vos \u00e9tudiants ne regardent la vid\u00e9o \u00ab\u00a0<a href=\"https:\/\/madschool.ca\/models-of-practice\/unity-housing\/\"><strong>Unity Housing<\/strong><\/a><strong>\u00a0<\/strong>\u00bb (en anglais), divisez-les en petits groupes et attribuez un th\u00e8me \u00e0 chacun (pour lequel ils devront recueillir leurs impressions) parmi les sujets suivants\u00a0:<\/p>\n<ul>\n<li>Mod\u00e8les de logement supervis\u00e9 avec processus d\u00e9mocratiques<\/li>\n<li>Membres et employ\u00e9s<\/li>\n<li>Limites associ\u00e9es \u00e0 un faible effectif<\/li>\n<li>Soutien par les pairs<\/li>\n<li>Participation volontaire<\/li>\n<li>Isolement et exclusion sociale<\/li>\n<li>Pauvret\u00e9<\/li>\n<li>Obstacles \u00e0 l\u2019\u00e9ducation et \u00e0 l\u2019emploi<\/li>\n<\/ul>\n<p>Apr\u00e8s avoir visionn\u00e9 la vid\u00e9o, demandez aux groupes de r\u00e9sumer leurs impressions sous forme de liste \u00e0 puces sur des tableaux \u00e0 feuilles mobiles ou des tableaux noirs, puis demandez \u00e0 chaque groupe d\u2019utiliser ces informations comme ressources pour cr\u00e9er une publicit\u00e9 de 2 minutes pour \u00ab\u00a0Unity\u00a0Housing\u00a0\u00bb. Les instructeurs doivent s\u2019assurer que les informations recueillies refl\u00e8tent les points cl\u00e9s et pourraient tenir une discussion en classe avant que les \u00e9tudiants ne commencent \u00e0 travailler sur leurs publicit\u00e9s.<\/p>\n<p>Cette activit\u00e9 peut se faire sous forme de vid\u00e9o, de sc\u00e9narimage (storyboard) pour une vid\u00e9o ou de proposition d\u00e9taill\u00e9e. Demandez \u00e0 chaque groupe de pr\u00e9senter sa publicit\u00e9 \u00e0 la classe afin que tous puissent comparer ce qu\u2019ils ont appris en regardant la vid\u00e9o \u00ab\u00a0Unity Housing\u00a0\u00bb. Cette activit\u00e9 peut \u00e9galement \u00eatre effectu\u00e9e sous forme de classe invers\u00e9e ou d\u2019\u00e9valuation, pour permettre aux \u00e9tudiants d\u2019effectuer certaines t\u00e2ches de mani\u00e8re ind\u00e9pendante ou en ligne.<\/p>\n<p>&nbsp;<\/p>\n<p><\/p>","protected":false},"excerpt":{"rendered":"<p>Cr\u00e9ation d\u2019une publicit\u00e9 Minutage : 30 minutes (flexible) Mode : ind\u00e9pendante; en ligne Avant que vos \u00e9tudiants ne regardent la vid\u00e9o \u00ab\u00a0Unity Housing\u00a0\u00bb (en anglais), divisez-les en petits groupes et attribuez un th\u00e8me \u00e0 chacun (pour lequel ils devront recueillir leurs impressions) parmi les sujets suivants\u00a0: Mod\u00e8les de logement supervis\u00e9 avec processus d\u00e9mocratiques Membres et &hellip; <\/p>\n","protected":false},"author":2,"featured_media":0,"parent":753,"menu_order":0,"comment_status":"closed","ping_status":"closed","template":"","meta":[],"categories":[80,68,128,72,108,88,96,124,59,89,51,107,91,77,70,57,64,118,52,98,85,53,99,101,100,73,71],"tags":[],"acf":[],"aioseo_notices":[],"_links":{"self":[{"href":"https:\/\/madschool.ca\/fr\/wp-json\/wp\/v2\/pages\/865"}],"collection":[{"href":"https:\/\/madschool.ca\/fr\/wp-json\/wp\/v2\/pages"}],"about":[{"href":"https:\/\/madschool.ca\/fr\/wp-json\/wp\/v2\/types\/page"}],"author":[{"embeddable":true,"href":"https:\/\/madschool.ca\/fr\/wp-json\/wp\/v2\/users\/2"}],"replies":[{"embeddable":true,"href":"https:\/\/madschool.ca\/fr\/wp-json\/wp\/v2\/comments?post=865"}],"version-history":[{"count":22,"href":"https:\/\/madschool.ca\/fr\/wp-json\/wp\/v2\/pages\/865\/revisions"}],"predecessor-version":[{"id":5722,"href":"https:\/\/madschool.ca\/fr\/wp-json\/wp\/v2\/pages\/865\/revisions\/5722"}],"up":[{"embeddable":true,"href":"https:\/\/madschool.ca\/fr\/wp-json\/wp\/v2\/pages\/753"}],"wp:attachment":[{"href":"https:\/\/madschool.ca\/fr\/wp-json\/wp\/v2\/media?parent=865"}],"wp:term":[{"taxonomy":"category","embeddable":true,"href":"https:\/\/madschool.ca\/fr\/wp-json\/wp\/v2\/categories?post=865"},{"taxonomy":"post_tag","embeddable":true,"href":"https:\/\/madschool.ca\/fr\/wp-json\/wp\/v2\/tags?post=865"}],"curies":[{"name":"wp","href":"https:\/\/api.w.org\/{rel}","templated":true}]}}