{"id":867,"date":"2019-07-23T11:30:35","date_gmt":"2019-07-23T15:30:35","guid":{"rendered":"https:\/\/historyinpractice.ca\/?page_id=867"},"modified":"2020-08-02T18:25:00","modified_gmt":"2020-08-02T22:25:00","slug":"evaluate-themes-and-analysis","status":"publish","type":"page","link":"https:\/\/madschool.ca\/fr\/models-of-practice\/unity-housing\/evaluate-themes-and-analysis\/","title":{"rendered":"Sujets et analyse"},"content":{"rendered":"<p><\/p>\n<!-- Widget Shortcode --><div id=\"nav_menu-2\" class=\"widget widget_nav_menu widget-shortcode area-arbitrary \"><h2 class=\"widgettitle\">History in Practice<\/h2><div class=\"menu-history-in-practice-container\"><ul id=\"menu-history-in-practice-1\" class=\"menu\"><li class=\"menu-item menu-item-type-post_type menu-item-object-page menu-item-home menu-item-676\"><a href=\"https:\/\/madschool.ca\/fr\/\">\u00c9cole folle<\/a><\/li>\n<li class=\"menu-item menu-item-type-post_type menu-item-object-page menu-item-3677\"><a href=\"https:\/\/madschool.ca\/fr\/how-to-use-this-site\/\">Comment utiliser ce site<\/a><\/li>\n<li class=\"menu-item menu-item-type-post_type menu-item-object-page menu-item-681\"><a href=\"https:\/\/madschool.ca\/fr\/stigma-and-discrimination\/\">Module Stigmatisation<\/a><\/li>\n<li class=\"menu-item menu-item-type-post_type menu-item-object-page menu-item-679\"><a href=\"https:\/\/madschool.ca\/fr\/advocacy-activism\/\">Module Faire changement<\/a><\/li>\n<li class=\"menu-item menu-item-type-post_type menu-item-object-page menu-item-678\"><a href=\"https:\/\/madschool.ca\/fr\/medicine-and-power\/\">Module M\u00e9decine et pouvoir<\/a><\/li>\n<li class=\"menu-item menu-item-type-post_type menu-item-object-page menu-item-680\"><a href=\"https:\/\/madschool.ca\/fr\/models-of-practice\/\">Module Alternatives<\/a><\/li>\n<li class=\"menu-item menu-item-type-post_type menu-item-object-page menu-item-677\"><a href=\"https:\/\/madschool.ca\/fr\/policy-into-practice\/\">Module Politiques<\/a><\/li>\n<\/ul><\/div><\/div><!-- \/Widget Shortcode -->\n<p><a name=\"main-content\"><\/a><!-- Widget Shortcode --><div id=\"search-3\" class=\"widget widget_search widget-shortcode area-arbitrary \"><h2 class=\"widgettitle\">(English) SEARCH<\/h2><form role=\"search\" method=\"get\" class=\"search-form\" action=\"\/search-results\/\">\n\t\t\t\t<label>\n\t\t\t\t\t<span class=\"screen-reader-text\">Rechercher\u00a0:<\/span>\n\t\t\t\t\t<input type=\"search\" class=\"search-field\" placeholder=\"Rechercher\u2026\" value=\"\" name=\"_search_box\" \/>\n\t\t\t\t<\/label>\n\t\t\t\t<input type=\"submit\" class=\"search-submit\" value=\"Rechercher\" \/>\n\t\t\t<\/form><\/div><!-- \/Widget Shortcode --><\/p>\n<div class=\"rightmenu\"><!-- Widget Shortcode --><div id=\"nav_menu-8\" class=\"widget widget_nav_menu widget-shortcode area-arbitrary \"><h2 class=\"widgettitle\">Unity Housing<\/h2><div class=\"menu-unity-housing-french-container\"><ul id=\"menu-unity-housing-french-1\" class=\"menu\"><li class=\"menu-item menu-item-type-post_type menu-item-object-page menu-item-834\"><a href=\"https:\/\/madschool.ca\/fr\/models-of-practice\/unity-housing\/\">Le programme \u00ab\u00a0Unity Housing\u00a0\u00bb<\/a><\/li>\n<li class=\"menu-item menu-item-type-post_type menu-item-object-page menu-item-953\"><a href=\"https:\/\/madschool.ca\/fr\/models-of-practice\/unity-housing\/evaluate-create-a-commercial\/\">\u00c9valuation : Cr\u00e9ation d\u2019une publicit\u00e9<\/a><\/li>\n<li class=\"menu-item menu-item-type-post_type menu-item-object-page menu-item-954\"><a href=\"https:\/\/madschool.ca\/fr\/models-of-practice\/unity-housing\/evaluate-themes-and-analysis\/\">\u00c9valuation : Sujets et analyse<\/a><\/li>\n<li class=\"menu-item menu-item-type-post_type menu-item-object-page menu-item-955\"><a href=\"https:\/\/madschool.ca\/fr\/models-of-practice\/unity-housing\/evaluate-role-play\/\">\u00c9valuation : Jeu de r\u00f4le<\/a><\/li>\n<li class=\"menu-item menu-item-type-post_type menu-item-object-page menu-item-864\"><a href=\"https:\/\/madschool.ca\/fr\/models-of-practice\/\">Module Alternatives<\/a><\/li>\n<\/ul><\/div><\/div><!-- \/Widget Shortcode --><\/div>\n<nav aria-label=\"breadcrumbs\">\n            <div class=\"breadcrumb-container theme1\">\n                <ol>\n                                    <\/ol>\n            <\/div>\n        <\/nav>    <script type=\"application\/ld+json\">\n        {\n            \"@context\": \"http:\/\/schema.org\",\n            \"@type\": \"BreadcrumbList\",\n            \"itemListElement\": [\n                            ]\n        }\n    <\/script>\n   \n    <script>\n            <\/script>\n\n<h1><img decoding=\"async\" loading=\"lazy\" class=\"alignnone size-thumbnail wp-image-1378\" src=\"https:\/\/madschool.ca\/wp-content\/uploads\/2019\/08\/Evaluating-Icon-2024-150x150.jpg\" alt=\"Green kitchen weigh scale\" width=\"150\" height=\"150\" \/>Sujets et analyse<\/h1>\n<p>Minutage : 20 minutes<br \/>\nMode : ind\u00e9pendante; en ligne<\/p>\n<p><iframe loading=\"lazy\" src=\"\/\/www.youtube.com\/embed\/u42GVektZcY?list=PLXaFYXr-sXRoA2P7UrtCxKXCZ4GHgWIXL\" width=\"560\" height=\"314\" allowfullscreen=\"allowfullscreen\"><\/iframe><\/p>\n<p>\u00c9crivez les sujets suivants sur de petits morceaux de papier\u00a0:<\/p>\n<ul>\n<li>Mod\u00e8les de logement supervis\u00e9 avec processus d\u00e9mocratiques<\/li>\n<li>Membres et employ\u00e9s<\/li>\n<li>Limites associ\u00e9es \u00e0 un faibleeffectifs<\/li>\n<li>Soutien par les pairs<\/li>\n<li>Participation volontaire<\/li>\n<li>Isolement et exclusion sociale<\/li>\n<li>Pauvret\u00e9<\/li>\n<li>Obstacles \u00e0 l\u2019\u00e9ducation et \u00e0 l\u2019emploi<\/li>\n<\/ul>\n<p>Distribuez ensuite ces morceaux de papier \u00e0 la classe afin que chaque \u00e9tudiant ou petit groupe puisse en avoir un. Demandez-leur d\u2019identifier le moment de la vid\u00e9o o\u00f9 il est question de leur sujet pendant qu\u2019ils la regardent. Ensuite, proposez un \u00e9change avec le reste de la classe soit au tableau, soit en discutant. Cette activit\u00e9 peut \u00eatre effectu\u00e9e en ligne en attribuant un sujet \u00e0 chaque \u00e9tudiant et en leur demandant de publier leurs r\u00e9flexions sur le forum de discussion du cours.<\/p>\n<p>&nbsp;<\/p>\n<p>&nbsp;<\/p>\n<p><\/p>","protected":false},"excerpt":{"rendered":"<p>Sujets et analyse Minutage : 20 minutes Mode : ind\u00e9pendante; en ligne \u00c9crivez les sujets suivants sur de petits morceaux de papier\u00a0: Mod\u00e8les de logement supervis\u00e9 avec processus d\u00e9mocratiques Membres et employ\u00e9s Limites associ\u00e9es \u00e0 un faibleeffectifs Soutien par les pairs Participation volontaire Isolement et exclusion sociale Pauvret\u00e9 Obstacles \u00e0 l\u2019\u00e9ducation et \u00e0 l\u2019emploi Distribuez &hellip; <\/p>\n","protected":false},"author":2,"featured_media":0,"parent":753,"menu_order":1,"comment_status":"closed","ping_status":"closed","template":"","meta":[],"categories":[79,68,95,72,108,82,88,59,89,51,107,91,77,70,57,64,118,52,98,85,53,99,101,100,73,71],"tags":[],"acf":[],"aioseo_notices":[],"_links":{"self":[{"href":"https:\/\/madschool.ca\/fr\/wp-json\/wp\/v2\/pages\/867"}],"collection":[{"href":"https:\/\/madschool.ca\/fr\/wp-json\/wp\/v2\/pages"}],"about":[{"href":"https:\/\/madschool.ca\/fr\/wp-json\/wp\/v2\/types\/page"}],"author":[{"embeddable":true,"href":"https:\/\/madschool.ca\/fr\/wp-json\/wp\/v2\/users\/2"}],"replies":[{"embeddable":true,"href":"https:\/\/madschool.ca\/fr\/wp-json\/wp\/v2\/comments?post=867"}],"version-history":[{"count":26,"href":"https:\/\/madschool.ca\/fr\/wp-json\/wp\/v2\/pages\/867\/revisions"}],"predecessor-version":[{"id":5724,"href":"https:\/\/madschool.ca\/fr\/wp-json\/wp\/v2\/pages\/867\/revisions\/5724"}],"up":[{"embeddable":true,"href":"https:\/\/madschool.ca\/fr\/wp-json\/wp\/v2\/pages\/753"}],"wp:attachment":[{"href":"https:\/\/madschool.ca\/fr\/wp-json\/wp\/v2\/media?parent=867"}],"wp:term":[{"taxonomy":"category","embeddable":true,"href":"https:\/\/madschool.ca\/fr\/wp-json\/wp\/v2\/categories?post=867"},{"taxonomy":"post_tag","embeddable":true,"href":"https:\/\/madschool.ca\/fr\/wp-json\/wp\/v2\/tags?post=867"}],"curies":[{"name":"wp","href":"https:\/\/api.w.org\/{rel}","templated":true}]}}