{"id":87,"date":"2019-01-17T15:21:10","date_gmt":"2019-01-17T20:21:10","guid":{"rendered":"https:\/\/historyinpractice.ca\/?page_id=87"},"modified":"2024-01-29T14:23:34","modified_gmt":"2024-01-29T19:23:34","slug":"stigma-and-discrimination","status":"publish","type":"page","link":"https:\/\/madschool.ca\/fr\/stigma-and-discrimination\/","title":{"rendered":"Module Stigmatisation"},"content":{"rendered":"<p><\/p>\n<!-- Widget Shortcode --><div id=\"nav_menu-2\" class=\"widget widget_nav_menu widget-shortcode area-arbitrary \"><h2 class=\"widgettitle\">History in Practice<\/h2><div class=\"menu-history-in-practice-container\"><ul id=\"menu-history-in-practice-1\" class=\"menu\"><li class=\"menu-item menu-item-type-post_type menu-item-object-page menu-item-home menu-item-676\"><a href=\"https:\/\/madschool.ca\/fr\/\">\u00c9cole folle<\/a><\/li>\n<li class=\"menu-item menu-item-type-post_type menu-item-object-page menu-item-3677\"><a href=\"https:\/\/madschool.ca\/fr\/how-to-use-this-site\/\">Comment utiliser ce site<\/a><\/li>\n<li class=\"menu-item menu-item-type-post_type menu-item-object-page menu-item-681\"><a href=\"https:\/\/madschool.ca\/fr\/stigma-and-discrimination\/\">Module Stigmatisation<\/a><\/li>\n<li class=\"menu-item menu-item-type-post_type menu-item-object-page menu-item-679\"><a href=\"https:\/\/madschool.ca\/fr\/advocacy-activism\/\">Module Faire changement<\/a><\/li>\n<li class=\"menu-item menu-item-type-post_type menu-item-object-page menu-item-678\"><a href=\"https:\/\/madschool.ca\/fr\/medicine-and-power\/\">Module M\u00e9decine et pouvoir<\/a><\/li>\n<li class=\"menu-item menu-item-type-post_type menu-item-object-page menu-item-680\"><a href=\"https:\/\/madschool.ca\/fr\/models-of-practice\/\">Module Alternatives<\/a><\/li>\n<li class=\"menu-item menu-item-type-post_type menu-item-object-page menu-item-677\"><a href=\"https:\/\/madschool.ca\/fr\/policy-into-practice\/\">Module Politiques<\/a><\/li>\n<\/ul><\/div><\/div><!-- \/Widget Shortcode -->\n<p><a name=\"main-content\"><\/a><!-- Widget Shortcode --><div id=\"search-3\" class=\"widget widget_search widget-shortcode area-arbitrary \"><h2 class=\"widgettitle\">(English) SEARCH<\/h2><form role=\"search\" method=\"get\" class=\"search-form\" action=\"\/search-results\/\">\n\t\t\t\t<label>\n\t\t\t\t\t<span class=\"screen-reader-text\">Rechercher\u00a0:<\/span>\n\t\t\t\t\t<input type=\"search\" class=\"search-field\" placeholder=\"Rechercher\u2026\" value=\"\" name=\"_search_box\" \/>\n\t\t\t\t<\/label>\n\t\t\t\t<input type=\"submit\" class=\"search-submit\" value=\"Rechercher\" \/>\n\t\t\t<\/form><\/div><!-- \/Widget Shortcode --><\/p>\n<div class=\"rightmenu\"><!-- Widget Shortcode --><div id=\"nav_menu-11\" class=\"widget widget_nav_menu widget-shortcode area-arbitrary \"><h2 class=\"widgettitle\">UNITS<\/h2><div class=\"menu-stigma-and-discrimination-container\"><ul id=\"menu-stigma-and-discrimination-1\" class=\"menu\"><li class=\"menu-item menu-item-type-post_type menu-item-object-page menu-item-893\"><a href=\"https:\/\/madschool.ca\/fr\/stigma-and-discrimination\/moving-from-stigma-to-action\/\">Combattre le stigmate en passant \u00e0 l\u2019action<\/a><\/li>\n<li class=\"menu-item menu-item-type-post_type menu-item-object-page menu-item-895\"><a href=\"https:\/\/madschool.ca\/fr\/stigma-and-discrimination\/us-and-them\/\">Eux et nous : La stigmatisation et la distance professionnelle<\/a><\/li>\n<li class=\"menu-item menu-item-type-post_type menu-item-object-page menu-item-6715\"><a href=\"https:\/\/madschool.ca\/fr\/stigma-and-discrimination\/psychiatric-hollywood\/\">Eux et nous : La stigmatisation et la distance professionnelle<\/a><\/li>\n<\/ul><\/div><\/div><!-- \/Widget Shortcode --><\/div>\n<nav aria-label=\"breadcrumbs\">\n            <div class=\"breadcrumb-container theme1\">\n                <ol>\n                                    <\/ol>\n            <\/div>\n        <\/nav>    <script type=\"application\/ld+json\">\n        {\n            \"@context\": \"http:\/\/schema.org\",\n            \"@type\": \"BreadcrumbList\",\n            \"itemListElement\": [\n                            ]\n        }\n    <\/script>\n   \n    <script>\n            <\/script>\n\n<h1 id=\"page-title\" class=\"title\">Module : Stigmatisation<\/h1>\n<h4><img decoding=\"async\" loading=\"lazy\" class=\"alignleft size-thumbnail wp-image-1381\" src=\"https:\/\/madschool.ca\/wp-content\/uploads\/2019\/08\/Takeaways-Icon-2024-150x150.jpg\" alt=\"Green Chinese takeaway box\" width=\"150\" height=\"150\" \/>Objectifs du module<\/h4>\n<ul>\n<li><span style=\"font-size: 11.5pt;\">Comprendre la complexit\u00e9 des moyens sociaux, professionnels et personnels par lesquels se perp\u00e9tue la stigmatisation face \u00e0 la sant\u00e9 mentale (m\u00e9dias, expertise, identit\u00e9 individuelle)<\/span><\/li>\n<li><span style=\"font-size: 11.5pt;\">Comprendre la discrimination et la marginalisation syst\u00e9matiques lorsqu\u2019il est question de sant\u00e9 mentale<\/span><\/li>\n<li><span style=\"font-size: 11.5pt;\">Prendre conscience des changements identitaires qui s\u2019op\u00e8re lorsqu\u2019une personne entre en relation avec le syst\u00e8me de sant\u00e9 mentale<\/span><\/li>\n<\/ul>\n<h4><img decoding=\"async\" loading=\"lazy\" class=\"alignnone size-thumbnail wp-image-1376\" src=\"https:\/\/madschool.ca\/wp-content\/uploads\/2019\/08\/Components-Icon-2024-150x150.jpg\" alt=\"Three green gears working together\" width=\"150\" height=\"150\" \/>Les components du module<\/h4>\n<ul>\n<li><a href=\"https:\/\/madschool.ca\/stigma-and-discrimination\/moving-from-stigma-to-action\/\"><strong>Des t\u00e9moignages de premi\u00e8re ligne sur la marginalisation, la discrimination et l\u2019activisme naissant<\/strong><\/a> \u00e0 l\u2019\u00e9poque de la d\u00e9sinstitutionnalisation \u00e0 Toronto, de Pat Capponi, activiste et auteure de l\u2019autobiographie de 1992 \u00ab\u2009Upstairs in the Crazy House\u2009\u00bb.<\/li>\n<li><a href=\"https:\/\/madschool.ca\/stigma-and-discrimination\/us-and-them\/\"><strong>Une r\u00e9flexion sur la distance entre le patient et le praticien. <\/strong><\/a>R\u00e9dig\u00e9 par Lanny Beckman, expert communautaire de L&rsquo;apprendre ensemble.<\/li>\n<\/ul>\n<h4><img decoding=\"async\" loading=\"lazy\" class=\"alignnone size-thumbnail wp-image-1380\" src=\"https:\/\/madschool.ca\/wp-content\/uploads\/2019\/08\/Measuring-Icon-2024-150x150.jpg\" alt=\"Green measuring tape\" width=\"150\" height=\"150\" \/>L\u2019\u00e9valuation dans ce module<\/h4>\n<p>\u00c0 partir du mat\u00e9riel qu\u2019ils ont \u00e9tudi\u00e9, demandez \u00e0 vos \u00e9tudiants d\u2019\u00e9crire, en tant que citoyens canadiens, une lettre de 250 mots d\u00e9crivant une soci\u00e9t\u00e9 sans stigmatisation et sans discrimination.<\/p>\n<p>Leur lettre doit \u00eatre adress\u00e9e \u00e0 l\u2019une des personnes suivantes, pr\u00e9sent\u00e9es dans ces modules\u00a0:<\/p>\n<ul>\n<li><span style=\"font-size: 11.5pt;\">Pat Capponi<\/span><\/li>\n<li><span style=\"font-size: 11.5pt;\">Lanny Beckman<\/span><\/li>\n<\/ul>\n<h4><img decoding=\"async\" loading=\"lazy\" class=\"alignleft size-thumbnail wp-image-1379\" src=\"https:\/\/madschool.ca\/wp-content\/uploads\/2019\/08\/Learning-Lense-Icon-2024-150x150.jpg\" alt=\"Green hand-held magnifying glass\" width=\"150\" height=\"150\" \/>Objectifs d&rsquo;apprentissage du module<\/h4>\n<p>Au 18<sup>e <\/sup>si\u00e8cle, des Londoniens avaient l\u2019habitude de se rendre \u00e0 \u00abBedlam\u00bb &#8211; une vaste institution pour les fous situ\u00e9e aux confins de la ville &#8211; pour se divertir les jours de cong\u00e9s en observant les patients. Aujourd\u2019hui, le quartier Dowtown East Side de Vancouver est per\u00e7u par certains comme une destination touristique, o\u00f9 les personnes venues visiter la ville peuvent observer la \u00abfaune de la rue\u00bb, comme quelqu\u2019un l\u2019a rapport\u00e9 dans un r\u00e9cent billet sur internet qui bl\u00e2mait la fermeture des grands h\u00f4pitaux psychiatriques dans ce qui constitue la zone code postal la plus pauvre du Canada. De telles fa\u00e7ons de se repr\u00e9senter les individus qui aux marges des normes sociales illustrent \u00e0 quel point ce type d\u2019attitudes constitue un puissant obstacle \u00e0 l\u2019inclusion sociale des personnes vivant avec des probl\u00e8mes de sant\u00e9 mentale. Ces derniers reconnaissent la stigmatisation comme un aspect \u00e0 part enti\u00e8re de leur souffrance, soulignant qu\u2019une profonde honte internalis\u00e9e pouvait les r\u00e9fr\u00e9ner \u00e0 chercher de l\u2019aide.<\/p>\n<p>La s<em>tigmatisation <\/em>se d\u00e9finit comme une marque de honte ou d\u2019inf\u00e9riorit\u00e9 associ\u00e9e \u00e0 une circonstance, condition ou personne particuli\u00e8re, et il est largement reconnu que plusieurs personnes au Canada adoptent une attitude n\u00e9gative \u00e0 l\u2019endroit des probl\u00e8mes de sant\u00e9 mentale. La <em>discrimination <\/em>est une action de la stigmatisation, le traitement injuste d\u2019une personne ou d\u2019un groupe sur la base d\u2019un pr\u00e9jug\u00e9. Nos experts communautaires font une distinction entre ces deux termes, soulignant que le concept de stigmatisation n\u2019englobe pas l\u2019ensemble des situations de marginalisation qu\u2019ils ont v\u00e9cues. Alors qu\u2019une discussion ax\u00e9e sur la stigmatisation comprend g\u00e9n\u00e9ralement la discrimination comme \u00e9tant caus\u00e9e par des st\u00e9r\u00e9otypes, elle reste apolitique et limite les perspectives d\u2019un changement syst\u00e9mique. Nous constatons que les chercheurs se rallient sur un point, \u00e0 savoir qu\u2019une attention port\u00e9e \u00e0 un niveau micro d\u2019actions interpersonnelles masque la marginalisation socio-\u00e9conomique et d\u00e9tourne l\u2019attention des traitements injustes et de la discrimination. Qui plus est, les causes de la stigmatisation prennent davantage racines chez les usagers eux-m\u00eames que dans un syst\u00e8me injuste qui les exclu.<\/p>\n<p><span lang=\"FR-CA\">Comment les personnes travaillant en sant\u00e9 mentale peuvent-elles rem\u00e9dier \u00e0 ce probl\u00e8me? Des chercheurs sugg\u00e8rent de mettre \u00e0 l\u2019avant-plan le concept de <i>discrimination<\/i>. La discrimination souligne le r\u00f4le de l\u2019exclusion sociale et structurelle et explique la persistance des in\u00e9galit\u00e9s dans la prestation de services et les opportunit\u00e9s pour les personnes ayant des probl\u00e8mes de sant\u00e9 mentale. Cela recentre la question de la sant\u00e9 mentale \u00e0 un d\u00e9bat sur les droits civiques et humains et fait de la stigmatisation et la discrimination des formes d\u2019oppression sociale. Dans un paradigme de droits humains, la <i>source<\/i>du probl\u00e8me se d\u00e9place d\u2019individus ayant des probl\u00e8mes de sant\u00e9 mentale vers la persistance d\u2019un d\u00e9s\u00e9quilibre de pouvoir syst\u00e9mique. Cette conception offre un espace pour des initiatives structurelles avec un impact plus profond, telles que des strat\u00e9gies visant \u00e0 am\u00e9liorer les opportunit\u00e9s d\u2019emploi, des revendications r\u00e9clamant un financement plus juste, une meilleure protection l\u00e9gale pour les personnes ayant des probl\u00e8mes de sant\u00e9 mentales et de nouvelles pratiques fond\u00e9es sur la coll\u00e9gialit\u00e9 et les pratiques de collaboration.<\/span><\/p>\n<p>&nbsp;<\/p>\n<p><\/p>","protected":false},"excerpt":{"rendered":"<p>Module : Stigmatisation Objectifs du module Comprendre la complexit\u00e9 des moyens sociaux, professionnels et personnels par lesquels se perp\u00e9tue la stigmatisation face \u00e0 la sant\u00e9 mentale (m\u00e9dias, expertise, identit\u00e9 individuelle) Comprendre la discrimination et la marginalisation syst\u00e9matiques lorsqu\u2019il est question de sant\u00e9 mentale Prendre conscience des changements identitaires qui s\u2019op\u00e8re lorsqu\u2019une personne entre en relation &hellip; <\/p>\n","protected":false},"author":1,"featured_media":0,"parent":0,"menu_order":0,"comment_status":"closed","ping_status":"closed","template":"","meta":[],"categories":[],"tags":[],"acf":[],"aioseo_notices":[],"_links":{"self":[{"href":"https:\/\/madschool.ca\/fr\/wp-json\/wp\/v2\/pages\/87"}],"collection":[{"href":"https:\/\/madschool.ca\/fr\/wp-json\/wp\/v2\/pages"}],"about":[{"href":"https:\/\/madschool.ca\/fr\/wp-json\/wp\/v2\/types\/page"}],"author":[{"embeddable":true,"href":"https:\/\/madschool.ca\/fr\/wp-json\/wp\/v2\/users\/1"}],"replies":[{"embeddable":true,"href":"https:\/\/madschool.ca\/fr\/wp-json\/wp\/v2\/comments?post=87"}],"version-history":[{"count":57,"href":"https:\/\/madschool.ca\/fr\/wp-json\/wp\/v2\/pages\/87\/revisions"}],"predecessor-version":[{"id":7023,"href":"https:\/\/madschool.ca\/fr\/wp-json\/wp\/v2\/pages\/87\/revisions\/7023"}],"wp:attachment":[{"href":"https:\/\/madschool.ca\/fr\/wp-json\/wp\/v2\/media?parent=87"}],"wp:term":[{"taxonomy":"category","embeddable":true,"href":"https:\/\/madschool.ca\/fr\/wp-json\/wp\/v2\/categories?post=87"},{"taxonomy":"post_tag","embeddable":true,"href":"https:\/\/madschool.ca\/fr\/wp-json\/wp\/v2\/tags?post=87"}],"curies":[{"name":"wp","href":"https:\/\/api.w.org\/{rel}","templated":true}]}}