{"id":886,"date":"2019-07-23T11:48:34","date_gmt":"2019-07-23T15:48:34","guid":{"rendered":"https:\/\/historyinpractice.ca\/?page_id=886"},"modified":"2022-11-19T12:20:00","modified_gmt":"2022-11-19T17:20:00","slug":"moving-from-stigma-to-action","status":"publish","type":"page","link":"https:\/\/madschool.ca\/fr\/stigma-and-discrimination\/moving-from-stigma-to-action\/","title":{"rendered":"Combattre le stigmate en passant \u00e0 l\u2019action"},"content":{"rendered":"<p><!-- Widget Shortcode --><div id=\"nav_menu-2\" class=\"widget widget_nav_menu widget-shortcode area-arbitrary \"><h2 class=\"widgettitle\">History in Practice<\/h2><div class=\"menu-history-in-practice-container\"><ul id=\"menu-history-in-practice-1\" class=\"menu\"><li class=\"menu-item menu-item-type-post_type menu-item-object-page menu-item-home menu-item-676\"><a href=\"https:\/\/madschool.ca\/fr\/\">\u00c9cole folle<\/a><\/li>\n<li class=\"menu-item menu-item-type-post_type menu-item-object-page menu-item-3677\"><a href=\"https:\/\/madschool.ca\/fr\/how-to-use-this-site\/\">Comment utiliser ce site<\/a><\/li>\n<li class=\"menu-item menu-item-type-post_type menu-item-object-page menu-item-681\"><a href=\"https:\/\/madschool.ca\/fr\/stigma-and-discrimination\/\">Module Stigmatisation<\/a><\/li>\n<li class=\"menu-item menu-item-type-post_type menu-item-object-page menu-item-679\"><a href=\"https:\/\/madschool.ca\/fr\/advocacy-activism\/\">Module Faire changement<\/a><\/li>\n<li class=\"menu-item menu-item-type-post_type menu-item-object-page menu-item-678\"><a href=\"https:\/\/madschool.ca\/fr\/medicine-and-power\/\">Module M\u00e9decine et pouvoir<\/a><\/li>\n<li class=\"menu-item menu-item-type-post_type menu-item-object-page menu-item-680\"><a href=\"https:\/\/madschool.ca\/fr\/models-of-practice\/\">Module Alternatives<\/a><\/li>\n<li class=\"menu-item menu-item-type-post_type menu-item-object-page menu-item-677\"><a href=\"https:\/\/madschool.ca\/fr\/policy-into-practice\/\">Module Politiques<\/a><\/li>\n<\/ul><\/div><\/div><!-- \/Widget Shortcode --><\/p>\n<p><a name=\"main-content\"><\/a><!-- Widget Shortcode --><div id=\"search-3\" class=\"widget widget_search widget-shortcode area-arbitrary \"><h2 class=\"widgettitle\">(English) SEARCH<\/h2><form role=\"search\" method=\"get\" class=\"search-form\" action=\"\/search-results\/\">\n\t\t\t\t<label>\n\t\t\t\t\t<span class=\"screen-reader-text\">Rechercher\u00a0:<\/span>\n\t\t\t\t\t<input type=\"search\" class=\"search-field\" placeholder=\"Rechercher\u2026\" value=\"\" name=\"_search_box\" \/>\n\t\t\t\t<\/label>\n\t\t\t\t<input type=\"submit\" class=\"search-submit\" value=\"Rechercher\" \/>\n\t\t\t<\/form><\/div><!-- \/Widget Shortcode --><\/p>\n<div class=\"rightmenu\"><!-- Widget Shortcode --><div id=\"nav_menu-13\" class=\"widget widget_nav_menu widget-shortcode area-arbitrary \"><h2 class=\"widgettitle\">Stigma to Action<\/h2><div class=\"menu-stigma-to-action-container\"><ul id=\"menu-stigma-to-action-1\" class=\"menu\"><li class=\"menu-item menu-item-type-post_type menu-item-object-page menu-item-926\"><a href=\"https:\/\/madschool.ca\/fr\/stigma-and-discrimination\/moving-from-stigma-to-action\/\">Combattre le stigmate en passant \u00e0 l\u2019action<\/a><\/li>\n<li class=\"menu-item menu-item-type-post_type menu-item-object-page menu-item-964\"><a href=\"https:\/\/madschool.ca\/fr\/stigma-and-discrimination\/moving-from-stigma-to-action\/components-self-guided\/\">Des contenus : Apprentissage autodirig\u00e9<\/a><\/li>\n<li class=\"menu-item menu-item-type-post_type menu-item-object-page menu-item-928\"><a href=\"https:\/\/madschool.ca\/fr\/stigma-and-discrimination\/moving-from-stigma-to-action\/evaluate-capponis-journey\/\">\u00c9valuation : Le voyage de Capponi<\/a><\/li>\n<li class=\"menu-item menu-item-type-post_type menu-item-object-page menu-item-925\"><a href=\"https:\/\/madschool.ca\/fr\/stigma-and-discrimination\/\">Module Stigmatisation<\/a><\/li>\n<\/ul><\/div><\/div><!-- \/Widget Shortcode --><\/div>\n<nav aria-label=\"breadcrumbs\">\n            <div class=\"breadcrumb-container theme1\">\n                <ol>\n                                    <\/ol>\n            <\/div>\n        <\/nav>    <script type=\"application\/ld+json\">\n        {\n            \"@context\": \"http:\/\/schema.org\",\n            \"@type\": \"BreadcrumbList\",\n            \"itemListElement\": [\n                            ]\n        }\n    <\/script>\n   \n    <script>\n            <\/script>\n\n<h1>Unit\u00e9 \u2013 Combattre le stigmate en passant \u00e0 l\u2019action<\/h1>\n<h4><img decoding=\"async\" loading=\"lazy\" class=\"alignnone size-thumbnail wp-image-1381\" src=\"https:\/\/madschool.ca\/wp-content\/uploads\/2019\/08\/Takeaways-Icon-2024-150x150.jpg\" alt=\"Green Chinese takeaway box\" width=\"150\" height=\"150\" \/>Points cl\u00e9s<\/h4>\n<ul>\n<li>reconna\u00eetre l\u2019importance d\u2019une structure ad\u00e9quate de soutien syst\u00e9mique et individuelle dans le but de combattre la discrimination et la marginalisation en ce qui concerne la sant\u00e9 mentale;<\/li>\n<li>reconna\u00eetre le r\u00f4le que l\u2019empathie a jou\u00e9 dans le succ\u00e8s des exp\u00e9riences pr\u00e9c\u00e9dentes d\u2019activisme et de d\u00e9fense des droits.<\/li>\n<\/ul>\n<h4><img decoding=\"async\" loading=\"lazy\" class=\"alignnone size-thumbnail wp-image-1376\" src=\"https:\/\/madschool.ca\/wp-content\/uploads\/2019\/08\/Components-Icon-2024-150x150.jpg\" alt=\"Three green gears working together\" width=\"150\" height=\"150\" \/>Des contenus<\/h4>\n<p>Les contenus dans ce module introduisent la voix de Pat Capponi, puissante narratrice et activiste, sous forme de segments d\u2019entrevue audio et d\u2019extraits de r\u00e9daction. Outre les segments audio d\u2019une entrevue avec Capponi, ainsi que les extraits du <strong><a href=\"https:\/\/madschool.ca\/wp-content\/uploads\/2019\/09\/Phoenix-Rising-Excerpt_FR_FINAL.pdf\" target=\"_blank\" rel=\"noopener noreferrer\"><em>Phoenix Rising<\/em><\/a><\/strong>, un quotidien torontois consacr\u00e9 aux survivants psychiatriques des ann\u00e9es\u00a01980, des vignettes \u00e9vocatrices de <strong><a href=\"https:\/\/madschool.ca\/wp-content\/uploads\/2019\/09\/Phoenix-Rising-Excerpt_FR_FINAL.pdf\" target=\"_blank\" rel=\"noopener noreferrer\"><em>Upstairs in the Crazy House <\/em><\/a><\/strong>constituent la base de ce module p\u00e9dagogique.<\/p>\n<p><span style=\"color: #008000;\">Des infestations de souris dans le garde-manger et les incendies de chambre qui ont laiss\u00e9 Capponi songeuse : \u00ab\u2009est-ce que tout le monde s\u2019en est sorti sain et sauf?\u2009\u00bb\u00a0\u00a0 <\/span><\/p>\n<audio class=\"wp-audio-shortcode\" id=\"audio-886-3\" preload=\"none\" style=\"width: 100%;\" controls=\"controls\"><source type=\"audio\/mpeg\" src=\"https:\/\/madschool.ca\/wp-content\/uploads\/2020\/06\/Audio-Pat-Capponi-1.mp3?_=3\" \/><a href=\"https:\/\/madschool.ca\/wp-content\/uploads\/2020\/06\/Audio-Pat-Capponi-1.mp3\">https:\/\/madschool.ca\/wp-content\/uploads\/2020\/06\/Audio-Pat-Capponi-1.mp3<\/a><\/audio>\n<p><a href=\"https:\/\/madschool.ca\/wp-content\/uploads\/2020\/07\/1-Transcript_Davies_Capponi-1-1.pdf\">Transcription<\/a><\/p>\n<p><span style=\"color: #008000;\">Les premi\u00e8res tactiques employ\u00e9es par Capponi pour attirer les cam\u00e9ras des m\u00e9dias dans les foyers, dans le but de pousser le gouvernement \u00e0 agir.\u00a0<\/span><\/p>\n<audio class=\"wp-audio-shortcode\" id=\"audio-886-4\" preload=\"none\" style=\"width: 100%;\" controls=\"controls\"><source type=\"audio\/mpeg\" src=\"https:\/\/madschool.ca\/wp-content\/uploads\/2020\/06\/Audio-Pat-Capponi-2.mp3?_=4\" \/><a href=\"https:\/\/madschool.ca\/wp-content\/uploads\/2020\/06\/Audio-Pat-Capponi-2.mp3\">https:\/\/madschool.ca\/wp-content\/uploads\/2020\/06\/Audio-Pat-Capponi-2.mp3<\/a><\/audio>\n<p><a href=\"https:\/\/madschool.ca\/wp-content\/uploads\/2020\/07\/Pat-Capponi-transcript-2-FR.pdf\" target=\"_blank\" rel=\"noopener noreferrer\">Transcription<\/a><\/p>\n<h4><img decoding=\"async\" loading=\"lazy\" class=\"alignleft size-thumbnail wp-image-1378\" src=\"https:\/\/madschool.ca\/wp-content\/uploads\/2019\/08\/Evaluating-Icon-2024-150x150.jpg\" alt=\"Green kitchen weigh scale\" width=\"150\" height=\"150\" \/>\u00c9valuation des contenus<\/h4>\n<ul>\n<li><strong><a href=\"https:\/\/madschool.ca\/fr\/stigma-and-discrimination\/moving-from-stigma-to-action\/components-self-guided\/\">Des contenus : Apprentissage autodirig\u00e9<\/a> <\/strong>&#8211; 35 minutes<\/li>\n<li><strong><a href=\"https:\/\/madschool.ca\/fr\/stigma-and-discrimination\/moving-from-stigma-to-action\/evaluate-capponis-journey\/\">\u00c9valuation : Le voyage de Capponi<\/a><\/strong> &#8211; 30 minutes<\/li>\n<\/ul>\n<h4><img decoding=\"async\" loading=\"lazy\" class=\"alignnone size-thumbnail wp-image-1379\" src=\"https:\/\/madschool.ca\/wp-content\/uploads\/2019\/08\/Learning-Lense-Icon-2024-150x150.jpg\" alt=\"Green hand-held magnifying glass\" width=\"150\" height=\"150\" \/>Objectifs p\u00e9dagogiques<\/h4>\n<p>\u00c0 la fin des ann\u00e9es\u00a01970, Pat Capponi a re\u00e7u son cong\u00e9 du service psychiatrique d\u2019un h\u00f4pital \u00e0 Toronto pour aller vivre dans la communaut\u00e9 de Parkdale. Elle a habit\u00e9 dans un foyer local, l\u2019une des anciennes grandes maisons du quartier qui avaient \u00e9t\u00e9 converties en logements par des propri\u00e9taires priv\u00e9s pour les patients psychiatriques. Au d\u00e9but, Capponi ressentait de la peur et du d\u00e9go\u00fbt envers ses colocataires. Cependant, en les observant, elle s\u2019est mise \u00e0 ressentir de la compassion \u00e0 l\u2019\u00e9gard de ces personnes qui n\u2019\u00e9taient que d\u00e9munies et qui avaient du mal \u00e0 s\u2019adapter \u00e0 la communaut\u00e9, faute de soutien ad\u00e9quat.<\/p>\n<figure id=\"attachment_108\" aria-describedby=\"caption-attachment-108\" style=\"width: 245px\" class=\"wp-caption alignleft\"><a href=\"https:\/\/madschool.ca\/wp-content\/uploads\/2019\/01\/capponi_-_picture.jpg\"><img decoding=\"async\" loading=\"lazy\" id=\"longdesc-return-108\" class=\"wp-image-108 size-medium\" tabindex=\"-1\" src=\"https:\/\/madschool.ca\/wp-content\/uploads\/2019\/01\/capponi_-_picture-245x300.jpg\" alt=\"woman wearing cowboy hat sitting at banquet table\" width=\"245\" height=\"300\" longdesc=\"https:\/\/dev1.apps01.yorku.ca?longdesc=108&amp;referrer=886\" srcset=\"https:\/\/madschool.ca\/wp-content\/uploads\/2019\/01\/capponi_-_picture-245x300.jpg 245w, https:\/\/madschool.ca\/wp-content\/uploads\/2019\/01\/capponi_-_picture.jpg 697w\" sizes=\"(max-width: 245px) 100vw, 245px\" \/><\/a><figcaption id=\"caption-attachment-108\" class=\"wp-caption-text\">Pat Capponi dans les ann\u00e9es\u00a01990 portant son chapeau de cowboy embl\u00e9matique.<\/figcaption><\/figure>\n<p>Le parcours de vie de Capponi a \u00e9t\u00e9 diff\u00e9rent de celui de ses colocataires, dont plusieurs sont d\u00e9c\u00e9d\u00e9s lors de la d\u00e9cennie qui a suivi son s\u00e9jour au foyer. Non seulement a-t-elle surv\u00e9cu, mais elle a aussi \u00e9merg\u00e9 en tant qu\u2019activiste communautaire et force politique sur la sc\u00e8ne de justice sociale \u00e0 Toronto. Elle a \u00e9galement t\u00e9moign\u00e9 de ses exp\u00e9riences ainsi que des gens qui ont fait partie de sa vie au foyer dans un ouvrage publi\u00e9 en 1992 intitul\u00e9 <em>Upstairs in the Crazy House\u00a0: The Life of a Psychiatric Survivor<\/em>. Ce module p\u00e9dagogique est bas\u00e9 sur des vignettes \u00e9vocatrices de <em>Upstairs<\/em> et comporte \u00e9galement des segments audio d\u2019une entrevue avec Capponi ainsi que des extraits du <em>Phoenix Rising<\/em>, un quotidien torontois consacr\u00e9 aux survivants de la psychiatrie dans les ann\u00e9es\u00a01980.<\/p>\n<p>Ces modules, ainsi que les activit\u00e9s d\u2019apprentissage qui les accompagnent, constituent de pr\u00e9cieux outils p\u00e9dagogiques pour les futurs praticiens de la sant\u00e9 mentale. La description honn\u00eate de Capponi de son d\u00e9go\u00fbt initial \u00e0 l\u2019endroit des autres r\u00e9sidents du foyer offre la chance aux \u00e9tudiants d\u2019\u00e9valuer leur propre r\u00e9action envers ces gens alors que nous sommes tous port\u00e9s \u00e0 marginaliser ceux qui ne nous ressemblent pas. La carri\u00e8re ult\u00e9rieure de Capponi, porte-parole et activiste communautaire, livre un plaidoyer frappant de la force r\u00e9sultant des connaissances issues de l\u2019exp\u00e9rience, de la compr\u00e9hension analytique et d\u2019un activisme r\u00e9ussi. La synth\u00e8se du pass\u00e9 et du pr\u00e9sent dans ces modules apporte \u00e9galement un nouvel \u00e9clairage. Des extraits de <em>Upstairs\u00a0<\/em>soulignent les pratiques fortement discriminatoires et la nature fragmentaire du soutien communautaire au d\u00e9but de l\u2019\u00e8re de la d\u00e9sinstitutionnalisation. Cependant, les \u00e9tudiants vont \u00e9galement reconna\u00eetre dans le r\u00e9cit de Capponi les mod\u00e8les et les pratiques qui sont encore en vigueur aujourd\u2019hui. En plus, l\u2019utilisation \u00e0 but lucratif des foyers \u00e0 Toronto d\u00e9montre clairement aux \u00e9tudiants que la politique de d\u00e9sinstitutionnalisation de la fin des ann\u00e9es\u00a01970 et 1980 \u00e9tait en r\u00e9alit\u00e9 l\u2019une de transinstitutionnalisation, o\u00f9 plusieurs anciens patients se faisaient transf\u00e9rer directement d\u2019un foyer \u00e0 un autre.<\/p>\n<h4><img decoding=\"async\" loading=\"lazy\" class=\"alignleft size-thumbnail wp-image-1377\" src=\"https:\/\/madschool.ca\/wp-content\/uploads\/2019\/08\/Components-in-Context-Icon-2024-150x150.jpg\" alt=\"Three green gears working together within a picture frame\" width=\"150\" height=\"150\" \/>Mise en contexte des contenus<\/h4>\n<p>Le m\u00e9moire activiste <em>Upstairs in the Crazy House\u00a0<\/em>de Pat Capponi raconte des exp\u00e9riences qui ne sont pas uniques \u00e0 Toronto. Les soins de sant\u00e9 mentale au Canada et dans d\u2019autres pays occidentaux ont \u00e9t\u00e9 modifi\u00e9s vers la fin du vingti\u00e8me si\u00e8cle, au fur et \u00e0 mesure que les patients recevaient leur cong\u00e9 d\u2019\u00e9tablissements psychiatriques \u00e0 long terme pour se faire relocaliser dans la communaut\u00e9. Les motivations derri\u00e8re ce changement constituaient un m\u00e9lange compliqu\u00e9 de r\u00e9alit\u00e9s financi\u00e8res visant \u00e0 transf\u00e9rer le co\u00fbt des services de soins de sant\u00e9 mentale vers le d\u00e9veloppement de structures de financement d\u2019assistance sociale, auxquelles s\u2019ajoutaient de nouvelles th\u00e9rapies pharmacologiques et une approche humaniste d\u2019int\u00e9gration sociale et des droits des patients.<\/p>\n<p>Chacun de ces facteurs cl\u00e9s derri\u00e8re la d\u00e9sinstitutionnalisation s\u2019est d\u00e9roul\u00e9 dans les villes \u00e0 travers le Canada. Le quartier Parkdale \u00e0 Toronto, o\u00f9 Capponi s\u2019est retrouv\u00e9e, constituait un espace marqu\u00e9 par la politique de d\u00e9sinstitutionnalisation, d\u00e9sign\u00e9 par plusieurs dans la ville de \u00ab\u00a0ghetto psychiatrique\u00a0\u00bb. Situ\u00e9 \u00e0 mi-chemin entre le Lakeshore Psychiatric Hospital, qui a ferm\u00e9 ses portes en 1979, et l\u2019ancien Centre de la sant\u00e9 mentale de la rue Queen (aujourd\u2019hui CAMH), dont la taille a \u00e9t\u00e9 r\u00e9duite durant la m\u00eame p\u00e9riode, Parkdale a servi de premi\u00e8re destination pour de nombreux anciens patients \u00e0 la recherche d\u2019un logement. Les statistiques disponibles sur la d\u00e9sinstitutionnalisation lors de cette p\u00e9riode sont r\u00e9v\u00e9latrices. Au cours des ann\u00e9es\u00a01960 et 1970, soixante-quinze pour cent des lits d\u2019h\u00f4pitaux consacr\u00e9s aux patients psychiatriques dans la province de l\u2019Ontario ont \u00e9t\u00e9 \u00e9limin\u00e9s, et leurs occupants ont re\u00e7u leur cong\u00e9. \u00c0 partir de 1980, il est estim\u00e9 que le nombre de lits dans les foyers psychiatriques a chut\u00e9 de 16\u2009000 \u00e0 4600 et qu\u2019environ 1200\u00a0patients ayant re\u00e7u leur cong\u00e9 r\u00e9sidaient \u00e0 Parkdale.<\/p>\n<p>Le foyer de Capponi a \u00e9t\u00e9 l\u2019un des premiers exemples de <em>transinstitutionnalisation<\/em>, o\u00f9 d\u2019anciens patients ont \u00e9t\u00e9 relocalis\u00e9s vers de plus petites institutions. Plusieurs commentateurs pr\u00e9f\u00e8rent le terme <em>transinstitutionnalisation<\/em> \u00e0 celui de <em>d\u00e9sinstitutionnalisation<\/em> pour d\u00e9crire le changement de paradigme de la prestation des soins de sant\u00e9 mentale \u00e0 la fin du vingti\u00e8me si\u00e8cle. Les indices de discrimination syst\u00e9mique \u00e0 laquelle sont confront\u00e9s les anciens patients tels que ceux qui sont repr\u00e9sent\u00e9s dans <em>Upstairs in the Crazy House<\/em>\u00a0comprennent notamment\u00a0: des logements insalubres; une exclusion du march\u00e9 de travail; une exclusion sociale; un manque de protection juridique; des soins de sant\u00e9 m\u00e9diocres; et un manque de biens essentiels tels que les v\u00eatements, la nourriture et le transport.<\/p>\n<p>Pat Capponi a assist\u00e9 \u00e0 l\u2019introduction d\u2019une mosa\u00efque de nouveaux services communautaires lors de son s\u00e9jour \u00e0 Parkdale. Comme partout au Canada, certains de ces syst\u00e8mes de soutien avaient \u00e9t\u00e9 con\u00e7us par des professionnels, tandis que d\u2019autres avaient \u00e9t\u00e9 initi\u00e9s par des citoyens concern\u00e9s ou des utilisateurs de services devenus activistes comme Capponi. Il n\u2019y avait pas de plan d\u2019ensemble pour d\u00e9terminer ce que les services de soins de sant\u00e9 mentale comprendraient, comme l\u2019a indiqu\u00e9 la psychologue de longue date Reva Gertein dans son rapport sur le <em>Mayor\u2019s Taskforce on Discharged Psychiatric Patients<\/em> (Comit\u00e9 de r\u00e9flexion de la mairie sur la lib\u00e9ration des patients psychiatriques), datant de 1984. \u00ab\u00a0Ni moi-m\u00eame ni mes anciens coll\u00e8gues n\u2019avions compl\u00e8tement \u00e9valu\u00e9 le besoin d\u2019instaurer des services exhaustifs aux patients lib\u00e9r\u00e9s, notamment le logement.\u00a0\u00bb\u00a0\u00ab\u00a0Archway\u00a0\u00bb, \u00e0 la fois une clinique sans rendez-vous situ\u00e9e \u00e0 Parkdale et un poste de sant\u00e9 desservant CAMH,\u00a0offrait des services de consultation, de pr\u00e9paration \u00e0 la vie quotidienne, de soins de jour, ainsi que d\u2019intervention d\u2019urgence. Le PARC (Parkdale Activity and Recreation Centre) a ouvert ses portes en 1980, dans ce qui \u00e9tait jadis les salles de billard et de quilles de Lakeside. Il contenait en partie des meubles provenant du Lakeshore Psychiatric Hospital. Houselink, d\u00e9crit comme \u00e9tant une \u00ab\u00a0lueur d\u2019espoir et de stabilit\u00e9\u00a0\u00bb dans le secteur de logement aust\u00e8re des utilisateurs de services psychiatriques de l\u2019\u00e9poque, avait commenc\u00e9 \u00e0 lutter en 1976 pour des logements s\u00e9curitaires et convenables. Les Parkdale Community Legal Aid\u00a0Services, \u00e9tablis durant la m\u00eame p\u00e9riode, ont connect\u00e9 les gens d\u00e9munis et marginalis\u00e9s \u00e0 des services juridiques professionnels. En 1979, Capponi avait commenc\u00e9 elle-m\u00eame \u00e0 publier l\u2019ouvrage <em>Cuckoo\u2019s Nest,<\/em> qui comprend un t\u00e9moignage \u00e9vocateur des survivants psychiatriques de Parkdale. Avec cet ouvrage, elle tente d\u2019\u00e9liminer les barri\u00e8res de la peur et de la diff\u00e9rence pour annoncer \u00e0 la communaut\u00e9 locale que le quartier leur appartenait aussi.<\/p>\n<p>Le balado de \u00ab\u00a0Locating Parkdale\u2019s Mad History: Back Wards to Back Streets, 1980\u20132010\u00a0\u00bb, une discussion publique \u00e0 propos de Pat Capponi et de sa communaut\u00e9, est disponible <strong><u>ici<\/u><\/strong>.<\/p>\n<p>&nbsp;<\/p>\n<p>&nbsp;<\/p>","protected":false},"excerpt":{"rendered":"<p>Unit\u00e9 \u2013 Combattre le stigmate en passant \u00e0 l\u2019action Points cl\u00e9s reconna\u00eetre l\u2019importance d\u2019une structure ad\u00e9quate de soutien syst\u00e9mique et individuelle dans le but de combattre la discrimination et la marginalisation en ce qui concerne la sant\u00e9 mentale; reconna\u00eetre le r\u00f4le que l\u2019empathie a jou\u00e9 dans le succ\u00e8s des exp\u00e9riences pr\u00e9c\u00e9dentes d\u2019activisme et de d\u00e9fense &hellip; <\/p>\n","protected":false},"author":2,"featured_media":0,"parent":87,"menu_order":2,"comment_status":"closed","ping_status":"closed","template":"","meta":[],"categories":[75,87,109,90,88,102,89,54,107,110,56,76,74,91,55,70,64,85,53,99,101,100,65,73,97,71],"tags":[],"acf":[],"aioseo_notices":[],"_links":{"self":[{"href":"https:\/\/madschool.ca\/fr\/wp-json\/wp\/v2\/pages\/886"}],"collection":[{"href":"https:\/\/madschool.ca\/fr\/wp-json\/wp\/v2\/pages"}],"about":[{"href":"https:\/\/madschool.ca\/fr\/wp-json\/wp\/v2\/types\/page"}],"author":[{"embeddable":true,"href":"https:\/\/madschool.ca\/fr\/wp-json\/wp\/v2\/users\/2"}],"replies":[{"embeddable":true,"href":"https:\/\/madschool.ca\/fr\/wp-json\/wp\/v2\/comments?post=886"}],"version-history":[{"count":78,"href":"https:\/\/madschool.ca\/fr\/wp-json\/wp\/v2\/pages\/886\/revisions"}],"predecessor-version":[{"id":6698,"href":"https:\/\/madschool.ca\/fr\/wp-json\/wp\/v2\/pages\/886\/revisions\/6698"}],"up":[{"embeddable":true,"href":"https:\/\/madschool.ca\/fr\/wp-json\/wp\/v2\/pages\/87"}],"wp:attachment":[{"href":"https:\/\/madschool.ca\/fr\/wp-json\/wp\/v2\/media?parent=886"}],"wp:term":[{"taxonomy":"category","embeddable":true,"href":"https:\/\/madschool.ca\/fr\/wp-json\/wp\/v2\/categories?post=886"},{"taxonomy":"post_tag","embeddable":true,"href":"https:\/\/madschool.ca\/fr\/wp-json\/wp\/v2\/tags?post=886"}],"curies":[{"name":"wp","href":"https:\/\/api.w.org\/{rel}","templated":true}]}}