{"id":890,"date":"2019-07-23T11:49:43","date_gmt":"2019-07-23T15:49:43","guid":{"rendered":"https:\/\/historyinpractice.ca\/?page_id=890"},"modified":"2021-09-27T11:04:11","modified_gmt":"2021-09-27T15:04:11","slug":"us-and-them","status":"publish","type":"page","link":"https:\/\/madschool.ca\/fr\/stigma-and-discrimination\/us-and-them\/","title":{"rendered":"Eux et nous : La stigmatisation et la distance professionnelle"},"content":{"rendered":"<p><!-- Widget Shortcode --><div id=\"nav_menu-2\" class=\"widget widget_nav_menu widget-shortcode area-arbitrary \"><h2 class=\"widgettitle\">History in Practice<\/h2><div class=\"menu-history-in-practice-container\"><ul id=\"menu-history-in-practice-1\" class=\"menu\"><li class=\"menu-item menu-item-type-post_type menu-item-object-page menu-item-home menu-item-676\"><a href=\"https:\/\/madschool.ca\/fr\/\">\u00c9cole folle<\/a><\/li>\n<li class=\"menu-item menu-item-type-post_type menu-item-object-page menu-item-3677\"><a href=\"https:\/\/madschool.ca\/fr\/how-to-use-this-site\/\">Comment utiliser ce site<\/a><\/li>\n<li class=\"menu-item menu-item-type-post_type menu-item-object-page menu-item-681\"><a href=\"https:\/\/madschool.ca\/fr\/stigma-and-discrimination\/\">Module Stigmatisation<\/a><\/li>\n<li class=\"menu-item menu-item-type-post_type menu-item-object-page menu-item-679\"><a href=\"https:\/\/madschool.ca\/fr\/advocacy-activism\/\">Module Faire changement<\/a><\/li>\n<li class=\"menu-item menu-item-type-post_type menu-item-object-page menu-item-678\"><a href=\"https:\/\/madschool.ca\/fr\/medicine-and-power\/\">Module M\u00e9decine et pouvoir<\/a><\/li>\n<li class=\"menu-item menu-item-type-post_type menu-item-object-page menu-item-680\"><a href=\"https:\/\/madschool.ca\/fr\/models-of-practice\/\">Module Alternatives<\/a><\/li>\n<li class=\"menu-item menu-item-type-post_type menu-item-object-page menu-item-677\"><a href=\"https:\/\/madschool.ca\/fr\/policy-into-practice\/\">Module Politiques<\/a><\/li>\n<\/ul><\/div><\/div><!-- \/Widget Shortcode --><\/p>\n<p><a name=\"main-content\"><\/a><!-- Widget Shortcode --><div id=\"search-3\" class=\"widget widget_search widget-shortcode area-arbitrary \"><h2 class=\"widgettitle\">(English) SEARCH<\/h2><form role=\"search\" method=\"get\" class=\"search-form\" action=\"\/search-results\/\">\n\t\t\t\t<label>\n\t\t\t\t\t<span class=\"screen-reader-text\">Rechercher\u00a0:<\/span>\n\t\t\t\t\t<input type=\"search\" class=\"search-field\" placeholder=\"Rechercher\u2026\" value=\"\" name=\"_search_box\" \/>\n\t\t\t\t<\/label>\n\t\t\t\t<input type=\"submit\" class=\"search-submit\" value=\"Rechercher\" \/>\n\t\t\t<\/form><\/div><!-- \/Widget Shortcode --><\/p>\n<div class=\"rightmenu\"><!-- Widget Shortcode --><div id=\"nav_menu-15\" class=\"widget widget_nav_menu widget-shortcode area-arbitrary \"><h2 class=\"widgettitle\">Us and Them<\/h2><div class=\"menu-us-and-them-container\"><ul id=\"menu-us-and-them-1\" class=\"menu\"><li class=\"menu-item menu-item-type-post_type menu-item-object-page menu-item-977\"><a href=\"https:\/\/madschool.ca\/fr\/stigma-and-discrimination\/us-and-them\/\">Eux et nous : La stigmatisation et la distance professionnelle<\/a><\/li>\n<li class=\"menu-item menu-item-type-post_type menu-item-object-page menu-item-978\"><a href=\"https:\/\/madschool.ca\/fr\/stigma-and-discrimination\/us-and-them\/components-self-guided\/\">Des Contenus : Apprentissage auto-dirig\u00e9<\/a><\/li>\n<li class=\"menu-item menu-item-type-post_type menu-item-object-page menu-item-979\"><a href=\"https:\/\/madschool.ca\/fr\/stigma-and-discrimination\/us-and-them\/component-evaluation-deconstructing-madness\/\">\u00c9valuation : 2 \u00e0 5 minutes et compte-rendu<\/a><\/li>\n<li class=\"menu-item menu-item-type-post_type menu-item-object-page menu-item-976\"><a href=\"https:\/\/madschool.ca\/fr\/stigma-and-discrimination\/\">Module Stigmatisation<\/a><\/li>\n<\/ul><\/div><\/div><!-- \/Widget Shortcode --><\/div>\n<nav aria-label=\"breadcrumbs\">\n            <div class=\"breadcrumb-container theme1\">\n                <ol>\n                                    <\/ol>\n            <\/div>\n        <\/nav>    <script type=\"application\/ld+json\">\n        {\n            \"@context\": \"http:\/\/schema.org\",\n            \"@type\": \"BreadcrumbList\",\n            \"itemListElement\": [\n                            ]\n        }\n    <\/script>\n   \n    <script>\n            <\/script>\n\n<h1>Unit\u00e9 &#8211; Eux et nous : La stigmatisation et la distance professionnelle<\/h1>\n<h4><img decoding=\"async\" loading=\"lazy\" class=\"alignleft size-thumbnail wp-image-1381\" src=\"https:\/\/madschool.ca\/wp-content\/uploads\/2019\/08\/Takeaways-Icon-2024-150x150.jpg\" alt=\"Green Chinese takeaway box\" width=\"150\" height=\"150\" \/>Objectifs<\/h4>\n<ul>\n<li><span style=\"font-size: 11.5pt;\">Reconna\u00eetre la profonde dislocation de soi et de l\u2019identit\u00e9 dans des crises de sant\u00e9 mentale<\/span><\/li>\n<li><span style=\"font-size: 11.5pt;\">Prendre conscience de l\u2019importance (et des d\u00e9fis) d\u2019une pratique empathique et critique afin de r\u00e9duire la distance entre le praticien en sant\u00e9 mentale et l\u2019usager<\/span><\/li>\n<\/ul>\n<h4><img decoding=\"async\" loading=\"lazy\" class=\"alignnone wp-image-1376 size-thumbnail\" src=\"https:\/\/madschool.ca\/wp-content\/uploads\/2019\/08\/Components-Icon-2024-150x150.jpg\" alt=\"Three green gears working together\" width=\"150\" height=\"150\" \/>Contenu<\/h4>\n<ul>\n<li>L\u2019contenu de cette unit\u00e9 est une <a href=\"https:\/\/madschool.ca\/wp-content\/uploads\/2020\/05\/us-and-them-mjd-FR.pdf\"><strong>r\u00e9flexion sur la distance entre le patient et le praticien<\/strong><\/a>. R\u00e9dig\u00e9 par Lanny Beckman, expert communautaire de L&rsquo;apprendre ensemble.<\/li>\n<\/ul>\n<h4><span lang=\"FR-CA\"><img decoding=\"async\" loading=\"lazy\" class=\"alignleft size-thumbnail wp-image-1378\" src=\"https:\/\/madschool.ca\/wp-content\/uploads\/2019\/08\/Evaluating-Icon-2024-150x150.jpg\" alt=\"Green kitchen weigh scale\" width=\"150\" height=\"150\" \/>\u00c9valuation du contenu<br \/>\n<\/span><\/h4>\n<ul>\n<li><strong><a href=\"https:\/\/madschool.ca\/fr\/stigma-and-discrimination\/us-and-them\/components-self-guided\/\"><span lang=\"FR-CA\">Des contenus : Apprentissage auto-dirig\u00e9<\/span><\/a> <\/strong>&#8211; 10 minutes<\/li>\n<li><strong><a href=\"https:\/\/madschool.ca\/fr\/stigma-and-discrimination\/us-and-them\/evaluate-report-back\/\">\u00c9valuation : 2 \u00e0 5 minutes et compte-rendu<\/a><\/strong> &#8211; 15-20 minutes<\/li>\n<\/ul>\n<h4><img decoding=\"async\" loading=\"lazy\" class=\"alignleft size-thumbnail wp-image-1379\" src=\"https:\/\/madschool.ca\/wp-content\/uploads\/2019\/08\/Learning-Lense-Icon-2024-150x150.jpg\" alt=\"Green hand-held magnifying glass\" width=\"150\" height=\"150\" \/>Objectifs d&rsquo;apprentissage<\/h4>\n<figure id=\"attachment_612\" aria-describedby=\"caption-attachment-612\" style=\"width: 166px\" class=\"wp-caption alignleft\"><a href=\"https:\/\/madschool.ca\/wp-content\/uploads\/2019\/07\/Lanny-2013.jpg\"><img decoding=\"async\" loading=\"lazy\" id=\"longdesc-return-612\" class=\"wp-image-612\" tabindex=\"-1\" src=\"https:\/\/madschool.ca\/wp-content\/uploads\/2019\/07\/Lanny-2013-280x300.jpg\" alt=\"Lanny Beckman devant l'entr\u00e9e du centre d'accueil de jour de la MPA\" width=\"166\" height=\"178\" longdesc=\"https:\/\/dev1.apps01.yorku.ca?longdesc=612&amp;referrer=890\" srcset=\"https:\/\/madschool.ca\/wp-content\/uploads\/2019\/07\/Lanny-2013-280x300.jpg 280w, https:\/\/madschool.ca\/wp-content\/uploads\/2019\/07\/Lanny-2013.jpg 672w\" sizes=\"(max-width: 166px) 100vw, 166px\" \/><\/a><figcaption id=\"caption-attachment-612\" class=\"wp-caption-text\">Comit\u00e9 d&rsquo;experts (Community Expert) Lanny Beckman, 2013<\/figcaption><\/figure>\n<p>Pourquoi les formations professionnelles nous enseignent-elles si peu \u00e0 propos de la fa\u00e7on dont vivent les personnes aux prises avec des probl\u00e8mes de sant\u00e9 mentale? Pourquoi l\u2019empathie est-elle probl\u00e9matique dans la relation entre le professionnel et l\u2019usager? Est-ce qu\u2019une empathie r\u00e9elle est<\/p>\n<p>possible sans pens\u00e9e critique? Dans un r\u00e9cit revisitant sa propre exp\u00e9rience dans l\u2019\u00e9tude et la pratique en sant\u00e9 mentale, l\u2019expert communautaire <strong>Lanny Beckman\u00a0<\/strong>aborde la question de l\u2019alt\u00e9rit\u00e9 en sant\u00e9 mentale, rappelant aux lecteurs qu\u2019il peut y avoir finalement tr\u00e8s peu de choses qui Nous s\u00e9parent d\u2019Eux.<\/p>\n<p>&nbsp;<\/p>","protected":false},"excerpt":{"rendered":"<p>Unit\u00e9 &#8211; Eux et nous : La stigmatisation et la distance professionnelle Objectifs Reconna\u00eetre la profonde dislocation de soi et de l\u2019identit\u00e9 dans des crises de sant\u00e9 mentale Prendre conscience de l\u2019importance (et des d\u00e9fis) d\u2019une pratique empathique et critique afin de r\u00e9duire la distance entre le praticien en sant\u00e9 mentale et l\u2019usager Contenu L\u2019contenu &hellip; <\/p>\n","protected":false},"author":2,"featured_media":0,"parent":87,"menu_order":4,"comment_status":"closed","ping_status":"closed","template":"","meta":[],"categories":[75,111,109,72,108,90,88,89,54,107,110,56,76,74,91,77,55,70,64,98,85,53,99,101,100,65,73,71],"tags":[],"acf":[],"aioseo_notices":[],"_links":{"self":[{"href":"https:\/\/madschool.ca\/fr\/wp-json\/wp\/v2\/pages\/890"}],"collection":[{"href":"https:\/\/madschool.ca\/fr\/wp-json\/wp\/v2\/pages"}],"about":[{"href":"https:\/\/madschool.ca\/fr\/wp-json\/wp\/v2\/types\/page"}],"author":[{"embeddable":true,"href":"https:\/\/madschool.ca\/fr\/wp-json\/wp\/v2\/users\/2"}],"replies":[{"embeddable":true,"href":"https:\/\/madschool.ca\/fr\/wp-json\/wp\/v2\/comments?post=890"}],"version-history":[{"count":49,"href":"https:\/\/madschool.ca\/fr\/wp-json\/wp\/v2\/pages\/890\/revisions"}],"predecessor-version":[{"id":6138,"href":"https:\/\/madschool.ca\/fr\/wp-json\/wp\/v2\/pages\/890\/revisions\/6138"}],"up":[{"embeddable":true,"href":"https:\/\/madschool.ca\/fr\/wp-json\/wp\/v2\/pages\/87"}],"wp:attachment":[{"href":"https:\/\/madschool.ca\/fr\/wp-json\/wp\/v2\/media?parent=890"}],"wp:term":[{"taxonomy":"category","embeddable":true,"href":"https:\/\/madschool.ca\/fr\/wp-json\/wp\/v2\/categories?post=890"},{"taxonomy":"post_tag","embeddable":true,"href":"https:\/\/madschool.ca\/fr\/wp-json\/wp\/v2\/tags?post=890"}],"curies":[{"name":"wp","href":"https:\/\/api.w.org\/{rel}","templated":true}]}}