{"id":921,"date":"2019-07-23T12:19:07","date_gmt":"2019-07-23T16:19:07","guid":{"rendered":"https:\/\/historyinpractice.ca\/?page_id=921"},"modified":"2021-02-19T12:57:45","modified_gmt":"2021-02-19T17:57:45","slug":"evaluate-capponis-journey","status":"publish","type":"page","link":"https:\/\/madschool.ca\/fr\/stigma-and-discrimination\/moving-from-stigma-to-action\/evaluate-capponis-journey\/","title":{"rendered":"Le voyage de Capponi"},"content":{"rendered":"<p><\/p>\n<!-- Widget Shortcode --><div id=\"nav_menu-2\" class=\"widget widget_nav_menu widget-shortcode area-arbitrary \"><h2 class=\"widgettitle\">History in Practice<\/h2><div class=\"menu-history-in-practice-container\"><ul id=\"menu-history-in-practice-1\" class=\"menu\"><li class=\"menu-item menu-item-type-post_type menu-item-object-page menu-item-home menu-item-676\"><a href=\"https:\/\/madschool.ca\/fr\/\">\u00c9cole folle<\/a><\/li>\n<li class=\"menu-item menu-item-type-post_type menu-item-object-page menu-item-3677\"><a href=\"https:\/\/madschool.ca\/fr\/how-to-use-this-site\/\">Comment utiliser ce site<\/a><\/li>\n<li class=\"menu-item menu-item-type-post_type menu-item-object-page menu-item-681\"><a href=\"https:\/\/madschool.ca\/fr\/stigma-and-discrimination\/\">Module Stigmatisation<\/a><\/li>\n<li class=\"menu-item menu-item-type-post_type menu-item-object-page menu-item-679\"><a href=\"https:\/\/madschool.ca\/fr\/advocacy-activism\/\">Module Faire changement<\/a><\/li>\n<li class=\"menu-item menu-item-type-post_type menu-item-object-page menu-item-678\"><a href=\"https:\/\/madschool.ca\/fr\/medicine-and-power\/\">Module M\u00e9decine et pouvoir<\/a><\/li>\n<li class=\"menu-item menu-item-type-post_type menu-item-object-page menu-item-680\"><a href=\"https:\/\/madschool.ca\/fr\/models-of-practice\/\">Module Alternatives<\/a><\/li>\n<li class=\"menu-item menu-item-type-post_type menu-item-object-page menu-item-677\"><a href=\"https:\/\/madschool.ca\/fr\/policy-into-practice\/\">Module Politiques<\/a><\/li>\n<\/ul><\/div><\/div><!-- \/Widget Shortcode -->\n<p><a name=\"main-content\"><\/a><!-- Widget Shortcode --><div id=\"search-3\" class=\"widget widget_search widget-shortcode area-arbitrary \"><h2 class=\"widgettitle\">(English) SEARCH<\/h2><form role=\"search\" method=\"get\" class=\"search-form\" action=\"\/search-results\/\">\n\t\t\t\t<label>\n\t\t\t\t\t<span class=\"screen-reader-text\">Rechercher\u00a0:<\/span>\n\t\t\t\t\t<input type=\"search\" class=\"search-field\" placeholder=\"Rechercher\u2026\" value=\"\" name=\"_search_box\" \/>\n\t\t\t\t<\/label>\n\t\t\t\t<input type=\"submit\" class=\"search-submit\" value=\"Rechercher\" \/>\n\t\t\t<\/form><\/div><!-- \/Widget Shortcode --><\/p>\n<div class=\"rightmenu\"><!-- Widget Shortcode --><div id=\"nav_menu-13\" class=\"widget widget_nav_menu widget-shortcode area-arbitrary \"><h2 class=\"widgettitle\">Stigma to Action<\/h2><div class=\"menu-stigma-to-action-container\"><ul id=\"menu-stigma-to-action-1\" class=\"menu\"><li class=\"menu-item menu-item-type-post_type menu-item-object-page menu-item-926\"><a href=\"https:\/\/madschool.ca\/fr\/stigma-and-discrimination\/moving-from-stigma-to-action\/\">Combattre le stigmate en passant \u00e0 l\u2019action<\/a><\/li>\n<li class=\"menu-item menu-item-type-post_type menu-item-object-page menu-item-964\"><a href=\"https:\/\/madschool.ca\/fr\/stigma-and-discrimination\/moving-from-stigma-to-action\/components-self-guided\/\">Des contenus : Apprentissage autodirig\u00e9<\/a><\/li>\n<li class=\"menu-item menu-item-type-post_type menu-item-object-page menu-item-928\"><a href=\"https:\/\/madschool.ca\/fr\/stigma-and-discrimination\/moving-from-stigma-to-action\/evaluate-capponis-journey\/\">\u00c9valuation : Le voyage de Capponi<\/a><\/li>\n<li class=\"menu-item menu-item-type-post_type menu-item-object-page menu-item-925\"><a href=\"https:\/\/madschool.ca\/fr\/stigma-and-discrimination\/\">Module Stigmatisation<\/a><\/li>\n<\/ul><\/div><\/div><!-- \/Widget Shortcode --><\/div>\n<nav aria-label=\"breadcrumbs\">\n            <div class=\"breadcrumb-container theme1\">\n                <ol>\n                                    <\/ol>\n            <\/div>\n        <\/nav>    <script type=\"application\/ld+json\">\n        {\n            \"@context\": \"http:\/\/schema.org\",\n            \"@type\": \"BreadcrumbList\",\n            \"itemListElement\": [\n                            ]\n        }\n    <\/script>\n   \n    <script>\n            <\/script>\n\n<h1><img decoding=\"async\" loading=\"lazy\" class=\"alignnone size-thumbnail wp-image-1378\" src=\"https:\/\/madschool.ca\/wp-content\/uploads\/2019\/08\/Evaluating-Icon-2024-150x150.jpg\" alt=\"Green kitchen weigh scale\" width=\"150\" height=\"150\" \/>Le voyage de Capponi<\/h1>\n<p>Minutage : 30 minutes<br \/>\nMode : ind\u00e9pendante; en ligne<\/p>\n<p>L&rsquo;histoire de Pat Capponi d\u00e9crit son parcours de vie dans les foyers psychiatriques, allant de la dislocation sociale \u00e0 l\u2019empathie et \u00e0 l\u2019activisme. Les \u00e9tudiants peuvent apprendre \u00e0 naviguer un parcours semblable, tout en d\u00e9veloppant une pens\u00e9e critique empathique et un ensemble d\u2019id\u00e9es permettant de r\u00e9ussir un entretien d\u2019embauche.\u00a0<br \/>\nAvant le cours (en ligne), dirigez vos \u00e9tudiants vers chaque section ou une s\u00e9lection du module. Demandez-leur de commencer par r\u00e9fl\u00e9chir aux aspects pr\u00e9cis des r\u00e9cits de Capponi qu\u2019ils retrouvent dans le monde actuel de la sant\u00e9 mentale, ainsi qu\u2019aux fa\u00e7ons dont ils ont honn\u00eatement r\u00e9agi aux descriptions de Capponi au sujet de ses camarades pensionnaires.<\/p>\n<p>Annoncez ensuite \u00e0 vos \u00e9tudiants qu\u2019ils doivent passer un entretien d\u2019embauche pour travailler dans un projet de logement supervis\u00e9. Capponi fait partie du comit\u00e9 d\u2019embauche et veut qu\u2019ils r\u00e9pondent \u00e0 2\u00a0questions difficiles qui exigent qu\u2019ils fassent preuve d\u2019empathie, d\u2019esprit critique et d\u2019appr\u00e9ciation pour un activisme et une d\u00e9fense des droits r\u00e9ussis.<\/p>\n<ul>\n<li>Il y a un certain nombre de le\u00e7ons \u00e0 tirer de mes r\u00e9cits. Laquelle est la plus pertinente aujourd\u2019hui?<\/li>\n<li>Comment travailleriez-vous avec moi et que pourrions-nous faire ensemble que nous ne pourrions pas faire seuls?<\/li>\n<\/ul>\n<p>Les instructeurs peuvent soit cr\u00e9er une grille de pointage ou une rubrique pour \u00e9valuer les r\u00e9ponses aux entretiens, ou ils peuvent demander aux \u00e9tudiants de le faire afin d\u2019appr\u00e9cier les \u00e9l\u00e9ments d\u2019une r\u00e9ponse de haute qualit\u00e9.<\/p>\n<p>&nbsp;<\/p>\n<p><\/p>","protected":false},"excerpt":{"rendered":"<p>Le voyage de Capponi Minutage : 30 minutes Mode : ind\u00e9pendante; en ligne L&rsquo;histoire de Pat Capponi d\u00e9crit son parcours de vie dans les foyers psychiatriques, allant de la dislocation sociale \u00e0 l\u2019empathie et \u00e0 l\u2019activisme. Les \u00e9tudiants peuvent apprendre \u00e0 naviguer un parcours semblable, tout en d\u00e9veloppant une pens\u00e9e critique empathique et un ensemble &hellip; <\/p>\n","protected":false},"author":2,"featured_media":0,"parent":886,"menu_order":1,"comment_status":"closed","ping_status":"closed","template":"","meta":[],"categories":[181,145,141,148,178,177,191,192,193,144,166,179,184,190,146,174,143,147,142,185],"tags":[],"acf":[],"aioseo_notices":[],"_links":{"self":[{"href":"https:\/\/madschool.ca\/fr\/wp-json\/wp\/v2\/pages\/921"}],"collection":[{"href":"https:\/\/madschool.ca\/fr\/wp-json\/wp\/v2\/pages"}],"about":[{"href":"https:\/\/madschool.ca\/fr\/wp-json\/wp\/v2\/types\/page"}],"author":[{"embeddable":true,"href":"https:\/\/madschool.ca\/fr\/wp-json\/wp\/v2\/users\/2"}],"replies":[{"embeddable":true,"href":"https:\/\/madschool.ca\/fr\/wp-json\/wp\/v2\/comments?post=921"}],"version-history":[{"count":23,"href":"https:\/\/madschool.ca\/fr\/wp-json\/wp\/v2\/pages\/921\/revisions"}],"predecessor-version":[{"id":5830,"href":"https:\/\/madschool.ca\/fr\/wp-json\/wp\/v2\/pages\/921\/revisions\/5830"}],"up":[{"embeddable":true,"href":"https:\/\/madschool.ca\/fr\/wp-json\/wp\/v2\/pages\/886"}],"wp:attachment":[{"href":"https:\/\/madschool.ca\/fr\/wp-json\/wp\/v2\/media?parent=921"}],"wp:term":[{"taxonomy":"category","embeddable":true,"href":"https:\/\/madschool.ca\/fr\/wp-json\/wp\/v2\/categories?post=921"},{"taxonomy":"post_tag","embeddable":true,"href":"https:\/\/madschool.ca\/fr\/wp-json\/wp\/v2\/tags?post=921"}],"curies":[{"name":"wp","href":"https:\/\/api.w.org\/{rel}","templated":true}]}}