{"id":972,"date":"2019-07-23T13:08:03","date_gmt":"2019-07-23T17:08:03","guid":{"rendered":"https:\/\/historyinpractice.ca\/?page_id=972"},"modified":"2021-09-26T14:24:15","modified_gmt":"2021-09-26T18:24:15","slug":"components-self-guided","status":"publish","type":"page","link":"https:\/\/madschool.ca\/fr\/stigma-and-discrimination\/us-and-them\/components-self-guided\/","title":{"rendered":"Des contenus : Apprentissage auto-dirig\u00e9"},"content":{"rendered":"<p><\/p>\n<!-- Widget Shortcode --><div id=\"nav_menu-2\" class=\"widget widget_nav_menu widget-shortcode area-arbitrary \"><h2 class=\"widgettitle\">History in Practice<\/h2><div class=\"menu-history-in-practice-container\"><ul id=\"menu-history-in-practice-1\" class=\"menu\"><li class=\"menu-item menu-item-type-post_type menu-item-object-page menu-item-home menu-item-676\"><a href=\"https:\/\/madschool.ca\/fr\/\">\u00c9cole folle<\/a><\/li>\n<li class=\"menu-item menu-item-type-post_type menu-item-object-page menu-item-3677\"><a href=\"https:\/\/madschool.ca\/fr\/how-to-use-this-site\/\">Comment utiliser ce site<\/a><\/li>\n<li class=\"menu-item menu-item-type-post_type menu-item-object-page menu-item-681\"><a href=\"https:\/\/madschool.ca\/fr\/stigma-and-discrimination\/\">Module Stigmatisation<\/a><\/li>\n<li class=\"menu-item menu-item-type-post_type menu-item-object-page menu-item-679\"><a href=\"https:\/\/madschool.ca\/fr\/advocacy-activism\/\">Module Faire changement<\/a><\/li>\n<li class=\"menu-item menu-item-type-post_type menu-item-object-page menu-item-678\"><a href=\"https:\/\/madschool.ca\/fr\/medicine-and-power\/\">Module M\u00e9decine et pouvoir<\/a><\/li>\n<li class=\"menu-item menu-item-type-post_type menu-item-object-page menu-item-680\"><a href=\"https:\/\/madschool.ca\/fr\/models-of-practice\/\">Module Alternatives<\/a><\/li>\n<li class=\"menu-item menu-item-type-post_type menu-item-object-page menu-item-677\"><a href=\"https:\/\/madschool.ca\/fr\/policy-into-practice\/\">Module Politiques<\/a><\/li>\n<\/ul><\/div><\/div><!-- \/Widget Shortcode -->\n<p><a name=\"main-content\"><\/a><!-- Widget Shortcode --><div id=\"search-3\" class=\"widget widget_search widget-shortcode area-arbitrary \"><h2 class=\"widgettitle\">(English) SEARCH<\/h2><form role=\"search\" method=\"get\" class=\"search-form\" action=\"\/search-results\/\">\n\t\t\t\t<label>\n\t\t\t\t\t<span class=\"screen-reader-text\">Rechercher\u00a0:<\/span>\n\t\t\t\t\t<input type=\"search\" class=\"search-field\" placeholder=\"Rechercher\u2026\" value=\"\" name=\"_search_box\" \/>\n\t\t\t\t<\/label>\n\t\t\t\t<input type=\"submit\" class=\"search-submit\" value=\"Rechercher\" \/>\n\t\t\t<\/form><\/div><!-- \/Widget Shortcode --><\/p>\n<div class=\"rightmenu\"><!-- Widget Shortcode --><div id=\"nav_menu-15\" class=\"widget widget_nav_menu widget-shortcode area-arbitrary \"><h2 class=\"widgettitle\">Us and Them<\/h2><div class=\"menu-us-and-them-container\"><ul id=\"menu-us-and-them-1\" class=\"menu\"><li class=\"menu-item menu-item-type-post_type menu-item-object-page menu-item-977\"><a href=\"https:\/\/madschool.ca\/fr\/stigma-and-discrimination\/us-and-them\/\">Eux et nous : La stigmatisation et la distance professionnelle<\/a><\/li>\n<li class=\"menu-item menu-item-type-post_type menu-item-object-page menu-item-978\"><a href=\"https:\/\/madschool.ca\/fr\/stigma-and-discrimination\/us-and-them\/components-self-guided\/\">Des Contenus : Apprentissage auto-dirig\u00e9<\/a><\/li>\n<li class=\"menu-item menu-item-type-post_type menu-item-object-page menu-item-979\"><a href=\"https:\/\/madschool.ca\/fr\/stigma-and-discrimination\/us-and-them\/component-evaluation-deconstructing-madness\/\">\u00c9valuation : 2 \u00e0 5 minutes et compte-rendu<\/a><\/li>\n<li class=\"menu-item menu-item-type-post_type menu-item-object-page menu-item-976\"><a href=\"https:\/\/madschool.ca\/fr\/stigma-and-discrimination\/\">Module Stigmatisation<\/a><\/li>\n<\/ul><\/div><\/div><!-- \/Widget Shortcode --><\/div>\n<nav aria-label=\"breadcrumbs\">\n            <div class=\"breadcrumb-container theme1\">\n                <ol>\n                                    <\/ol>\n            <\/div>\n        <\/nav>    <script type=\"application\/ld+json\">\n        {\n            \"@context\": \"http:\/\/schema.org\",\n            \"@type\": \"BreadcrumbList\",\n            \"itemListElement\": [\n                            ]\n        }\n    <\/script>\n   \n    <script>\n            <\/script>\n\n<h1><span lang=\"FR-CA\"><img decoding=\"async\" loading=\"lazy\" class=\"alignleft size-thumbnail wp-image-1378\" src=\"https:\/\/madschool.ca\/wp-content\/uploads\/2019\/08\/Evaluating-Icon-2024-150x150.jpg\" alt=\"Green kitchen weigh scale\" width=\"150\" height=\"150\" \/>Apprentissage auto-dirig\u00e9 &#8211; Eux et nous<br \/>\n<\/span><\/h1>\n<p>Minutage : 10 minutes<br \/>\nMode : ind\u00e9pendante; en ligne<\/p>\n<figure id=\"attachment_614\" aria-describedby=\"caption-attachment-614\" style=\"width: 300px\" class=\"wp-caption alignright\"><a href=\"https:\/\/madschool.ca\/wp-content\/uploads\/2019\/07\/Lanny-Beckman-front-porch-York-Street-Commune-c.-1968-copy.jpg\"><img decoding=\"async\" loading=\"lazy\" id=\"longdesc-return-614\" class=\"wp-image-614 size-medium\" tabindex=\"-1\" src=\"https:\/\/madschool.ca\/wp-content\/uploads\/2019\/07\/Lanny-Beckman-front-porch-York-Street-Commune-c.-1968-copy-300x211.jpg\" alt=\"Beckman est assis \u00e0 l'entr\u00e9e de la maison\" width=\"300\" height=\"211\" longdesc=\"https:\/\/dev1.apps01.yorku.ca?longdesc=614&amp;referrer=972\" srcset=\"https:\/\/madschool.ca\/wp-content\/uploads\/2019\/07\/Lanny-Beckman-front-porch-York-Street-Commune-c.-1968-copy-300x211.jpg 300w, https:\/\/madschool.ca\/wp-content\/uploads\/2019\/07\/Lanny-Beckman-front-porch-York-Street-Commune-c.-1968-copy-768x540.jpg 768w, https:\/\/madschool.ca\/wp-content\/uploads\/2019\/07\/Lanny-Beckman-front-porch-York-Street-Commune-c.-1968-copy-1024x720.jpg 1024w, https:\/\/madschool.ca\/wp-content\/uploads\/2019\/07\/Lanny-Beckman-front-porch-York-Street-Commune-c.-1968-copy.jpg 1252w\" sizes=\"(max-width: 300px) 100vw, 300px\" \/><\/a><figcaption id=\"caption-attachment-614\" class=\"wp-caption-text\">Lanny Beckman \u00e0 l&rsquo;entr\u00e9e de la communaut\u00e9 de York Street, en 1968<\/figcaption><\/figure>\n<p>En classe ou en ligne, les \u00e9tudiants peuvent lire ou \u00e9couter le t\u00e9moignage de Lanny Beckman \u00e9voquant la distance entre les praticiens en sant\u00e9 mentale et les personnes qui vivent avec un diagnostic de sant\u00e9 mentale.<\/p>\n<p>Demandez aux \u00e9tudiants d\u2019utiliser les th\u00e8mes suivants afin de les orienter dans leur \u00e9valuation du mat\u00e9riel:<\/p>\n<ul>\n<li><span style=\"font-size: 11.5pt;\">Connaissances professionnelles vs exp\u00e9riences de vie<\/span><\/li>\n<li><span style=\"font-size: 11.5pt;\">Objectification de la souffrance<\/span><\/li>\n<li><span style=\"font-size: 11.5pt;\">Compassion et sagesse<\/span><\/li>\n<li><span style=\"font-size: 11.5pt;\">Alt\u00e9rit\u00e9<\/span><\/li>\n<\/ul>\n<p><strong>Lisez<\/strong> les m\u00e9moires de Lanny Beckman <strong><em><a href=\"https:\/\/madschool.ca\/wp-content\/uploads\/2020\/05\/us-and-them-mjd-FR.pdf\" target=\"_blank\" rel=\"noopener noreferrer\">Eux et nous <\/a><\/em><\/strong>ou \u00e9coutez l\u2019enregistremen.<\/p>\n<p><\/p>","protected":false},"excerpt":{"rendered":"<p>Apprentissage auto-dirig\u00e9 &#8211; Eux et nous Minutage : 10 minutes Mode : ind\u00e9pendante; en ligne En classe ou en ligne, les \u00e9tudiants peuvent lire ou \u00e9couter le t\u00e9moignage de Lanny Beckman \u00e9voquant la distance entre les praticiens en sant\u00e9 mentale et les personnes qui vivent avec un diagnostic de sant\u00e9 mentale. Demandez aux \u00e9tudiants d\u2019utiliser &hellip; <\/p>\n","protected":false},"author":2,"featured_media":0,"parent":890,"menu_order":0,"comment_status":"closed","ping_status":"closed","template":"","meta":[],"categories":[78,72,90,88,83,89,51,54,91,77,55,70,57,64,52,98,85,53,99,101,100,65,73,71],"tags":[],"acf":[],"aioseo_notices":[],"_links":{"self":[{"href":"https:\/\/madschool.ca\/fr\/wp-json\/wp\/v2\/pages\/972"}],"collection":[{"href":"https:\/\/madschool.ca\/fr\/wp-json\/wp\/v2\/pages"}],"about":[{"href":"https:\/\/madschool.ca\/fr\/wp-json\/wp\/v2\/types\/page"}],"author":[{"embeddable":true,"href":"https:\/\/madschool.ca\/fr\/wp-json\/wp\/v2\/users\/2"}],"replies":[{"embeddable":true,"href":"https:\/\/madschool.ca\/fr\/wp-json\/wp\/v2\/comments?post=972"}],"version-history":[{"count":34,"href":"https:\/\/madschool.ca\/fr\/wp-json\/wp\/v2\/pages\/972\/revisions"}],"predecessor-version":[{"id":6137,"href":"https:\/\/madschool.ca\/fr\/wp-json\/wp\/v2\/pages\/972\/revisions\/6137"}],"up":[{"embeddable":true,"href":"https:\/\/madschool.ca\/fr\/wp-json\/wp\/v2\/pages\/890"}],"wp:attachment":[{"href":"https:\/\/madschool.ca\/fr\/wp-json\/wp\/v2\/media?parent=972"}],"wp:term":[{"taxonomy":"category","embeddable":true,"href":"https:\/\/madschool.ca\/fr\/wp-json\/wp\/v2\/categories?post=972"},{"taxonomy":"post_tag","embeddable":true,"href":"https:\/\/madschool.ca\/fr\/wp-json\/wp\/v2\/tags?post=972"}],"curies":[{"name":"wp","href":"https:\/\/api.w.org\/{rel}","templated":true}]}}